{"id":453,"date":"2026-04-13T01:23:41","date_gmt":"2026-04-13T01:23:41","guid":{"rendered":"https:\/\/staging.csviator-intl.org\/superieur-general\/"},"modified":"2026-04-25T11:51:51","modified_gmt":"2026-04-25T11:51:51","slug":"superieur-general","status":"publish","type":"page","link":"https:\/\/staging.csviator-intl.org\/es\/superieur-general\/","title":{"rendered":"Superior general"},"content":{"rendered":"<section class=\"region-narrative\">\n<div class=\"region-container\">\n<div class=\"region-text\">\n<p class=\"region-dropcap\">Naci\u00f3 en Hait\u00ed, el 21 de octubre de 1967. El padre Nestor Fils-Aim\u00e9 es un producto de los Cl\u00e9rigos de Saint-Viateur, ya que curs\u00f3 sus estudios secundarios en el muy reputado Coll\u00e8ge Immacul\u00e9e-Conception de Gona\u00efves en Hait\u00ed. Hizo sus primeros votos, el 11 de septiembre de 1988, en compa\u00f1\u00eda de K\u00e9nel Verna. Ellos son los dos primeros Cl\u00e9rigos de Saint-Viateur en hacer profesi\u00f3n religiosa en Hait\u00ed.<\/p>\n<p class=\"region-p\" data-reveal>El padre Fils-Aim\u00e9 pronunciar\u00e1 sus votos perpetuos el 19 de septiembre de 1994 y recibir\u00e1 la unci\u00f3n presbiteral el 15 de octubre de 1995 en la Catedral de Gona\u00efves.<\/p>\n<p class=\"region-p\" data-reveal>Su trayectoria en la Congregaci\u00f3n se comparte entre Hait\u00ed y Canad\u00e1. En Hait\u00ed, despu\u00e9s de su formaci\u00f3n religiosa, filos\u00f3fica y teol\u00f3gica, sirvi\u00f3 como director en el colegio Inmaculada Concepci\u00f3n de Gona\u00efves de 1994 a 1998, y luego de 2000 a 2002.<\/p>\n<p class=\"region-p\" data-reveal>En Canad\u00e1, prosigui\u00f3 estudios especializados en educaci\u00f3n hasta obtener, en 2011, un doctorado en psicopedagog\u00eda. Trabaj\u00f3 en el colegio Bourget de Rigaud (Quebec) como animador de Pastoral y responsable de cooperaci\u00f3n internacional durante once a\u00f1os (2003-2014) mientras trabajaba algunos a\u00f1os (2009-2015) como profesor adjunto en la Facultad de Ciencias de la Educaci\u00f3n de la Universidad de Montreal.<\/p>\n<p class=\"region-p\" data-reveal>Elegido superior provincial de la provincia de Canad\u00e1 el 12 de abril de 2014, sirvi\u00f3 en el consejo provincial durante casi diez a\u00f1os hasta el 6 de enero de 2024. El 19 de julio de 2024, durante el XXXI Cap\u00edtulo General de la Congregaci\u00f3n celebrado en Ariccia (Italia), fue elegido Superior General. Hizo su profesi\u00f3n de fe el 1 de septiembre de 2024 en Vourles (Francia) y se convirti\u00f3 en el XVII Superior General de los Cl\u00e9rigos de San Viator.<\/p>\n<\/div>\n<\/div>\n<\/section>","protected":false},"excerpt":{"rendered":"<p>Il est n\u00e9 en Ha\u00efti, le 21 octobre 1967. Le p\u00e8re Nestor Fils-Aim\u00e9 est un produit des Clercs de Saint-Viateur puisqu&rsquo;il a fait son cours secondaire au tr\u00e8s r\u00e9put\u00e9 Coll\u00e8ge Immacul\u00e9e-Conception des Gona\u00efves en Ha\u00efti. Il a prononc\u00e9 ses premiers v\u0153ux, le 11 septembre 1988, en compagnie de K\u00e9nel Verna. Ils sont les deux premiers [&hellip;]<\/p>\n","protected":false},"author":1,"featured_media":492,"parent":0,"menu_order":0,"comment_status":"closed","ping_status":"closed","template":"elementor_header_footer","meta":{"footnotes":""},"class_list":["post-453","page","type-page","status-publish","has-post-thumbnail","hentry"],"yoast_head":"<!-- This site is optimized with the Yoast SEO plugin v27.6 - https:\/\/yoast.com\/product\/yoast-seo-wordpress\/ -->\n<title>Sup\u00e9rieur g\u00e9n\u00e9ral \u2013 Viatorians International<\/title>\n<meta name=\"description\" content=\"Le Sup\u00e9rieur g\u00e9n\u00e9ral des Clercs de Saint-Viateur, responsable de l&#039;animation et du gouvernement de la Congr\u00e9gation.\" \/>\n<meta name=\"robots\" content=\"index, follow, max-snippet:-1, max-image-preview:large, max-video-preview:-1\" \/>\n<link rel=\"canonical\" href=\"https:\/\/staging.csviator-intl.org\/es\/superieur-general\/\" \/>\n<meta property=\"og:locale\" content=\"es_ES\" \/>\n<meta property=\"og:type\" content=\"article\" \/>\n<meta property=\"og:title\" content=\"Sup\u00e9rieur g\u00e9n\u00e9ral \u2013 Viatorians International\" \/>\n<meta property=\"og:description\" content=\"Le Sup\u00e9rieur g\u00e9n\u00e9ral des Clercs de Saint-Viateur, responsable de l&#039;animation et du gouvernement de la Congr\u00e9gation.\" \/>\n<meta property=\"og:url\" content=\"https:\/\/staging.csviator-intl.org\/es\/superieur-general\/\" \/>\n<meta property=\"og:site_name\" content=\"Viatorians International\" \/>\n<meta property=\"article:modified_time\" content=\"2026-04-25T11:51:51+00:00\" \/>\n<meta property=\"og:image\" content=\"https:\/\/staging.csviator-intl.org\/wp-content\/uploads\/2026\/04\/P.-Nestor-Fils-Aime-Superieur-general.jpg\" \/>\n\t<meta property=\"og:image:width\" content=\"417\" \/>\n\t<meta property=\"og:image:height\" content=\"479\" \/>\n\t<meta property=\"og:image:type\" content=\"image\/jpeg\" \/>\n<meta name=\"twitter:card\" content=\"summary_large_image\" \/>\n<meta name=\"twitter:label1\" content=\"Tiempo de lectura\" \/>\n\t<meta name=\"twitter:data1\" content=\"1 minuto\" \/>\n<script type=\"application\/ld+json\" class=\"yoast-schema-graph\">{\"@context\":\"https:\\\/\\\/schema.org\",\"@graph\":[{\"@type\":\"WebPage\",\"@id\":\"https:\\\/\\\/staging.csviator-intl.org\\\/superieur-general\\\/\",\"url\":\"https:\\\/\\\/staging.csviator-intl.org\\\/superieur-general\\\/\",\"name\":\"Sup\u00e9rieur g\u00e9n\u00e9ral \u2013 Viatorians International\",\"isPartOf\":{\"@id\":\"https:\\\/\\\/staging.csviator-intl.org\\\/#website\"},\"primaryImageOfPage\":{\"@id\":\"https:\\\/\\\/staging.csviator-intl.org\\\/superieur-general\\\/#primaryimage\"},\"image\":{\"@id\":\"https:\\\/\\\/staging.csviator-intl.org\\\/superieur-general\\\/#primaryimage\"},\"thumbnailUrl\":\"https:\\\/\\\/staging.csviator-intl.org\\\/wp-content\\\/uploads\\\/2026\\\/04\\\/P.-Nestor-Fils-Aime-Superieur-general.jpg\",\"datePublished\":\"2026-04-13T01:23:41+00:00\",\"dateModified\":\"2026-04-25T11:51:51+00:00\",\"description\":\"Le Sup\u00e9rieur g\u00e9n\u00e9ral des Clercs de Saint-Viateur, responsable de l'animation et du gouvernement de la Congr\u00e9gation.\",\"breadcrumb\":{\"@id\":\"https:\\\/\\\/staging.csviator-intl.org\\\/superieur-general\\\/#breadcrumb\"},\"inLanguage\":\"es\",\"potentialAction\":[{\"@type\":\"ReadAction\",\"target\":[\"https:\\\/\\\/staging.csviator-intl.org\\\/superieur-general\\\/\"]}]},{\"@type\":\"ImageObject\",\"inLanguage\":\"es\",\"@id\":\"https:\\\/\\\/staging.csviator-intl.org\\\/superieur-general\\\/#primaryimage\",\"url\":\"https:\\\/\\\/staging.csviator-intl.org\\\/wp-content\\\/uploads\\\/2026\\\/04\\\/P.-Nestor-Fils-Aime-Superieur-general.jpg\",\"contentUrl\":\"https:\\\/\\\/staging.csviator-intl.org\\\/wp-content\\\/uploads\\\/2026\\\/04\\\/P.-Nestor-Fils-Aime-Superieur-general.jpg\",\"width\":417,\"height\":479},{\"@type\":\"BreadcrumbList\",\"@id\":\"https:\\\/\\\/staging.csviator-intl.org\\\/superieur-general\\\/#breadcrumb\",\"itemListElement\":[{\"@type\":\"ListItem\",\"position\":1,\"name\":\"Home\",\"item\":\"https:\\\/\\\/staging.csviator-intl.org\\\/\"},{\"@type\":\"ListItem\",\"position\":2,\"name\":\"Sup\u00e9rieur g\u00e9n\u00e9ral\"}]},{\"@type\":\"WebSite\",\"@id\":\"https:\\\/\\\/staging.csviator-intl.org\\\/#website\",\"url\":\"https:\\\/\\\/staging.csviator-intl.org\\\/\",\"name\":\"Viatorians International\",\"description\":\"Clercs de Saint-Viateur\",\"alternateName\":\"CSV\",\"potentialAction\":[{\"@type\":\"SearchAction\",\"target\":{\"@type\":\"EntryPoint\",\"urlTemplate\":\"https:\\\/\\\/staging.csviator-intl.org\\\/?s={search_term_string}\"},\"query-input\":{\"@type\":\"PropertyValueSpecification\",\"valueRequired\":true,\"valueName\":\"search_term_string\"}}],\"inLanguage\":\"es\"}]}<\/script>\n<!-- \/ Yoast SEO plugin. -->","yoast_head_json":{"title":"Sup\u00e9rieur g\u00e9n\u00e9ral \u2013 Viatorians International","description":"Le Sup\u00e9rieur g\u00e9n\u00e9ral des Clercs de Saint-Viateur, responsable de l'animation et du gouvernement de la Congr\u00e9gation.","robots":{"index":"index","follow":"follow","max-snippet":"max-snippet:-1","max-image-preview":"max-image-preview:large","max-video-preview":"max-video-preview:-1"},"canonical":"https:\/\/staging.csviator-intl.org\/es\/superieur-general\/","og_locale":"es_ES","og_type":"article","og_title":"Sup\u00e9rieur g\u00e9n\u00e9ral \u2013 Viatorians International","og_description":"Le Sup\u00e9rieur g\u00e9n\u00e9ral des Clercs de Saint-Viateur, responsable de l'animation et du gouvernement de la Congr\u00e9gation.","og_url":"https:\/\/staging.csviator-intl.org\/es\/superieur-general\/","og_site_name":"Viatorians International","article_modified_time":"2026-04-25T11:51:51+00:00","og_image":[{"width":417,"height":479,"url":"https:\/\/staging.csviator-intl.org\/wp-content\/uploads\/2026\/04\/P.-Nestor-Fils-Aime-Superieur-general.jpg","type":"image\/jpeg"}],"twitter_card":"summary_large_image","twitter_misc":{"Tiempo de lectura":"1 minuto"},"schema":{"@context":"https:\/\/schema.org","@graph":[{"@type":"WebPage","@id":"https:\/\/staging.csviator-intl.org\/superieur-general\/","url":"https:\/\/staging.csviator-intl.org\/superieur-general\/","name":"Sup\u00e9rieur g\u00e9n\u00e9ral \u2013 Viatorians International","isPartOf":{"@id":"https:\/\/staging.csviator-intl.org\/#website"},"primaryImageOfPage":{"@id":"https:\/\/staging.csviator-intl.org\/superieur-general\/#primaryimage"},"image":{"@id":"https:\/\/staging.csviator-intl.org\/superieur-general\/#primaryimage"},"thumbnailUrl":"https:\/\/staging.csviator-intl.org\/wp-content\/uploads\/2026\/04\/P.-Nestor-Fils-Aime-Superieur-general.jpg","datePublished":"2026-04-13T01:23:41+00:00","dateModified":"2026-04-25T11:51:51+00:00","description":"Le Sup\u00e9rieur g\u00e9n\u00e9ral des Clercs de Saint-Viateur, responsable de l'animation et du gouvernement de la Congr\u00e9gation.","breadcrumb":{"@id":"https:\/\/staging.csviator-intl.org\/superieur-general\/#breadcrumb"},"inLanguage":"es","potentialAction":[{"@type":"ReadAction","target":["https:\/\/staging.csviator-intl.org\/superieur-general\/"]}]},{"@type":"ImageObject","inLanguage":"es","@id":"https:\/\/staging.csviator-intl.org\/superieur-general\/#primaryimage","url":"https:\/\/staging.csviator-intl.org\/wp-content\/uploads\/2026\/04\/P.-Nestor-Fils-Aime-Superieur-general.jpg","contentUrl":"https:\/\/staging.csviator-intl.org\/wp-content\/uploads\/2026\/04\/P.-Nestor-Fils-Aime-Superieur-general.jpg","width":417,"height":479},{"@type":"BreadcrumbList","@id":"https:\/\/staging.csviator-intl.org\/superieur-general\/#breadcrumb","itemListElement":[{"@type":"ListItem","position":1,"name":"Home","item":"https:\/\/staging.csviator-intl.org\/"},{"@type":"ListItem","position":2,"name":"Sup\u00e9rieur g\u00e9n\u00e9ral"}]},{"@type":"WebSite","@id":"https:\/\/staging.csviator-intl.org\/#website","url":"https:\/\/staging.csviator-intl.org\/","name":"Viatorians International","description":"Cl\u00e9rigos de San Viator","alternateName":"CSV","potentialAction":[{"@type":"SearchAction","target":{"@type":"EntryPoint","urlTemplate":"https:\/\/staging.csviator-intl.org\/?s={search_term_string}"},"query-input":{"@type":"PropertyValueSpecification","valueRequired":true,"valueName":"search_term_string"}}],"inLanguage":"es"}]}},"_links":{"self":[{"href":"https:\/\/staging.csviator-intl.org\/es\/wp-json\/wp\/v2\/pages\/453","targetHints":{"allow":["GET"]}}],"collection":[{"href":"https:\/\/staging.csviator-intl.org\/es\/wp-json\/wp\/v2\/pages"}],"about":[{"href":"https:\/\/staging.csviator-intl.org\/es\/wp-json\/wp\/v2\/types\/page"}],"author":[{"embeddable":true,"href":"https:\/\/staging.csviator-intl.org\/es\/wp-json\/wp\/v2\/users\/1"}],"replies":[{"embeddable":true,"href":"https:\/\/staging.csviator-intl.org\/es\/wp-json\/wp\/v2\/comments?post=453"}],"version-history":[{"count":1,"href":"https:\/\/staging.csviator-intl.org\/es\/wp-json\/wp\/v2\/pages\/453\/revisions"}],"predecessor-version":[{"id":477,"href":"https:\/\/staging.csviator-intl.org\/es\/wp-json\/wp\/v2\/pages\/453\/revisions\/477"}],"wp:featuredmedia":[{"embeddable":true,"href":"https:\/\/staging.csviator-intl.org\/es\/wp-json\/wp\/v2\/media\/492"}],"wp:attachment":[{"href":"https:\/\/staging.csviator-intl.org\/es\/wp-json\/wp\/v2\/media?parent=453"}],"curies":[{"name":"wp","href":"https:\/\/api.w.org\/{rel}","templated":true}]}}