{"id":451,"date":"2026-04-13T01:23:40","date_gmt":"2026-04-13T01:23:40","guid":{"rendered":"https:\/\/staging.csviator-intl.org\/chapitre-general\/"},"modified":"2026-04-25T11:51:54","modified_gmt":"2026-04-25T11:51:54","slug":"chapitre-general","status":"publish","type":"page","link":"https:\/\/staging.csviator-intl.org\/es\/chapitre-general\/","title":{"rendered":"Cap\u00edtulo general"},"content":{"rendered":"<section class=\"region-narrative\">\n<div class=\"region-container\">\n<div class=\"region-text\">\n<h2 class=\"region-heading\">El Cap\u00edtulo General<\/h2>\n<p class=\"region-dropcap\">El Cap\u00edtulo General se convoca regularmente cada seis a\u00f1os y es la autoridad suprema de la congregaci\u00f3n. Est\u00e1 compuesto por los miembros del Consejo General, los Superiores Provinciales y el Superior de la Delegaci\u00f3n de Francia y ciertos miembros designados como tales por el Reglamento General.<\/p>\n<p class=\"region-p\" data-reveal>El Cap\u00edtulo General es particularmente responsable de la fidelidad de la congregaci\u00f3n a las intenciones de nuestro fundador y de nuestra Constituci\u00f3n. Tambi\u00e9n es responsable de promover la vitalidad de la congregaci\u00f3n.<\/p>\n<p class=\"region-p\" data-reveal>Por ello, el Cap\u00edtulo General estudia y eval\u00faa la situaci\u00f3n general de la congregaci\u00f3n. Proporciona orientaciones y establece objetivos para toda la congregaci\u00f3n. Elige al Superior General.<\/p>\n<\/div>\n<\/div>\n<\/section>","protected":false},"excerpt":{"rendered":"<p>Le Chapitre g\u00e9n\u00e9ral Le Chapitre g\u00e9n\u00e9ral est r\u00e9guli\u00e8rement convoqu\u00e9 tous les six ans et est l&rsquo;autorit\u00e9 supr\u00eame de la congr\u00e9gation. Il est compos\u00e9 des membres du Conseil g\u00e9n\u00e9ral, des Sup\u00e9rieurs provinciaux et du Sup\u00e9rieur de la D\u00e9l\u00e9gation de la France et de certains membres d\u00e9sign\u00e9s comme tels par le R\u00e8glement g\u00e9n\u00e9ral. Le Chapitre g\u00e9n\u00e9ral est [&hellip;]<\/p>\n","protected":false},"author":1,"featured_media":307,"parent":0,"menu_order":0,"comment_status":"closed","ping_status":"closed","template":"elementor_header_footer","meta":{"footnotes":""},"class_list":["post-451","page","type-page","status-publish","has-post-thumbnail","hentry"],"yoast_head":"<!-- This site is optimized with the Yoast SEO plugin v27.6 - https:\/\/yoast.com\/product\/yoast-seo-wordpress\/ -->\n<title>Chapitre g\u00e9n\u00e9ral \u2013 Viatorians International<\/title>\n<meta name=\"description\" content=\"Le Chapitre g\u00e9n\u00e9ral, autorit\u00e9 supr\u00eame de la Congr\u00e9gation des Clercs de Saint-Viateur.\" \/>\n<meta name=\"robots\" content=\"index, follow, max-snippet:-1, max-image-preview:large, max-video-preview:-1\" \/>\n<link rel=\"canonical\" href=\"https:\/\/staging.csviator-intl.org\/es\/chapitre-general\/\" \/>\n<meta property=\"og:locale\" content=\"es_ES\" \/>\n<meta property=\"og:type\" content=\"article\" \/>\n<meta property=\"og:title\" content=\"Chapitre g\u00e9n\u00e9ral \u2013 Viatorians International\" \/>\n<meta property=\"og:description\" content=\"Le Chapitre g\u00e9n\u00e9ral, autorit\u00e9 supr\u00eame de la Congr\u00e9gation des Clercs de Saint-Viateur.\" \/>\n<meta property=\"og:url\" content=\"https:\/\/staging.csviator-intl.org\/es\/chapitre-general\/\" \/>\n<meta property=\"og:site_name\" content=\"Viatorians International\" \/>\n<meta property=\"article:modified_time\" content=\"2026-04-25T11:51:54+00:00\" \/>\n<meta property=\"og:image\" content=\"https:\/\/staging.csviator-intl.org\/wp-content\/uploads\/2026\/04\/download-4-1024x439.png\" \/>\n\t<meta property=\"og:image:width\" content=\"1024\" \/>\n\t<meta property=\"og:image:height\" content=\"439\" \/>\n\t<meta property=\"og:image:type\" content=\"image\/png\" \/>\n<meta name=\"twitter:card\" content=\"summary_large_image\" \/>\n<meta name=\"twitter:label1\" content=\"Tiempo de lectura\" \/>\n\t<meta name=\"twitter:data1\" content=\"1 minuto\" \/>\n<script type=\"application\/ld+json\" class=\"yoast-schema-graph\">{\"@context\":\"https:\\\/\\\/schema.org\",\"@graph\":[{\"@type\":\"WebPage\",\"@id\":\"https:\\\/\\\/staging.csviator-intl.org\\\/chapitre-general\\\/\",\"url\":\"https:\\\/\\\/staging.csviator-intl.org\\\/chapitre-general\\\/\",\"name\":\"Chapitre g\u00e9n\u00e9ral \u2013 Viatorians International\",\"isPartOf\":{\"@id\":\"https:\\\/\\\/staging.csviator-intl.org\\\/#website\"},\"primaryImageOfPage\":{\"@id\":\"https:\\\/\\\/staging.csviator-intl.org\\\/chapitre-general\\\/#primaryimage\"},\"image\":{\"@id\":\"https:\\\/\\\/staging.csviator-intl.org\\\/chapitre-general\\\/#primaryimage\"},\"thumbnailUrl\":\"https:\\\/\\\/staging.csviator-intl.org\\\/wp-content\\\/uploads\\\/2026\\\/04\\\/download-4.png\",\"datePublished\":\"2026-04-13T01:23:40+00:00\",\"dateModified\":\"2026-04-25T11:51:54+00:00\",\"description\":\"Le Chapitre g\u00e9n\u00e9ral, autorit\u00e9 supr\u00eame de la Congr\u00e9gation des Clercs de Saint-Viateur.\",\"breadcrumb\":{\"@id\":\"https:\\\/\\\/staging.csviator-intl.org\\\/chapitre-general\\\/#breadcrumb\"},\"inLanguage\":\"es\",\"potentialAction\":[{\"@type\":\"ReadAction\",\"target\":[\"https:\\\/\\\/staging.csviator-intl.org\\\/chapitre-general\\\/\"]}]},{\"@type\":\"ImageObject\",\"inLanguage\":\"es\",\"@id\":\"https:\\\/\\\/staging.csviator-intl.org\\\/chapitre-general\\\/#primaryimage\",\"url\":\"https:\\\/\\\/staging.csviator-intl.org\\\/wp-content\\\/uploads\\\/2026\\\/04\\\/download-4.png\",\"contentUrl\":\"https:\\\/\\\/staging.csviator-intl.org\\\/wp-content\\\/uploads\\\/2026\\\/04\\\/download-4.png\",\"width\":1674,\"height\":717},{\"@type\":\"BreadcrumbList\",\"@id\":\"https:\\\/\\\/staging.csviator-intl.org\\\/chapitre-general\\\/#breadcrumb\",\"itemListElement\":[{\"@type\":\"ListItem\",\"position\":1,\"name\":\"Home\",\"item\":\"https:\\\/\\\/staging.csviator-intl.org\\\/\"},{\"@type\":\"ListItem\",\"position\":2,\"name\":\"Chapitre g\u00e9n\u00e9ral\"}]},{\"@type\":\"WebSite\",\"@id\":\"https:\\\/\\\/staging.csviator-intl.org\\\/#website\",\"url\":\"https:\\\/\\\/staging.csviator-intl.org\\\/\",\"name\":\"Viatorians International\",\"description\":\"Clercs de Saint-Viateur\",\"alternateName\":\"CSV\",\"potentialAction\":[{\"@type\":\"SearchAction\",\"target\":{\"@type\":\"EntryPoint\",\"urlTemplate\":\"https:\\\/\\\/staging.csviator-intl.org\\\/?s={search_term_string}\"},\"query-input\":{\"@type\":\"PropertyValueSpecification\",\"valueRequired\":true,\"valueName\":\"search_term_string\"}}],\"inLanguage\":\"es\"}]}<\/script>\n<!-- \/ Yoast SEO plugin. -->","yoast_head_json":{"title":"Chapitre g\u00e9n\u00e9ral \u2013 Viatorians International","description":"Le Chapitre g\u00e9n\u00e9ral, autorit\u00e9 supr\u00eame de la Congr\u00e9gation des Clercs de Saint-Viateur.","robots":{"index":"index","follow":"follow","max-snippet":"max-snippet:-1","max-image-preview":"max-image-preview:large","max-video-preview":"max-video-preview:-1"},"canonical":"https:\/\/staging.csviator-intl.org\/es\/chapitre-general\/","og_locale":"es_ES","og_type":"article","og_title":"Chapitre g\u00e9n\u00e9ral \u2013 Viatorians International","og_description":"Le Chapitre g\u00e9n\u00e9ral, autorit\u00e9 supr\u00eame de la Congr\u00e9gation des Clercs de Saint-Viateur.","og_url":"https:\/\/staging.csviator-intl.org\/es\/chapitre-general\/","og_site_name":"Viatorians International","article_modified_time":"2026-04-25T11:51:54+00:00","og_image":[{"width":1024,"height":439,"url":"https:\/\/staging.csviator-intl.org\/wp-content\/uploads\/2026\/04\/download-4-1024x439.png","type":"image\/png"}],"twitter_card":"summary_large_image","twitter_misc":{"Tiempo de lectura":"1 minuto"},"schema":{"@context":"https:\/\/schema.org","@graph":[{"@type":"WebPage","@id":"https:\/\/staging.csviator-intl.org\/chapitre-general\/","url":"https:\/\/staging.csviator-intl.org\/chapitre-general\/","name":"Chapitre g\u00e9n\u00e9ral \u2013 Viatorians International","isPartOf":{"@id":"https:\/\/staging.csviator-intl.org\/#website"},"primaryImageOfPage":{"@id":"https:\/\/staging.csviator-intl.org\/chapitre-general\/#primaryimage"},"image":{"@id":"https:\/\/staging.csviator-intl.org\/chapitre-general\/#primaryimage"},"thumbnailUrl":"https:\/\/staging.csviator-intl.org\/wp-content\/uploads\/2026\/04\/download-4.png","datePublished":"2026-04-13T01:23:40+00:00","dateModified":"2026-04-25T11:51:54+00:00","description":"Le Chapitre g\u00e9n\u00e9ral, autorit\u00e9 supr\u00eame de la Congr\u00e9gation des Clercs de Saint-Viateur.","breadcrumb":{"@id":"https:\/\/staging.csviator-intl.org\/chapitre-general\/#breadcrumb"},"inLanguage":"es","potentialAction":[{"@type":"ReadAction","target":["https:\/\/staging.csviator-intl.org\/chapitre-general\/"]}]},{"@type":"ImageObject","inLanguage":"es","@id":"https:\/\/staging.csviator-intl.org\/chapitre-general\/#primaryimage","url":"https:\/\/staging.csviator-intl.org\/wp-content\/uploads\/2026\/04\/download-4.png","contentUrl":"https:\/\/staging.csviator-intl.org\/wp-content\/uploads\/2026\/04\/download-4.png","width":1674,"height":717},{"@type":"BreadcrumbList","@id":"https:\/\/staging.csviator-intl.org\/chapitre-general\/#breadcrumb","itemListElement":[{"@type":"ListItem","position":1,"name":"Home","item":"https:\/\/staging.csviator-intl.org\/"},{"@type":"ListItem","position":2,"name":"Chapitre g\u00e9n\u00e9ral"}]},{"@type":"WebSite","@id":"https:\/\/staging.csviator-intl.org\/#website","url":"https:\/\/staging.csviator-intl.org\/","name":"Viatorians International","description":"Cl\u00e9rigos de San Viator","alternateName":"CSV","potentialAction":[{"@type":"SearchAction","target":{"@type":"EntryPoint","urlTemplate":"https:\/\/staging.csviator-intl.org\/?s={search_term_string}"},"query-input":{"@type":"PropertyValueSpecification","valueRequired":true,"valueName":"search_term_string"}}],"inLanguage":"es"}]}},"_links":{"self":[{"href":"https:\/\/staging.csviator-intl.org\/es\/wp-json\/wp\/v2\/pages\/451","targetHints":{"allow":["GET"]}}],"collection":[{"href":"https:\/\/staging.csviator-intl.org\/es\/wp-json\/wp\/v2\/pages"}],"about":[{"href":"https:\/\/staging.csviator-intl.org\/es\/wp-json\/wp\/v2\/types\/page"}],"author":[{"embeddable":true,"href":"https:\/\/staging.csviator-intl.org\/es\/wp-json\/wp\/v2\/users\/1"}],"replies":[{"embeddable":true,"href":"https:\/\/staging.csviator-intl.org\/es\/wp-json\/wp\/v2\/comments?post=451"}],"version-history":[{"count":1,"href":"https:\/\/staging.csviator-intl.org\/es\/wp-json\/wp\/v2\/pages\/451\/revisions"}],"predecessor-version":[{"id":475,"href":"https:\/\/staging.csviator-intl.org\/es\/wp-json\/wp\/v2\/pages\/451\/revisions\/475"}],"wp:featuredmedia":[{"embeddable":true,"href":"https:\/\/staging.csviator-intl.org\/es\/wp-json\/wp\/v2\/media\/307"}],"wp:attachment":[{"href":"https:\/\/staging.csviator-intl.org\/es\/wp-json\/wp\/v2\/media?parent=451"}],"curies":[{"name":"wp","href":"https:\/\/api.w.org\/{rel}","templated":true}]}}