{"id":450,"date":"2026-04-13T01:23:40","date_gmt":"2026-04-13T01:23:40","guid":{"rendered":"https:\/\/staging.csviator-intl.org\/cge\/"},"modified":"2026-04-25T11:51:55","modified_gmt":"2026-04-25T11:51:55","slug":"cge","status":"publish","type":"page","link":"https:\/\/staging.csviator-intl.org\/es\/cge\/","title":{"rendered":"CGE"},"content":{"rendered":"<section class=\"region-narrative\">\n<div class=\"region-container\">\n<div class=\"region-text\">\n<h2 class=\"region-heading\">El Consejo General Extraordinario<\/h2>\n<p class=\"region-dropcap\">Cuando se re\u00fanen, el Consejo general y los superiores provinciales constituyen el Consejo general extraordinario.<\/p>\n<p class=\"region-p\" data-reveal>El Consejo General Extraordinario es normalmente un \u00f3rgano consultivo. Su prop\u00f3sito es fomentar una solidaridad eficaz entre el Consejo General y las Provincias y ayudarles a fortalecer la unidad de la Congregaci\u00f3n. Se le pide que d\u00e9 su opini\u00f3n al Consejo General sobre asuntos importantes y situaciones excepcionales que el Consejo General le presente.<\/p>\n<\/div>\n<\/div>\n<\/section>","protected":false},"excerpt":{"rendered":"<p>Le Conseil g\u00e9n\u00e9ral extraordinaire Lorsqu&rsquo;ils se r\u00e9unissent, le Conseil g\u00e9n\u00e9ral et les sup\u00e9rieurs provinciaux constituent le Conseil g\u00e9n\u00e9ral extraordinaire. Le Conseil g\u00e9n\u00e9ral extraordinaire est normalement un organe consultatif. Son but est de promouvoir une solidarit\u00e9 efficace entre le Conseil g\u00e9n\u00e9ral et les provinces et les aider \u00e0 renforcer l&rsquo;unit\u00e9 de la congr\u00e9gation. Il est appel\u00e9 [&hellip;]<\/p>\n","protected":false},"author":1,"featured_media":307,"parent":0,"menu_order":0,"comment_status":"closed","ping_status":"closed","template":"elementor_header_footer","meta":{"footnotes":""},"class_list":["post-450","page","type-page","status-publish","has-post-thumbnail","hentry"],"yoast_head":"<!-- This site is optimized with the Yoast SEO plugin v27.6 - https:\/\/yoast.com\/product\/yoast-seo-wordpress\/ -->\n<title>CGE \u2013 Viatorians International<\/title>\n<meta name=\"description\" content=\"Le Comit\u00e9 g\u00e9n\u00e9ral ex\u00e9cutif (CGE) des Clercs de Saint-Viateur, organe de coordination et d&#039;ex\u00e9cution.\" \/>\n<meta name=\"robots\" content=\"index, follow, max-snippet:-1, max-image-preview:large, max-video-preview:-1\" \/>\n<link rel=\"canonical\" href=\"https:\/\/staging.csviator-intl.org\/es\/cge\/\" \/>\n<meta property=\"og:locale\" content=\"es_ES\" \/>\n<meta property=\"og:type\" content=\"article\" \/>\n<meta property=\"og:title\" content=\"CGE \u2013 Viatorians International\" \/>\n<meta property=\"og:description\" content=\"Le Comit\u00e9 g\u00e9n\u00e9ral ex\u00e9cutif (CGE) des Clercs de Saint-Viateur, organe de coordination et d&#039;ex\u00e9cution.\" \/>\n<meta property=\"og:url\" content=\"https:\/\/staging.csviator-intl.org\/es\/cge\/\" \/>\n<meta property=\"og:site_name\" content=\"Viatorians International\" \/>\n<meta property=\"article:modified_time\" content=\"2026-04-25T11:51:55+00:00\" \/>\n<meta property=\"og:image\" content=\"https:\/\/staging.csviator-intl.org\/wp-content\/uploads\/2026\/04\/download-4-1024x439.png\" \/>\n\t<meta property=\"og:image:width\" content=\"1024\" \/>\n\t<meta property=\"og:image:height\" content=\"439\" \/>\n\t<meta property=\"og:image:type\" content=\"image\/png\" \/>\n<meta name=\"twitter:card\" content=\"summary_large_image\" \/>\n<script type=\"application\/ld+json\" class=\"yoast-schema-graph\">{\"@context\":\"https:\\\/\\\/schema.org\",\"@graph\":[{\"@type\":\"WebPage\",\"@id\":\"https:\\\/\\\/staging.csviator-intl.org\\\/cge\\\/\",\"url\":\"https:\\\/\\\/staging.csviator-intl.org\\\/cge\\\/\",\"name\":\"CGE \u2013 Viatorians International\",\"isPartOf\":{\"@id\":\"https:\\\/\\\/staging.csviator-intl.org\\\/#website\"},\"primaryImageOfPage\":{\"@id\":\"https:\\\/\\\/staging.csviator-intl.org\\\/cge\\\/#primaryimage\"},\"image\":{\"@id\":\"https:\\\/\\\/staging.csviator-intl.org\\\/cge\\\/#primaryimage\"},\"thumbnailUrl\":\"https:\\\/\\\/staging.csviator-intl.org\\\/wp-content\\\/uploads\\\/2026\\\/04\\\/download-4.png\",\"datePublished\":\"2026-04-13T01:23:40+00:00\",\"dateModified\":\"2026-04-25T11:51:55+00:00\",\"description\":\"Le Comit\u00e9 g\u00e9n\u00e9ral ex\u00e9cutif (CGE) des Clercs de Saint-Viateur, organe de coordination et d'ex\u00e9cution.\",\"breadcrumb\":{\"@id\":\"https:\\\/\\\/staging.csviator-intl.org\\\/cge\\\/#breadcrumb\"},\"inLanguage\":\"es\",\"potentialAction\":[{\"@type\":\"ReadAction\",\"target\":[\"https:\\\/\\\/staging.csviator-intl.org\\\/cge\\\/\"]}]},{\"@type\":\"ImageObject\",\"inLanguage\":\"es\",\"@id\":\"https:\\\/\\\/staging.csviator-intl.org\\\/cge\\\/#primaryimage\",\"url\":\"https:\\\/\\\/staging.csviator-intl.org\\\/wp-content\\\/uploads\\\/2026\\\/04\\\/download-4.png\",\"contentUrl\":\"https:\\\/\\\/staging.csviator-intl.org\\\/wp-content\\\/uploads\\\/2026\\\/04\\\/download-4.png\",\"width\":1674,\"height\":717},{\"@type\":\"BreadcrumbList\",\"@id\":\"https:\\\/\\\/staging.csviator-intl.org\\\/cge\\\/#breadcrumb\",\"itemListElement\":[{\"@type\":\"ListItem\",\"position\":1,\"name\":\"Home\",\"item\":\"https:\\\/\\\/staging.csviator-intl.org\\\/\"},{\"@type\":\"ListItem\",\"position\":2,\"name\":\"CGE\"}]},{\"@type\":\"WebSite\",\"@id\":\"https:\\\/\\\/staging.csviator-intl.org\\\/#website\",\"url\":\"https:\\\/\\\/staging.csviator-intl.org\\\/\",\"name\":\"Viatorians International\",\"description\":\"Clercs de Saint-Viateur\",\"alternateName\":\"CSV\",\"potentialAction\":[{\"@type\":\"SearchAction\",\"target\":{\"@type\":\"EntryPoint\",\"urlTemplate\":\"https:\\\/\\\/staging.csviator-intl.org\\\/?s={search_term_string}\"},\"query-input\":{\"@type\":\"PropertyValueSpecification\",\"valueRequired\":true,\"valueName\":\"search_term_string\"}}],\"inLanguage\":\"es\"}]}<\/script>\n<!-- \/ Yoast SEO plugin. -->","yoast_head_json":{"title":"CGE \u2013 Viatorians International","description":"Le Comit\u00e9 g\u00e9n\u00e9ral ex\u00e9cutif (CGE) des Clercs de Saint-Viateur, organe de coordination et d'ex\u00e9cution.","robots":{"index":"index","follow":"follow","max-snippet":"max-snippet:-1","max-image-preview":"max-image-preview:large","max-video-preview":"max-video-preview:-1"},"canonical":"https:\/\/staging.csviator-intl.org\/es\/cge\/","og_locale":"es_ES","og_type":"article","og_title":"CGE \u2013 Viatorians International","og_description":"Le Comit\u00e9 g\u00e9n\u00e9ral ex\u00e9cutif (CGE) des Clercs de Saint-Viateur, organe de coordination et d'ex\u00e9cution.","og_url":"https:\/\/staging.csviator-intl.org\/es\/cge\/","og_site_name":"Viatorians International","article_modified_time":"2026-04-25T11:51:55+00:00","og_image":[{"width":1024,"height":439,"url":"https:\/\/staging.csviator-intl.org\/wp-content\/uploads\/2026\/04\/download-4-1024x439.png","type":"image\/png"}],"twitter_card":"summary_large_image","schema":{"@context":"https:\/\/schema.org","@graph":[{"@type":"WebPage","@id":"https:\/\/staging.csviator-intl.org\/cge\/","url":"https:\/\/staging.csviator-intl.org\/cge\/","name":"CGE \u2013 Viatorians International","isPartOf":{"@id":"https:\/\/staging.csviator-intl.org\/#website"},"primaryImageOfPage":{"@id":"https:\/\/staging.csviator-intl.org\/cge\/#primaryimage"},"image":{"@id":"https:\/\/staging.csviator-intl.org\/cge\/#primaryimage"},"thumbnailUrl":"https:\/\/staging.csviator-intl.org\/wp-content\/uploads\/2026\/04\/download-4.png","datePublished":"2026-04-13T01:23:40+00:00","dateModified":"2026-04-25T11:51:55+00:00","description":"Le Comit\u00e9 g\u00e9n\u00e9ral ex\u00e9cutif (CGE) des Clercs de Saint-Viateur, organe de coordination et d'ex\u00e9cution.","breadcrumb":{"@id":"https:\/\/staging.csviator-intl.org\/cge\/#breadcrumb"},"inLanguage":"es","potentialAction":[{"@type":"ReadAction","target":["https:\/\/staging.csviator-intl.org\/cge\/"]}]},{"@type":"ImageObject","inLanguage":"es","@id":"https:\/\/staging.csviator-intl.org\/cge\/#primaryimage","url":"https:\/\/staging.csviator-intl.org\/wp-content\/uploads\/2026\/04\/download-4.png","contentUrl":"https:\/\/staging.csviator-intl.org\/wp-content\/uploads\/2026\/04\/download-4.png","width":1674,"height":717},{"@type":"BreadcrumbList","@id":"https:\/\/staging.csviator-intl.org\/cge\/#breadcrumb","itemListElement":[{"@type":"ListItem","position":1,"name":"Home","item":"https:\/\/staging.csviator-intl.org\/"},{"@type":"ListItem","position":2,"name":"CGE"}]},{"@type":"WebSite","@id":"https:\/\/staging.csviator-intl.org\/#website","url":"https:\/\/staging.csviator-intl.org\/","name":"Viatorians International","description":"Cl\u00e9rigos de San Viator","alternateName":"CSV","potentialAction":[{"@type":"SearchAction","target":{"@type":"EntryPoint","urlTemplate":"https:\/\/staging.csviator-intl.org\/?s={search_term_string}"},"query-input":{"@type":"PropertyValueSpecification","valueRequired":true,"valueName":"search_term_string"}}],"inLanguage":"es"}]}},"_links":{"self":[{"href":"https:\/\/staging.csviator-intl.org\/es\/wp-json\/wp\/v2\/pages\/450","targetHints":{"allow":["GET"]}}],"collection":[{"href":"https:\/\/staging.csviator-intl.org\/es\/wp-json\/wp\/v2\/pages"}],"about":[{"href":"https:\/\/staging.csviator-intl.org\/es\/wp-json\/wp\/v2\/types\/page"}],"author":[{"embeddable":true,"href":"https:\/\/staging.csviator-intl.org\/es\/wp-json\/wp\/v2\/users\/1"}],"replies":[{"embeddable":true,"href":"https:\/\/staging.csviator-intl.org\/es\/wp-json\/wp\/v2\/comments?post=450"}],"version-history":[{"count":1,"href":"https:\/\/staging.csviator-intl.org\/es\/wp-json\/wp\/v2\/pages\/450\/revisions"}],"predecessor-version":[{"id":474,"href":"https:\/\/staging.csviator-intl.org\/es\/wp-json\/wp\/v2\/pages\/450\/revisions\/474"}],"wp:featuredmedia":[{"embeddable":true,"href":"https:\/\/staging.csviator-intl.org\/es\/wp-json\/wp\/v2\/media\/307"}],"wp:attachment":[{"href":"https:\/\/staging.csviator-intl.org\/es\/wp-json\/wp\/v2\/media?parent=450"}],"curies":[{"name":"wp","href":"https:\/\/api.w.org\/{rel}","templated":true}]}}