{"id":416,"date":"2026-04-13T00:36:14","date_gmt":"2026-04-13T00:36:14","guid":{"rendered":"https:\/\/staging.csviator-intl.org\/gouvernance\/"},"modified":"2026-04-25T11:51:55","modified_gmt":"2026-04-25T11:51:55","slug":"gouvernance","status":"publish","type":"page","link":"https:\/\/staging.csviator-intl.org\/es\/gouvernance\/","title":{"rendered":"Gobernanza"},"content":{"rendered":"<section class=\"region-narrative\">\n<div class=\"region-container\">\n<div class=\"region-text\">\n<h2 class=\"region-heading\">El Consejo General Extraordinario<\/h2>\n<p class=\"region-dropcap\">El Consejo General Extraordinario est\u00e1 constituido por la reuni\u00f3n del Consejo General y de los Superiores Provinciales y Regionales. Actuando habitualmente como \u00f3rgano consultivo, su misi\u00f3n es promover una solidaridad activa entre la Direcci\u00f3n General y las Provincias, a la vez que se trabaja en el fortalecimiento de la unidad de la congregaci\u00f3n.<\/p>\n<p class=\"region-p\" data-reveal>Tiene la funci\u00f3n de iluminar al Consejo General d\u00e1ndole su opini\u00f3n sobre cuestiones de gran importancia o situaciones excepcionales que se le someten.<\/p>\n<h2 class=\"region-heading\">El Cap\u00edtulo General<\/h2>\n<p class=\"region-p\" data-reveal>La autoridad suprema de la congregaci\u00f3n, el Cap\u00edtulo general, se re\u00fane en sesi\u00f3n ordinaria cada seis a\u00f1os. Re\u00fane a los miembros del Consejo general, los Superiores provinciales, el Superior de la Delegaci\u00f3n de Francia, as\u00ed como a los miembros designados por el Reglamento general.<\/p>\n<p class=\"region-p\" data-reveal>El Cap\u00edtulo General es el garante privilegiado de la fidelidad de la congregaci\u00f3n a las intenciones del fundador y a la Constituci\u00f3n. Encargado de promover la vitalidad del instituto, analiza y eval\u00faa su situaci\u00f3n global, define las orientaciones estrat\u00e9gicas y fija los objetivos comunes. Es tambi\u00e9n esta instancia la que procede a la elecci\u00f3n del Superior General.<\/p>\n<\/div>\n<\/div>\n<\/section>","protected":false},"excerpt":{"rendered":"<p>Le Conseil g\u00e9n\u00e9ral extraordinaire Le Conseil g\u00e9n\u00e9ral extraordinaire est constitu\u00e9 par la r\u00e9union du Conseil g\u00e9n\u00e9ral et des sup\u00e9rieurs provinciaux et r\u00e9gionaux. Agissant habituellement comme un organe consultatif, sa mission est de promouvoir une solidarit\u00e9 active entre la direction g\u00e9n\u00e9rale et les provinces, tout en \u0153uvrant au renforcement de l\u2019unit\u00e9 de la congr\u00e9gation. Il a [&hellip;]<\/p>\n","protected":false},"author":1,"featured_media":307,"parent":0,"menu_order":0,"comment_status":"closed","ping_status":"closed","template":"elementor_header_footer","meta":{"footnotes":""},"class_list":["post-416","page","type-page","status-publish","has-post-thumbnail","hentry"],"yoast_head":"<!-- This site is optimized with the Yoast SEO plugin v27.6 - https:\/\/yoast.com\/product\/yoast-seo-wordpress\/ -->\n<title>Gouvernance \u2013 Viatorians International<\/title>\n<meta name=\"description\" content=\"Structure de gouvernance des Clercs de Saint-Viateur : Chapitre g\u00e9n\u00e9ral, Conseil g\u00e9n\u00e9ral et Sup\u00e9rieur g\u00e9n\u00e9ral.\" \/>\n<meta name=\"robots\" content=\"index, follow, max-snippet:-1, max-image-preview:large, max-video-preview:-1\" \/>\n<link rel=\"canonical\" href=\"https:\/\/staging.csviator-intl.org\/es\/gouvernance\/\" \/>\n<meta property=\"og:locale\" content=\"es_ES\" \/>\n<meta property=\"og:type\" content=\"article\" \/>\n<meta property=\"og:title\" content=\"Gouvernance \u2013 Viatorians International\" \/>\n<meta property=\"og:description\" content=\"Structure de gouvernance des Clercs de Saint-Viateur : Chapitre g\u00e9n\u00e9ral, Conseil g\u00e9n\u00e9ral et Sup\u00e9rieur g\u00e9n\u00e9ral.\" \/>\n<meta property=\"og:url\" content=\"https:\/\/staging.csviator-intl.org\/es\/gouvernance\/\" \/>\n<meta property=\"og:site_name\" content=\"Viatorians International\" \/>\n<meta property=\"article:modified_time\" content=\"2026-04-25T11:51:55+00:00\" \/>\n<meta property=\"og:image\" content=\"https:\/\/staging.csviator-intl.org\/wp-content\/uploads\/2026\/04\/download-4-1024x439.png\" \/>\n\t<meta property=\"og:image:width\" content=\"1024\" \/>\n\t<meta property=\"og:image:height\" content=\"439\" \/>\n\t<meta property=\"og:image:type\" content=\"image\/png\" \/>\n<meta name=\"twitter:card\" content=\"summary_large_image\" \/>\n<meta name=\"twitter:label1\" content=\"Tiempo de lectura\" \/>\n\t<meta name=\"twitter:data1\" content=\"1 minuto\" \/>\n<script type=\"application\/ld+json\" class=\"yoast-schema-graph\">{\"@context\":\"https:\\\/\\\/schema.org\",\"@graph\":[{\"@type\":\"WebPage\",\"@id\":\"https:\\\/\\\/staging.csviator-intl.org\\\/gouvernance\\\/\",\"url\":\"https:\\\/\\\/staging.csviator-intl.org\\\/gouvernance\\\/\",\"name\":\"Gouvernance \u2013 Viatorians International\",\"isPartOf\":{\"@id\":\"https:\\\/\\\/staging.csviator-intl.org\\\/#website\"},\"primaryImageOfPage\":{\"@id\":\"https:\\\/\\\/staging.csviator-intl.org\\\/gouvernance\\\/#primaryimage\"},\"image\":{\"@id\":\"https:\\\/\\\/staging.csviator-intl.org\\\/gouvernance\\\/#primaryimage\"},\"thumbnailUrl\":\"https:\\\/\\\/staging.csviator-intl.org\\\/wp-content\\\/uploads\\\/2026\\\/04\\\/download-4.png\",\"datePublished\":\"2026-04-13T00:36:14+00:00\",\"dateModified\":\"2026-04-25T11:51:55+00:00\",\"description\":\"Structure de gouvernance des Clercs de Saint-Viateur : Chapitre g\u00e9n\u00e9ral, Conseil g\u00e9n\u00e9ral et Sup\u00e9rieur g\u00e9n\u00e9ral.\",\"breadcrumb\":{\"@id\":\"https:\\\/\\\/staging.csviator-intl.org\\\/gouvernance\\\/#breadcrumb\"},\"inLanguage\":\"es\",\"potentialAction\":[{\"@type\":\"ReadAction\",\"target\":[\"https:\\\/\\\/staging.csviator-intl.org\\\/gouvernance\\\/\"]}]},{\"@type\":\"ImageObject\",\"inLanguage\":\"es\",\"@id\":\"https:\\\/\\\/staging.csviator-intl.org\\\/gouvernance\\\/#primaryimage\",\"url\":\"https:\\\/\\\/staging.csviator-intl.org\\\/wp-content\\\/uploads\\\/2026\\\/04\\\/download-4.png\",\"contentUrl\":\"https:\\\/\\\/staging.csviator-intl.org\\\/wp-content\\\/uploads\\\/2026\\\/04\\\/download-4.png\",\"width\":1674,\"height\":717},{\"@type\":\"BreadcrumbList\",\"@id\":\"https:\\\/\\\/staging.csviator-intl.org\\\/gouvernance\\\/#breadcrumb\",\"itemListElement\":[{\"@type\":\"ListItem\",\"position\":1,\"name\":\"Home\",\"item\":\"https:\\\/\\\/staging.csviator-intl.org\\\/\"},{\"@type\":\"ListItem\",\"position\":2,\"name\":\"Gouvernance\"}]},{\"@type\":\"WebSite\",\"@id\":\"https:\\\/\\\/staging.csviator-intl.org\\\/#website\",\"url\":\"https:\\\/\\\/staging.csviator-intl.org\\\/\",\"name\":\"Viatorians International\",\"description\":\"Clercs de Saint-Viateur\",\"alternateName\":\"CSV\",\"potentialAction\":[{\"@type\":\"SearchAction\",\"target\":{\"@type\":\"EntryPoint\",\"urlTemplate\":\"https:\\\/\\\/staging.csviator-intl.org\\\/?s={search_term_string}\"},\"query-input\":{\"@type\":\"PropertyValueSpecification\",\"valueRequired\":true,\"valueName\":\"search_term_string\"}}],\"inLanguage\":\"es\"}]}<\/script>\n<!-- \/ Yoast SEO plugin. -->","yoast_head_json":{"title":"Gouvernance \u2013 Viatorians International","description":"Structure de gouvernance des Clercs de Saint-Viateur : Chapitre g\u00e9n\u00e9ral, Conseil g\u00e9n\u00e9ral et Sup\u00e9rieur g\u00e9n\u00e9ral.","robots":{"index":"index","follow":"follow","max-snippet":"max-snippet:-1","max-image-preview":"max-image-preview:large","max-video-preview":"max-video-preview:-1"},"canonical":"https:\/\/staging.csviator-intl.org\/es\/gouvernance\/","og_locale":"es_ES","og_type":"article","og_title":"Gouvernance \u2013 Viatorians International","og_description":"Structure de gouvernance des Clercs de Saint-Viateur : Chapitre g\u00e9n\u00e9ral, Conseil g\u00e9n\u00e9ral et Sup\u00e9rieur g\u00e9n\u00e9ral.","og_url":"https:\/\/staging.csviator-intl.org\/es\/gouvernance\/","og_site_name":"Viatorians International","article_modified_time":"2026-04-25T11:51:55+00:00","og_image":[{"width":1024,"height":439,"url":"https:\/\/staging.csviator-intl.org\/wp-content\/uploads\/2026\/04\/download-4-1024x439.png","type":"image\/png"}],"twitter_card":"summary_large_image","twitter_misc":{"Tiempo de lectura":"1 minuto"},"schema":{"@context":"https:\/\/schema.org","@graph":[{"@type":"WebPage","@id":"https:\/\/staging.csviator-intl.org\/gouvernance\/","url":"https:\/\/staging.csviator-intl.org\/gouvernance\/","name":"Gouvernance \u2013 Viatorians International","isPartOf":{"@id":"https:\/\/staging.csviator-intl.org\/#website"},"primaryImageOfPage":{"@id":"https:\/\/staging.csviator-intl.org\/gouvernance\/#primaryimage"},"image":{"@id":"https:\/\/staging.csviator-intl.org\/gouvernance\/#primaryimage"},"thumbnailUrl":"https:\/\/staging.csviator-intl.org\/wp-content\/uploads\/2026\/04\/download-4.png","datePublished":"2026-04-13T00:36:14+00:00","dateModified":"2026-04-25T11:51:55+00:00","description":"Structure de gouvernance des Clercs de Saint-Viateur : Chapitre g\u00e9n\u00e9ral, Conseil g\u00e9n\u00e9ral et Sup\u00e9rieur g\u00e9n\u00e9ral.","breadcrumb":{"@id":"https:\/\/staging.csviator-intl.org\/gouvernance\/#breadcrumb"},"inLanguage":"es","potentialAction":[{"@type":"ReadAction","target":["https:\/\/staging.csviator-intl.org\/gouvernance\/"]}]},{"@type":"ImageObject","inLanguage":"es","@id":"https:\/\/staging.csviator-intl.org\/gouvernance\/#primaryimage","url":"https:\/\/staging.csviator-intl.org\/wp-content\/uploads\/2026\/04\/download-4.png","contentUrl":"https:\/\/staging.csviator-intl.org\/wp-content\/uploads\/2026\/04\/download-4.png","width":1674,"height":717},{"@type":"BreadcrumbList","@id":"https:\/\/staging.csviator-intl.org\/gouvernance\/#breadcrumb","itemListElement":[{"@type":"ListItem","position":1,"name":"Home","item":"https:\/\/staging.csviator-intl.org\/"},{"@type":"ListItem","position":2,"name":"Gouvernance"}]},{"@type":"WebSite","@id":"https:\/\/staging.csviator-intl.org\/#website","url":"https:\/\/staging.csviator-intl.org\/","name":"Viatorians International","description":"Cl\u00e9rigos de San Viator","alternateName":"CSV","potentialAction":[{"@type":"SearchAction","target":{"@type":"EntryPoint","urlTemplate":"https:\/\/staging.csviator-intl.org\/?s={search_term_string}"},"query-input":{"@type":"PropertyValueSpecification","valueRequired":true,"valueName":"search_term_string"}}],"inLanguage":"es"}]}},"_links":{"self":[{"href":"https:\/\/staging.csviator-intl.org\/es\/wp-json\/wp\/v2\/pages\/416","targetHints":{"allow":["GET"]}}],"collection":[{"href":"https:\/\/staging.csviator-intl.org\/es\/wp-json\/wp\/v2\/pages"}],"about":[{"href":"https:\/\/staging.csviator-intl.org\/es\/wp-json\/wp\/v2\/types\/page"}],"author":[{"embeddable":true,"href":"https:\/\/staging.csviator-intl.org\/es\/wp-json\/wp\/v2\/users\/1"}],"replies":[{"embeddable":true,"href":"https:\/\/staging.csviator-intl.org\/es\/wp-json\/wp\/v2\/comments?post=416"}],"version-history":[{"count":3,"href":"https:\/\/staging.csviator-intl.org\/es\/wp-json\/wp\/v2\/pages\/416\/revisions"}],"predecessor-version":[{"id":473,"href":"https:\/\/staging.csviator-intl.org\/es\/wp-json\/wp\/v2\/pages\/416\/revisions\/473"}],"wp:featuredmedia":[{"embeddable":true,"href":"https:\/\/staging.csviator-intl.org\/es\/wp-json\/wp\/v2\/media\/307"}],"wp:attachment":[{"href":"https:\/\/staging.csviator-intl.org\/es\/wp-json\/wp\/v2\/media?parent=416"}],"curies":[{"name":"wp","href":"https:\/\/api.w.org\/{rel}","templated":true}]}}