{"id":414,"date":"2026-04-13T00:35:00","date_gmt":"2026-04-13T00:35:00","guid":{"rendered":"https:\/\/staging.csviator-intl.org\/congregation\/"},"modified":"2026-04-25T11:51:54","modified_gmt":"2026-04-25T11:51:54","slug":"congregation","status":"publish","type":"page","link":"https:\/\/staging.csviator-intl.org\/es\/congregation\/","title":{"rendered":"Congregaci\u00f3n"},"content":{"rendered":"<section class=\"region-narrative\">\n<div class=\"region-container\">\n<div class=\"region-text\">\n<h2 class=\"region-heading\">Sobre nosotros<\/h2>\n<p class=\"region-dropcap\">Fundada por el Padre Louis Querbes, la Congregaci\u00f3n religiosa de los Cl\u00e9rigos de San Viator recibi\u00f3 la aprobaci\u00f3n del arzobispo Gaston de Pins (Lyon) en 1831, y luego la del Papa Gregorio XVI en 1838. Hoy, la identidad y el esp\u00edritu de nuestra comunidad est\u00e1n definidos por una Constituci\u00f3n, respaldada por reglamentos generales y particulares.<\/p>\n<p class=\"region-p\" data-reveal>Seg\u00fan el derecho de la Iglesia, somos una congregaci\u00f3n religiosa apost\u00f3lica, clerical y de derecho pontificio. La vida viatoriana se caracteriza por un apostolado activo que puede ejercerse a trav\u00e9s de la Iglesia universal.<\/p>\n<h2 class=\"region-heading\">Identidad y S\u00edmbolos<\/h2>\n<p class=\"region-p\" data-reveal>La Congregaci\u00f3n est\u00e1 representada por un sello dise\u00f1ado seg\u00fan los deseos del Padre Querbes: el monograma \u00abIHS\u00bb coronado por una cruz, rodeado por el lema \u00abSinite parvulos venire ad me\u00bb (Dejad que los ni\u00f1os vengan a m\u00ed) e inscrito en el coraz\u00f3n de una corona de espinas.<\/p>\n<ul>\n<li><strong>Igualdad de los miembros:<\/strong> Ya sean ordenados, instituidos o no, todos los miembros ocupan la misma posici\u00f3n dentro de la Congregaci\u00f3n. Todos profesan los votos de pobreza, castidad y obediencia, trabajando juntos en la misi\u00f3n com\u00fan.<\/li>\n<li><strong>El anillo del viajero<\/strong> Recibido en la profesi\u00f3n perpetua, este anillo es el signo externo de pertenencia a la Congregaci\u00f3n. Simboliza el compromiso definitivo del Cl\u00e9rigo de San Viator y su particular devoci\u00f3n a la Madre de Dios.<\/li>\n<\/ul>\n<h2 class=\"region-heading\">La misi\u00f3n de la Congregaci\u00f3n<\/h2>\n<p class=\"region-p\" data-reveal>Para realizar su vocaci\u00f3n, los Cl\u00e9rigos de San Viator priorizan cinco orientaciones principales:<\/p>\n<ol>\n<li>La Educaci\u00f3n Cristiana.<\/li>\n<li>La creaci\u00f3n y el desarrollo de comunidades cristianas.<\/li>\n<li>La promoci\u00f3n de la calidad de la vida lit\u00fargica.<\/li>\n<li>La prioridad de la juventud.<\/li>\n<li>La preocupaci\u00f3n constante por los m\u00e1s necesitados.<\/li>\n<\/ol>\n<h2 class=\"region-heading\">Vie communautaire viatorienne<\/h2>\n<p class=\"region-p\" data-reveal>Fieles al pensamiento del Padre Querbes, los Viatores cultivan una vida comunitaria marcada por la armon\u00eda mutua basada en la caridad. Esta fraternidad aut\u00e9ntica excluye todo privilegio y se fundamenta en la participaci\u00f3n de cada uno.<\/p>\n<p class=\"region-p\" data-reveal>Los miembros residen generalmente en comunidades locales para fomentar la comuni\u00f3n fraternal. Cada religioso es personalmente responsable de su presencia y de su compromiso, pilares indispensables del dinamismo local.<\/p>\n<h2 class=\"region-heading\">El ejercicio de la autoridad<\/h2>\n<p class=\"region-p\" data-reveal>Dentro de la Congregaci\u00f3n, el servicio pastoral de autoridad se organiza seg\u00fan diferentes niveles:<\/p>\n<ul>\n<li>El Cap\u00edtulo general y la Direcci\u00f3n general.<\/li>\n<li>Las Provincias.<\/li>\n<li>Las Regiones.<\/li>\n<li>Las Comunidades Locales.<\/li>\n<\/ul>\n<p class=\"region-p\" data-reveal>En un esp\u00edritu de corresponsabilidad, cada Cl\u00e9rigo de San Viator colabora con las autoridades establecidas seg\u00fan sus competencias. Este compromiso de todos asegura la unidad y el crecimiento de la Congregaci\u00f3n.<\/p>\n<\/div>\n<\/div>\n<\/section>","protected":false},"excerpt":{"rendered":"<p>\u00c0 propos de nous Fond\u00e9e par le P\u00e8re Louis Querbes, la Congr\u00e9gation religieuse des Clercs de Saint-Viateur a re\u00e7u l\u2019approbation de l\u2019archev\u00eaque Gaston de Pins (Lyon) en 1831, puis celle du pape Gr\u00e9goire XVI en 1838. Aujourd\u2019hui, l\u2019identit\u00e9 et l\u2019esprit de notre communaut\u00e9 sont d\u00e9finis par une Constitution, appuy\u00e9e par des r\u00e8glements g\u00e9n\u00e9raux et particuliers. [&hellip;]<\/p>\n","protected":false},"author":1,"featured_media":307,"parent":0,"menu_order":0,"comment_status":"closed","ping_status":"closed","template":"elementor_header_footer","meta":{"footnotes":""},"class_list":["post-414","page","type-page","status-publish","has-post-thumbnail","hentry"],"yoast_head":"<!-- This site is optimized with the Yoast SEO plugin v27.6 - https:\/\/yoast.com\/product\/yoast-seo-wordpress\/ -->\n<title>La Congr\u00e9gation \u2013 Viatorians International<\/title>\n<meta name=\"description\" content=\"D\u00e9couvrez la Congr\u00e9gation des Clercs de Saint-Viateur, son charisme, sa mission \u00e9ducative et cat\u00e9ch\u00e9tique \u00e0 travers le monde.\" \/>\n<meta name=\"robots\" content=\"index, follow, max-snippet:-1, max-image-preview:large, max-video-preview:-1\" \/>\n<link rel=\"canonical\" href=\"https:\/\/staging.csviator-intl.org\/es\/congregation\/\" \/>\n<meta property=\"og:locale\" content=\"es_ES\" \/>\n<meta property=\"og:type\" content=\"article\" \/>\n<meta property=\"og:title\" content=\"La Congr\u00e9gation \u2013 Viatorians International\" \/>\n<meta property=\"og:description\" content=\"D\u00e9couvrez la Congr\u00e9gation des Clercs de Saint-Viateur, son charisme, sa mission \u00e9ducative et cat\u00e9ch\u00e9tique \u00e0 travers le monde.\" \/>\n<meta property=\"og:url\" content=\"https:\/\/staging.csviator-intl.org\/es\/congregation\/\" \/>\n<meta property=\"og:site_name\" content=\"Viatorians International\" \/>\n<meta property=\"article:modified_time\" content=\"2026-04-25T11:51:54+00:00\" \/>\n<meta property=\"og:image\" content=\"https:\/\/staging.csviator-intl.org\/wp-content\/uploads\/2026\/04\/download-4-1024x439.png\" \/>\n\t<meta property=\"og:image:width\" content=\"1024\" \/>\n\t<meta property=\"og:image:height\" content=\"439\" \/>\n\t<meta property=\"og:image:type\" content=\"image\/png\" \/>\n<meta name=\"twitter:card\" content=\"summary_large_image\" \/>\n<meta name=\"twitter:label1\" content=\"Tiempo de lectura\" \/>\n\t<meta name=\"twitter:data1\" content=\"2 minutos\" \/>\n<script type=\"application\/ld+json\" class=\"yoast-schema-graph\">{\"@context\":\"https:\\\/\\\/schema.org\",\"@graph\":[{\"@type\":\"WebPage\",\"@id\":\"https:\\\/\\\/staging.csviator-intl.org\\\/congregation\\\/\",\"url\":\"https:\\\/\\\/staging.csviator-intl.org\\\/congregation\\\/\",\"name\":\"La Congr\u00e9gation \u2013 Viatorians International\",\"isPartOf\":{\"@id\":\"https:\\\/\\\/staging.csviator-intl.org\\\/#website\"},\"primaryImageOfPage\":{\"@id\":\"https:\\\/\\\/staging.csviator-intl.org\\\/congregation\\\/#primaryimage\"},\"image\":{\"@id\":\"https:\\\/\\\/staging.csviator-intl.org\\\/congregation\\\/#primaryimage\"},\"thumbnailUrl\":\"https:\\\/\\\/staging.csviator-intl.org\\\/wp-content\\\/uploads\\\/2026\\\/04\\\/download-4.png\",\"datePublished\":\"2026-04-13T00:35:00+00:00\",\"dateModified\":\"2026-04-25T11:51:54+00:00\",\"description\":\"D\u00e9couvrez la Congr\u00e9gation des Clercs de Saint-Viateur, son charisme, sa mission \u00e9ducative et cat\u00e9ch\u00e9tique \u00e0 travers le monde.\",\"breadcrumb\":{\"@id\":\"https:\\\/\\\/staging.csviator-intl.org\\\/congregation\\\/#breadcrumb\"},\"inLanguage\":\"es\",\"potentialAction\":[{\"@type\":\"ReadAction\",\"target\":[\"https:\\\/\\\/staging.csviator-intl.org\\\/congregation\\\/\"]}]},{\"@type\":\"ImageObject\",\"inLanguage\":\"es\",\"@id\":\"https:\\\/\\\/staging.csviator-intl.org\\\/congregation\\\/#primaryimage\",\"url\":\"https:\\\/\\\/staging.csviator-intl.org\\\/wp-content\\\/uploads\\\/2026\\\/04\\\/download-4.png\",\"contentUrl\":\"https:\\\/\\\/staging.csviator-intl.org\\\/wp-content\\\/uploads\\\/2026\\\/04\\\/download-4.png\",\"width\":1674,\"height\":717},{\"@type\":\"BreadcrumbList\",\"@id\":\"https:\\\/\\\/staging.csviator-intl.org\\\/congregation\\\/#breadcrumb\",\"itemListElement\":[{\"@type\":\"ListItem\",\"position\":1,\"name\":\"Home\",\"item\":\"https:\\\/\\\/staging.csviator-intl.org\\\/\"},{\"@type\":\"ListItem\",\"position\":2,\"name\":\"Congr\u00e9gation\"}]},{\"@type\":\"WebSite\",\"@id\":\"https:\\\/\\\/staging.csviator-intl.org\\\/#website\",\"url\":\"https:\\\/\\\/staging.csviator-intl.org\\\/\",\"name\":\"Viatorians International\",\"description\":\"Clercs de Saint-Viateur\",\"alternateName\":\"CSV\",\"potentialAction\":[{\"@type\":\"SearchAction\",\"target\":{\"@type\":\"EntryPoint\",\"urlTemplate\":\"https:\\\/\\\/staging.csviator-intl.org\\\/?s={search_term_string}\"},\"query-input\":{\"@type\":\"PropertyValueSpecification\",\"valueRequired\":true,\"valueName\":\"search_term_string\"}}],\"inLanguage\":\"es\"}]}<\/script>\n<!-- \/ Yoast SEO plugin. -->","yoast_head_json":{"title":"La Congr\u00e9gation \u2013 Viatorians International","description":"D\u00e9couvrez la Congr\u00e9gation des Clercs de Saint-Viateur, son charisme, sa mission \u00e9ducative et cat\u00e9ch\u00e9tique \u00e0 travers le monde.","robots":{"index":"index","follow":"follow","max-snippet":"max-snippet:-1","max-image-preview":"max-image-preview:large","max-video-preview":"max-video-preview:-1"},"canonical":"https:\/\/staging.csviator-intl.org\/es\/congregation\/","og_locale":"es_ES","og_type":"article","og_title":"La Congr\u00e9gation \u2013 Viatorians International","og_description":"D\u00e9couvrez la Congr\u00e9gation des Clercs de Saint-Viateur, son charisme, sa mission \u00e9ducative et cat\u00e9ch\u00e9tique \u00e0 travers le monde.","og_url":"https:\/\/staging.csviator-intl.org\/es\/congregation\/","og_site_name":"Viatorians International","article_modified_time":"2026-04-25T11:51:54+00:00","og_image":[{"width":1024,"height":439,"url":"https:\/\/staging.csviator-intl.org\/wp-content\/uploads\/2026\/04\/download-4-1024x439.png","type":"image\/png"}],"twitter_card":"summary_large_image","twitter_misc":{"Tiempo de lectura":"2 minutos"},"schema":{"@context":"https:\/\/schema.org","@graph":[{"@type":"WebPage","@id":"https:\/\/staging.csviator-intl.org\/congregation\/","url":"https:\/\/staging.csviator-intl.org\/congregation\/","name":"La Congr\u00e9gation \u2013 Viatorians International","isPartOf":{"@id":"https:\/\/staging.csviator-intl.org\/#website"},"primaryImageOfPage":{"@id":"https:\/\/staging.csviator-intl.org\/congregation\/#primaryimage"},"image":{"@id":"https:\/\/staging.csviator-intl.org\/congregation\/#primaryimage"},"thumbnailUrl":"https:\/\/staging.csviator-intl.org\/wp-content\/uploads\/2026\/04\/download-4.png","datePublished":"2026-04-13T00:35:00+00:00","dateModified":"2026-04-25T11:51:54+00:00","description":"D\u00e9couvrez la Congr\u00e9gation des Clercs de Saint-Viateur, son charisme, sa mission \u00e9ducative et cat\u00e9ch\u00e9tique \u00e0 travers le monde.","breadcrumb":{"@id":"https:\/\/staging.csviator-intl.org\/congregation\/#breadcrumb"},"inLanguage":"es","potentialAction":[{"@type":"ReadAction","target":["https:\/\/staging.csviator-intl.org\/congregation\/"]}]},{"@type":"ImageObject","inLanguage":"es","@id":"https:\/\/staging.csviator-intl.org\/congregation\/#primaryimage","url":"https:\/\/staging.csviator-intl.org\/wp-content\/uploads\/2026\/04\/download-4.png","contentUrl":"https:\/\/staging.csviator-intl.org\/wp-content\/uploads\/2026\/04\/download-4.png","width":1674,"height":717},{"@type":"BreadcrumbList","@id":"https:\/\/staging.csviator-intl.org\/congregation\/#breadcrumb","itemListElement":[{"@type":"ListItem","position":1,"name":"Home","item":"https:\/\/staging.csviator-intl.org\/"},{"@type":"ListItem","position":2,"name":"Congr\u00e9gation"}]},{"@type":"WebSite","@id":"https:\/\/staging.csviator-intl.org\/#website","url":"https:\/\/staging.csviator-intl.org\/","name":"Viatorians International","description":"Cl\u00e9rigos de San Viator","alternateName":"CSV","potentialAction":[{"@type":"SearchAction","target":{"@type":"EntryPoint","urlTemplate":"https:\/\/staging.csviator-intl.org\/?s={search_term_string}"},"query-input":{"@type":"PropertyValueSpecification","valueRequired":true,"valueName":"search_term_string"}}],"inLanguage":"es"}]}},"_links":{"self":[{"href":"https:\/\/staging.csviator-intl.org\/es\/wp-json\/wp\/v2\/pages\/414","targetHints":{"allow":["GET"]}}],"collection":[{"href":"https:\/\/staging.csviator-intl.org\/es\/wp-json\/wp\/v2\/pages"}],"about":[{"href":"https:\/\/staging.csviator-intl.org\/es\/wp-json\/wp\/v2\/types\/page"}],"author":[{"embeddable":true,"href":"https:\/\/staging.csviator-intl.org\/es\/wp-json\/wp\/v2\/users\/1"}],"replies":[{"embeddable":true,"href":"https:\/\/staging.csviator-intl.org\/es\/wp-json\/wp\/v2\/comments?post=414"}],"version-history":[{"count":3,"href":"https:\/\/staging.csviator-intl.org\/es\/wp-json\/wp\/v2\/pages\/414\/revisions"}],"predecessor-version":[{"id":471,"href":"https:\/\/staging.csviator-intl.org\/es\/wp-json\/wp\/v2\/pages\/414\/revisions\/471"}],"wp:featuredmedia":[{"embeddable":true,"href":"https:\/\/staging.csviator-intl.org\/es\/wp-json\/wp\/v2\/media\/307"}],"wp:attachment":[{"href":"https:\/\/staging.csviator-intl.org\/es\/wp-json\/wp\/v2\/media?parent=414"}],"curies":[{"name":"wp","href":"https:\/\/api.w.org\/{rel}","templated":true}]}}