{"id":32,"date":"2026-03-14T20:38:19","date_gmt":"2026-03-14T20:38:19","guid":{"rendered":"https:\/\/staging.csviator-intl.org\/communaute-viatorienne\/"},"modified":"2026-04-25T11:51:52","modified_gmt":"2026-04-25T11:51:52","slug":"comunidad-de-viator","status":"publish","type":"page","link":"https:\/\/staging.csviator-intl.org\/es\/communaute-viatorienne\/","title":{"rendered":"Comunidad Viatoriana"},"content":{"rendered":"<section class=\"region-narrative\">\n<div class=\"region-container\">\n<div class=\"region-text\">\n<h2 class=\"region-heading\">\u00bfQu\u00e9 es eso?<\/h2>\n<p class=\"region-dropcap\">Casi dos siglos despu\u00e9s de la intuici\u00f3n inicial, el sue\u00f1o del Padre Querbes se ha convertido en una realidad viva: una comunidad unida en torno a dos ramas, una religiosa y otra laica. Este carisma, ahora llevado por la Comunidad viatoriana, constituye un don del Esp\u00edritu Santo reconocido por la Iglesia y ofrecido a hombres y mujeres de todos los tiempos.<\/p>\n<p class=\"region-p\" data-reveal>La Comunidad viatoriana se compone de religiosos y asociados. Estos \u00faltimos forman un grupo diverso: hombres o mujeres, solteros o casados, as\u00ed como di\u00e1conos permanentes o sacerdotes diocesanos. Juntos, nuestras comunidades asumen la misi\u00f3n de proclamar a Jesucristo y su Evangelio, acompa\u00f1ar a los j\u00f3venes y a los adultos en su vida cristiana y celebrar la fe. Ofrecemos una formaci\u00f3n integral \u2014humana, intelectual y espiritual\u2014 al mismo tiempo que animamos comunidades de fe din\u00e1micas.<\/p>\n<p class=\"region-p\" data-reveal>\u00ab Vayan a anunciar el Evangelio hasta los confines de la tierra \u00bb<\/p>\n<p class=\"region-p\" data-reveal>Partiendo de Vourles en Francia, nuestro lugar de fundaci\u00f3n, hoy estamos presentes en diecis\u00e9is pa\u00edses distribuidos en Europa, Am\u00e9rica, \u00c1frica y el Lejano Oriente. Esta diversidad \u00e9tnica, cultural y social representa una de nuestras mayores riquezas. Ante el doble desaf\u00edo de la diversidad y el individualismo, hemos elegido responder con la comuni\u00f3n fraterna.<\/p>\n<h2 class=\"region-heading\">Catequistas y evangelizadores en el entorno escolar<\/h2>\n<p class=\"region-p\" data-reveal>En nuestra calidad de educadores de la fe, trabajamos en escuelas primarias, secundarias e instituciones universitarias. Nuestra ambici\u00f3n es integrar los valores cristianos en el coraz\u00f3n de la realidad cultural contempor\u00e1nea. En cada pa\u00eds de compromiso, privilegiamos el di\u00e1logo con las culturas y la solidaridad con los pueblos. Dentro de nuestros establecimientos, alumnos, padres, docentes y personal forman una sola y gran familia.<\/p>\n<h2 class=\"region-heading\">Catequistas y evangelizadores en la Iglesia local<\/h2>\n<p class=\"region-p\" data-reveal>El Padre Querbes anticip\u00f3 la importancia crucial de formar catequistas y liturgistas dentro de las parroquias. Por eso cumplimos nuestra misi\u00f3n en estrecha comuni\u00f3n con las Iglesias locales. Colaboramos en la profundizaci\u00f3n y celebraci\u00f3n de la fe en un esp\u00edritu de armon\u00eda, fomentando un di\u00e1logo constante con obispos y pastores.<\/p>\n<h2 class=\"region-heading\">Entre los marginados<\/h2>\n<p class=\"region-p\" data-reveal>El Padre Querbes prestaba especial atenci\u00f3n a los ni\u00f1os y a los pobres privados de acceso a la educaci\u00f3n, especialmente la cristiana. Fieles a esta preocupaci\u00f3n, nos dedicamos prioritariamente a los olvidados de nuestra \u00e9poca. Actuamos de forma concreta por la paz, la justicia social y la solidaridad internacional mediante un apoyo material, humano y espiritual.<\/p>\n<h2 class=\"region-heading\">Rese\u00f1a hist\u00f3rica<\/h2>\n<p class=\"region-p\" data-reveal>Redescubriendo una \u00abidea querida por el Padre Louis Querbes\u00bb, el Cap\u00edtulo General de 1978 revitaliz\u00f3 el proyecto de los \u00abcatequistas laicos\u00bb que el fundador no hab\u00eda podido concretar debido a las contingencias hist\u00f3ricas. A partir de entonces, la Congregaci\u00f3n se abri\u00f3 a la asociaci\u00f3n de personas que, sin pronunciar votos religiosos, se comprometen a compartir su misi\u00f3n, su espiritualidad y su vida comunitaria.<\/p>\n<p class=\"region-p\" data-reveal>El Cap\u00edtulo General de 1994 dio un paso m\u00e1s al iniciar la experiencia de la \u00abComunidad Viatoriana\u00bb. Este Cap\u00edtulo declar\u00f3 que los religiosos y asociados son ahora \u00abherederos leg\u00edtimos del carisma del Fundador y coresponsables de su desarrollo\u00bb.<\/p>\n<p class=\"region-p\" data-reveal>En julio de 2006, la primera Asamblea General Internacional elabor\u00f3 el Estatuto de la Comunidad Viatoriana. En febrero de 2011, la segunda Asamblea en Bogot\u00e1 revis\u00f3 el Estatuto. La tercera Asamblea en Guadarrama (2016) recomend\u00f3 el reconocimiento oficial en la Constituci\u00f3n. En 2018, el trig\u00e9simo Cap\u00edtulo General propuso una modificaci\u00f3n del art\u00edculo 5 de la Constituci\u00f3n.<\/p>\n<p class=\"region-p\" data-reveal>Del 18 al 25 de octubre de 2025, la Cuarta Asamblea General se celebr\u00f3 en Valpr\u00e9, Francia. La asamblea lanz\u00f3 un llamado prof\u00e9tico invitando a todos los Viatorianos a arraigarse en la Palabra de Dios para enfrentar los desaf\u00edos contempor\u00e1neos. Tras m\u00e1s de 20 a\u00f1os de camino, la experiencia de la Comunidad Viatoriana sigue floreciendo en este esp\u00edritu de apertura.<\/p>\n<\/div>\n<\/div>\n<\/section>","protected":false},"excerpt":{"rendered":"<p>Qu&rsquo;est-ce que c&rsquo;est ? Pr\u00e8s de deux si\u00e8cles apr\u00e8s l&rsquo;intuition initiale, le r\u00eave du P\u00e8re Querbes est devenu une r\u00e9alit\u00e9 vivante : une communaut\u00e9 unie autour de deux branches, l&rsquo;une religieuse et l&rsquo;autre la\u00efque. Ce charisme, d\u00e9sormais port\u00e9 par la Communaut\u00e9 viatorienne, constitue un don de l&rsquo;Esprit Saint reconnu par l&rsquo;\u00c9glise et offert aux hommes [&hellip;]<\/p>\n","protected":false},"author":1,"featured_media":307,"parent":0,"menu_order":0,"comment_status":"closed","ping_status":"closed","template":"elementor_header_footer","meta":{"footnotes":""},"class_list":["post-32","page","type-page","status-publish","has-post-thumbnail","hentry"],"yoast_head":"<!-- This site is optimized with the Yoast SEO plugin v27.6 - https:\/\/yoast.com\/product\/yoast-seo-wordpress\/ -->\n<title>Communaut\u00e9 viatorienne \u2013 Viatorians International<\/title>\n<meta name=\"description\" content=\"La communaut\u00e9 viatorienne : religieux, associ\u00e9s et la\u00efcs engag\u00e9s dans la mission \u00e9ducative et cat\u00e9ch\u00e9tique.\" \/>\n<meta name=\"robots\" content=\"index, follow, max-snippet:-1, max-image-preview:large, max-video-preview:-1\" \/>\n<link rel=\"canonical\" href=\"https:\/\/staging.csviator-intl.org\/es\/comunidad-de-viator\/\" \/>\n<meta property=\"og:locale\" content=\"es_ES\" \/>\n<meta property=\"og:type\" content=\"article\" \/>\n<meta property=\"og:title\" content=\"Communaut\u00e9 viatorienne \u2013 Viatorians International\" \/>\n<meta property=\"og:description\" content=\"La communaut\u00e9 viatorienne : religieux, associ\u00e9s et la\u00efcs engag\u00e9s dans la mission \u00e9ducative et cat\u00e9ch\u00e9tique.\" \/>\n<meta property=\"og:url\" content=\"https:\/\/staging.csviator-intl.org\/es\/comunidad-de-viator\/\" \/>\n<meta property=\"og:site_name\" content=\"Viatorians International\" \/>\n<meta property=\"article:modified_time\" content=\"2026-04-25T11:51:52+00:00\" \/>\n<meta property=\"og:image\" content=\"https:\/\/staging.csviator-intl.org\/wp-content\/uploads\/2026\/04\/download-4-1024x439.png\" \/>\n\t<meta property=\"og:image:width\" content=\"1024\" \/>\n\t<meta property=\"og:image:height\" content=\"439\" \/>\n\t<meta property=\"og:image:type\" content=\"image\/png\" \/>\n<meta name=\"twitter:card\" content=\"summary_large_image\" \/>\n<meta name=\"twitter:label1\" content=\"Tiempo de lectura\" \/>\n\t<meta name=\"twitter:data1\" content=\"3 minutos\" \/>\n<script type=\"application\/ld+json\" class=\"yoast-schema-graph\">{\"@context\":\"https:\\\/\\\/schema.org\",\"@graph\":[{\"@type\":\"WebPage\",\"@id\":\"https:\\\/\\\/staging.csviator-intl.org\\\/communaute-viatorienne\\\/\",\"url\":\"https:\\\/\\\/staging.csviator-intl.org\\\/communaute-viatorienne\\\/\",\"name\":\"Communaut\u00e9 viatorienne \u2013 Viatorians International\",\"isPartOf\":{\"@id\":\"https:\\\/\\\/staging.csviator-intl.org\\\/#website\"},\"primaryImageOfPage\":{\"@id\":\"https:\\\/\\\/staging.csviator-intl.org\\\/communaute-viatorienne\\\/#primaryimage\"},\"image\":{\"@id\":\"https:\\\/\\\/staging.csviator-intl.org\\\/communaute-viatorienne\\\/#primaryimage\"},\"thumbnailUrl\":\"https:\\\/\\\/staging.csviator-intl.org\\\/wp-content\\\/uploads\\\/2026\\\/04\\\/download-4.png\",\"datePublished\":\"2026-03-14T20:38:19+00:00\",\"dateModified\":\"2026-04-25T11:51:52+00:00\",\"description\":\"La communaut\u00e9 viatorienne : religieux, associ\u00e9s et la\u00efcs engag\u00e9s dans la mission \u00e9ducative et cat\u00e9ch\u00e9tique.\",\"breadcrumb\":{\"@id\":\"https:\\\/\\\/staging.csviator-intl.org\\\/communaute-viatorienne\\\/#breadcrumb\"},\"inLanguage\":\"es\",\"potentialAction\":[{\"@type\":\"ReadAction\",\"target\":[\"https:\\\/\\\/staging.csviator-intl.org\\\/communaute-viatorienne\\\/\"]}]},{\"@type\":\"ImageObject\",\"inLanguage\":\"es\",\"@id\":\"https:\\\/\\\/staging.csviator-intl.org\\\/communaute-viatorienne\\\/#primaryimage\",\"url\":\"https:\\\/\\\/staging.csviator-intl.org\\\/wp-content\\\/uploads\\\/2026\\\/04\\\/download-4.png\",\"contentUrl\":\"https:\\\/\\\/staging.csviator-intl.org\\\/wp-content\\\/uploads\\\/2026\\\/04\\\/download-4.png\",\"width\":1674,\"height\":717},{\"@type\":\"BreadcrumbList\",\"@id\":\"https:\\\/\\\/staging.csviator-intl.org\\\/communaute-viatorienne\\\/#breadcrumb\",\"itemListElement\":[{\"@type\":\"ListItem\",\"position\":1,\"name\":\"Home\",\"item\":\"https:\\\/\\\/staging.csviator-intl.org\\\/\"},{\"@type\":\"ListItem\",\"position\":2,\"name\":\"Communaut\u00e9 viatorienne\"}]},{\"@type\":\"WebSite\",\"@id\":\"https:\\\/\\\/staging.csviator-intl.org\\\/#website\",\"url\":\"https:\\\/\\\/staging.csviator-intl.org\\\/\",\"name\":\"Viatorians International\",\"description\":\"Clercs de Saint-Viateur\",\"alternateName\":\"CSV\",\"potentialAction\":[{\"@type\":\"SearchAction\",\"target\":{\"@type\":\"EntryPoint\",\"urlTemplate\":\"https:\\\/\\\/staging.csviator-intl.org\\\/?s={search_term_string}\"},\"query-input\":{\"@type\":\"PropertyValueSpecification\",\"valueRequired\":true,\"valueName\":\"search_term_string\"}}],\"inLanguage\":\"es\"}]}<\/script>\n<!-- \/ Yoast SEO plugin. -->","yoast_head_json":{"title":"Comunidad Viatoriana \u2013 Viatorianos Internacional","description":"La comunidad vialtoriana: religiosos, asociados y laicos comprometidos en la misi\u00f3n educativa y catequ\u00e9tica.","robots":{"index":"index","follow":"follow","max-snippet":"max-snippet:-1","max-image-preview":"max-image-preview:large","max-video-preview":"max-video-preview:-1"},"canonical":"https:\/\/staging.csviator-intl.org\/es\/comunidad-de-viator\/","og_locale":"es_ES","og_type":"article","og_title":"Communaut\u00e9 viatorienne \u2013 Viatorians International","og_description":"La communaut\u00e9 viatorienne : religieux, associ\u00e9s et la\u00efcs engag\u00e9s dans la mission \u00e9ducative et cat\u00e9ch\u00e9tique.","og_url":"https:\/\/staging.csviator-intl.org\/es\/comunidad-de-viator\/","og_site_name":"Viatorians International","article_modified_time":"2026-04-25T11:51:52+00:00","og_image":[{"width":1024,"height":439,"url":"https:\/\/staging.csviator-intl.org\/wp-content\/uploads\/2026\/04\/download-4-1024x439.png","type":"image\/png"}],"twitter_card":"summary_large_image","twitter_misc":{"Tiempo de lectura":"3 minutos"},"schema":{"@context":"https:\/\/schema.org","@graph":[{"@type":"WebPage","@id":"https:\/\/staging.csviator-intl.org\/communaute-viatorienne\/","url":"https:\/\/staging.csviator-intl.org\/communaute-viatorienne\/","name":"Comunidad Viatoriana \u2013 Viatorianos Internacional","isPartOf":{"@id":"https:\/\/staging.csviator-intl.org\/#website"},"primaryImageOfPage":{"@id":"https:\/\/staging.csviator-intl.org\/communaute-viatorienne\/#primaryimage"},"image":{"@id":"https:\/\/staging.csviator-intl.org\/communaute-viatorienne\/#primaryimage"},"thumbnailUrl":"https:\/\/staging.csviator-intl.org\/wp-content\/uploads\/2026\/04\/download-4.png","datePublished":"2026-03-14T20:38:19+00:00","dateModified":"2026-04-25T11:51:52+00:00","description":"La comunidad vialtoriana: religiosos, asociados y laicos comprometidos en la misi\u00f3n educativa y catequ\u00e9tica.","breadcrumb":{"@id":"https:\/\/staging.csviator-intl.org\/communaute-viatorienne\/#breadcrumb"},"inLanguage":"es","potentialAction":[{"@type":"ReadAction","target":["https:\/\/staging.csviator-intl.org\/communaute-viatorienne\/"]}]},{"@type":"ImageObject","inLanguage":"es","@id":"https:\/\/staging.csviator-intl.org\/communaute-viatorienne\/#primaryimage","url":"https:\/\/staging.csviator-intl.org\/wp-content\/uploads\/2026\/04\/download-4.png","contentUrl":"https:\/\/staging.csviator-intl.org\/wp-content\/uploads\/2026\/04\/download-4.png","width":1674,"height":717},{"@type":"BreadcrumbList","@id":"https:\/\/staging.csviator-intl.org\/communaute-viatorienne\/#breadcrumb","itemListElement":[{"@type":"ListItem","position":1,"name":"Home","item":"https:\/\/staging.csviator-intl.org\/"},{"@type":"ListItem","position":2,"name":"Communaut\u00e9 viatorienne"}]},{"@type":"WebSite","@id":"https:\/\/staging.csviator-intl.org\/#website","url":"https:\/\/staging.csviator-intl.org\/","name":"Viatorians International","description":"Cl\u00e9rigos de San Viator","alternateName":"CSV","potentialAction":[{"@type":"SearchAction","target":{"@type":"EntryPoint","urlTemplate":"https:\/\/staging.csviator-intl.org\/?s={search_term_string}"},"query-input":{"@type":"PropertyValueSpecification","valueRequired":true,"valueName":"search_term_string"}}],"inLanguage":"es"}]}},"_links":{"self":[{"href":"https:\/\/staging.csviator-intl.org\/es\/wp-json\/wp\/v2\/pages\/32","targetHints":{"allow":["GET"]}}],"collection":[{"href":"https:\/\/staging.csviator-intl.org\/es\/wp-json\/wp\/v2\/pages"}],"about":[{"href":"https:\/\/staging.csviator-intl.org\/es\/wp-json\/wp\/v2\/types\/page"}],"author":[{"embeddable":true,"href":"https:\/\/staging.csviator-intl.org\/es\/wp-json\/wp\/v2\/users\/1"}],"replies":[{"embeddable":true,"href":"https:\/\/staging.csviator-intl.org\/es\/wp-json\/wp\/v2\/comments?post=32"}],"version-history":[{"count":5,"href":"https:\/\/staging.csviator-intl.org\/es\/wp-json\/wp\/v2\/pages\/32\/revisions"}],"predecessor-version":[{"id":478,"href":"https:\/\/staging.csviator-intl.org\/es\/wp-json\/wp\/v2\/pages\/32\/revisions\/478"}],"wp:featuredmedia":[{"embeddable":true,"href":"https:\/\/staging.csviator-intl.org\/es\/wp-json\/wp\/v2\/media\/307"}],"wp:attachment":[{"href":"https:\/\/staging.csviator-intl.org\/es\/wp-json\/wp\/v2\/media?parent=32"}],"curies":[{"name":"wp","href":"https:\/\/api.w.org\/{rel}","templated":true}]}}