{"id":31,"date":"2026-03-14T20:38:02","date_gmt":"2026-03-14T20:38:02","guid":{"rendered":"https:\/\/staging.csviator-intl.org\/perou\/"},"modified":"2026-04-25T11:51:51","modified_gmt":"2026-04-25T11:51:51","slug":"perou","status":"publish","type":"page","link":"https:\/\/staging.csviator-intl.org\/es\/perou\/","title":{"rendered":"Per\u00fa"},"content":{"rendered":"<section class=\"region-narrative\">\n<div class=\"region-container\">\n<div class=\"region-text\">\n<p class=\"region-dropcap\">La misi\u00f3n viatoriana en Per\u00fa cuenta actualmente con un religioso y once asociados. Desde la creaci\u00f3n de esta misi\u00f3n en 1960, muchos viatores se han dedicado a la causa de los m\u00e1s desfavorecidos en el pa\u00eds de los incas. Hoy en d\u00eda, esta comunidad mantiene el rumbo en un contexto de gran fragilidad. Lo hace en dos polos: Collique (Lima) y Cutervo.<\/p>\n<p class=\"region-p\" data-reveal>Collique, Lima<\/p>\n<p class=\"region-p\" data-reveal>Centre d\u2019\u00c9ducommunication Saint-Viateur (Centro de Educomunicaci\u00f3n)<\/p>\n<p class=\"region-p\" data-reveal>Ludoteca: promover y fortalecer el desarrollo integral de los ni\u00f1os de la escuela p\u00fablica de nivel primario; ;<\/p>\n<p class=\"region-p\" data-reveal>Educaci\u00f3n b\u00e1sica alternativa: acompa\u00f1ar a adolescentes que abandonaron la escuela, especialmente ni\u00f1os, ni\u00f1as y j\u00f3venes trabajadores, para que contin\u00faen sus estudios.<\/p>\n<p class=\"region-p\" data-reveal>Formaci\u00f3n en educaci\u00f3n para el empleo: formaci\u00f3n t\u00e9cnica que se ofrece a j\u00f3venes que han terminado sus estudios secundarios, con el objetivo de encontrar un empleo. Para las adolescentes y j\u00f3venes mujeres, talleres de formaci\u00f3n en panader\u00eda y nutrici\u00f3n.<\/p>\n<p class=\"region-p\" data-reveal>Los asociados de la regi\u00f3n de Lima contribuyen a la misi\u00f3n en parroquias, en el CESAVI, en el acompa\u00f1amiento de j\u00f3venes.<\/p>\n<p class=\"region-p\" data-reveal>Este establecimiento forma parte de las 80 escuelas de la federaci\u00f3n Fe y Alegr\u00eda, una organizaci\u00f3n de educaci\u00f3n popular promovida por la Compa\u00f1\u00eda de Jes\u00fas (Jesuitas). Estas escuelas son de gesti\u00f3n privada, pero forman parte del sistema p\u00fablico en virtud de un convenio firmado entre el Estado peruano y la Federaci\u00f3n Fe y Alegr\u00eda, Educaci\u00f3n Popular.<\/p>\n<\/div>\n<\/div>\n<\/section>\n<section class=\"region-gallery-section\">\n<div class=\"region-container\">\n<h2 class=\"region-section-title\"><i class=\"fas fa-images\"><\/i> Galer\u00eda <span class=\"accent\">Fotos<\/span><\/h2>\n<div class=\"csv-gallery\">\n<div class=\"csv-gallery-item\"><img decoding=\"async\" src=\"https:\/\/staging.csviator-intl.org\/wp-content\/uploads\/2026\/04\/perou-photo1-1.jpeg\" alt=\"\" loading=\"lazy\"><\/div>\n<div class=\"csv-gallery-item\"><img decoding=\"async\" src=\"https:\/\/staging.csviator-intl.org\/wp-content\/uploads\/2026\/04\/perou-photo2-1.jpeg\" alt=\"\" loading=\"lazy\"><\/div>\n<div class=\"csv-gallery-item\"><img decoding=\"async\" src=\"https:\/\/staging.csviator-intl.org\/wp-content\/uploads\/2026\/04\/perou-photo3-1.jpeg\" alt=\"\" loading=\"lazy\"><\/div>\n<div class=\"csv-gallery-item\"><img decoding=\"async\" src=\"https:\/\/staging.csviator-intl.org\/wp-content\/uploads\/2026\/04\/perou-photo4-1.png\" alt=\"\" loading=\"lazy\"><\/div>\n<div class=\"csv-gallery-item\"><img decoding=\"async\" src=\"https:\/\/staging.csviator-intl.org\/wp-content\/uploads\/2026\/04\/perou-photo5-1.jpeg\" alt=\"\" loading=\"lazy\"><\/div>\n<\/div>\n<\/div>\n<\/section>","protected":false},"excerpt":{"rendered":"<p>La mission viatorienne au P\u00e9rou compte actuellement un religieux et onze associ\u00e9s. Depuis la cr\u00e9ation de cette mission en 1960, beaucoup de Viateurs se sont d\u00e9vou\u00e9s \u00e0 la cause des plus d\u00e9munis dans le pays des Incas. Aujourd\u2019hui, cette communaut\u00e9 maintient encore le cap dans un contexte de grande fragilit\u00e9. Elle le fait en deux [&hellip;]<\/p>\n","protected":false},"author":1,"featured_media":232,"parent":0,"menu_order":0,"comment_status":"closed","ping_status":"closed","template":"elementor_header_footer","meta":{"footnotes":""},"class_list":["post-31","page","type-page","status-publish","has-post-thumbnail","hentry"],"yoast_head":"<!-- This site is optimized with the Yoast SEO plugin v27.6 - https:\/\/yoast.com\/product\/yoast-seo-wordpress\/ -->\n<title>P\u00e9rou \u2013 Viatorians International<\/title>\n<meta name=\"description\" content=\"Les Clercs de Saint-Viateur au P\u00e9rou. Mission \u00e9ducative et pastorale en Am\u00e9rique du Sud.\" \/>\n<meta name=\"robots\" content=\"index, follow, max-snippet:-1, max-image-preview:large, max-video-preview:-1\" \/>\n<link rel=\"canonical\" href=\"https:\/\/staging.csviator-intl.org\/es\/perou\/\" \/>\n<meta property=\"og:locale\" content=\"es_ES\" \/>\n<meta property=\"og:type\" content=\"article\" \/>\n<meta property=\"og:title\" content=\"P\u00e9rou \u2013 Viatorians International\" \/>\n<meta property=\"og:description\" content=\"Les Clercs de Saint-Viateur au P\u00e9rou. Mission \u00e9ducative et pastorale en Am\u00e9rique du Sud.\" \/>\n<meta property=\"og:url\" content=\"https:\/\/staging.csviator-intl.org\/es\/perou\/\" \/>\n<meta property=\"og:site_name\" content=\"Viatorians International\" \/>\n<meta property=\"article:modified_time\" content=\"2026-04-25T11:51:51+00:00\" \/>\n<meta property=\"og:image\" content=\"https:\/\/staging.csviator-intl.org\/wp-content\/uploads\/2026\/04\/perou-photo1-1.jpeg\" \/>\n\t<meta property=\"og:image:width\" content=\"1438\" \/>\n\t<meta property=\"og:image:height\" content=\"1078\" \/>\n\t<meta property=\"og:image:type\" content=\"image\/jpeg\" \/>\n<meta name=\"twitter:card\" content=\"summary_large_image\" \/>\n<meta name=\"twitter:label1\" content=\"Tiempo de lectura\" \/>\n\t<meta name=\"twitter:data1\" content=\"1 minuto\" \/>\n<script type=\"application\/ld+json\" class=\"yoast-schema-graph\">{\"@context\":\"https:\\\/\\\/schema.org\",\"@graph\":[{\"@type\":\"WebPage\",\"@id\":\"https:\\\/\\\/staging.csviator-intl.org\\\/perou\\\/\",\"url\":\"https:\\\/\\\/staging.csviator-intl.org\\\/perou\\\/\",\"name\":\"P\u00e9rou \u2013 Viatorians International\",\"isPartOf\":{\"@id\":\"https:\\\/\\\/staging.csviator-intl.org\\\/#website\"},\"primaryImageOfPage\":{\"@id\":\"https:\\\/\\\/staging.csviator-intl.org\\\/perou\\\/#primaryimage\"},\"image\":{\"@id\":\"https:\\\/\\\/staging.csviator-intl.org\\\/perou\\\/#primaryimage\"},\"thumbnailUrl\":\"https:\\\/\\\/staging.csviator-intl.org\\\/wp-content\\\/uploads\\\/2026\\\/04\\\/perou-photo1-1.jpeg\",\"datePublished\":\"2026-03-14T20:38:02+00:00\",\"dateModified\":\"2026-04-25T11:51:51+00:00\",\"description\":\"Les Clercs de Saint-Viateur au P\u00e9rou. Mission \u00e9ducative et pastorale en Am\u00e9rique du Sud.\",\"breadcrumb\":{\"@id\":\"https:\\\/\\\/staging.csviator-intl.org\\\/perou\\\/#breadcrumb\"},\"inLanguage\":\"es\",\"potentialAction\":[{\"@type\":\"ReadAction\",\"target\":[\"https:\\\/\\\/staging.csviator-intl.org\\\/perou\\\/\"]}]},{\"@type\":\"ImageObject\",\"inLanguage\":\"es\",\"@id\":\"https:\\\/\\\/staging.csviator-intl.org\\\/perou\\\/#primaryimage\",\"url\":\"https:\\\/\\\/staging.csviator-intl.org\\\/wp-content\\\/uploads\\\/2026\\\/04\\\/perou-photo1-1.jpeg\",\"contentUrl\":\"https:\\\/\\\/staging.csviator-intl.org\\\/wp-content\\\/uploads\\\/2026\\\/04\\\/perou-photo1-1.jpeg\",\"width\":1438,\"height\":1078},{\"@type\":\"BreadcrumbList\",\"@id\":\"https:\\\/\\\/staging.csviator-intl.org\\\/perou\\\/#breadcrumb\",\"itemListElement\":[{\"@type\":\"ListItem\",\"position\":1,\"name\":\"Home\",\"item\":\"https:\\\/\\\/staging.csviator-intl.org\\\/\"},{\"@type\":\"ListItem\",\"position\":2,\"name\":\"P\u00e9rou\"}]},{\"@type\":\"WebSite\",\"@id\":\"https:\\\/\\\/staging.csviator-intl.org\\\/#website\",\"url\":\"https:\\\/\\\/staging.csviator-intl.org\\\/\",\"name\":\"Viatorians International\",\"description\":\"Clercs de Saint-Viateur\",\"alternateName\":\"CSV\",\"potentialAction\":[{\"@type\":\"SearchAction\",\"target\":{\"@type\":\"EntryPoint\",\"urlTemplate\":\"https:\\\/\\\/staging.csviator-intl.org\\\/?s={search_term_string}\"},\"query-input\":{\"@type\":\"PropertyValueSpecification\",\"valueRequired\":true,\"valueName\":\"search_term_string\"}}],\"inLanguage\":\"es\"}]}<\/script>\n<!-- \/ Yoast SEO plugin. -->","yoast_head_json":{"title":"P\u00e9rou \u2013 Viatorians International","description":"Les Clercs de Saint-Viateur au P\u00e9rou. Mission \u00e9ducative et pastorale en Am\u00e9rique du Sud.","robots":{"index":"index","follow":"follow","max-snippet":"max-snippet:-1","max-image-preview":"max-image-preview:large","max-video-preview":"max-video-preview:-1"},"canonical":"https:\/\/staging.csviator-intl.org\/es\/perou\/","og_locale":"es_ES","og_type":"article","og_title":"P\u00e9rou \u2013 Viatorians International","og_description":"Les Clercs de Saint-Viateur au P\u00e9rou. Mission \u00e9ducative et pastorale en Am\u00e9rique du Sud.","og_url":"https:\/\/staging.csviator-intl.org\/es\/perou\/","og_site_name":"Viatorians International","article_modified_time":"2026-04-25T11:51:51+00:00","og_image":[{"width":1438,"height":1078,"url":"https:\/\/staging.csviator-intl.org\/wp-content\/uploads\/2026\/04\/perou-photo1-1.jpeg","type":"image\/jpeg"}],"twitter_card":"summary_large_image","twitter_misc":{"Tiempo de lectura":"1 minuto"},"schema":{"@context":"https:\/\/schema.org","@graph":[{"@type":"WebPage","@id":"https:\/\/staging.csviator-intl.org\/perou\/","url":"https:\/\/staging.csviator-intl.org\/perou\/","name":"P\u00e9rou \u2013 Viatorians International","isPartOf":{"@id":"https:\/\/staging.csviator-intl.org\/#website"},"primaryImageOfPage":{"@id":"https:\/\/staging.csviator-intl.org\/perou\/#primaryimage"},"image":{"@id":"https:\/\/staging.csviator-intl.org\/perou\/#primaryimage"},"thumbnailUrl":"https:\/\/staging.csviator-intl.org\/wp-content\/uploads\/2026\/04\/perou-photo1-1.jpeg","datePublished":"2026-03-14T20:38:02+00:00","dateModified":"2026-04-25T11:51:51+00:00","description":"Les Clercs de Saint-Viateur au P\u00e9rou. Mission \u00e9ducative et pastorale en Am\u00e9rique du Sud.","breadcrumb":{"@id":"https:\/\/staging.csviator-intl.org\/perou\/#breadcrumb"},"inLanguage":"es","potentialAction":[{"@type":"ReadAction","target":["https:\/\/staging.csviator-intl.org\/perou\/"]}]},{"@type":"ImageObject","inLanguage":"es","@id":"https:\/\/staging.csviator-intl.org\/perou\/#primaryimage","url":"https:\/\/staging.csviator-intl.org\/wp-content\/uploads\/2026\/04\/perou-photo1-1.jpeg","contentUrl":"https:\/\/staging.csviator-intl.org\/wp-content\/uploads\/2026\/04\/perou-photo1-1.jpeg","width":1438,"height":1078},{"@type":"BreadcrumbList","@id":"https:\/\/staging.csviator-intl.org\/perou\/#breadcrumb","itemListElement":[{"@type":"ListItem","position":1,"name":"Home","item":"https:\/\/staging.csviator-intl.org\/"},{"@type":"ListItem","position":2,"name":"P\u00e9rou"}]},{"@type":"WebSite","@id":"https:\/\/staging.csviator-intl.org\/#website","url":"https:\/\/staging.csviator-intl.org\/","name":"Viatorians International","description":"Cl\u00e9rigos de San Viator","alternateName":"CSV","potentialAction":[{"@type":"SearchAction","target":{"@type":"EntryPoint","urlTemplate":"https:\/\/staging.csviator-intl.org\/?s={search_term_string}"},"query-input":{"@type":"PropertyValueSpecification","valueRequired":true,"valueName":"search_term_string"}}],"inLanguage":"es"}]}},"_links":{"self":[{"href":"https:\/\/staging.csviator-intl.org\/es\/wp-json\/wp\/v2\/pages\/31","targetHints":{"allow":["GET"]}}],"collection":[{"href":"https:\/\/staging.csviator-intl.org\/es\/wp-json\/wp\/v2\/pages"}],"about":[{"href":"https:\/\/staging.csviator-intl.org\/es\/wp-json\/wp\/v2\/types\/page"}],"author":[{"embeddable":true,"href":"https:\/\/staging.csviator-intl.org\/es\/wp-json\/wp\/v2\/users\/1"}],"replies":[{"embeddable":true,"href":"https:\/\/staging.csviator-intl.org\/es\/wp-json\/wp\/v2\/comments?post=31"}],"version-history":[{"count":11,"href":"https:\/\/staging.csviator-intl.org\/es\/wp-json\/wp\/v2\/pages\/31\/revisions"}],"predecessor-version":[{"id":386,"href":"https:\/\/staging.csviator-intl.org\/es\/wp-json\/wp\/v2\/pages\/31\/revisions\/386"}],"wp:featuredmedia":[{"embeddable":true,"href":"https:\/\/staging.csviator-intl.org\/es\/wp-json\/wp\/v2\/media\/232"}],"wp:attachment":[{"href":"https:\/\/staging.csviator-intl.org\/es\/wp-json\/wp\/v2\/media?parent=31"}],"curies":[{"name":"wp","href":"https:\/\/api.w.org\/{rel}","templated":true}]}}