{"id":29,"date":"2026-03-14T20:37:16","date_gmt":"2026-03-14T20:37:16","guid":{"rendered":"https:\/\/staging.csviator-intl.org\/honduras\/"},"modified":"2026-04-25T11:51:52","modified_gmt":"2026-04-25T11:51:52","slug":"honduras","status":"publish","type":"page","link":"https:\/\/staging.csviator-intl.org\/es\/honduras\/","title":{"rendered":"Honduras"},"content":{"rendered":"<section class=\"region-narrative\">\n<div class=\"region-container\">\n<div class=\"region-text\">\n<p class=\"region-dropcap\">Presencia de la Comunidad Viatoriana en Jutiapa, Atl\u00e1ntida, Honduras, C.A.<\/p>\n<p class=\"region-p\" data-reveal>Los Viatorianos llegaron a Jutiapa, Honduras, el 10 de enero de 1998. En ese entonces, el obispo de la di\u00f3cesis de San Pedro Sula, Mons. \u00c1ngel Garachana, nos abri\u00f3 sus puertas de par en par, y nos hicimos cargo de la Parroquia Nuestra Se\u00f1ora del Tr\u00e1nsito. Esta misi\u00f3n abarca todo el municipio de Jutiapa, con sus m\u00e1s de 80 aldeas, caser\u00edos y comunidades en la costa norte caribe\u00f1a de Honduras, adonde la Providencia de Dios nos ha guiado.<\/p>\n<p class=\"region-p\" data-reveal>El equipo fundador, enviado por la Provincia de Espa\u00f1a para abrir camino a esta preciosa misi\u00f3n viatoriana en Centroam\u00e9rica, lo conformaron el P. Jos\u00e9 Ram\u00f3n Zudaire (\u2020 22 de noviembre de 2007), el Hno. Arturo Lobo y el joven religioso V\u00edctor C\u00e1mara.<\/p>\n<p class=\"region-p\" data-reveal>Hitos y Experiencia de Nuestro Camino<\/p>\n<p class=\"region-p\" data-reveal>Divers eventos y compromisos han marcado el recorrido de nuestra comunidad en Jutiapa, haci\u00e9ndola una presencia significativa y prof\u00e9tica, semilla del Reino de Dios con una fuerte identidad vialtoriana:<\/p>\n<p class=\"region-p\" data-reveal>El impacto del hurac\u00e1n Mitch en octubre de 1998.<\/p>\n<p class=\"region-p\" data-reveal>La creaci\u00f3n de SERSO Honduras el 28 de noviembre de 1998, apenas un mes despu\u00e9s, para trabajar en proyectos sociales.<\/p>\n<p class=\"region-p\" data-reveal>El programa de voluntariado puesto en marcha en 2001 para aquellos que desean vivir una experiencia de misi\u00f3n y solidaridad junto a la comunidad.<\/p>\n<p class=\"region-p\" data-reveal>La preocupaci\u00f3n constante, desde el origen, por la educaci\u00f3n de los ni\u00f1os y j\u00f3venes de nuestro entorno.<\/p>\n<p class=\"region-p\" data-reveal>La formaci\u00f3n y el acompa\u00f1amiento de los laicos comprometidos en nuestras comunidades locales: Delegados de la Palabra, catequistas y j\u00f3venes.<\/p>\n<p class=\"region-p\" data-reveal>La invitaci\u00f3n a las personas m\u00e1s cercanas y comprometidas de la parroquia para que conozcan y se unan a la Comunidad Viatoriana.<\/p>\n<p class=\"region-p\" data-reveal>La apertura a nuevos compromisos seg\u00fan las necesidades y las realidades del pa\u00eds.<\/p>\n<p class=\"region-p\" data-reveal>Un camino estrecho con la Iglesia local en un recorrido intenso de comuni\u00f3n, participaci\u00f3n y misi\u00f3n.<\/p>\n<p class=\"region-p\" data-reveal>El proceso de creaci\u00f3n de una obra educativa propia desde 2014.<\/p>\n<p class=\"region-p\" data-reveal>El esfuerzo para implementar un proyecto de comunicaci\u00f3n a trav\u00e9s de Radio Viator en varias ocasiones.<\/p>\n<p class=\"region-p\" data-reveal>Las complejas y dif\u00edciles realidades vividas por el pueblo hondure\u00f1o ante las graves crisis sociales, pol\u00edticas y ambientales.<\/p>\n<p class=\"region-p\" data-reveal>Hoy, somos una Comunidad Viatoriana que camina desde el 25 de octubre de 2008, compuesta por 26 miembros asociados y 5 religiosos viatores. Somos Viadores \u2014hombres y mujeres, solteros, casados y consagrados\u2014 que caminan hacia Dios a trav\u00e9s de nuestros compromisos ligados al carisma viatoriano (Carta de la C. Viatoriana).<\/p>\n<p class=\"region-p\" data-reveal>Somos una comunidad de rostro hondure\u00f1o, comprometida y arraigada en la realidad inmediata de nuestro municipio de Jutiapa y sus aldeas. Enfrentamos altos \u00edndices de pobreza que en los \u00faltimos a\u00f1os se han agudizado, provocando una fuerte corriente migratoria hacia Estados Unidos y otros pa\u00edses, contexto en el cual nacieron las famosas caravanas de migrantes hacia el norte.<\/p>\n<p class=\"region-p\" data-reveal>Como comunidad viatoriana, aspiramos a la fidelidad en los elementos que nos identifican: la vida espiritual viatoriana, la misi\u00f3n, la vida comunitaria y la formaci\u00f3n. Nos reconocemos como \u201ccoherederos y corresponsables del desarrollo del carisma viatoriano\u201d (Carta C. Viatoriana) desde nuestras vivencias personales y colectivas.<\/p>\n<p class=\"region-p\" data-reveal>\u00c1reas de Trabajo y Servicio Misionero<\/p>\n<p class=\"region-p\" data-reveal>Estamos desarrollando nuestras obras y servicios en diversos campos:<\/p>\n<p class=\"region-p\" data-reveal>Evangelizaci\u00f3n: A trav\u00e9s de la plataforma parroquial Nuestra Se\u00f1ora del Tr\u00e1nsito, al servicio de todo el municipio en coordinaci\u00f3n con la Pastoral Nacional de Honduras y el Obispado de La Ceiba. Destacamos el gran compromiso de los laicos: delegados de la Palabra, catequistas, animadores de comunidades eclesiales de base, juventud, liturgia, pastoral familiar y pastoral social.<\/p>\n<p class=\"region-p\" data-reveal>Pastoral Social: Damos \u00e9nfasis a este trabajo para responder a las realidades sociales circundantes, con el valioso apoyo de SERSO en las \u00e1reas de salud, educaci\u00f3n, equidad de g\u00e9nero, vivienda, cuidado de la \u00abCasa Com\u00fan\u00bb, agua y saneamiento. Promovemos tambi\u00e9n la organizaci\u00f3n ciudadana en redes, la democracia activa, el acompa\u00f1amiento de redes de j\u00f3venes y mujeres, la defensa de los derechos humanos y de la vida, as\u00ed como la asistencia jur\u00eddica y psicol\u00f3gica contra la violencia.<\/p>\n<p class=\"region-p\" data-reveal>Educaci\u00f3n: Varios miembros trabajan en la educaci\u00f3n formal y no formal en los pueblos de Jutiapa y Balfate, gestionando el Centro Educativo San Viator y el programa Maestro en Casa.<\/p>\n<p class=\"region-p\" data-reveal>Eclesiolog\u00eda y Sinodalidad: Acogemos las orientaciones de la Iglesia de Am\u00e9rica Latina y el Caribe y el impulso del Papa Francisco, y a partir de ahora del Papa Le\u00f3n XIV, hacia una Iglesia \u00abPueblo de Dios\u00bb que vive la sinodalidad. Una Iglesia que escucha los clamores de los m\u00e1s pobres, involucra a todos los bautizados y denuncia los abusos de poder que afectan a los m\u00e1s vulnerables.<\/p>\n<p class=\"region-p\" data-reveal>Nos sentimos llamados a irradiar el carisma viatoriano dando a conocer al Venerable P. Luis Querbes, su obra y la comunidad en Honduras.<\/p>\n<p class=\"region-p\" data-reveal>Como bien sab\u00eda el P. Querbes, \u00abDios proveer\u00e1\u00bb. Y en Honduras decimos: \u00abDios proveer\u00e1... y \u00c9l provee...\u00bb<\/p>\n<p class=\"region-p\" data-reveal>Comunidad Viatoriana de Honduras.<\/p>\n<\/div>\n<\/div>\n<\/section>\n<section class=\"region-gallery-section\">\n<div class=\"region-container\">\n<h2 class=\"region-section-title\"><i class=\"fas fa-images\"><\/i> Galer\u00eda <span class=\"accent\">Fotos<\/span><\/h2>\n<div class=\"csv-gallery\">\n<div class=\"csv-gallery-item\"><img decoding=\"async\" src=\"https:\/\/staging.csviator-intl.org\/wp-content\/uploads\/2026\/04\/honduras-photo1-3.jpeg\" alt=\"\" loading=\"lazy\"><\/div>\n<div class=\"csv-gallery-item\"><img decoding=\"async\" src=\"https:\/\/staging.csviator-intl.org\/wp-content\/uploads\/2026\/04\/honduras-photo2-1.jpeg\" alt=\"\" loading=\"lazy\"><\/div>\n<div class=\"csv-gallery-item\"><img decoding=\"async\" src=\"https:\/\/staging.csviator-intl.org\/wp-content\/uploads\/2026\/04\/honduras-photo3-1.jpeg\" alt=\"\" loading=\"lazy\"><\/div>\n<div class=\"csv-gallery-item\"><img decoding=\"async\" src=\"https:\/\/staging.csviator-intl.org\/wp-content\/uploads\/2026\/04\/honduras-photo4-1.jpeg\" alt=\"\" loading=\"lazy\"><\/div>\n<div class=\"csv-gallery-item\"><img decoding=\"async\" src=\"https:\/\/staging.csviator-intl.org\/wp-content\/uploads\/2026\/04\/honduras-photo5-1.jpeg\" alt=\"\" loading=\"lazy\"><\/div>\n<div class=\"csv-gallery-item\"><img decoding=\"async\" src=\"https:\/\/staging.csviator-intl.org\/wp-content\/uploads\/2026\/04\/honduras-photo6-1.jpeg\" alt=\"\" loading=\"lazy\"><\/div>\n<div class=\"csv-gallery-item\"><img decoding=\"async\" src=\"https:\/\/staging.csviator-intl.org\/wp-content\/uploads\/2026\/04\/honduras-photo7-1.jpeg\" alt=\"\" loading=\"lazy\"><\/div>\n<div class=\"csv-gallery-item\"><img decoding=\"async\" src=\"https:\/\/staging.csviator-intl.org\/wp-content\/uploads\/2026\/04\/honduras-photo8-1.jpeg\" alt=\"\" loading=\"lazy\"><\/div>\n<\/div>\n<\/div>\n<\/section>","protected":false},"excerpt":{"rendered":"<p>Pr\u00e9sence de la Communaut\u00e9 Viatorienne \u00e0 Jutiapa, Atl\u00e1ntida, Honduras, C.A. Les Viateurs sont arriv\u00e9s \u00e0 Jutiapa, au Honduras, le 10 janvier 1998. \u00c0 cette \u00e9poque, l\u2019\u00e9v\u00eaque du dioc\u00e8se de San Pedro Sula, Mgr Angel Garachana, nous a ouvert ses portes en grand, et nous avons pris la charge de la Paroisse Nuestra Se\u00f1ora del Tr\u00e1nsito. [&hellip;]<\/p>\n","protected":false},"author":1,"featured_media":219,"parent":0,"menu_order":0,"comment_status":"closed","ping_status":"closed","template":"elementor_header_footer","meta":{"footnotes":""},"class_list":["post-29","page","type-page","status-publish","has-post-thumbnail","hentry"],"yoast_head":"<!-- This site is optimized with the Yoast SEO plugin v27.6 - https:\/\/yoast.com\/product\/yoast-seo-wordpress\/ -->\n<title>Honduras \u2013 Viatorians International<\/title>\n<meta name=\"description\" content=\"Les Clercs de Saint-Viateur au Honduras. Mission \u00e9ducative et pastorale en Am\u00e9rique centrale.\" \/>\n<meta name=\"robots\" content=\"index, follow, max-snippet:-1, max-image-preview:large, max-video-preview:-1\" \/>\n<link rel=\"canonical\" href=\"https:\/\/staging.csviator-intl.org\/es\/honduras\/\" \/>\n<meta property=\"og:locale\" content=\"es_ES\" \/>\n<meta property=\"og:type\" content=\"article\" \/>\n<meta property=\"og:title\" content=\"Honduras \u2013 Viatorians International\" \/>\n<meta property=\"og:description\" content=\"Les Clercs de Saint-Viateur au Honduras. Mission \u00e9ducative et pastorale en Am\u00e9rique centrale.\" \/>\n<meta property=\"og:url\" content=\"https:\/\/staging.csviator-intl.org\/es\/honduras\/\" \/>\n<meta property=\"og:site_name\" content=\"Viatorians International\" \/>\n<meta property=\"article:modified_time\" content=\"2026-04-25T11:51:52+00:00\" \/>\n<meta property=\"og:image\" content=\"https:\/\/staging.csviator-intl.org\/wp-content\/uploads\/2026\/04\/honduras-photo1-3.jpeg\" \/>\n\t<meta property=\"og:image:width\" content=\"702\" \/>\n\t<meta property=\"og:image:height\" content=\"323\" \/>\n\t<meta property=\"og:image:type\" content=\"image\/jpeg\" \/>\n<meta name=\"twitter:card\" content=\"summary_large_image\" \/>\n<meta name=\"twitter:label1\" content=\"Tiempo de lectura\" \/>\n\t<meta name=\"twitter:data1\" content=\"4 minutos\" \/>\n<script type=\"application\/ld+json\" class=\"yoast-schema-graph\">{\"@context\":\"https:\\\/\\\/schema.org\",\"@graph\":[{\"@type\":\"WebPage\",\"@id\":\"https:\\\/\\\/staging.csviator-intl.org\\\/honduras\\\/\",\"url\":\"https:\\\/\\\/staging.csviator-intl.org\\\/honduras\\\/\",\"name\":\"Honduras \u2013 Viatorians International\",\"isPartOf\":{\"@id\":\"https:\\\/\\\/staging.csviator-intl.org\\\/#website\"},\"primaryImageOfPage\":{\"@id\":\"https:\\\/\\\/staging.csviator-intl.org\\\/honduras\\\/#primaryimage\"},\"image\":{\"@id\":\"https:\\\/\\\/staging.csviator-intl.org\\\/honduras\\\/#primaryimage\"},\"thumbnailUrl\":\"https:\\\/\\\/staging.csviator-intl.org\\\/wp-content\\\/uploads\\\/2026\\\/04\\\/honduras-photo1-3.jpeg\",\"datePublished\":\"2026-03-14T20:37:16+00:00\",\"dateModified\":\"2026-04-25T11:51:52+00:00\",\"description\":\"Les Clercs de Saint-Viateur au Honduras. Mission \u00e9ducative et pastorale en Am\u00e9rique centrale.\",\"breadcrumb\":{\"@id\":\"https:\\\/\\\/staging.csviator-intl.org\\\/honduras\\\/#breadcrumb\"},\"inLanguage\":\"es\",\"potentialAction\":[{\"@type\":\"ReadAction\",\"target\":[\"https:\\\/\\\/staging.csviator-intl.org\\\/honduras\\\/\"]}]},{\"@type\":\"ImageObject\",\"inLanguage\":\"es\",\"@id\":\"https:\\\/\\\/staging.csviator-intl.org\\\/honduras\\\/#primaryimage\",\"url\":\"https:\\\/\\\/staging.csviator-intl.org\\\/wp-content\\\/uploads\\\/2026\\\/04\\\/honduras-photo1-3.jpeg\",\"contentUrl\":\"https:\\\/\\\/staging.csviator-intl.org\\\/wp-content\\\/uploads\\\/2026\\\/04\\\/honduras-photo1-3.jpeg\",\"width\":702,\"height\":323},{\"@type\":\"BreadcrumbList\",\"@id\":\"https:\\\/\\\/staging.csviator-intl.org\\\/honduras\\\/#breadcrumb\",\"itemListElement\":[{\"@type\":\"ListItem\",\"position\":1,\"name\":\"Home\",\"item\":\"https:\\\/\\\/staging.csviator-intl.org\\\/\"},{\"@type\":\"ListItem\",\"position\":2,\"name\":\"Honduras\"}]},{\"@type\":\"WebSite\",\"@id\":\"https:\\\/\\\/staging.csviator-intl.org\\\/#website\",\"url\":\"https:\\\/\\\/staging.csviator-intl.org\\\/\",\"name\":\"Viatorians International\",\"description\":\"Clercs de Saint-Viateur\",\"alternateName\":\"CSV\",\"potentialAction\":[{\"@type\":\"SearchAction\",\"target\":{\"@type\":\"EntryPoint\",\"urlTemplate\":\"https:\\\/\\\/staging.csviator-intl.org\\\/?s={search_term_string}\"},\"query-input\":{\"@type\":\"PropertyValueSpecification\",\"valueRequired\":true,\"valueName\":\"search_term_string\"}}],\"inLanguage\":\"es\"}]}<\/script>\n<!-- \/ Yoast SEO plugin. -->","yoast_head_json":{"title":"Honduras \u2013 Viatorians International","description":"Les Clercs de Saint-Viateur au Honduras. Mission \u00e9ducative et pastorale en Am\u00e9rique centrale.","robots":{"index":"index","follow":"follow","max-snippet":"max-snippet:-1","max-image-preview":"max-image-preview:large","max-video-preview":"max-video-preview:-1"},"canonical":"https:\/\/staging.csviator-intl.org\/es\/honduras\/","og_locale":"es_ES","og_type":"article","og_title":"Honduras \u2013 Viatorians International","og_description":"Les Clercs de Saint-Viateur au Honduras. Mission \u00e9ducative et pastorale en Am\u00e9rique centrale.","og_url":"https:\/\/staging.csviator-intl.org\/es\/honduras\/","og_site_name":"Viatorians International","article_modified_time":"2026-04-25T11:51:52+00:00","og_image":[{"width":702,"height":323,"url":"https:\/\/staging.csviator-intl.org\/wp-content\/uploads\/2026\/04\/honduras-photo1-3.jpeg","type":"image\/jpeg"}],"twitter_card":"summary_large_image","twitter_misc":{"Tiempo de lectura":"4 minutos"},"schema":{"@context":"https:\/\/schema.org","@graph":[{"@type":"WebPage","@id":"https:\/\/staging.csviator-intl.org\/honduras\/","url":"https:\/\/staging.csviator-intl.org\/honduras\/","name":"Honduras \u2013 Viatorians International","isPartOf":{"@id":"https:\/\/staging.csviator-intl.org\/#website"},"primaryImageOfPage":{"@id":"https:\/\/staging.csviator-intl.org\/honduras\/#primaryimage"},"image":{"@id":"https:\/\/staging.csviator-intl.org\/honduras\/#primaryimage"},"thumbnailUrl":"https:\/\/staging.csviator-intl.org\/wp-content\/uploads\/2026\/04\/honduras-photo1-3.jpeg","datePublished":"2026-03-14T20:37:16+00:00","dateModified":"2026-04-25T11:51:52+00:00","description":"Les Clercs de Saint-Viateur au Honduras. Mission \u00e9ducative et pastorale en Am\u00e9rique centrale.","breadcrumb":{"@id":"https:\/\/staging.csviator-intl.org\/honduras\/#breadcrumb"},"inLanguage":"es","potentialAction":[{"@type":"ReadAction","target":["https:\/\/staging.csviator-intl.org\/honduras\/"]}]},{"@type":"ImageObject","inLanguage":"es","@id":"https:\/\/staging.csviator-intl.org\/honduras\/#primaryimage","url":"https:\/\/staging.csviator-intl.org\/wp-content\/uploads\/2026\/04\/honduras-photo1-3.jpeg","contentUrl":"https:\/\/staging.csviator-intl.org\/wp-content\/uploads\/2026\/04\/honduras-photo1-3.jpeg","width":702,"height":323},{"@type":"BreadcrumbList","@id":"https:\/\/staging.csviator-intl.org\/honduras\/#breadcrumb","itemListElement":[{"@type":"ListItem","position":1,"name":"Home","item":"https:\/\/staging.csviator-intl.org\/"},{"@type":"ListItem","position":2,"name":"Honduras"}]},{"@type":"WebSite","@id":"https:\/\/staging.csviator-intl.org\/#website","url":"https:\/\/staging.csviator-intl.org\/","name":"Viatorians International","description":"Cl\u00e9rigos de San Viator","alternateName":"CSV","potentialAction":[{"@type":"SearchAction","target":{"@type":"EntryPoint","urlTemplate":"https:\/\/staging.csviator-intl.org\/?s={search_term_string}"},"query-input":{"@type":"PropertyValueSpecification","valueRequired":true,"valueName":"search_term_string"}}],"inLanguage":"es"}]}},"_links":{"self":[{"href":"https:\/\/staging.csviator-intl.org\/es\/wp-json\/wp\/v2\/pages\/29","targetHints":{"allow":["GET"]}}],"collection":[{"href":"https:\/\/staging.csviator-intl.org\/es\/wp-json\/wp\/v2\/pages"}],"about":[{"href":"https:\/\/staging.csviator-intl.org\/es\/wp-json\/wp\/v2\/types\/page"}],"author":[{"embeddable":true,"href":"https:\/\/staging.csviator-intl.org\/es\/wp-json\/wp\/v2\/users\/1"}],"replies":[{"embeddable":true,"href":"https:\/\/staging.csviator-intl.org\/es\/wp-json\/wp\/v2\/comments?post=29"}],"version-history":[{"count":11,"href":"https:\/\/staging.csviator-intl.org\/es\/wp-json\/wp\/v2\/pages\/29\/revisions"}],"predecessor-version":[{"id":384,"href":"https:\/\/staging.csviator-intl.org\/es\/wp-json\/wp\/v2\/pages\/29\/revisions\/384"}],"wp:featuredmedia":[{"embeddable":true,"href":"https:\/\/staging.csviator-intl.org\/es\/wp-json\/wp\/v2\/media\/219"}],"wp:attachment":[{"href":"https:\/\/staging.csviator-intl.org\/es\/wp-json\/wp\/v2\/media?parent=29"}],"curies":[{"name":"wp","href":"https:\/\/api.w.org\/{rel}","templated":true}]}}