{"id":28,"date":"2026-03-14T20:36:28","date_gmt":"2026-03-14T20:36:28","guid":{"rendered":"https:\/\/staging.csviator-intl.org\/colombie\/"},"modified":"2026-04-25T11:51:53","modified_gmt":"2026-04-25T11:51:53","slug":"colombie","status":"publish","type":"page","link":"https:\/\/staging.csviator-intl.org\/es\/colombie\/","title":{"rendered":"Colombia"},"content":{"rendered":"<div data-elementor-type=\"wp-page\" data-elementor-id=\"28\" class=\"elementor elementor-28 elementor-bc-flex-widget\" data-elementor-post-type=\"page\">\n\t\t\t\t\t\t<section class=\"elementor-section elementor-top-section elementor-element elementor-element-2f18a49 elementor-section-full_width elementor-section-height-default elementor-section-height-default\" data-id=\"2f18a49\" data-element_type=\"section\" data-e-type=\"section\">\n\t\t\t\t\t\t<div class=\"elementor-container elementor-column-gap-default\">\n\t\t\t\t\t<div class=\"elementor-column elementor-col-100 elementor-top-column elementor-element elementor-element-00dfb42\" data-id=\"00dfb42\" data-element_type=\"column\" data-e-type=\"column\">\n\t\t\t<div class=\"elementor-widget-wrap elementor-element-populated\">\n\t\t\t\t\t\t<div class=\"elementor-element elementor-element-eb68dee elementor-widget elementor-widget-html\" data-id=\"eb68dee\" data-element_type=\"widget\" data-e-type=\"widget\" data-widget_type=\"html.default\">\n\t\t\t\t\t\n    <nav style=\"margin-bottom: 30px;\">\n        <a href=\"\/es\/\" style=\"color: #1B3A5C; text-decoration: none;\">Inicio<\/a> > \n        <a href=\"\/es\/fondations\/\" style=\"color: #1B3A5C; text-decoration: none;\">Fundaciones<\/a> > \n        <span style=\"color: #C8923C;\">Fundaci\u00f3n Colombia<\/span>\n    <\/nav>\n    \t\t\t\t<\/div>\n\t\t\t\t\t<\/div>\n\t\t<\/div>\n\t\t\t\t\t<\/div>\n\t\t<\/section>\n\t\t\t\t<section class=\"elementor-section elementor-top-section elementor-element elementor-element-39a4fc0 elementor-section-full_width elementor-section-height-default elementor-section-height-default\" data-id=\"39a4fc0\" data-element_type=\"section\" data-e-type=\"section\">\n\t\t\t\t\t\t<div class=\"elementor-container elementor-column-gap-default\">\n\t\t\t\t\t<div class=\"elementor-column elementor-col-100 elementor-top-column elementor-element elementor-element-640a9af\" data-id=\"640a9af\" data-element_type=\"column\" data-e-type=\"column\">\n\t\t\t<div class=\"elementor-widget-wrap elementor-element-populated\">\n\t\t\t\t\t\t<div class=\"elementor-element elementor-element-5a7f608 elementor-widget elementor-widget-html\" data-id=\"5a7f608\" data-element_type=\"widget\" data-e-type=\"widget\" data-widget_type=\"html.default\">\n\t\t\t\t\t\n    \n    <div style=\"position: relative; padding-bottom: 20px; margin-bottom: 40px;\">\n        <h1 class=\"v-heading\" style=\"font-family: 'Playfair Display', serif; font-size: 42px; color: #1B3A5C; margin: 0;\">Fundaci\u00f3n Colombia<\/h1>\n        <div style=\"width: 60px; height: 3px; background: #C8923C; margin-top: 15px;\"><\/div>\n    <\/div>\n    \n    <div class=\"v-content\" style=\"color: #333; line-height: 1.8; font-size: 16px;\">\n        Informaci\u00f3n sobre la Fundaci\u00f3n ColombiaLa comunidad viatoriana de Colombia fue fundada en 1961 y actualmente est\u00e1 formada por (19) religiosos profesos, (14) asociados y (4) postulantes en formaci\u00f3n. Cuenta con obras educativas y parroquiales en Bogot\u00e1 y Tunja, una residencia religiosa en Ch\u00eda y dos casas de formaci\u00f3n. Colegio Biling\u00fce Internacional San ViatorSituado en la carretera 209-251 de Bogot\u00e1. Es un colegio mixto y miembro de la Organizaci\u00f3n del Bachillerato Internacional (BI) con tres programas (primaria, pregrado y diplomado). Desde su fundaci\u00f3n ha sido considerado uno de los mejores colegios de la ciudad y del pa\u00eds, con un proyecto educativo serio y riguroso basado en los principios y valores de los Cl\u00e9rigos de San Viator, formando mujeres y hombres de fe cat\u00f3lica. Para mayor informaci\u00f3n sobre esta obra, visite Viatoriana: www.sanviator.edu.co Colegio San Viator Ubicado en la Avenida Universitaria No. 62-100 de la ciudad de Tunja, capital del departamento de Boyac\u00e1. Colegio calendario A, mixto, multiling\u00fce (Espa\u00f1ol A, Ingl\u00e9s B y Franc\u00e9s B) y futuro miembro de la Organizaci\u00f3n del Bachillerato Internacional (IB) con el Programa del Diploma. Desde su fundaci\u00f3n ha construido su propia identidad e historia, fortaleciendo su espacio acad\u00e9mico, deportivo, espiritual y multiling\u00fce. Cuenta con dos programas educativos dirigidos por los Cl\u00e9rigos de Saint Viateur: la escuela infantil \u00abPetits Viateurs\u00bb y la escuela infantil multiling\u00fce \u00abLions Kids\u00bb, as\u00ed como una educaci\u00f3n integral basada en los principios y valores de los Cl\u00e9rigos de Saint Viateur. Para m\u00e1s informaci\u00f3n sobre esta obra viatoriana, visite: www.sanviatortunja.edu.coParoisse San Viator Ubicada en la Arquidi\u00f3cesis de Bogot\u00e1, es una obra de los Viators y presta servicios pastorales a la comunidad parroquial de Arrayanes a trav\u00e9s de la celebraci\u00f3n de los sacramentos, la formaci\u00f3n de grupos pastorales, la catequesis, el apoyo a los colegios de la regi\u00f3n y otras actividades pastorales. En esta labor, prestan sus servicios pastorales (2) religiosos profesos.Parroquia de Santa In\u00e9s de GuaymaralAdministrada por los Viateurs y ubicada en la arquidi\u00f3cesis de Bogot\u00e1, presta sus servicios pastorales a la comunidad parroquial de Guaymaral a trav\u00e9s de la celebraci\u00f3n de los sacramentos, la formaci\u00f3n de grupos pastorales, la catequesis, el acompa\u00f1amiento a los colegios de la zona y otras actividades pastorales. En esta labor prestan sus servicios pastorales (2) religiosos profesos.viadores presentes en otras obras y servicios apost\u00f3licos propios de la comunidad en Colombia:Capellan\u00eda Hospital San Ignacio de Bogot\u00e1 (1 religioso)Capellan\u00eda Colegio Sans Fac\u00f3n de Bogot\u00e1 (1 religioso)Capellan\u00eda Colegio Santa Mariana de Jes\u00fas (1 religioso) Pastoral vocacional (1 religioso)Postulantado Bogot\u00e1 (1 religioso)Postulantado Tunja (1 religioso)\n    <\/div>\n    \t\t\t\t<\/div>\n\t\t\t\t\t<\/div>\n\t\t<\/div>\n\t\t\t\t\t<\/div>\n\t\t<\/section>\n\t\t\t\t<\/div>","protected":false},"excerpt":{"rendered":"<p>La Fondation de Colombie repr\u00e9sente l&rsquo;une des plus r\u00e9centes implantations des Clercs de Saint-Viateur en Am\u00e9rique latine. Pr\u00e9sents principalement \u00e0 Bogot\u00e1 et dans ses environs, les Viatoriens colombiens se consacrent \u00e0 l&rsquo;\u00e9ducation des jeunes et \u00e0 l&rsquo;accompagnement pastoral des communaut\u00e9s locales, poursuivant ainsi la mission du P\u00e8re Querbes dans un contexte latino-am\u00e9ricain dynamique. En Colombie, [&hellip;]<\/p>\n","protected":false},"author":1,"featured_media":307,"parent":0,"menu_order":0,"comment_status":"closed","ping_status":"closed","template":"elementor_header_footer","meta":{"footnotes":""},"class_list":["post-28","page","type-page","status-publish","has-post-thumbnail","hentry"],"yoast_head":"<!-- This site is optimized with the Yoast SEO plugin v27.6 - https:\/\/yoast.com\/product\/yoast-seo-wordpress\/ -->\n<title>Colombie \u2013 Viatorians International<\/title>\n<meta name=\"description\" content=\"Les Clercs de Saint-Viateur en Colombie. Mission \u00e9ducative et pastorale en Am\u00e9rique du Sud.\" \/>\n<meta name=\"robots\" content=\"index, follow, max-snippet:-1, max-image-preview:large, max-video-preview:-1\" \/>\n<link rel=\"canonical\" href=\"https:\/\/staging.csviator-intl.org\/es\/colombie\/\" \/>\n<meta property=\"og:locale\" content=\"es_ES\" \/>\n<meta property=\"og:type\" content=\"article\" \/>\n<meta property=\"og:title\" content=\"Colombie \u2013 Viatorians International\" \/>\n<meta property=\"og:description\" content=\"Les Clercs de Saint-Viateur en Colombie. Mission \u00e9ducative et pastorale en Am\u00e9rique du Sud.\" \/>\n<meta property=\"og:url\" content=\"https:\/\/staging.csviator-intl.org\/es\/colombie\/\" \/>\n<meta property=\"og:site_name\" content=\"Viatorians International\" \/>\n<meta property=\"article:modified_time\" content=\"2026-04-25T11:51:53+00:00\" \/>\n<meta property=\"og:image\" content=\"https:\/\/staging.csviator-intl.org\/wp-content\/uploads\/2026\/04\/download-4-1024x439.png\" \/>\n\t<meta property=\"og:image:width\" content=\"1024\" \/>\n\t<meta property=\"og:image:height\" content=\"439\" \/>\n\t<meta property=\"og:image:type\" content=\"image\/png\" \/>\n<meta name=\"twitter:card\" content=\"summary_large_image\" \/>\n<meta name=\"twitter:label1\" content=\"Tiempo de lectura\" \/>\n\t<meta name=\"twitter:data1\" content=\"1 minuto\" \/>\n<script type=\"application\/ld+json\" class=\"yoast-schema-graph\">{\"@context\":\"https:\\\/\\\/schema.org\",\"@graph\":[{\"@type\":\"WebPage\",\"@id\":\"https:\\\/\\\/staging.csviator-intl.org\\\/colombie\\\/\",\"url\":\"https:\\\/\\\/staging.csviator-intl.org\\\/colombie\\\/\",\"name\":\"Colombie \u2013 Viatorians International\",\"isPartOf\":{\"@id\":\"https:\\\/\\\/staging.csviator-intl.org\\\/#website\"},\"primaryImageOfPage\":{\"@id\":\"https:\\\/\\\/staging.csviator-intl.org\\\/colombie\\\/#primaryimage\"},\"image\":{\"@id\":\"https:\\\/\\\/staging.csviator-intl.org\\\/colombie\\\/#primaryimage\"},\"thumbnailUrl\":\"https:\\\/\\\/staging.csviator-intl.org\\\/wp-content\\\/uploads\\\/2026\\\/04\\\/download-4.png\",\"datePublished\":\"2026-03-14T20:36:28+00:00\",\"dateModified\":\"2026-04-25T11:51:53+00:00\",\"description\":\"Les Clercs de Saint-Viateur en Colombie. Mission \u00e9ducative et pastorale en Am\u00e9rique du Sud.\",\"breadcrumb\":{\"@id\":\"https:\\\/\\\/staging.csviator-intl.org\\\/colombie\\\/#breadcrumb\"},\"inLanguage\":\"es\",\"potentialAction\":[{\"@type\":\"ReadAction\",\"target\":[\"https:\\\/\\\/staging.csviator-intl.org\\\/colombie\\\/\"]}]},{\"@type\":\"ImageObject\",\"inLanguage\":\"es\",\"@id\":\"https:\\\/\\\/staging.csviator-intl.org\\\/colombie\\\/#primaryimage\",\"url\":\"https:\\\/\\\/staging.csviator-intl.org\\\/wp-content\\\/uploads\\\/2026\\\/04\\\/download-4.png\",\"contentUrl\":\"https:\\\/\\\/staging.csviator-intl.org\\\/wp-content\\\/uploads\\\/2026\\\/04\\\/download-4.png\",\"width\":1674,\"height\":717},{\"@type\":\"BreadcrumbList\",\"@id\":\"https:\\\/\\\/staging.csviator-intl.org\\\/colombie\\\/#breadcrumb\",\"itemListElement\":[{\"@type\":\"ListItem\",\"position\":1,\"name\":\"Home\",\"item\":\"https:\\\/\\\/staging.csviator-intl.org\\\/\"},{\"@type\":\"ListItem\",\"position\":2,\"name\":\"Colombie\"}]},{\"@type\":\"WebSite\",\"@id\":\"https:\\\/\\\/staging.csviator-intl.org\\\/#website\",\"url\":\"https:\\\/\\\/staging.csviator-intl.org\\\/\",\"name\":\"Viatorians International\",\"description\":\"Clercs de Saint-Viateur\",\"alternateName\":\"CSV\",\"potentialAction\":[{\"@type\":\"SearchAction\",\"target\":{\"@type\":\"EntryPoint\",\"urlTemplate\":\"https:\\\/\\\/staging.csviator-intl.org\\\/?s={search_term_string}\"},\"query-input\":{\"@type\":\"PropertyValueSpecification\",\"valueRequired\":true,\"valueName\":\"search_term_string\"}}],\"inLanguage\":\"es\"}]}<\/script>\n<!-- \/ Yoast SEO plugin. -->","yoast_head_json":{"title":"Colombie \u2013 Viatorians International","description":"Les Clercs de Saint-Viateur en Colombie. Mission \u00e9ducative et pastorale en Am\u00e9rique du Sud.","robots":{"index":"index","follow":"follow","max-snippet":"max-snippet:-1","max-image-preview":"max-image-preview:large","max-video-preview":"max-video-preview:-1"},"canonical":"https:\/\/staging.csviator-intl.org\/es\/colombie\/","og_locale":"es_ES","og_type":"article","og_title":"Colombie \u2013 Viatorians International","og_description":"Les Clercs de Saint-Viateur en Colombie. Mission \u00e9ducative et pastorale en Am\u00e9rique du Sud.","og_url":"https:\/\/staging.csviator-intl.org\/es\/colombie\/","og_site_name":"Viatorians International","article_modified_time":"2026-04-25T11:51:53+00:00","og_image":[{"width":1024,"height":439,"url":"https:\/\/staging.csviator-intl.org\/wp-content\/uploads\/2026\/04\/download-4-1024x439.png","type":"image\/png"}],"twitter_card":"summary_large_image","twitter_misc":{"Tiempo de lectura":"1 minuto"},"schema":{"@context":"https:\/\/schema.org","@graph":[{"@type":"WebPage","@id":"https:\/\/staging.csviator-intl.org\/colombie\/","url":"https:\/\/staging.csviator-intl.org\/colombie\/","name":"Colombie \u2013 Viatorians International","isPartOf":{"@id":"https:\/\/staging.csviator-intl.org\/#website"},"primaryImageOfPage":{"@id":"https:\/\/staging.csviator-intl.org\/colombie\/#primaryimage"},"image":{"@id":"https:\/\/staging.csviator-intl.org\/colombie\/#primaryimage"},"thumbnailUrl":"https:\/\/staging.csviator-intl.org\/wp-content\/uploads\/2026\/04\/download-4.png","datePublished":"2026-03-14T20:36:28+00:00","dateModified":"2026-04-25T11:51:53+00:00","description":"Les Clercs de Saint-Viateur en Colombie. Mission \u00e9ducative et pastorale en Am\u00e9rique du Sud.","breadcrumb":{"@id":"https:\/\/staging.csviator-intl.org\/colombie\/#breadcrumb"},"inLanguage":"es","potentialAction":[{"@type":"ReadAction","target":["https:\/\/staging.csviator-intl.org\/colombie\/"]}]},{"@type":"ImageObject","inLanguage":"es","@id":"https:\/\/staging.csviator-intl.org\/colombie\/#primaryimage","url":"https:\/\/staging.csviator-intl.org\/wp-content\/uploads\/2026\/04\/download-4.png","contentUrl":"https:\/\/staging.csviator-intl.org\/wp-content\/uploads\/2026\/04\/download-4.png","width":1674,"height":717},{"@type":"BreadcrumbList","@id":"https:\/\/staging.csviator-intl.org\/colombie\/#breadcrumb","itemListElement":[{"@type":"ListItem","position":1,"name":"Home","item":"https:\/\/staging.csviator-intl.org\/"},{"@type":"ListItem","position":2,"name":"Colombie"}]},{"@type":"WebSite","@id":"https:\/\/staging.csviator-intl.org\/#website","url":"https:\/\/staging.csviator-intl.org\/","name":"Viatorians International","description":"Cl\u00e9rigos de San Viator","alternateName":"CSV","potentialAction":[{"@type":"SearchAction","target":{"@type":"EntryPoint","urlTemplate":"https:\/\/staging.csviator-intl.org\/?s={search_term_string}"},"query-input":{"@type":"PropertyValueSpecification","valueRequired":true,"valueName":"search_term_string"}}],"inLanguage":"es"}]}},"_links":{"self":[{"href":"https:\/\/staging.csviator-intl.org\/es\/wp-json\/wp\/v2\/pages\/28","targetHints":{"allow":["GET"]}}],"collection":[{"href":"https:\/\/staging.csviator-intl.org\/es\/wp-json\/wp\/v2\/pages"}],"about":[{"href":"https:\/\/staging.csviator-intl.org\/es\/wp-json\/wp\/v2\/types\/page"}],"author":[{"embeddable":true,"href":"https:\/\/staging.csviator-intl.org\/es\/wp-json\/wp\/v2\/users\/1"}],"replies":[{"embeddable":true,"href":"https:\/\/staging.csviator-intl.org\/es\/wp-json\/wp\/v2\/comments?post=28"}],"version-history":[{"count":3,"href":"https:\/\/staging.csviator-intl.org\/es\/wp-json\/wp\/v2\/pages\/28\/revisions"}],"predecessor-version":[{"id":383,"href":"https:\/\/staging.csviator-intl.org\/es\/wp-json\/wp\/v2\/pages\/28\/revisions\/383"}],"wp:featuredmedia":[{"embeddable":true,"href":"https:\/\/staging.csviator-intl.org\/es\/wp-json\/wp\/v2\/media\/307"}],"wp:attachment":[{"href":"https:\/\/staging.csviator-intl.org\/es\/wp-json\/wp\/v2\/media?parent=28"}],"curies":[{"name":"wp","href":"https:\/\/api.w.org\/{rel}","templated":true}]}}