{"id":27,"date":"2026-03-14T20:36:07","date_gmt":"2026-03-14T20:36:07","guid":{"rendered":"https:\/\/staging.csviator-intl.org\/haiti\/"},"modified":"2026-04-25T11:51:52","modified_gmt":"2026-04-25T11:51:52","slug":"haiti","status":"publish","type":"page","link":"https:\/\/staging.csviator-intl.org\/es\/haiti\/","title":{"rendered":"Hait\u00ed"},"content":{"rendered":"<section class=\"region-narrative\">\n<div class=\"region-container\">\n<div class=\"region-text\">\n<p class=\"region-dropcap\">REGI\u00d3N DE HA\u00cdTI: HISTORIA Y PRESENCIA VIATORIANA<\/p>\n<p class=\"region-p\" data-reveal>Un legado misionero (desde 1965)<\/p>\n<p class=\"region-p\" data-reveal>La aventura Viatoriana en Hait\u00ed comienza en el verano de 1965. Tras la expulsi\u00f3n de los jesuitas por el gobierno de Fran\u00e7ois Duvalier, la Santa Sede solicit\u00f3 a los Cl\u00e9rigos de San Viator que asumieran el relevo. Los primeros misioneros canadienses se instalaron entonces en Puerto Pr\u00edncipe para dirigir el Gran Seminario Notre-Dame, centro neur\u00e1lgico de la formaci\u00f3n del clero haitiano.<\/p>\n<p class=\"region-p\" data-reveal>El compromiso de la comunidad se ampli\u00f3 r\u00e1pidamente m\u00e1s all\u00e1 de la formaci\u00f3n presbiteral:<\/p>\n<p class=\"region-p\" data-reveal>1966: Integraci\u00f3n de la Comunidad Santa Mar\u00eda con el P. Jacques Beaudry.<\/p>\n<p class=\"region-p\" data-reveal>1967: Establecimiento en la Villa Manr\u00e8se, heredada de los jesuitas. Este centro religioso fue el coraz\u00f3n de la misi\u00f3n viatoriana en Hait\u00ed hasta su tr\u00e1gica destrucci\u00f3n en el terremoto de 2010.<\/p>\n<p class=\"region-p\" data-reveal>En 1968, la misi\u00f3n dio un giro decisivo en la \u201cCiudad de la Independencia\u201d. Dos vi\u00e1ticos asumieron la direcci\u00f3n del Coll\u00e8ge Immacul\u00e9e-Conception (CIC), fundado dos a\u00f1os antes por el padre Louis Cin\u00e9us, entonces p\u00e1rroco de la Catedral de Gona\u00efves. Este colegio se ha convertido, a lo largo de las d\u00e9cadas, en una instituci\u00f3n de referencia y un verdadero pilar educativo para el pa\u00eds.<\/p>\n<p class=\"region-p\" data-reveal>Hoy, los Viatores dirigen y gestionan cinco establecimientos escolares de excelencia, portadores del carisma del Venerable Querbes:<\/p>\n<p class=\"region-p\" data-reveal>Colegio Inmaculada Concepci\u00f3n (CIC): Instituci\u00f3n insignia de la regi\u00f3n.<\/p>\n<p class=\"region-p\" data-reveal>Escuela Nacional Congreganista Cyr-Guillo: Bajo direcci\u00f3n vialista desde 2001 tras la partida de los Hermanos de la Instrucci\u00f3n Cristiana (FIC)<\/p>\n<p class=\"region-p\" data-reveal>Institution Mixte Saint-Viateur: Fundada a principios de la d\u00e9cada de 1970 bajo el impulso de los Cl\u00e9rigos de San Viator, en estrecha colaboraci\u00f3n con las Hermanas de los Santos Nombres de Jes\u00fas y Mar\u00eda, esta escuela se llamaba inicialmente \u2019\u00c9cole Marie-Rose-Durocher\u00ab. Sus infraestructuras actuales pudieron ser realizadas gracias al apoyo financiero de la organizaci\u00f3n SERSO de la Provincia de Espa\u00f1a.<\/p>\n<p class=\"region-p\" data-reveal>Guarder\u00eda Saint-Viateur: Un espacio dedicado a la primera infancia, inaugurado en 2011.<\/p>\n<p class=\"region-p\" data-reveal>5. \u00c9cole James M. Stine: Fundada en 2011 por la Fundaci\u00f3n Rodrigue-Mortel. Adem\u00e1s de la ense\u00f1anza, la escuela es un centro de vida comunitaria que acoge campamentos juveniles en verano.<\/p>\n<p class=\"region-p\" data-reveal>La presencia Viatoriana tambi\u00e9n dej\u00f3 huella en el norte del pa\u00eds, en Dondon, donde la comunidad dirigi\u00f3 la Escuela Presbiteral Saint-Charles-Borrom\u00e9e (hoy Escuela Saint-Viateur) de 1969 a 1990, antes de retirarse por falta de personal religioso.<\/p>\n<p class=\"region-p\" data-reveal>Fieles a su misi\u00f3n educativa y espiritual, los Cl\u00e9rigos de San Viator contin\u00faan construyendo el futuro de Hait\u00ed a trav\u00e9s de una fuerte presencia en Artibonito, combinando rigor acad\u00e9mico y acompa\u00f1amiento pastoral.<\/p>\n<p class=\"region-p\" data-reveal>Radiaci\u00f3n en el departamento del Oeste<\/p>\n<p class=\"region-p\" data-reveal>La congregaci\u00f3n mantiene una presencia din\u00e1mica en el departamento del Oeste, articulada en torno a tres \u00e1reas geogr\u00e1ficas clave:<\/p>\n<p class=\"region-p\" data-reveal>La capital constituye el centro neur\u00e1lgico de las actividades de formaci\u00f3n y administraci\u00f3n:<\/p>\n<p class=\"region-p\" data-reveal>Recepci\u00f3n Saint-Viateur: La Recepci\u00f3n Saint-Viateur, ubicada en Cazeau (salida norte), est\u00e1 dedicada al acompa\u00f1amiento de los aspirantes.<\/p>\n<p class=\"region-p\" data-reveal>Casa Regional: La creciente inseguridad que oblig\u00f3 al abandono del antiguo escolasticado de la Impasse Lavaud (cerca del CIFOR), la comunidad de estudiantes se encuentra instalada, desde noviembre de 2025, en la nueva Casa regional contigua a la Villa Saint-Viateur.<\/p>\n<p class=\"region-p\" data-reveal>Villa Saint-Viateur: Completamente reconstruida entre 2020 y 2023 tras su destrucci\u00f3n en el terremoto de 2010, la antigua Villa Manr\u00e8se se convirti\u00f3 en la Villa Saint-Viateur. Hoy sirve como Casa Principal para toda la congregaci\u00f3n en Hait\u00ed.<\/p>\n<p class=\"region-p\" data-reveal>A unos 17 km de la capital, los Viatore\u00f1os se involucran en la vida parroquial y educativa:<\/p>\n<p class=\"region-p\" data-reveal>Acci\u00f3n pastoral: La comunidad se encarga de la animaci\u00f3n y gesti\u00f3n de la parroquia Cristo Rey, ubicada en el barrio \u00abLe Meilleur\u00bb.<\/p>\n<p class=\"region-p\" data-reveal>Educaci\u00f3n: La oferta escolar est\u00e1 representada por la Institution Mixte Saint-Viateur de Croix-des-Bouquets, un establecimiento inaugurado en septiembre de 2014.<\/p>\n<p class=\"region-p\" data-reveal>Presentes desde hace varias d\u00e9cadas a unos 60 km de Puerto Pr\u00edncipe, los Cl\u00e9rigos dirigen all\u00ed obras fundamentales:<\/p>\n<p class=\"region-p\" data-reveal>Pastoral parroquial: Desde diciembre de 1986, los Viatorinos se encargan de la parroquia de San Francisco de As\u00eds, que hoy irradia a trav\u00e9s de cinco capillas. Como testimonio de este dinamismo pastoral, se acaba de erigir una nueva parroquia (San Mart\u00edn de Tours) en una parte de su territorio original.<\/p>\n<p class=\"region-p\" data-reveal>Misi\u00f3n educativa: La congregaci\u00f3n supervisa una extensa red escolar que incluye la Instituci\u00f3n San Francisco de As\u00eds en el centro de la ciudad, varias escuelas presbiterianas y el Jard\u00edn de Infantes San Viator, cuya construcci\u00f3n fue financiada por la organizaci\u00f3n espa\u00f1ola SERSO.<\/p>\n<p class=\"region-p\" data-reveal>La comunidad de los Viatorenses en Hait\u00ed est\u00e1 compuesta actualmente por 38 religiosos, de los cuales 21 son profesos perpetuos y 17 son de votos temporales. El dinamismo de la renovaci\u00f3n est\u00e1 asegurado por varios j\u00f3venes en formaci\u00f3n inicial. Adem\u00e1s, la familia viatoriana se ampl\u00eda a 6 miembros asociados.<\/p>\n<p class=\"region-p\" data-reveal>La historia de la regi\u00f3n est\u00e1 marcada por el compromiso de los primeros Viatorianos haitianos, el Padre Nestor Fils-Aim\u00e9 (actual Superior general) y el Padre K\u00e9nel Verna (Maestro de novicios), quienes se integraron a la comunidad en 1988.<\/p>\n<p class=\"region-p\" data-reveal>Fieles a la herencia del Padre Querbes, los religiosos y asociados encarnan su misi\u00f3n en el d\u00eda a d\u00eda a trav\u00e9s de:<\/p>\n<p class=\"region-p\" data-reveal>El entorno educativo: una presencia activa dentro de las escuelas.<\/p>\n<p class=\"region-p\" data-reveal>La pastoral juvenil: un acompa\u00f1amiento din\u00e1mico a trav\u00e9s de movimientos como el Servicio de Preparaci\u00f3n para la Vida (SPV), la Nueva Animaci\u00f3n Cristiana (NAC) y el Coro ALEGRIA.<\/p>\n<p class=\"region-p\" data-reveal>El a\u00f1o 2025 marc\u00f3 un hito hist\u00f3rico: los Viatorinos dieron gracias por sesenta a\u00f1os de fidelidad y misi\u00f3n en tierra haitiana. Con confianza y esperanza renovadas, la comunidad contin\u00faa hoy su camino al servicio del Evangelio.<\/p>\n<\/div>\n<\/div>\n<\/section>\n<section class=\"region-gallery-section\">\n<div class=\"region-container\">\n<h2 class=\"region-section-title\"><i class=\"fas fa-images\"><\/i> Galer\u00eda <span class=\"accent\">Fotos<\/span><\/h2>\n<div class=\"csv-gallery\">\n<div class=\"csv-gallery-item\"><img decoding=\"async\" src=\"https:\/\/staging.csviator-intl.org\/wp-content\/uploads\/2026\/04\/haiti-photo1-1.jpeg\" alt=\"\" loading=\"lazy\"><\/div>\n<div class=\"csv-gallery-item\"><img decoding=\"async\" src=\"https:\/\/staging.csviator-intl.org\/wp-content\/uploads\/2026\/04\/haiti-photo2-1.jpeg\" alt=\"\" loading=\"lazy\"><\/div>\n<div class=\"csv-gallery-item\"><img decoding=\"async\" src=\"https:\/\/staging.csviator-intl.org\/wp-content\/uploads\/2026\/04\/haiti-photo3-1.jpeg\" alt=\"\" loading=\"lazy\"><\/div>\n<div class=\"csv-gallery-item\"><img decoding=\"async\" src=\"https:\/\/staging.csviator-intl.org\/wp-content\/uploads\/2026\/04\/haiti-photo4-1.jpeg\" alt=\"\" loading=\"lazy\"><\/div>\n<div class=\"csv-gallery-item\"><img decoding=\"async\" src=\"https:\/\/staging.csviator-intl.org\/wp-content\/uploads\/2026\/04\/haiti-photo5-1.jpeg\" alt=\"\" loading=\"lazy\"><\/div>\n<div class=\"csv-gallery-item\"><img decoding=\"async\" src=\"https:\/\/staging.csviator-intl.org\/wp-content\/uploads\/2026\/04\/haiti-photo6-1.jpeg\" alt=\"\" loading=\"lazy\"><\/div>\n<div class=\"csv-gallery-item\"><img decoding=\"async\" src=\"https:\/\/staging.csviator-intl.org\/wp-content\/uploads\/2026\/04\/haiti-photo7-1.jpeg\" alt=\"\" loading=\"lazy\"><\/div>\n<\/div>\n<\/div>\n<\/section>","protected":false},"excerpt":{"rendered":"<p>R\u00c9GION D\u2019HA\u00cfTI : HISTOIRE ET PR\u00c9SENCE VIATORIENNE Un h\u00e9ritage missionnaire (depuis 1965) L\u2019aventure viatorienne en Ha\u00efti commence \u00e0 l\u2019\u00e9t\u00e9 1965. \u00c0 la suite de l\u2019expulsion des J\u00e9suites par le gouvernement de Fran\u00e7ois Duvalier, le Saint-Si\u00e8ge sollicite les Clercs de Saint-Viateur pour assurer la rel\u00e8ve. Les premiers missionnaires canadiens s\u2019installent alors \u00e0 Port-au-Prince pour diriger le [&hellip;]<\/p>\n","protected":false},"author":1,"featured_media":212,"parent":0,"menu_order":0,"comment_status":"closed","ping_status":"closed","template":"elementor_header_footer","meta":{"footnotes":""},"class_list":["post-27","page","type-page","status-publish","has-post-thumbnail","hentry"],"yoast_head":"<!-- This site is optimized with the Yoast SEO plugin v27.6 - https:\/\/yoast.com\/product\/yoast-seo-wordpress\/ -->\n<title>Ha\u00efti \u2013 Viatorians International<\/title>\n<meta name=\"description\" content=\"Les Clercs de Saint-Viateur en Ha\u00efti. Engagement \u00e9ducatif et social dans les Cara\u00efbes.\" \/>\n<meta name=\"robots\" content=\"index, follow, max-snippet:-1, max-image-preview:large, max-video-preview:-1\" \/>\n<link rel=\"canonical\" href=\"https:\/\/staging.csviator-intl.org\/es\/haiti\/\" \/>\n<meta property=\"og:locale\" content=\"es_ES\" \/>\n<meta property=\"og:type\" content=\"article\" \/>\n<meta property=\"og:title\" content=\"Ha\u00efti \u2013 Viatorians International\" \/>\n<meta property=\"og:description\" content=\"Les Clercs de Saint-Viateur en Ha\u00efti. Engagement \u00e9ducatif et social dans les Cara\u00efbes.\" \/>\n<meta property=\"og:url\" content=\"https:\/\/staging.csviator-intl.org\/es\/haiti\/\" \/>\n<meta property=\"og:site_name\" content=\"Viatorians International\" \/>\n<meta property=\"article:modified_time\" content=\"2026-04-25T11:51:52+00:00\" \/>\n<meta property=\"og:image\" content=\"https:\/\/staging.csviator-intl.org\/wp-content\/uploads\/2026\/04\/haiti-photo1-1.jpeg\" \/>\n\t<meta property=\"og:image:width\" content=\"1080\" \/>\n\t<meta property=\"og:image:height\" content=\"606\" \/>\n\t<meta property=\"og:image:type\" content=\"image\/jpeg\" \/>\n<meta name=\"twitter:card\" content=\"summary_large_image\" \/>\n<meta name=\"twitter:label1\" content=\"Tiempo de lectura\" \/>\n\t<meta name=\"twitter:data1\" content=\"5 minutos\" \/>\n<script type=\"application\/ld+json\" class=\"yoast-schema-graph\">{\"@context\":\"https:\\\/\\\/schema.org\",\"@graph\":[{\"@type\":\"WebPage\",\"@id\":\"https:\\\/\\\/staging.csviator-intl.org\\\/haiti\\\/\",\"url\":\"https:\\\/\\\/staging.csviator-intl.org\\\/haiti\\\/\",\"name\":\"Ha\u00efti \u2013 Viatorians International\",\"isPartOf\":{\"@id\":\"https:\\\/\\\/staging.csviator-intl.org\\\/#website\"},\"primaryImageOfPage\":{\"@id\":\"https:\\\/\\\/staging.csviator-intl.org\\\/haiti\\\/#primaryimage\"},\"image\":{\"@id\":\"https:\\\/\\\/staging.csviator-intl.org\\\/haiti\\\/#primaryimage\"},\"thumbnailUrl\":\"https:\\\/\\\/staging.csviator-intl.org\\\/wp-content\\\/uploads\\\/2026\\\/04\\\/haiti-photo1-1.jpeg\",\"datePublished\":\"2026-03-14T20:36:07+00:00\",\"dateModified\":\"2026-04-25T11:51:52+00:00\",\"description\":\"Les Clercs de Saint-Viateur en Ha\u00efti. Engagement \u00e9ducatif et social dans les Cara\u00efbes.\",\"breadcrumb\":{\"@id\":\"https:\\\/\\\/staging.csviator-intl.org\\\/haiti\\\/#breadcrumb\"},\"inLanguage\":\"es\",\"potentialAction\":[{\"@type\":\"ReadAction\",\"target\":[\"https:\\\/\\\/staging.csviator-intl.org\\\/haiti\\\/\"]}]},{\"@type\":\"ImageObject\",\"inLanguage\":\"es\",\"@id\":\"https:\\\/\\\/staging.csviator-intl.org\\\/haiti\\\/#primaryimage\",\"url\":\"https:\\\/\\\/staging.csviator-intl.org\\\/wp-content\\\/uploads\\\/2026\\\/04\\\/haiti-photo1-1.jpeg\",\"contentUrl\":\"https:\\\/\\\/staging.csviator-intl.org\\\/wp-content\\\/uploads\\\/2026\\\/04\\\/haiti-photo1-1.jpeg\",\"width\":1080,\"height\":606},{\"@type\":\"BreadcrumbList\",\"@id\":\"https:\\\/\\\/staging.csviator-intl.org\\\/haiti\\\/#breadcrumb\",\"itemListElement\":[{\"@type\":\"ListItem\",\"position\":1,\"name\":\"Home\",\"item\":\"https:\\\/\\\/staging.csviator-intl.org\\\/\"},{\"@type\":\"ListItem\",\"position\":2,\"name\":\"Ha\u00efti\"}]},{\"@type\":\"WebSite\",\"@id\":\"https:\\\/\\\/staging.csviator-intl.org\\\/#website\",\"url\":\"https:\\\/\\\/staging.csviator-intl.org\\\/\",\"name\":\"Viatorians International\",\"description\":\"Clercs de Saint-Viateur\",\"alternateName\":\"CSV\",\"potentialAction\":[{\"@type\":\"SearchAction\",\"target\":{\"@type\":\"EntryPoint\",\"urlTemplate\":\"https:\\\/\\\/staging.csviator-intl.org\\\/?s={search_term_string}\"},\"query-input\":{\"@type\":\"PropertyValueSpecification\",\"valueRequired\":true,\"valueName\":\"search_term_string\"}}],\"inLanguage\":\"es\"}]}<\/script>\n<!-- \/ Yoast SEO plugin. -->","yoast_head_json":{"title":"Ha\u00efti \u2013 Viatorians International","description":"Les Clercs de Saint-Viateur en Ha\u00efti. Engagement \u00e9ducatif et social dans les Cara\u00efbes.","robots":{"index":"index","follow":"follow","max-snippet":"max-snippet:-1","max-image-preview":"max-image-preview:large","max-video-preview":"max-video-preview:-1"},"canonical":"https:\/\/staging.csviator-intl.org\/es\/haiti\/","og_locale":"es_ES","og_type":"article","og_title":"Ha\u00efti \u2013 Viatorians International","og_description":"Les Clercs de Saint-Viateur en Ha\u00efti. Engagement \u00e9ducatif et social dans les Cara\u00efbes.","og_url":"https:\/\/staging.csviator-intl.org\/es\/haiti\/","og_site_name":"Viatorians International","article_modified_time":"2026-04-25T11:51:52+00:00","og_image":[{"width":1080,"height":606,"url":"https:\/\/staging.csviator-intl.org\/wp-content\/uploads\/2026\/04\/haiti-photo1-1.jpeg","type":"image\/jpeg"}],"twitter_card":"summary_large_image","twitter_misc":{"Tiempo de lectura":"5 minutos"},"schema":{"@context":"https:\/\/schema.org","@graph":[{"@type":"WebPage","@id":"https:\/\/staging.csviator-intl.org\/haiti\/","url":"https:\/\/staging.csviator-intl.org\/haiti\/","name":"Ha\u00efti \u2013 Viatorians International","isPartOf":{"@id":"https:\/\/staging.csviator-intl.org\/#website"},"primaryImageOfPage":{"@id":"https:\/\/staging.csviator-intl.org\/haiti\/#primaryimage"},"image":{"@id":"https:\/\/staging.csviator-intl.org\/haiti\/#primaryimage"},"thumbnailUrl":"https:\/\/staging.csviator-intl.org\/wp-content\/uploads\/2026\/04\/haiti-photo1-1.jpeg","datePublished":"2026-03-14T20:36:07+00:00","dateModified":"2026-04-25T11:51:52+00:00","description":"Les Clercs de Saint-Viateur en Ha\u00efti. Engagement \u00e9ducatif et social dans les Cara\u00efbes.","breadcrumb":{"@id":"https:\/\/staging.csviator-intl.org\/haiti\/#breadcrumb"},"inLanguage":"es","potentialAction":[{"@type":"ReadAction","target":["https:\/\/staging.csviator-intl.org\/haiti\/"]}]},{"@type":"ImageObject","inLanguage":"es","@id":"https:\/\/staging.csviator-intl.org\/haiti\/#primaryimage","url":"https:\/\/staging.csviator-intl.org\/wp-content\/uploads\/2026\/04\/haiti-photo1-1.jpeg","contentUrl":"https:\/\/staging.csviator-intl.org\/wp-content\/uploads\/2026\/04\/haiti-photo1-1.jpeg","width":1080,"height":606},{"@type":"BreadcrumbList","@id":"https:\/\/staging.csviator-intl.org\/haiti\/#breadcrumb","itemListElement":[{"@type":"ListItem","position":1,"name":"Home","item":"https:\/\/staging.csviator-intl.org\/"},{"@type":"ListItem","position":2,"name":"Ha\u00efti"}]},{"@type":"WebSite","@id":"https:\/\/staging.csviator-intl.org\/#website","url":"https:\/\/staging.csviator-intl.org\/","name":"Viatorians International","description":"Cl\u00e9rigos de San Viator","alternateName":"CSV","potentialAction":[{"@type":"SearchAction","target":{"@type":"EntryPoint","urlTemplate":"https:\/\/staging.csviator-intl.org\/?s={search_term_string}"},"query-input":{"@type":"PropertyValueSpecification","valueRequired":true,"valueName":"search_term_string"}}],"inLanguage":"es"}]}},"_links":{"self":[{"href":"https:\/\/staging.csviator-intl.org\/es\/wp-json\/wp\/v2\/pages\/27","targetHints":{"allow":["GET"]}}],"collection":[{"href":"https:\/\/staging.csviator-intl.org\/es\/wp-json\/wp\/v2\/pages"}],"about":[{"href":"https:\/\/staging.csviator-intl.org\/es\/wp-json\/wp\/v2\/types\/page"}],"author":[{"embeddable":true,"href":"https:\/\/staging.csviator-intl.org\/es\/wp-json\/wp\/v2\/users\/1"}],"replies":[{"embeddable":true,"href":"https:\/\/staging.csviator-intl.org\/es\/wp-json\/wp\/v2\/comments?post=27"}],"version-history":[{"count":11,"href":"https:\/\/staging.csviator-intl.org\/es\/wp-json\/wp\/v2\/pages\/27\/revisions"}],"predecessor-version":[{"id":382,"href":"https:\/\/staging.csviator-intl.org\/es\/wp-json\/wp\/v2\/pages\/27\/revisions\/382"}],"wp:featuredmedia":[{"embeddable":true,"href":"https:\/\/staging.csviator-intl.org\/es\/wp-json\/wp\/v2\/media\/212"}],"wp:attachment":[{"href":"https:\/\/staging.csviator-intl.org\/es\/wp-json\/wp\/v2\/media?parent=27"}],"curies":[{"name":"wp","href":"https:\/\/api.w.org\/{rel}","templated":true}]}}