{"id":24,"date":"2026-03-14T20:35:03","date_gmt":"2026-03-14T20:35:03","guid":{"rendered":"https:\/\/staging.csviator-intl.org\/province-usa\/"},"modified":"2026-04-25T11:51:49","modified_gmt":"2026-04-25T11:51:49","slug":"provincia-ee-uu","status":"publish","type":"page","link":"https:\/\/staging.csviator-intl.org\/es\/province-usa\/","title":{"rendered":"Provincia de Estados Unidos"},"content":{"rendered":"<section class=\"region-narrative\">\n<div class=\"region-container\">\n<div class=\"region-text\">\n<p class=\"region-dropcap\">La Provincia de Chicago se remonta a 1865, cuando l\u00edderes franco-canadienses del sur de Chicago invitaron a los Viatorianos de la Provincia de Canad\u00e1 a Bourbonnais, Illinois. Se les pidi\u00f3 que se hicieran cargo de la iglesia Maternity of the Blessed Virgin Mary y dirigieran una escuela para ni\u00f1os. As\u00ed, el P. Pierre Beaudoin, CSV, el Hno. Augustin Martel, CSV, y el Hno. Jean-Baptiste Bernard, CSV, vinieron a los Estados Unidos, y MBVM se convirti\u00f3 en el primer ministerio permanente de los Viatorianos aqu\u00ed.<\/p>\n<p class=\"region-p\" data-reveal>En 1882, mientras los miembros y los ministerios de los Viatorianos se multiplicaban, la congregaci\u00f3n estableci\u00f3 la Provincia de Chicago con el P. Cyril Fournier, CSV, como primer Superior provincial. Establecimos la parroquia de San Viator en Chicago en 1888 y reubicamos nuestro noviciado en la ciudad. Hoy continuamos en Chicago como copatrocinadores de la Uni\u00f3n Teol\u00f3gica Cat\u00f3lica, el seminario al que asisti\u00f3 el Papa Le\u00f3n XIV y donde muchos Viatorianos estudiaron y ense\u00f1aron.<\/p>\n<p class=\"region-p\" data-reveal>Los Viatorianos continuaron sirviendo en la regi\u00f3n de Borbon\u00e9s, donde fundamos y dirigimos el Colegio San Viator de 1868 a 1938 y desempe\u00f1amos diversos papeles en las escuelas cat\u00f3licas locales. Adem\u00e1s de MBVM, seguimos siendo los p\u00e1rrocos de San Jorge y San Patricio y, en 2025, agregamos la iglesia del Sagrado Coraz\u00f3n, una peque\u00f1a parroquia en una comunidad rural muy pobre que no difiere de Vourles.<\/p>\n<p class=\"region-p\" data-reveal>En la d\u00e9cada de 1950, los Vi\u00e1ticos compraron tierras agr\u00edcolas en Arlington Heights, Illinois. El edificio que hab\u00eda all\u00ed era originalmente el noviciado y m\u00e1s tarde se convirti\u00f3 en el Centro Provincial, con nuestra capilla comunitaria, nuestras oficinas administrativas y nuestra comunidad de retiro. Posteriormente, ese terreno se subdividi\u00f3 para crear el campus de la escuela secundaria Saint Viator, que fundamos en 1961.<\/p>\n<p class=\"region-p\" data-reveal>Todav\u00eda en la d\u00e9cada de 1950, los Viatorianos fueron invitados a la zona de Las Vegas para establecer una escuela. Fundamos la escuela secundaria Bishop Gorman y la administramos durante casi 50 a\u00f1os. Tambi\u00e9n nos pidieron que fund\u00e1ramos una parroquia y establecimos la comunidad cat\u00f3lica y la escuela parroquial St. Viator, que continuamos dirigiendo hoy. Adem\u00e1s, construimos y servimos previamente como rectores del Santuario Guardian Angel, que se convirti\u00f3 en la Catedral Guardian Angel, y como pastores de la comunidad cat\u00f3lica St. Thomas More en Henderson, NV, una gran y pr\u00f3spera parroquia arquidiocesana.<\/p>\n<p class=\"region-p\" data-reveal>Mientras la Iglesia animaba a las comunidades religiosas a enviar miembros a los pa\u00edses en v\u00edas de desarrollo, el P. John Stafford, CSV, Provincial, envi\u00f3 a tres Viatorinos para establecer el Colegio San Viator en Bogot\u00e1, Colombia, en 1961. La Fundaci\u00f3n de Colombia se desarroll\u00f3 para fomentar vocaciones religiosas entre los hombres colombianos y vocaciones de asociados entre los laicos. En 2017, los Viatorinos establecieron un segundo Colegio San Viator en Tunja, y en los \u00faltimos a\u00f1os hemos construido una nueva iglesia para la parroquia ep\u00f3nima, Parroquia San Viator en Bogot\u00e1.<\/p>\n<p class=\"region-p\" data-reveal>En la \u00e9poca moderna, la Provincia de Chicago adopt\u00f3 la asociaci\u00f3n laica, comenzando en 1999. Adem\u00e1s, los Viatorianos se involucraron en la red de escuelas secundarias Cristo Rey, que sirve a familias con recursos econ\u00f3micos limitados con una educaci\u00f3n cat\u00f3lica rigurosa y una experiencia de estudio y trabajo en empresas para prepararlos para carreras profesionales. En 2004, los Viatorianos ayudaron a un grupo que fund\u00f3 Cristo Rey St. Martin College Prep en Waukegan, Illinois, donde continuamos como comunidad religiosa patrocinadora. En 2019, establecimos Cristo Rey St. Viator College Prep en North Las Vegas, Nevada, la cual continuamos dirigiendo hoy.<\/p>\n<p class=\"region-p\" data-reveal>Adem\u00e1s, nuestro compromiso de leer las se\u00f1ales de los tiempos y de caminar estrechamente con las personas a las que la sociedad considera de poca importancia ha impulsado a los Viadores a acompa\u00f1ar a las personas en situaci\u00f3n de inmigraci\u00f3n. Adem\u00e1s de muchas formas de activismo, defensa y servicio, dos de nuestros miembros fundaron la Viator House of Hospitality en 2017, un programa residencial para j\u00f3venes que solicitan asilo en los Estados Unidos.<\/p>\n<p class=\"region-p\" data-reveal>Hoy, el P. Mark Francis, CSV, se desempe\u00f1a como Superior Provincial. Le asisten el P. Richard Rinn, CSV, Provincial Adjunto, y los consejeros el Hno. Michael Gosch, CSV, el P. Edgar Suarez, CSV, y el P. Thomas von Behren, CSV.<\/p>\n<\/div>\n<\/div>\n<\/section>\n<section class=\"region-gallery-section\">\n<div class=\"region-container\">\n<h2 class=\"region-section-title\"><i class=\"fas fa-images\"><\/i> Galer\u00eda <span class=\"accent\">Fotos<\/span><\/h2>\n<div class=\"csv-gallery\">\n<div class=\"csv-gallery-item\"><img decoding=\"async\" src=\"https:\/\/staging.csviator-intl.org\/wp-content\/uploads\/2026\/04\/usa-photo1-1.jpeg\" alt=\"\" loading=\"lazy\"><\/div>\n<div class=\"csv-gallery-item\"><img decoding=\"async\" src=\"https:\/\/staging.csviator-intl.org\/wp-content\/uploads\/2026\/04\/usa-photo2-1.jpeg\" alt=\"\" loading=\"lazy\"><\/div>\n<div class=\"csv-gallery-item\"><img decoding=\"async\" src=\"https:\/\/staging.csviator-intl.org\/wp-content\/uploads\/2026\/04\/usa-photo3-1.jpeg\" alt=\"\" loading=\"lazy\"><\/div>\n<div class=\"csv-gallery-item\"><img decoding=\"async\" src=\"https:\/\/staging.csviator-intl.org\/wp-content\/uploads\/2026\/04\/usa-photo4-1.jpeg\" alt=\"\" loading=\"lazy\"><\/div>\n<div class=\"csv-gallery-item\"><img decoding=\"async\" src=\"https:\/\/staging.csviator-intl.org\/wp-content\/uploads\/2026\/04\/usa-photo5-1.jpeg\" alt=\"\" loading=\"lazy\"><\/div>\n<\/div>\n<\/div>\n<\/section>","protected":false},"excerpt":{"rendered":"<p>La Province de Chicago remonte \u00e0 1865, lorsque des dirigeants canadiens-fran\u00e7ais au sud de Chicago ont invit\u00e9 des Viateurs de la Province du Canada \u00e0 Bourbonnais, Illinois. Ils ont \u00e9t\u00e9 sollicit\u00e9s pour prendre la direction de l\u2019\u00e9glise Maternity of the Blessed Virgin Mary et diriger une \u00e9cole de gar\u00e7ons. Ainsi, le P. Pierre Beaudoin, CSV, [&hellip;]<\/p>\n","protected":false},"author":1,"featured_media":237,"parent":0,"menu_order":0,"comment_status":"closed","ping_status":"closed","template":"elementor_header_footer","meta":{"footnotes":""},"class_list":["post-24","page","type-page","status-publish","has-post-thumbnail","hentry"],"yoast_head":"<!-- This site is optimized with the Yoast SEO plugin v27.6 - https:\/\/yoast.com\/product\/yoast-seo-wordpress\/ -->\n<title>Province des \u00c9tats-Unis \u2013 Viatorians International<\/title>\n<meta name=\"description\" content=\"La Province des \u00c9tats-Unis des Clercs de Saint-Viateur. \u00c9ducation et mission pastorale aux \u00c9tats-Unis.\" \/>\n<meta name=\"robots\" content=\"index, follow, max-snippet:-1, max-image-preview:large, max-video-preview:-1\" \/>\n<link rel=\"canonical\" href=\"https:\/\/staging.csviator-intl.org\/es\/provincia-ee-uu\/\" \/>\n<meta property=\"og:locale\" content=\"es_ES\" \/>\n<meta property=\"og:type\" content=\"article\" \/>\n<meta property=\"og:title\" content=\"Province des \u00c9tats-Unis \u2013 Viatorians International\" \/>\n<meta property=\"og:description\" content=\"La Province des \u00c9tats-Unis des Clercs de Saint-Viateur. \u00c9ducation et mission pastorale aux \u00c9tats-Unis.\" \/>\n<meta property=\"og:url\" content=\"https:\/\/staging.csviator-intl.org\/es\/provincia-ee-uu\/\" \/>\n<meta property=\"og:site_name\" content=\"Viatorians International\" \/>\n<meta property=\"article:modified_time\" content=\"2026-04-25T11:51:49+00:00\" \/>\n<meta property=\"og:image\" content=\"https:\/\/staging.csviator-intl.org\/wp-content\/uploads\/2026\/04\/usa-photo1-1.jpeg\" \/>\n\t<meta property=\"og:image:width\" content=\"1436\" \/>\n\t<meta property=\"og:image:height\" content=\"1929\" \/>\n\t<meta property=\"og:image:type\" content=\"image\/jpeg\" \/>\n<meta name=\"twitter:card\" content=\"summary_large_image\" \/>\n<meta name=\"twitter:label1\" content=\"Tiempo de lectura\" \/>\n\t<meta name=\"twitter:data1\" content=\"4 minutos\" \/>\n<script type=\"application\/ld+json\" class=\"yoast-schema-graph\">{\"@context\":\"https:\\\/\\\/schema.org\",\"@graph\":[{\"@type\":\"WebPage\",\"@id\":\"https:\\\/\\\/staging.csviator-intl.org\\\/province-usa\\\/\",\"url\":\"https:\\\/\\\/staging.csviator-intl.org\\\/province-usa\\\/\",\"name\":\"Province des \u00c9tats-Unis \u2013 Viatorians International\",\"isPartOf\":{\"@id\":\"https:\\\/\\\/staging.csviator-intl.org\\\/#website\"},\"primaryImageOfPage\":{\"@id\":\"https:\\\/\\\/staging.csviator-intl.org\\\/province-usa\\\/#primaryimage\"},\"image\":{\"@id\":\"https:\\\/\\\/staging.csviator-intl.org\\\/province-usa\\\/#primaryimage\"},\"thumbnailUrl\":\"https:\\\/\\\/staging.csviator-intl.org\\\/wp-content\\\/uploads\\\/2026\\\/04\\\/usa-photo1-1.jpeg\",\"datePublished\":\"2026-03-14T20:35:03+00:00\",\"dateModified\":\"2026-04-25T11:51:49+00:00\",\"description\":\"La Province des \u00c9tats-Unis des Clercs de Saint-Viateur. \u00c9ducation et mission pastorale aux \u00c9tats-Unis.\",\"breadcrumb\":{\"@id\":\"https:\\\/\\\/staging.csviator-intl.org\\\/province-usa\\\/#breadcrumb\"},\"inLanguage\":\"es\",\"potentialAction\":[{\"@type\":\"ReadAction\",\"target\":[\"https:\\\/\\\/staging.csviator-intl.org\\\/province-usa\\\/\"]}]},{\"@type\":\"ImageObject\",\"inLanguage\":\"es\",\"@id\":\"https:\\\/\\\/staging.csviator-intl.org\\\/province-usa\\\/#primaryimage\",\"url\":\"https:\\\/\\\/staging.csviator-intl.org\\\/wp-content\\\/uploads\\\/2026\\\/04\\\/usa-photo1-1.jpeg\",\"contentUrl\":\"https:\\\/\\\/staging.csviator-intl.org\\\/wp-content\\\/uploads\\\/2026\\\/04\\\/usa-photo1-1.jpeg\",\"width\":1436,\"height\":1929},{\"@type\":\"BreadcrumbList\",\"@id\":\"https:\\\/\\\/staging.csviator-intl.org\\\/province-usa\\\/#breadcrumb\",\"itemListElement\":[{\"@type\":\"ListItem\",\"position\":1,\"name\":\"Home\",\"item\":\"https:\\\/\\\/staging.csviator-intl.org\\\/\"},{\"@type\":\"ListItem\",\"position\":2,\"name\":\"Province des \u00c9tats-Unis\"}]},{\"@type\":\"WebSite\",\"@id\":\"https:\\\/\\\/staging.csviator-intl.org\\\/#website\",\"url\":\"https:\\\/\\\/staging.csviator-intl.org\\\/\",\"name\":\"Viatorians International\",\"description\":\"Clercs de Saint-Viateur\",\"alternateName\":\"CSV\",\"potentialAction\":[{\"@type\":\"SearchAction\",\"target\":{\"@type\":\"EntryPoint\",\"urlTemplate\":\"https:\\\/\\\/staging.csviator-intl.org\\\/?s={search_term_string}\"},\"query-input\":{\"@type\":\"PropertyValueSpecification\",\"valueRequired\":true,\"valueName\":\"search_term_string\"}}],\"inLanguage\":\"es\"}]}<\/script>\n<!-- \/ Yoast SEO plugin. -->","yoast_head_json":{"title":"Provincia de los Estados Unidos \u2013 Viatorianos Internacional","description":"La Provincia de los Estados Unidos de los Cl\u00e9rigos de San Viator. Educaci\u00f3n y misi\u00f3n pastoral en los Estados Unidos.","robots":{"index":"index","follow":"follow","max-snippet":"max-snippet:-1","max-image-preview":"max-image-preview:large","max-video-preview":"max-video-preview:-1"},"canonical":"https:\/\/staging.csviator-intl.org\/es\/provincia-ee-uu\/","og_locale":"es_ES","og_type":"article","og_title":"Province des \u00c9tats-Unis \u2013 Viatorians International","og_description":"La Province des \u00c9tats-Unis des Clercs de Saint-Viateur. \u00c9ducation et mission pastorale aux \u00c9tats-Unis.","og_url":"https:\/\/staging.csviator-intl.org\/es\/provincia-ee-uu\/","og_site_name":"Viatorians International","article_modified_time":"2026-04-25T11:51:49+00:00","og_image":[{"width":1436,"height":1929,"url":"https:\/\/staging.csviator-intl.org\/wp-content\/uploads\/2026\/04\/usa-photo1-1.jpeg","type":"image\/jpeg"}],"twitter_card":"summary_large_image","twitter_misc":{"Tiempo de lectura":"4 minutos"},"schema":{"@context":"https:\/\/schema.org","@graph":[{"@type":"WebPage","@id":"https:\/\/staging.csviator-intl.org\/province-usa\/","url":"https:\/\/staging.csviator-intl.org\/province-usa\/","name":"Provincia de los Estados Unidos \u2013 Viatorianos Internacional","isPartOf":{"@id":"https:\/\/staging.csviator-intl.org\/#website"},"primaryImageOfPage":{"@id":"https:\/\/staging.csviator-intl.org\/province-usa\/#primaryimage"},"image":{"@id":"https:\/\/staging.csviator-intl.org\/province-usa\/#primaryimage"},"thumbnailUrl":"https:\/\/staging.csviator-intl.org\/wp-content\/uploads\/2026\/04\/usa-photo1-1.jpeg","datePublished":"2026-03-14T20:35:03+00:00","dateModified":"2026-04-25T11:51:49+00:00","description":"La Provincia de los Estados Unidos de los Cl\u00e9rigos de San Viator. Educaci\u00f3n y misi\u00f3n pastoral en los Estados Unidos.","breadcrumb":{"@id":"https:\/\/staging.csviator-intl.org\/province-usa\/#breadcrumb"},"inLanguage":"es","potentialAction":[{"@type":"ReadAction","target":["https:\/\/staging.csviator-intl.org\/province-usa\/"]}]},{"@type":"ImageObject","inLanguage":"es","@id":"https:\/\/staging.csviator-intl.org\/province-usa\/#primaryimage","url":"https:\/\/staging.csviator-intl.org\/wp-content\/uploads\/2026\/04\/usa-photo1-1.jpeg","contentUrl":"https:\/\/staging.csviator-intl.org\/wp-content\/uploads\/2026\/04\/usa-photo1-1.jpeg","width":1436,"height":1929},{"@type":"BreadcrumbList","@id":"https:\/\/staging.csviator-intl.org\/province-usa\/#breadcrumb","itemListElement":[{"@type":"ListItem","position":1,"name":"Home","item":"https:\/\/staging.csviator-intl.org\/"},{"@type":"ListItem","position":2,"name":"Province des \u00c9tats-Unis"}]},{"@type":"WebSite","@id":"https:\/\/staging.csviator-intl.org\/#website","url":"https:\/\/staging.csviator-intl.org\/","name":"Viatorians International","description":"Cl\u00e9rigos de San Viator","alternateName":"CSV","potentialAction":[{"@type":"SearchAction","target":{"@type":"EntryPoint","urlTemplate":"https:\/\/staging.csviator-intl.org\/?s={search_term_string}"},"query-input":{"@type":"PropertyValueSpecification","valueRequired":true,"valueName":"search_term_string"}}],"inLanguage":"es"}]}},"_links":{"self":[{"href":"https:\/\/staging.csviator-intl.org\/es\/wp-json\/wp\/v2\/pages\/24","targetHints":{"allow":["GET"]}}],"collection":[{"href":"https:\/\/staging.csviator-intl.org\/es\/wp-json\/wp\/v2\/pages"}],"about":[{"href":"https:\/\/staging.csviator-intl.org\/es\/wp-json\/wp\/v2\/types\/page"}],"author":[{"embeddable":true,"href":"https:\/\/staging.csviator-intl.org\/es\/wp-json\/wp\/v2\/users\/1"}],"replies":[{"embeddable":true,"href":"https:\/\/staging.csviator-intl.org\/es\/wp-json\/wp\/v2\/comments?post=24"}],"version-history":[{"count":11,"href":"https:\/\/staging.csviator-intl.org\/es\/wp-json\/wp\/v2\/pages\/24\/revisions"}],"predecessor-version":[{"id":379,"href":"https:\/\/staging.csviator-intl.org\/es\/wp-json\/wp\/v2\/pages\/24\/revisions\/379"}],"wp:featuredmedia":[{"embeddable":true,"href":"https:\/\/staging.csviator-intl.org\/es\/wp-json\/wp\/v2\/media\/237"}],"wp:attachment":[{"href":"https:\/\/staging.csviator-intl.org\/es\/wp-json\/wp\/v2\/media?parent=24"}],"curies":[{"name":"wp","href":"https:\/\/api.w.org\/{rel}","templated":true}]}}