{"id":22,"date":"2026-03-14T20:34:16","date_gmt":"2026-03-14T20:34:16","guid":{"rendered":"https:\/\/staging.csviator-intl.org\/province-chili\/"},"modified":"2026-04-25T11:51:49","modified_gmt":"2026-04-25T11:51:49","slug":"provincia-chile","status":"publish","type":"page","link":"https:\/\/staging.csviator-intl.org\/es\/province-chili\/","title":{"rendered":"Provincia de Chile"},"content":{"rendered":"<section class=\"region-narrative\">\n<div class=\"region-container\">\n<div class=\"region-text\">\n<p class=\"region-dropcap\">La presencia de los Cl\u00e9rigos de San Viator en Chile comenz\u00f3 el 16 de noviembre de 1957, con la llegada a Vi\u00f1a del Mar de dos hermanos viadores procedentes de Espa\u00f1a: Saturnino San Mart\u00edn y C\u00e9sar Elorrieta. Apenas unos meses despu\u00e9s, en marzo de 1958, se hicieron cargo del Colegio Parroquial San Antonio, fundado por el sacerdote F\u00e9lix Ruiz de Escudero, quien a su vez fue alumno del Colegio San Jos\u00e9 de Vitoria, dirigido por los Cl\u00e9rigos de San Viator.<\/p>\n<p class=\"region-p\" data-reveal>El 2 de febrero de 1962, la congregaci\u00f3n estableci\u00f3 una nueva comunidad en el fundo La Laguna de Curacav\u00ed, en donde administr\u00f3 una escuela b\u00e1sica por cuatro a\u00f1os. El 4 de marzo de 1963, se dio un importante paso con la inauguraci\u00f3n del Colegio San Viator de Ovalle, ubicado en la cuarta regi\u00f3n.<\/p>\n<p class=\"region-p\" data-reveal>En marzo de 1964, respondiendo a una invitaci\u00f3n de la Sociedad Protectora de la Infancia, la congregaci\u00f3n se hizo cargo del complejo educativo Las Nieves en Puente Alto. Permanecieron all\u00ed durante 27 a\u00f1os, marcando profundamente la formaci\u00f3n de los estudiantes y de la comunidad educativa. El 24 de febrero de 1980, los Viatorianos se hicieron cargo de la parroquia El Divino Salvador en Ovalle, reforzando as\u00ed su presencia pastoral en la regi\u00f3n.<\/p>\n<p class=\"region-p\" data-reveal>El 15 de agosto de 1987, la Delegaci\u00f3n de los Cl\u00e9rigos de San Viator de Chile accedi\u00f3 al estatus de Regi\u00f3n, consolidando su autonom\u00eda dentro de la congregaci\u00f3n. Un a\u00f1o despu\u00e9s, en 1988, los primeros asociados chilenos hicieron sus votos, enriqueciendo la congregaci\u00f3n con su carisma laico. En 1989, se inaugur\u00f3 el Colegio San Viator de Macul en la Regi\u00f3n Metropolitana. Cinco a\u00f1os m\u00e1s tarde, en 1994, comenzaron las clases en el Liceo Polit\u00e9cnico El Se\u00f1or de Renca, fortaleciendo el compromiso con la ense\u00f1anza t\u00e9cnica y la promoci\u00f3n social.<\/p>\n<p class=\"region-p\" data-reveal>La misi\u00f3n viatoriana se extendi\u00f3 m\u00e1s all\u00e1 de las fronteras chilenas en junio de 2001, cuando el Hermano Jos\u00e9 Antonio Izaga y el Padre Luis Trigueros llevaron el carisma viatoriano al \u00abAlto Beni\u00bb, en Bolivia. El 9 de febrero de 2003 marc\u00f3 un hito importante: la creaci\u00f3n de la Provincia de Chile. La sede provincial se estableci\u00f3 inicialmente en la comuna de La Florida antes de ser trasladada, en 2018, a una casa contigua al Colegio San Viator de Macul.<\/p>\n<p class=\"region-p\" data-reveal>En enero de 2005, la experiencia del noviciado CLAC se inici\u00f3 en Puente Alto con un grupo de novicios de la fundaci\u00f3n de Hait\u00ed. En 2007, naci\u00f3 el proyecto educativo del Colegio San Viator de Villa Alemana. Ese mismo a\u00f1o, los Viator asumieron la administraci\u00f3n de una parroquia en Cochabamba, Bolivia, servicio pastoral que se llev\u00f3 a cabo con dedicaci\u00f3n hasta finales del a\u00f1o 2019.<\/p>\n<p class=\"region-p\" data-reveal>El cap\u00edtulo provincial del 28 de abril de 2012 aprob\u00f3 la creaci\u00f3n del Centro de Orientaci\u00f3n Vocacional Querbes en Vi\u00f1a del Mar, un espacio dedicado a la acogida y reflexi\u00f3n de j\u00f3venes. En 2019, la provincia retom\u00f3 la parroquia San Juan Evangelista en Vi\u00f1a del Mar. Adem\u00e1s, el 19 de agosto de 2019, se cre\u00f3 la parroquia de \u00abLa Inmaculada\u00bb en Ovalle, a partir de la divisi\u00f3n de la parroquia \u00abEl Divino Salvador\u00bb.<\/p>\n<p class=\"region-p\" data-reveal>La provincia cuenta adem\u00e1s con tres casas de retiro (Olmu\u00e9, Sotaqu\u00ed y Puente Alto) dedicadas a la oraci\u00f3n y formaci\u00f3n. La historia de los Vicentinos en Chile est\u00e1 marcada por el sacrificio y la generosidad de muchos religiosos y asociados entregados a dar a conocer y adorar a Jes\u00fas.<\/p>\n<p class=\"region-p\" data-reveal>Actualmente, bajo la direcci\u00f3n del P. Marcelo Lamas Morales, Superior provincial desde 2015, la provincia contin\u00faa su misi\u00f3n. En su tercer mandato (2023-2026), sigue guiando a los Escolapios en su labor de evangelizaci\u00f3n. Esta historia permanece viva, escrita cada d\u00eda por cada miembro de la comunidad en su esfuerzo por construir el Reino de Dios.<\/p>\n<\/div>\n<\/div>\n<\/section>\n<section class=\"region-gallery-section\">\n<div class=\"region-container\">\n<h2 class=\"region-section-title\"><i class=\"fas fa-images\"><\/i> Galer\u00eda <span class=\"accent\">Fotos<\/span><\/h2>\n<div class=\"csv-gallery\">\n<div class=\"csv-gallery-item\"><img decoding=\"async\" src=\"https:\/\/staging.csviator-intl.org\/wp-content\/uploads\/2026\/04\/chile-photo1-1.jpeg\" alt=\"\" loading=\"lazy\"><\/div>\n<div class=\"csv-gallery-item\"><img decoding=\"async\" src=\"https:\/\/staging.csviator-intl.org\/wp-content\/uploads\/2026\/04\/chile-photo2-1.jpeg\" alt=\"\" loading=\"lazy\"><\/div>\n<div class=\"csv-gallery-item\"><img decoding=\"async\" src=\"https:\/\/staging.csviator-intl.org\/wp-content\/uploads\/2026\/04\/chile-photo3-1.jpeg\" alt=\"\" loading=\"lazy\"><\/div>\n<div class=\"csv-gallery-item\"><img decoding=\"async\" src=\"https:\/\/staging.csviator-intl.org\/wp-content\/uploads\/2026\/04\/chile-photo4-1.jpeg\" alt=\"\" loading=\"lazy\"><\/div>\n<div class=\"csv-gallery-item\"><img decoding=\"async\" src=\"https:\/\/staging.csviator-intl.org\/wp-content\/uploads\/2026\/04\/chile-photo5-1.png\" alt=\"\" loading=\"lazy\"><\/div>\n<\/div>\n<\/div>\n<\/section>","protected":false},"excerpt":{"rendered":"<p>La pr\u00e9sence des Clercs de Saint-Viateur au Chili a d\u00e9but\u00e9 le 16 novembre 1957, avec l\u2019arriv\u00e9e \u00e0 Vi\u00f1a del Mar de deux fr\u00e8res viateurs venus d\u2019Espagne : Saturnino San Mart\u00edn et C\u00e9sar Elorrieta. \u00c0 peine quelques mois plus tard, en mars 1958, ils ont pris la direction du Coll\u00e8ge Paroissial San Antonio, fond\u00e9 par le [&hellip;]<\/p>\n","protected":false},"author":1,"featured_media":199,"parent":0,"menu_order":0,"comment_status":"closed","ping_status":"closed","template":"elementor_header_footer","meta":{"footnotes":""},"class_list":["post-22","page","type-page","status-publish","has-post-thumbnail","hentry"],"yoast_head":"<!-- This site is optimized with the Yoast SEO plugin v27.6 - https:\/\/yoast.com\/product\/yoast-seo-wordpress\/ -->\n<title>Province du Chili \u2013 Viatorians International<\/title>\n<meta name=\"description\" content=\"La Province du Chili des Clercs de Saint-Viateur. Mission \u00e9ducative et pastorale en Am\u00e9rique du Sud.\" \/>\n<meta name=\"robots\" content=\"index, follow, max-snippet:-1, max-image-preview:large, max-video-preview:-1\" \/>\n<link rel=\"canonical\" href=\"https:\/\/staging.csviator-intl.org\/es\/provincia-chile\/\" \/>\n<meta property=\"og:locale\" content=\"es_ES\" \/>\n<meta property=\"og:type\" content=\"article\" \/>\n<meta property=\"og:title\" content=\"Province du Chili \u2013 Viatorians International\" \/>\n<meta property=\"og:description\" content=\"La Province du Chili des Clercs de Saint-Viateur. Mission \u00e9ducative et pastorale en Am\u00e9rique du Sud.\" \/>\n<meta property=\"og:url\" content=\"https:\/\/staging.csviator-intl.org\/es\/provincia-chile\/\" \/>\n<meta property=\"og:site_name\" content=\"Viatorians International\" \/>\n<meta property=\"article:modified_time\" content=\"2026-04-25T11:51:49+00:00\" \/>\n<meta property=\"og:image\" content=\"https:\/\/staging.csviator-intl.org\/wp-content\/uploads\/2026\/04\/chile-photo1-1.jpeg\" \/>\n\t<meta property=\"og:image:width\" content=\"1350\" \/>\n\t<meta property=\"og:image:height\" content=\"759\" \/>\n\t<meta property=\"og:image:type\" content=\"image\/jpeg\" \/>\n<meta name=\"twitter:card\" content=\"summary_large_image\" \/>\n<meta name=\"twitter:label1\" content=\"Tiempo de lectura\" \/>\n\t<meta name=\"twitter:data1\" content=\"3 minutos\" \/>\n<script type=\"application\/ld+json\" class=\"yoast-schema-graph\">{\"@context\":\"https:\\\/\\\/schema.org\",\"@graph\":[{\"@type\":\"WebPage\",\"@id\":\"https:\\\/\\\/staging.csviator-intl.org\\\/province-chili\\\/\",\"url\":\"https:\\\/\\\/staging.csviator-intl.org\\\/province-chili\\\/\",\"name\":\"Province du Chili \u2013 Viatorians International\",\"isPartOf\":{\"@id\":\"https:\\\/\\\/staging.csviator-intl.org\\\/#website\"},\"primaryImageOfPage\":{\"@id\":\"https:\\\/\\\/staging.csviator-intl.org\\\/province-chili\\\/#primaryimage\"},\"image\":{\"@id\":\"https:\\\/\\\/staging.csviator-intl.org\\\/province-chili\\\/#primaryimage\"},\"thumbnailUrl\":\"https:\\\/\\\/staging.csviator-intl.org\\\/wp-content\\\/uploads\\\/2026\\\/04\\\/chile-photo1-1.jpeg\",\"datePublished\":\"2026-03-14T20:34:16+00:00\",\"dateModified\":\"2026-04-25T11:51:49+00:00\",\"description\":\"La Province du Chili des Clercs de Saint-Viateur. Mission \u00e9ducative et pastorale en Am\u00e9rique du Sud.\",\"breadcrumb\":{\"@id\":\"https:\\\/\\\/staging.csviator-intl.org\\\/province-chili\\\/#breadcrumb\"},\"inLanguage\":\"es\",\"potentialAction\":[{\"@type\":\"ReadAction\",\"target\":[\"https:\\\/\\\/staging.csviator-intl.org\\\/province-chili\\\/\"]}]},{\"@type\":\"ImageObject\",\"inLanguage\":\"es\",\"@id\":\"https:\\\/\\\/staging.csviator-intl.org\\\/province-chili\\\/#primaryimage\",\"url\":\"https:\\\/\\\/staging.csviator-intl.org\\\/wp-content\\\/uploads\\\/2026\\\/04\\\/chile-photo1-1.jpeg\",\"contentUrl\":\"https:\\\/\\\/staging.csviator-intl.org\\\/wp-content\\\/uploads\\\/2026\\\/04\\\/chile-photo1-1.jpeg\",\"width\":1350,\"height\":759},{\"@type\":\"BreadcrumbList\",\"@id\":\"https:\\\/\\\/staging.csviator-intl.org\\\/province-chili\\\/#breadcrumb\",\"itemListElement\":[{\"@type\":\"ListItem\",\"position\":1,\"name\":\"Home\",\"item\":\"https:\\\/\\\/staging.csviator-intl.org\\\/\"},{\"@type\":\"ListItem\",\"position\":2,\"name\":\"Province du Chili\"}]},{\"@type\":\"WebSite\",\"@id\":\"https:\\\/\\\/staging.csviator-intl.org\\\/#website\",\"url\":\"https:\\\/\\\/staging.csviator-intl.org\\\/\",\"name\":\"Viatorians International\",\"description\":\"Clercs de Saint-Viateur\",\"alternateName\":\"CSV\",\"potentialAction\":[{\"@type\":\"SearchAction\",\"target\":{\"@type\":\"EntryPoint\",\"urlTemplate\":\"https:\\\/\\\/staging.csviator-intl.org\\\/?s={search_term_string}\"},\"query-input\":{\"@type\":\"PropertyValueSpecification\",\"valueRequired\":true,\"valueName\":\"search_term_string\"}}],\"inLanguage\":\"es\"}]}<\/script>\n<!-- \/ Yoast SEO plugin. -->","yoast_head_json":{"title":"Provincia de Chile \u2013 Viatorianos Internacional","description":"La Provincia de Chile de los Cl\u00e9rigos de Saint-Viateur. Misi\u00f3n educativa y pastoral en Am\u00e9rica del Sur.","robots":{"index":"index","follow":"follow","max-snippet":"max-snippet:-1","max-image-preview":"max-image-preview:large","max-video-preview":"max-video-preview:-1"},"canonical":"https:\/\/staging.csviator-intl.org\/es\/provincia-chile\/","og_locale":"es_ES","og_type":"article","og_title":"Province du Chili \u2013 Viatorians International","og_description":"La Province du Chili des Clercs de Saint-Viateur. Mission \u00e9ducative et pastorale en Am\u00e9rique du Sud.","og_url":"https:\/\/staging.csviator-intl.org\/es\/provincia-chile\/","og_site_name":"Viatorians International","article_modified_time":"2026-04-25T11:51:49+00:00","og_image":[{"width":1350,"height":759,"url":"https:\/\/staging.csviator-intl.org\/wp-content\/uploads\/2026\/04\/chile-photo1-1.jpeg","type":"image\/jpeg"}],"twitter_card":"summary_large_image","twitter_misc":{"Tiempo de lectura":"3 minutos"},"schema":{"@context":"https:\/\/schema.org","@graph":[{"@type":"WebPage","@id":"https:\/\/staging.csviator-intl.org\/province-chili\/","url":"https:\/\/staging.csviator-intl.org\/province-chili\/","name":"Provincia de Chile \u2013 Viatorianos Internacional","isPartOf":{"@id":"https:\/\/staging.csviator-intl.org\/#website"},"primaryImageOfPage":{"@id":"https:\/\/staging.csviator-intl.org\/province-chili\/#primaryimage"},"image":{"@id":"https:\/\/staging.csviator-intl.org\/province-chili\/#primaryimage"},"thumbnailUrl":"https:\/\/staging.csviator-intl.org\/wp-content\/uploads\/2026\/04\/chile-photo1-1.jpeg","datePublished":"2026-03-14T20:34:16+00:00","dateModified":"2026-04-25T11:51:49+00:00","description":"La Provincia de Chile de los Cl\u00e9rigos de Saint-Viateur. Misi\u00f3n educativa y pastoral en Am\u00e9rica del Sur.","breadcrumb":{"@id":"https:\/\/staging.csviator-intl.org\/province-chili\/#breadcrumb"},"inLanguage":"es","potentialAction":[{"@type":"ReadAction","target":["https:\/\/staging.csviator-intl.org\/province-chili\/"]}]},{"@type":"ImageObject","inLanguage":"es","@id":"https:\/\/staging.csviator-intl.org\/province-chili\/#primaryimage","url":"https:\/\/staging.csviator-intl.org\/wp-content\/uploads\/2026\/04\/chile-photo1-1.jpeg","contentUrl":"https:\/\/staging.csviator-intl.org\/wp-content\/uploads\/2026\/04\/chile-photo1-1.jpeg","width":1350,"height":759},{"@type":"BreadcrumbList","@id":"https:\/\/staging.csviator-intl.org\/province-chili\/#breadcrumb","itemListElement":[{"@type":"ListItem","position":1,"name":"Home","item":"https:\/\/staging.csviator-intl.org\/"},{"@type":"ListItem","position":2,"name":"Province du Chili"}]},{"@type":"WebSite","@id":"https:\/\/staging.csviator-intl.org\/#website","url":"https:\/\/staging.csviator-intl.org\/","name":"Viatorians International","description":"Cl\u00e9rigos de San Viator","alternateName":"CSV","potentialAction":[{"@type":"SearchAction","target":{"@type":"EntryPoint","urlTemplate":"https:\/\/staging.csviator-intl.org\/?s={search_term_string}"},"query-input":{"@type":"PropertyValueSpecification","valueRequired":true,"valueName":"search_term_string"}}],"inLanguage":"es"}]}},"_links":{"self":[{"href":"https:\/\/staging.csviator-intl.org\/es\/wp-json\/wp\/v2\/pages\/22","targetHints":{"allow":["GET"]}}],"collection":[{"href":"https:\/\/staging.csviator-intl.org\/es\/wp-json\/wp\/v2\/pages"}],"about":[{"href":"https:\/\/staging.csviator-intl.org\/es\/wp-json\/wp\/v2\/types\/page"}],"author":[{"embeddable":true,"href":"https:\/\/staging.csviator-intl.org\/es\/wp-json\/wp\/v2\/users\/1"}],"replies":[{"embeddable":true,"href":"https:\/\/staging.csviator-intl.org\/es\/wp-json\/wp\/v2\/comments?post=22"}],"version-history":[{"count":11,"href":"https:\/\/staging.csviator-intl.org\/es\/wp-json\/wp\/v2\/pages\/22\/revisions"}],"predecessor-version":[{"id":377,"href":"https:\/\/staging.csviator-intl.org\/es\/wp-json\/wp\/v2\/pages\/22\/revisions\/377"}],"wp:featuredmedia":[{"embeddable":true,"href":"https:\/\/staging.csviator-intl.org\/es\/wp-json\/wp\/v2\/media\/199"}],"wp:attachment":[{"href":"https:\/\/staging.csviator-intl.org\/es\/wp-json\/wp\/v2\/media?parent=22"}],"curies":[{"name":"wp","href":"https:\/\/api.w.org\/{rel}","templated":true}]}}