{"id":21,"date":"2026-03-14T20:33:58","date_gmt":"2026-03-14T20:33:58","guid":{"rendered":"https:\/\/staging.csviator-intl.org\/province-canada\/"},"modified":"2026-04-25T11:51:49","modified_gmt":"2026-04-25T11:51:49","slug":"province-canada","status":"publish","type":"page","link":"https:\/\/staging.csviator-intl.org\/es\/province-canada\/","title":{"rendered":"Provincia de Canad\u00e1"},"content":{"rendered":"<section class=\"region-narrative\">\n<div class=\"region-container\">\n<div class=\"region-text\">\n<p class=\"region-dropcap\">En 1847, tres valerosos cohermanos franceses, apoyados por el Arzobispo de Montreal, Mgr Ignace Bourget, implantaron el carisma Viator en L\u2019Industrie (Joliette). La comunidad experiment\u00f3 un r\u00e1pido crecimiento, lo que les permiti\u00f3 enviar cohermanos a todos los rincones del pa\u00eds, principalmente a las provincias de Quebec, Ontario y Manitoba. Luego, nuestros hermanos fueron atra\u00eddos por la misi\u00f3n en el mundo. La provincia as\u00ed implant\u00f3 el carisma en los Estados Unidos, China, Taiw\u00e1n, Jap\u00f3n, Per\u00fa, Hait\u00ed y, finalmente, en Burkina Faso. Varios cohermanos tambi\u00e9n colaboraron en organizaciones internacionales de la comunidad y apoyaron obras en Francia y Costa de Marfil.<\/p>\n<p class=\"region-p\" data-reveal>Los a\u00f1os 60 trajeron un verdadero terremoto para la Iglesia de Quebec y las comunidades religiosas. La \u00abRevoluci\u00f3n Tranquila\u00bb vio al estado retomar el control de los establecimientos educativos y hospitalarios, as\u00ed como de los servicios sociales y de ocio. Lentamente, la comunidad disminuy\u00f3 en n\u00famero de cofrades y en lugares de inserci\u00f3n.<\/p>\n<p class=\"region-p\" data-reveal>Hoy, la provincia es responsable de las comunidades locales de Jap\u00f3n y Per\u00fa y de las dos regiones de Burkina Faso y Hait\u00ed.<\/p>\n<p class=\"region-p\" data-reveal>La Provincia de Canad\u00e1 est\u00e1 animada por un consejo provincial compuesto por tres miembros: el H. Jean-Marc St-Jacques, Superior provincial, el P. G\u00e9rard Bernatchez, Asistente provincial, el H. Yvon Rolland, Consejero. Diez cohermanos, elegidos por todos los religiosos, forman, junto con el Consejo provincial y el Ec\u00f3nomo provincial, el Cap\u00edtulo provincial. Por su parte, la Asamblea de la Comunidad Viatoriana agrupa a todos los religiosos y asociados de Canad\u00e1. Se ha dotado de un consejo compuesto por los miembros del consejo provincial y tres asociados elegidos por la asamblea: Hernio Carri\u00e9, Lorraine Decelles y Annie Perreault. Su mandato es apoyar la vida espiritual, la misi\u00f3n y la comuni\u00f3n fraterna.<\/p>\n<p class=\"region-p\" data-reveal>Las obras y los compromisos de los Claretianos<\/p>\n<p class=\"region-p\" data-reveal>Varios Viadores tienen compromisos personales en diversos lugares: escuelas, parroquias y servicios diocesanos, movimientos y campamentos, acompa\u00f1amiento de personas, presencia entre los empobrecidos, apoyo a grupos comunitarios, etc. Esto es una contribuci\u00f3n valiosa para la Iglesia y la sociedad.<\/p>\n<p class=\"region-p\" data-reveal>Los Viatorianos canadienses son los responsables de dos parroquias: Ste-B\u00e9atrice en Laval (di\u00f3cesis de Montreal) y Ste-Madeleine de Rigaud (di\u00f3cesis de Valleyfield).<\/p>\n<p class=\"region-p\" data-reveal>En el verano de 2024, el Servicio de Preparaci\u00f3n a la Vida (SPV) celebr\u00f3 el 60\u00ba aniversario de su fundaci\u00f3n y en el verano de 2025, fue el turno de los Campamentos del Futuro (lago Ouimet) para hacer lo mismo. Estas dos organizaciones proponen una educaci\u00f3n a la fraternidad al estilo de los primeros cristianos (Hechos de los Ap\u00f3stoles 2, 42-47). El SPV contin\u00faa su presencia en Quebec y en otras partes del mundo (Hait\u00ed, Per\u00fa, Burkina Faso, Costa de Marfil, Camer\u00fan, Togo, RD Congo, Madagascar, Uganda). Varios religiosos\/as y asociados\/as est\u00e1n comprometidos\/as en estas dos obras aqu\u00ed en Quebec, pero tambi\u00e9n en Hait\u00ed, Per\u00fa, Burkina Faso y Costa de Marfil.<\/p>\n<p class=\"region-p\" data-reveal>La Maison de la Fe al servicio del mundo de la sordera se dirige a personas con discapacidad auditiva, pero tambi\u00e9n a personas que trabajan en este \u00e1mbito particular. Las actividades pastorales y las celebraciones son el centro de sus acciones. Una sopa popular, la \u00absopa de Marie-Paule\u00bb, re\u00fane regularmente a unas veinte personas en busca de comida, pero sobre todo de intercambios fraternos.<\/p>\n<p class=\"region-p\" data-reveal>El Servicio Catequ\u00e9tico Viator contin\u00faa su oferta de servicios con toda sencillez. Sigue siendo consultado por numerosas personas y produce diversos documentos para apoyar la formaci\u00f3n de los catequistas.<\/p>\n<p class=\"region-p\" data-reveal>El Santuario de Lourdes celebr\u00f3 su 150 aniversario durante toda la temporada 2024. Contin\u00faa acogiendo a miles de peregrinos cada verano.<\/p>\n<\/div>\n<\/div>\n<\/section>\n<section class=\"region-gallery-section\">\n<div class=\"region-container\">\n<h2 class=\"region-section-title\"><i class=\"fas fa-images\"><\/i> Galer\u00eda <span class=\"accent\">Fotos<\/span><\/h2>\n<div class=\"csv-gallery\">\n<div class=\"csv-gallery-item\"><img decoding=\"async\" src=\"https:\/\/staging.csviator-intl.org\/wp-content\/uploads\/2026\/04\/canada-photo1-1.jpeg\" alt=\"\" loading=\"lazy\"><\/div>\n<div class=\"csv-gallery-item\"><img decoding=\"async\" src=\"https:\/\/staging.csviator-intl.org\/wp-content\/uploads\/2026\/04\/canada-photo2-1.png\" alt=\"\" loading=\"lazy\"><\/div>\n<div class=\"csv-gallery-item\"><img decoding=\"async\" src=\"https:\/\/staging.csviator-intl.org\/wp-content\/uploads\/2026\/04\/canada-photo3-1.png\" alt=\"\" loading=\"lazy\"><\/div>\n<div class=\"csv-gallery-item\"><img decoding=\"async\" src=\"https:\/\/staging.csviator-intl.org\/wp-content\/uploads\/2026\/04\/canada-photo4-1.png\" alt=\"\" loading=\"lazy\"><\/div>\n<div class=\"csv-gallery-item\"><img decoding=\"async\" src=\"https:\/\/staging.csviator-intl.org\/wp-content\/uploads\/2026\/04\/canada-photo5-1.jpeg\" alt=\"\" loading=\"lazy\"><\/div>\n<\/div>\n<\/div>\n<\/section>","protected":false},"excerpt":{"rendered":"<p>En 1847, trois valeureux confr\u00e8res fran\u00e7ais, soutenus par l\u2019archev\u00eaque de Montr\u00e9al, Mgr Ignace Bourget, implantent le charisme viatorien \u00e0 L\u2019Industrie (Joliette). La communaut\u00e9 a connu une croissance rapide lui permettant d\u2019envoyer des confr\u00e8res aux quatre coins du pays, principalement dans les provinces du Qu\u00e9bec, de l\u2019Ontario et du Manitoba. Puis, nos fr\u00e8res ont \u00e9t\u00e9 attir\u00e9s [&hellip;]<\/p>\n","protected":false},"author":1,"featured_media":194,"parent":0,"menu_order":0,"comment_status":"closed","ping_status":"closed","template":"elementor_header_footer","meta":{"footnotes":""},"class_list":["post-21","page","type-page","status-publish","has-post-thumbnail","hentry"],"yoast_head":"<!-- This site is optimized with the Yoast SEO plugin v27.6 - https:\/\/yoast.com\/product\/yoast-seo-wordpress\/ -->\n<title>Province du Canada \u2013 Viatorians International<\/title>\n<meta name=\"description\" content=\"La Province du Canada des Clercs de Saint-Viateur. Pr\u00e9sence viatorienne au Canada depuis 1847.\" \/>\n<meta name=\"robots\" content=\"index, follow, max-snippet:-1, max-image-preview:large, max-video-preview:-1\" \/>\n<link rel=\"canonical\" href=\"https:\/\/staging.csviator-intl.org\/es\/province-canada\/\" \/>\n<meta property=\"og:locale\" content=\"es_ES\" \/>\n<meta property=\"og:type\" content=\"article\" \/>\n<meta property=\"og:title\" content=\"Province du Canada \u2013 Viatorians International\" \/>\n<meta property=\"og:description\" content=\"La Province du Canada des Clercs de Saint-Viateur. Pr\u00e9sence viatorienne au Canada depuis 1847.\" \/>\n<meta property=\"og:url\" content=\"https:\/\/staging.csviator-intl.org\/es\/province-canada\/\" \/>\n<meta property=\"og:site_name\" content=\"Viatorians International\" \/>\n<meta property=\"article:modified_time\" content=\"2026-04-25T11:51:49+00:00\" \/>\n<meta property=\"og:image\" content=\"https:\/\/staging.csviator-intl.org\/wp-content\/uploads\/2026\/04\/canada-photo1-1.jpeg\" \/>\n\t<meta property=\"og:image:width\" content=\"1438\" \/>\n\t<meta property=\"og:image:height\" content=\"1078\" \/>\n\t<meta property=\"og:image:type\" content=\"image\/jpeg\" \/>\n<meta name=\"twitter:card\" content=\"summary_large_image\" \/>\n<meta name=\"twitter:label1\" content=\"Tiempo de lectura\" \/>\n\t<meta name=\"twitter:data1\" content=\"3 minutos\" \/>\n<script type=\"application\/ld+json\" class=\"yoast-schema-graph\">{\"@context\":\"https:\\\/\\\/schema.org\",\"@graph\":[{\"@type\":\"WebPage\",\"@id\":\"https:\\\/\\\/staging.csviator-intl.org\\\/province-canada\\\/\",\"url\":\"https:\\\/\\\/staging.csviator-intl.org\\\/province-canada\\\/\",\"name\":\"Province du Canada \u2013 Viatorians International\",\"isPartOf\":{\"@id\":\"https:\\\/\\\/staging.csviator-intl.org\\\/#website\"},\"primaryImageOfPage\":{\"@id\":\"https:\\\/\\\/staging.csviator-intl.org\\\/province-canada\\\/#primaryimage\"},\"image\":{\"@id\":\"https:\\\/\\\/staging.csviator-intl.org\\\/province-canada\\\/#primaryimage\"},\"thumbnailUrl\":\"https:\\\/\\\/staging.csviator-intl.org\\\/wp-content\\\/uploads\\\/2026\\\/04\\\/canada-photo1-1.jpeg\",\"datePublished\":\"2026-03-14T20:33:58+00:00\",\"dateModified\":\"2026-04-25T11:51:49+00:00\",\"description\":\"La Province du Canada des Clercs de Saint-Viateur. Pr\u00e9sence viatorienne au Canada depuis 1847.\",\"breadcrumb\":{\"@id\":\"https:\\\/\\\/staging.csviator-intl.org\\\/province-canada\\\/#breadcrumb\"},\"inLanguage\":\"es\",\"potentialAction\":[{\"@type\":\"ReadAction\",\"target\":[\"https:\\\/\\\/staging.csviator-intl.org\\\/province-canada\\\/\"]}]},{\"@type\":\"ImageObject\",\"inLanguage\":\"es\",\"@id\":\"https:\\\/\\\/staging.csviator-intl.org\\\/province-canada\\\/#primaryimage\",\"url\":\"https:\\\/\\\/staging.csviator-intl.org\\\/wp-content\\\/uploads\\\/2026\\\/04\\\/canada-photo1-1.jpeg\",\"contentUrl\":\"https:\\\/\\\/staging.csviator-intl.org\\\/wp-content\\\/uploads\\\/2026\\\/04\\\/canada-photo1-1.jpeg\",\"width\":1438,\"height\":1078},{\"@type\":\"BreadcrumbList\",\"@id\":\"https:\\\/\\\/staging.csviator-intl.org\\\/province-canada\\\/#breadcrumb\",\"itemListElement\":[{\"@type\":\"ListItem\",\"position\":1,\"name\":\"Home\",\"item\":\"https:\\\/\\\/staging.csviator-intl.org\\\/\"},{\"@type\":\"ListItem\",\"position\":2,\"name\":\"Province du Canada\"}]},{\"@type\":\"WebSite\",\"@id\":\"https:\\\/\\\/staging.csviator-intl.org\\\/#website\",\"url\":\"https:\\\/\\\/staging.csviator-intl.org\\\/\",\"name\":\"Viatorians International\",\"description\":\"Clercs de Saint-Viateur\",\"alternateName\":\"CSV\",\"potentialAction\":[{\"@type\":\"SearchAction\",\"target\":{\"@type\":\"EntryPoint\",\"urlTemplate\":\"https:\\\/\\\/staging.csviator-intl.org\\\/?s={search_term_string}\"},\"query-input\":{\"@type\":\"PropertyValueSpecification\",\"valueRequired\":true,\"valueName\":\"search_term_string\"}}],\"inLanguage\":\"es\"}]}<\/script>\n<!-- \/ Yoast SEO plugin. -->","yoast_head_json":{"title":"Province du Canada \u2013 Viatorians International","description":"La Province du Canada des Clercs de Saint-Viateur. Pr\u00e9sence viatorienne au Canada depuis 1847.","robots":{"index":"index","follow":"follow","max-snippet":"max-snippet:-1","max-image-preview":"max-image-preview:large","max-video-preview":"max-video-preview:-1"},"canonical":"https:\/\/staging.csviator-intl.org\/es\/province-canada\/","og_locale":"es_ES","og_type":"article","og_title":"Province du Canada \u2013 Viatorians International","og_description":"La Province du Canada des Clercs de Saint-Viateur. Pr\u00e9sence viatorienne au Canada depuis 1847.","og_url":"https:\/\/staging.csviator-intl.org\/es\/province-canada\/","og_site_name":"Viatorians International","article_modified_time":"2026-04-25T11:51:49+00:00","og_image":[{"width":1438,"height":1078,"url":"https:\/\/staging.csviator-intl.org\/wp-content\/uploads\/2026\/04\/canada-photo1-1.jpeg","type":"image\/jpeg"}],"twitter_card":"summary_large_image","twitter_misc":{"Tiempo de lectura":"3 minutos"},"schema":{"@context":"https:\/\/schema.org","@graph":[{"@type":"WebPage","@id":"https:\/\/staging.csviator-intl.org\/province-canada\/","url":"https:\/\/staging.csviator-intl.org\/province-canada\/","name":"Province du Canada \u2013 Viatorians International","isPartOf":{"@id":"https:\/\/staging.csviator-intl.org\/#website"},"primaryImageOfPage":{"@id":"https:\/\/staging.csviator-intl.org\/province-canada\/#primaryimage"},"image":{"@id":"https:\/\/staging.csviator-intl.org\/province-canada\/#primaryimage"},"thumbnailUrl":"https:\/\/staging.csviator-intl.org\/wp-content\/uploads\/2026\/04\/canada-photo1-1.jpeg","datePublished":"2026-03-14T20:33:58+00:00","dateModified":"2026-04-25T11:51:49+00:00","description":"La Province du Canada des Clercs de Saint-Viateur. Pr\u00e9sence viatorienne au Canada depuis 1847.","breadcrumb":{"@id":"https:\/\/staging.csviator-intl.org\/province-canada\/#breadcrumb"},"inLanguage":"es","potentialAction":[{"@type":"ReadAction","target":["https:\/\/staging.csviator-intl.org\/province-canada\/"]}]},{"@type":"ImageObject","inLanguage":"es","@id":"https:\/\/staging.csviator-intl.org\/province-canada\/#primaryimage","url":"https:\/\/staging.csviator-intl.org\/wp-content\/uploads\/2026\/04\/canada-photo1-1.jpeg","contentUrl":"https:\/\/staging.csviator-intl.org\/wp-content\/uploads\/2026\/04\/canada-photo1-1.jpeg","width":1438,"height":1078},{"@type":"BreadcrumbList","@id":"https:\/\/staging.csviator-intl.org\/province-canada\/#breadcrumb","itemListElement":[{"@type":"ListItem","position":1,"name":"Home","item":"https:\/\/staging.csviator-intl.org\/"},{"@type":"ListItem","position":2,"name":"Province du Canada"}]},{"@type":"WebSite","@id":"https:\/\/staging.csviator-intl.org\/#website","url":"https:\/\/staging.csviator-intl.org\/","name":"Viatorians International","description":"Cl\u00e9rigos de San Viator","alternateName":"CSV","potentialAction":[{"@type":"SearchAction","target":{"@type":"EntryPoint","urlTemplate":"https:\/\/staging.csviator-intl.org\/?s={search_term_string}"},"query-input":{"@type":"PropertyValueSpecification","valueRequired":true,"valueName":"search_term_string"}}],"inLanguage":"es"}]}},"_links":{"self":[{"href":"https:\/\/staging.csviator-intl.org\/es\/wp-json\/wp\/v2\/pages\/21","targetHints":{"allow":["GET"]}}],"collection":[{"href":"https:\/\/staging.csviator-intl.org\/es\/wp-json\/wp\/v2\/pages"}],"about":[{"href":"https:\/\/staging.csviator-intl.org\/es\/wp-json\/wp\/v2\/types\/page"}],"author":[{"embeddable":true,"href":"https:\/\/staging.csviator-intl.org\/es\/wp-json\/wp\/v2\/users\/1"}],"replies":[{"embeddable":true,"href":"https:\/\/staging.csviator-intl.org\/es\/wp-json\/wp\/v2\/comments?post=21"}],"version-history":[{"count":11,"href":"https:\/\/staging.csviator-intl.org\/es\/wp-json\/wp\/v2\/pages\/21\/revisions"}],"predecessor-version":[{"id":376,"href":"https:\/\/staging.csviator-intl.org\/es\/wp-json\/wp\/v2\/pages\/21\/revisions\/376"}],"wp:featuredmedia":[{"embeddable":true,"href":"https:\/\/staging.csviator-intl.org\/es\/wp-json\/wp\/v2\/media\/194"}],"wp:attachment":[{"href":"https:\/\/staging.csviator-intl.org\/es\/wp-json\/wp\/v2\/media?parent=21"}],"curies":[{"name":"wp","href":"https:\/\/api.w.org\/{rel}","templated":true}]}}