{"id":18,"date":"2026-03-14T20:32:38","date_gmt":"2026-03-14T20:32:38","guid":{"rendered":"https:\/\/staging.csviator-intl.org\/louis-querbes\/"},"modified":"2026-04-25T11:51:54","modified_gmt":"2026-04-25T11:51:54","slug":"louis-querbes","status":"publish","type":"page","link":"https:\/\/staging.csviator-intl.org\/es\/louis-querbes\/","title":{"rendered":"Luis Querbes"},"content":{"rendered":"<section class=\"region-narrative\">\n<div class=\"region-container\">\n<div class=\"region-text\">\n<h2 class=\"region-heading\">Un hombre habitado por la fe<\/h2>\n<p class=\"region-dropcap\"><span class=\"csv-dropcap\">E<\/span>OUIS Querbes naci\u00f3 en Lyon el 21 de agosto de 1793, en plena agitaci\u00f3n de la Revoluci\u00f3n francesa. Bautizado en la iglesia de Saint-Nizier, creci\u00f3 bajo la protecci\u00f3n espiritual del santuario de Notre-Dame de Fourvi\u00e8re. Estos dos pilares lioneses forjar\u00e1n duraderamente su identidad humana, cristiana y sacerdotal.<\/p>\n<h2 class=\"region-heading\">Las grandes etapas de su vida<\/h2>\n<div class=\"csv-timeline-item\">\n<div class=\"csv-timeline-marker\"><\/div>\n<div class=\"csv-timeline-content\">\n<h3>El hombre: una vocaci\u00f3n arraigada en la piedad<\/h3>\n<p>Desde su infancia, se sumerge en la vida de su parroquia de Saint-Nizier, donde se integra en el coro y asiste a la escuela clerical. Es ante la estatua de Nuestra Se\u00f1ora de la Gracia que, todav\u00eda joven, pronuncia un voto de castidad; conservar\u00e1 con celo el escrito que atestigua este compromiso hasta su \u00faltimo aliento.<\/p>\n<p>Tras sus estudios en el seminario de San Ireneo, fue ordenado sacerdote en 1816. Nombrado vicario en Saint-Nizier, se distingui\u00f3 por la excelencia de su predicaci\u00f3n. Al convertirse en administrador de la escuela clerical, consolid\u00f3 lo que se convertir\u00eda en el n\u00facleo de su acci\u00f3n: la estrecha uni\u00f3n entre educaci\u00f3n y liturgia.<\/p>\n<\/div>\n<\/div>\n<div class=\"csv-timeline-item\">\n<div class=\"csv-timeline-marker\"><\/div>\n<div class=\"csv-timeline-content\">\n<h3>El pastor: el constructor de Vourles<\/h3>\n<p>En 1822, Louis Querbes recibe la carga de la parroquia de Vourles. El desaf\u00edo es inmenso: tras los estragos de la Revoluci\u00f3n, todo est\u00e1 por reconstruir, tanto a nivel material como espiritual. Con determinaci\u00f3n, restaura la iglesia y reaviva la fe de los fieles. Profundamente preocupado por la ignorancia y la falta de instrucci\u00f3n de los ni\u00f1os, se pone en busca de una soluci\u00f3n duradera para la educaci\u00f3n.<\/p>\n<\/div>\n<\/div>\n<div class=\"csv-timeline-item\">\n<div class=\"csv-timeline-marker\"><\/div>\n<div class=\"csv-timeline-content\">\n<h3>El fundador: un visionario adelantado a su tiempo<\/h3>\n<p>Para responder a las necesidades de las escuelas rurales, funda una asociaci\u00f3n de catequistas que pone bajo el patrocinio de San Viator, aquel lector del siglo IV que fue el devoto asistente del obispo Justo de Lyon.<\/p>\n<ul>\n<li><strong>1831 :<\/strong> Obtiene la autorizaci\u00f3n diocesana para su Sociedad, concebida originalmente como un conjunto de cl\u00e9rigos parroquiales y catequistas laicos.<\/li>\n<li><strong>1838 :<\/strong> Deseoso de obtener el reconocimiento de Roma, debe resignarse a descartar la inclusi\u00f3n de los laicos, ya que el marco can\u00f3nico de la \u00e9poca no lo permit\u00eda. Su intuici\u00f3n de una comunidad que uniera laicos y religiosos estaba muy adelantada a su tiempo.<\/li>\n<li><strong>21 de septiembre de 1838:<\/strong> El Papa Gregorio XVI otorga la aprobaci\u00f3n pontificia al Instituto religioso de los Cl\u00e9rigos Parroquiales o Catequistas de San Viator.<\/li>\n<\/ul>\n<\/div>\n<\/div>\n<div class=\"csv-timeline-item\">\n<div class=\"csv-timeline-marker\"><\/div>\n<div class=\"csv-timeline-content\">\n<h3>Un legado vivo<\/h3>\n<p>Bajo su impulso, los Viatorianos multiplican las escuelas y los compromisos parroquiales, extendi\u00e9ndose primero por Francia y luego cruzando el Atl\u00e1ntico hacia Canad\u00e1 y Estados Unidos. El Padre Louis Querbes fallece en Vourles el 1 de septiembre de 1859, dejando tras de s\u00ed un carisma vigoroso.<\/p>\n<p>Su lema, <strong>\u00ab Amado y adorado sea Jes\u00fas \u00bb<\/strong>, permanece el compendio del esp\u00edritu evang\u00e9lico que transmiti\u00f3 a sus sucesores.<\/p>\n<p>Le <strong>2 de octubre de 2019<\/strong>, el papa Francisco reconoci\u00f3 oficialmente la heroicidad de sus virtudes declar\u00e1ndolo <strong>\u00abVenerable\u00bb<\/strong>. Hoy, sus hijos e hijas espirituales trabajan y oran con fervor por su beatificaci\u00f3n.<\/p>\n<\/div>\n<\/div>\n<h2 class=\"region-heading\">Oraci\u00f3n para la beatificaci\u00f3n del Venerable Luis Querbes<\/h2>\n<p class=\"region-p\" data-reveal>Dios, Padre muy bueno,<br \/>\nsois lou\u00e9 pour le don que tu nous as fait<br \/>\nen la persona de Louis Querbes,<br \/>\nPasteur comprometido con la educaci\u00f3n de la fe<br \/>\ny el servicio de la liturgia,<br \/>\ny fundador de la Comunidad de San Viator.<\/p>\n<p class=\"region-p\" data-reveal>Te rogamos que permitas que Louis Querbes<br \/>\nque sea reconocido entre los santos de tu Reino.<\/p>\n<p class=\"region-p\" data-reveal>Te rogamos tambi\u00e9n, por su intercesi\u00f3n, que nos<br \/>\nconceder la gracia (\u2026) que imploramos de tu bondad.<\/p>\n<p class=\"region-p\" data-reveal>Por Jesucristo, nuestro Se\u00f1or. Am\u00e9n.<\/p>\n<\/div>\n<\/div>\n<\/section>","protected":false},"excerpt":{"rendered":"<p>Un homme habit\u00e9 par la foi Louis Querbes na\u00eet \u00e0 Lyon le 21 ao\u00fbt 1793, en pleine tourmente de la R\u00e9volution fran\u00e7aise. Baptis\u00e9 en l&rsquo;\u00e9glise Saint-Nizier, il grandit sous la protection spirituelle du sanctuaire de Notre-Dame de Fourvi\u00e8re. Ces deux piliers lyonnais forgeront durablement son identit\u00e9 humaine, chr\u00e9tienne et sacerdotale. Les grandes \u00e9tapes de sa [&hellip;]<\/p>\n","protected":false},"author":1,"featured_media":307,"parent":0,"menu_order":0,"comment_status":"closed","ping_status":"closed","template":"elementor_header_footer","meta":{"footnotes":""},"class_list":["post-18","page","type-page","status-publish","has-post-thumbnail","hentry"],"yoast_head":"<!-- This site is optimized with the Yoast SEO plugin v27.6 - https:\/\/yoast.com\/product\/yoast-seo-wordpress\/ -->\n<title>Louis Querbes, fondateur \u2013 Viatorians International<\/title>\n<meta name=\"description\" content=\"Biographie du P\u00e8re Louis Querbes (1793-1859), pr\u00eatre fran\u00e7ais fondateur des Clercs de Saint-Viateur \u00e0 Vourles en 1831.\" \/>\n<meta name=\"robots\" content=\"index, follow, max-snippet:-1, max-image-preview:large, max-video-preview:-1\" \/>\n<link rel=\"canonical\" href=\"https:\/\/staging.csviator-intl.org\/es\/louis-querbes\/\" \/>\n<meta property=\"og:locale\" content=\"es_ES\" \/>\n<meta property=\"og:type\" content=\"article\" \/>\n<meta property=\"og:title\" content=\"Louis Querbes, fondateur \u2013 Viatorians International\" \/>\n<meta property=\"og:description\" content=\"Biographie du P\u00e8re Louis Querbes (1793-1859), pr\u00eatre fran\u00e7ais fondateur des Clercs de Saint-Viateur \u00e0 Vourles en 1831.\" \/>\n<meta property=\"og:url\" content=\"https:\/\/staging.csviator-intl.org\/es\/louis-querbes\/\" \/>\n<meta property=\"og:site_name\" content=\"Viatorians International\" \/>\n<meta property=\"article:modified_time\" content=\"2026-04-25T11:51:54+00:00\" \/>\n<meta property=\"og:image\" content=\"https:\/\/staging.csviator-intl.org\/wp-content\/uploads\/2026\/04\/download-4-1024x439.png\" \/>\n\t<meta property=\"og:image:width\" content=\"1024\" \/>\n\t<meta property=\"og:image:height\" content=\"439\" \/>\n\t<meta property=\"og:image:type\" content=\"image\/png\" \/>\n<meta name=\"twitter:card\" content=\"summary_large_image\" \/>\n<meta name=\"twitter:label1\" content=\"Tiempo de lectura\" \/>\n\t<meta name=\"twitter:data1\" content=\"3 minutos\" \/>\n<script type=\"application\/ld+json\" class=\"yoast-schema-graph\">{\"@context\":\"https:\\\/\\\/schema.org\",\"@graph\":[{\"@type\":\"WebPage\",\"@id\":\"https:\\\/\\\/staging.csviator-intl.org\\\/louis-querbes\\\/\",\"url\":\"https:\\\/\\\/staging.csviator-intl.org\\\/louis-querbes\\\/\",\"name\":\"Louis Querbes, fondateur \u2013 Viatorians International\",\"isPartOf\":{\"@id\":\"https:\\\/\\\/staging.csviator-intl.org\\\/#website\"},\"primaryImageOfPage\":{\"@id\":\"https:\\\/\\\/staging.csviator-intl.org\\\/louis-querbes\\\/#primaryimage\"},\"image\":{\"@id\":\"https:\\\/\\\/staging.csviator-intl.org\\\/louis-querbes\\\/#primaryimage\"},\"thumbnailUrl\":\"https:\\\/\\\/staging.csviator-intl.org\\\/wp-content\\\/uploads\\\/2026\\\/04\\\/download-4.png\",\"datePublished\":\"2026-03-14T20:32:38+00:00\",\"dateModified\":\"2026-04-25T11:51:54+00:00\",\"description\":\"Biographie du P\u00e8re Louis Querbes (1793-1859), pr\u00eatre fran\u00e7ais fondateur des Clercs de Saint-Viateur \u00e0 Vourles en 1831.\",\"breadcrumb\":{\"@id\":\"https:\\\/\\\/staging.csviator-intl.org\\\/louis-querbes\\\/#breadcrumb\"},\"inLanguage\":\"es\",\"potentialAction\":[{\"@type\":\"ReadAction\",\"target\":[\"https:\\\/\\\/staging.csviator-intl.org\\\/louis-querbes\\\/\"]}]},{\"@type\":\"ImageObject\",\"inLanguage\":\"es\",\"@id\":\"https:\\\/\\\/staging.csviator-intl.org\\\/louis-querbes\\\/#primaryimage\",\"url\":\"https:\\\/\\\/staging.csviator-intl.org\\\/wp-content\\\/uploads\\\/2026\\\/04\\\/download-4.png\",\"contentUrl\":\"https:\\\/\\\/staging.csviator-intl.org\\\/wp-content\\\/uploads\\\/2026\\\/04\\\/download-4.png\",\"width\":1674,\"height\":717},{\"@type\":\"BreadcrumbList\",\"@id\":\"https:\\\/\\\/staging.csviator-intl.org\\\/louis-querbes\\\/#breadcrumb\",\"itemListElement\":[{\"@type\":\"ListItem\",\"position\":1,\"name\":\"Home\",\"item\":\"https:\\\/\\\/staging.csviator-intl.org\\\/\"},{\"@type\":\"ListItem\",\"position\":2,\"name\":\"Louis Querbes\"}]},{\"@type\":\"WebSite\",\"@id\":\"https:\\\/\\\/staging.csviator-intl.org\\\/#website\",\"url\":\"https:\\\/\\\/staging.csviator-intl.org\\\/\",\"name\":\"Viatorians International\",\"description\":\"Clercs de Saint-Viateur\",\"alternateName\":\"CSV\",\"potentialAction\":[{\"@type\":\"SearchAction\",\"target\":{\"@type\":\"EntryPoint\",\"urlTemplate\":\"https:\\\/\\\/staging.csviator-intl.org\\\/?s={search_term_string}\"},\"query-input\":{\"@type\":\"PropertyValueSpecification\",\"valueRequired\":true,\"valueName\":\"search_term_string\"}}],\"inLanguage\":\"es\"}]}<\/script>\n<!-- \/ Yoast SEO plugin. -->","yoast_head_json":{"title":"Louis Querbes, fondateur \u2013 Viatorians International","description":"Biographie du P\u00e8re Louis Querbes (1793-1859), pr\u00eatre fran\u00e7ais fondateur des Clercs de Saint-Viateur \u00e0 Vourles en 1831.","robots":{"index":"index","follow":"follow","max-snippet":"max-snippet:-1","max-image-preview":"max-image-preview:large","max-video-preview":"max-video-preview:-1"},"canonical":"https:\/\/staging.csviator-intl.org\/es\/louis-querbes\/","og_locale":"es_ES","og_type":"article","og_title":"Louis Querbes, fondateur \u2013 Viatorians International","og_description":"Biographie du P\u00e8re Louis Querbes (1793-1859), pr\u00eatre fran\u00e7ais fondateur des Clercs de Saint-Viateur \u00e0 Vourles en 1831.","og_url":"https:\/\/staging.csviator-intl.org\/es\/louis-querbes\/","og_site_name":"Viatorians International","article_modified_time":"2026-04-25T11:51:54+00:00","og_image":[{"width":1024,"height":439,"url":"https:\/\/staging.csviator-intl.org\/wp-content\/uploads\/2026\/04\/download-4-1024x439.png","type":"image\/png"}],"twitter_card":"summary_large_image","twitter_misc":{"Tiempo de lectura":"3 minutos"},"schema":{"@context":"https:\/\/schema.org","@graph":[{"@type":"WebPage","@id":"https:\/\/staging.csviator-intl.org\/louis-querbes\/","url":"https:\/\/staging.csviator-intl.org\/louis-querbes\/","name":"Louis Querbes, fondateur \u2013 Viatorians International","isPartOf":{"@id":"https:\/\/staging.csviator-intl.org\/#website"},"primaryImageOfPage":{"@id":"https:\/\/staging.csviator-intl.org\/louis-querbes\/#primaryimage"},"image":{"@id":"https:\/\/staging.csviator-intl.org\/louis-querbes\/#primaryimage"},"thumbnailUrl":"https:\/\/staging.csviator-intl.org\/wp-content\/uploads\/2026\/04\/download-4.png","datePublished":"2026-03-14T20:32:38+00:00","dateModified":"2026-04-25T11:51:54+00:00","description":"Biographie du P\u00e8re Louis Querbes (1793-1859), pr\u00eatre fran\u00e7ais fondateur des Clercs de Saint-Viateur \u00e0 Vourles en 1831.","breadcrumb":{"@id":"https:\/\/staging.csviator-intl.org\/louis-querbes\/#breadcrumb"},"inLanguage":"es","potentialAction":[{"@type":"ReadAction","target":["https:\/\/staging.csviator-intl.org\/louis-querbes\/"]}]},{"@type":"ImageObject","inLanguage":"es","@id":"https:\/\/staging.csviator-intl.org\/louis-querbes\/#primaryimage","url":"https:\/\/staging.csviator-intl.org\/wp-content\/uploads\/2026\/04\/download-4.png","contentUrl":"https:\/\/staging.csviator-intl.org\/wp-content\/uploads\/2026\/04\/download-4.png","width":1674,"height":717},{"@type":"BreadcrumbList","@id":"https:\/\/staging.csviator-intl.org\/louis-querbes\/#breadcrumb","itemListElement":[{"@type":"ListItem","position":1,"name":"Home","item":"https:\/\/staging.csviator-intl.org\/"},{"@type":"ListItem","position":2,"name":"Louis Querbes"}]},{"@type":"WebSite","@id":"https:\/\/staging.csviator-intl.org\/#website","url":"https:\/\/staging.csviator-intl.org\/","name":"Viatorians International","description":"Cl\u00e9rigos de San Viator","alternateName":"CSV","potentialAction":[{"@type":"SearchAction","target":{"@type":"EntryPoint","urlTemplate":"https:\/\/staging.csviator-intl.org\/?s={search_term_string}"},"query-input":{"@type":"PropertyValueSpecification","valueRequired":true,"valueName":"search_term_string"}}],"inLanguage":"es"}]}},"_links":{"self":[{"href":"https:\/\/staging.csviator-intl.org\/es\/wp-json\/wp\/v2\/pages\/18","targetHints":{"allow":["GET"]}}],"collection":[{"href":"https:\/\/staging.csviator-intl.org\/es\/wp-json\/wp\/v2\/pages"}],"about":[{"href":"https:\/\/staging.csviator-intl.org\/es\/wp-json\/wp\/v2\/types\/page"}],"author":[{"embeddable":true,"href":"https:\/\/staging.csviator-intl.org\/es\/wp-json\/wp\/v2\/users\/1"}],"replies":[{"embeddable":true,"href":"https:\/\/staging.csviator-intl.org\/es\/wp-json\/wp\/v2\/comments?post=18"}],"version-history":[{"count":6,"href":"https:\/\/staging.csviator-intl.org\/es\/wp-json\/wp\/v2\/pages\/18\/revisions"}],"predecessor-version":[{"id":480,"href":"https:\/\/staging.csviator-intl.org\/es\/wp-json\/wp\/v2\/pages\/18\/revisions\/480"}],"wp:featuredmedia":[{"embeddable":true,"href":"https:\/\/staging.csviator-intl.org\/es\/wp-json\/wp\/v2\/media\/307"}],"wp:attachment":[{"href":"https:\/\/staging.csviator-intl.org\/es\/wp-json\/wp\/v2\/media?parent=18"}],"curies":[{"name":"wp","href":"https:\/\/api.w.org\/{rel}","templated":true}]}}