{"id":17,"date":"2026-03-14T20:32:24","date_gmt":"2026-03-14T20:32:24","guid":{"rendered":"https:\/\/staging.csviator-intl.org\/formation\/"},"modified":"2026-04-25T11:51:55","modified_gmt":"2026-04-25T11:51:55","slug":"formation","status":"publish","type":"page","link":"https:\/\/staging.csviator-intl.org\/es\/formation\/","title":{"rendered":"Formaci\u00f3n"},"content":{"rendered":"<section class=\"region-narrative\">\n<div class=\"region-container\">\n<div class=\"region-text\">\n<h2 class=\"region-heading\">Condiciones de admisi\u00f3n<\/h2>\n<p class=\"region-dropcap\">Para convertirse en Asociado de la Congregaci\u00f3n y miembro de la Comunidad viatoriana, el candidato deber\u00e1 cumplir los siguientes criterios:<\/p>\n<ul class=\"csv-styled-list\">\n<li>Ser mayor de edad.<\/li>\n<li>Mostrar estabilidad social, afectiva y psicol\u00f3gica.<\/li>\n<li>Demostrar una capacidad para tomar decisiones y llevarlas a cabo.<\/li>\n<li>Vivir en conformidad con los valores evang\u00e9licos.<\/li>\n<li>Invertir activamente en la misi\u00f3n vicenciana.<\/li>\n<li>Participar en la vida comunitaria y en la espiritualidad del instituto.<\/li>\n<\/ul>\n<p class=\"region-p\" data-reveal>La vocaci\u00f3n de asociado es un don divino que invita a compartir el carisma vial. El proceso de formaci\u00f3n se basa en la colaboraci\u00f3n humana: requiere el compromiso del candidato, el acompa\u00f1amiento de los religiosos o asociados designados, y el apoyo de toda la comunidad.<\/p>\n<h2 class=\"region-heading\">Proceso de compromiso<\/h2>\n<p class=\"region-p\" data-reveal>Aunque las pautas var\u00edan seg\u00fan las provincias, delegaciones o fundaciones, el itinerario t\u00edpico es el siguiente:<\/p>\n<div class=\"csv-timeline-item\">\n<div class=\"csv-timeline-dot\"><\/div>\n<h3>Inicio<\/h3>\n<p>La persona es primero acogida en una comunidad local.<\/p>\n<\/div>\n<div class=\"csv-timeline-item\">\n<div class=\"csv-timeline-dot\"><\/div>\n<h3>Evaluaci\u00f3n y compromiso inicial<\/h3>\n<p>Tras un per\u00edodo de evaluaci\u00f3n, la persona pronuncia un compromiso solemne por un tiempo determinado.<\/p>\n<\/div>\n<div class=\"csv-timeline-item\">\n<div class=\"csv-timeline-dot\"><\/div>\n<h3>Renovaci\u00f3n<\/h3>\n<p>Este compromiso puede ser renovado.<\/p>\n<\/div>\n<div class=\"csv-timeline-item\">\n<div class=\"csv-timeline-dot\"><\/div>\n<h3>Compromiso definitivo<\/h3>\n<p>Al final del proceso de discernimiento, el asociado puede comprometerse de manera permanente en la comunidad viatoriana.<\/p>\n<\/div>\n<h2 class=\"region-heading\">M\u00e1s informaci\u00f3n<\/h2>\n<p class=\"region-p\" data-reveal>Para obtener m\u00e1s detalles sobre la vida de socio, puede consultar los siguientes portales:<\/p>\n<ul class=\"csv-styled-list\">\n<li><strong>Canad\u00e1<\/strong> <a href=\"https:\/\/viateurs.ca\/associe\/\" target=\"_blank\">viateurs.ca\/associe\/<\/a><\/li>\n<li><strong>Chile<\/strong> <a href=\"http:\/\/www.viator.cl\/\" target=\"_blank\">viator.cl\/<\/a><\/li>\n<li><strong>Espa\u00f1a:<\/strong> <a href=\"https:\/\/csviator.es\/quienes-somos\/\" target=\"_blank\">csviator.es\/quienes-somos\/<\/a><\/li>\n<li><strong>Estados Unidos:<\/strong> <a href=\"http:\/\/www.viatorians.com\/\" target=\"_blank\">viatorians.com\/<\/a><\/li>\n<li><strong>Francia:<\/strong> <a href=\"https:\/\/www.viateurs.fr\/index_fichiers\/Page630.htm\" target=\"_blank\">viateurs.fr<\/a><\/li>\n<\/ul>\n<\/div>\n<\/div>\n<\/section>","protected":false},"excerpt":{"rendered":"<p>Conditions d&rsquo;admission Pour devenir Associ\u00e9 \u00e0 la Congr\u00e9gation et membre de la Communaut\u00e9 viatorienne, le candidat doit satisfaire aux crit\u00e8res suivants : \u00catre majeur. Faire preuve d&rsquo;une stabilit\u00e9 sociale, affective et psychologique. D\u00e9montrer une capacit\u00e9 \u00e0 prendre des d\u00e9cisions et \u00e0 les concr\u00e9tiser. Vivre en conformit\u00e9 avec les valeurs \u00e9vang\u00e9liques. S&rsquo;investir activement dans la mission [&hellip;]<\/p>\n","protected":false},"author":1,"featured_media":307,"parent":0,"menu_order":0,"comment_status":"closed","ping_status":"closed","template":"elementor_header_footer","meta":{"footnotes":""},"class_list":["post-17","page","type-page","status-publish","has-post-thumbnail","hentry"],"yoast_head":"<!-- This site is optimized with the Yoast SEO plugin v27.6 - https:\/\/yoast.com\/product\/yoast-seo-wordpress\/ -->\n<title>Formation \u2013 Viatorians International<\/title>\n<meta name=\"description\" content=\"Le programme de formation des Clercs de Saint-Viateur : \u00e9tapes et pr\u00e9paration \u00e0 la vie religieuse.\" \/>\n<meta name=\"robots\" content=\"index, follow, max-snippet:-1, max-image-preview:large, max-video-preview:-1\" \/>\n<link rel=\"canonical\" href=\"https:\/\/staging.csviator-intl.org\/es\/formation\/\" \/>\n<meta property=\"og:locale\" content=\"es_ES\" \/>\n<meta property=\"og:type\" content=\"article\" \/>\n<meta property=\"og:title\" content=\"Formation \u2013 Viatorians International\" \/>\n<meta property=\"og:description\" content=\"Le programme de formation des Clercs de Saint-Viateur : \u00e9tapes et pr\u00e9paration \u00e0 la vie religieuse.\" \/>\n<meta property=\"og:url\" content=\"https:\/\/staging.csviator-intl.org\/es\/formation\/\" \/>\n<meta property=\"og:site_name\" content=\"Viatorians International\" \/>\n<meta property=\"article:modified_time\" content=\"2026-04-25T11:51:55+00:00\" \/>\n<meta property=\"og:image\" content=\"https:\/\/staging.csviator-intl.org\/wp-content\/uploads\/2026\/04\/download-4-1024x439.png\" \/>\n\t<meta property=\"og:image:width\" content=\"1024\" \/>\n\t<meta property=\"og:image:height\" content=\"439\" \/>\n\t<meta property=\"og:image:type\" content=\"image\/png\" \/>\n<meta name=\"twitter:card\" content=\"summary_large_image\" \/>\n<meta name=\"twitter:label1\" content=\"Tiempo de lectura\" \/>\n\t<meta name=\"twitter:data1\" content=\"1 minuto\" \/>\n<script type=\"application\/ld+json\" class=\"yoast-schema-graph\">{\"@context\":\"https:\\\/\\\/schema.org\",\"@graph\":[{\"@type\":\"WebPage\",\"@id\":\"https:\\\/\\\/staging.csviator-intl.org\\\/formation\\\/\",\"url\":\"https:\\\/\\\/staging.csviator-intl.org\\\/formation\\\/\",\"name\":\"Formation \u2013 Viatorians International\",\"isPartOf\":{\"@id\":\"https:\\\/\\\/staging.csviator-intl.org\\\/#website\"},\"primaryImageOfPage\":{\"@id\":\"https:\\\/\\\/staging.csviator-intl.org\\\/formation\\\/#primaryimage\"},\"image\":{\"@id\":\"https:\\\/\\\/staging.csviator-intl.org\\\/formation\\\/#primaryimage\"},\"thumbnailUrl\":\"https:\\\/\\\/staging.csviator-intl.org\\\/wp-content\\\/uploads\\\/2026\\\/04\\\/download-4.png\",\"datePublished\":\"2026-03-14T20:32:24+00:00\",\"dateModified\":\"2026-04-25T11:51:55+00:00\",\"description\":\"Le programme de formation des Clercs de Saint-Viateur : \u00e9tapes et pr\u00e9paration \u00e0 la vie religieuse.\",\"breadcrumb\":{\"@id\":\"https:\\\/\\\/staging.csviator-intl.org\\\/formation\\\/#breadcrumb\"},\"inLanguage\":\"es\",\"potentialAction\":[{\"@type\":\"ReadAction\",\"target\":[\"https:\\\/\\\/staging.csviator-intl.org\\\/formation\\\/\"]}]},{\"@type\":\"ImageObject\",\"inLanguage\":\"es\",\"@id\":\"https:\\\/\\\/staging.csviator-intl.org\\\/formation\\\/#primaryimage\",\"url\":\"https:\\\/\\\/staging.csviator-intl.org\\\/wp-content\\\/uploads\\\/2026\\\/04\\\/download-4.png\",\"contentUrl\":\"https:\\\/\\\/staging.csviator-intl.org\\\/wp-content\\\/uploads\\\/2026\\\/04\\\/download-4.png\",\"width\":1674,\"height\":717},{\"@type\":\"BreadcrumbList\",\"@id\":\"https:\\\/\\\/staging.csviator-intl.org\\\/formation\\\/#breadcrumb\",\"itemListElement\":[{\"@type\":\"ListItem\",\"position\":1,\"name\":\"Home\",\"item\":\"https:\\\/\\\/staging.csviator-intl.org\\\/\"},{\"@type\":\"ListItem\",\"position\":2,\"name\":\"Formation\"}]},{\"@type\":\"WebSite\",\"@id\":\"https:\\\/\\\/staging.csviator-intl.org\\\/#website\",\"url\":\"https:\\\/\\\/staging.csviator-intl.org\\\/\",\"name\":\"Viatorians International\",\"description\":\"Clercs de Saint-Viateur\",\"alternateName\":\"CSV\",\"potentialAction\":[{\"@type\":\"SearchAction\",\"target\":{\"@type\":\"EntryPoint\",\"urlTemplate\":\"https:\\\/\\\/staging.csviator-intl.org\\\/?s={search_term_string}\"},\"query-input\":{\"@type\":\"PropertyValueSpecification\",\"valueRequired\":true,\"valueName\":\"search_term_string\"}}],\"inLanguage\":\"es\"}]}<\/script>\n<!-- \/ Yoast SEO plugin. -->","yoast_head_json":{"title":"Formation \u2013 Viatorians International","description":"Le programme de formation des Clercs de Saint-Viateur : \u00e9tapes et pr\u00e9paration \u00e0 la vie religieuse.","robots":{"index":"index","follow":"follow","max-snippet":"max-snippet:-1","max-image-preview":"max-image-preview:large","max-video-preview":"max-video-preview:-1"},"canonical":"https:\/\/staging.csviator-intl.org\/es\/formation\/","og_locale":"es_ES","og_type":"article","og_title":"Formation \u2013 Viatorians International","og_description":"Le programme de formation des Clercs de Saint-Viateur : \u00e9tapes et pr\u00e9paration \u00e0 la vie religieuse.","og_url":"https:\/\/staging.csviator-intl.org\/es\/formation\/","og_site_name":"Viatorians International","article_modified_time":"2026-04-25T11:51:55+00:00","og_image":[{"width":1024,"height":439,"url":"https:\/\/staging.csviator-intl.org\/wp-content\/uploads\/2026\/04\/download-4-1024x439.png","type":"image\/png"}],"twitter_card":"summary_large_image","twitter_misc":{"Tiempo de lectura":"1 minuto"},"schema":{"@context":"https:\/\/schema.org","@graph":[{"@type":"WebPage","@id":"https:\/\/staging.csviator-intl.org\/formation\/","url":"https:\/\/staging.csviator-intl.org\/formation\/","name":"Formation \u2013 Viatorians International","isPartOf":{"@id":"https:\/\/staging.csviator-intl.org\/#website"},"primaryImageOfPage":{"@id":"https:\/\/staging.csviator-intl.org\/formation\/#primaryimage"},"image":{"@id":"https:\/\/staging.csviator-intl.org\/formation\/#primaryimage"},"thumbnailUrl":"https:\/\/staging.csviator-intl.org\/wp-content\/uploads\/2026\/04\/download-4.png","datePublished":"2026-03-14T20:32:24+00:00","dateModified":"2026-04-25T11:51:55+00:00","description":"Le programme de formation des Clercs de Saint-Viateur : \u00e9tapes et pr\u00e9paration \u00e0 la vie religieuse.","breadcrumb":{"@id":"https:\/\/staging.csviator-intl.org\/formation\/#breadcrumb"},"inLanguage":"es","potentialAction":[{"@type":"ReadAction","target":["https:\/\/staging.csviator-intl.org\/formation\/"]}]},{"@type":"ImageObject","inLanguage":"es","@id":"https:\/\/staging.csviator-intl.org\/formation\/#primaryimage","url":"https:\/\/staging.csviator-intl.org\/wp-content\/uploads\/2026\/04\/download-4.png","contentUrl":"https:\/\/staging.csviator-intl.org\/wp-content\/uploads\/2026\/04\/download-4.png","width":1674,"height":717},{"@type":"BreadcrumbList","@id":"https:\/\/staging.csviator-intl.org\/formation\/#breadcrumb","itemListElement":[{"@type":"ListItem","position":1,"name":"Home","item":"https:\/\/staging.csviator-intl.org\/"},{"@type":"ListItem","position":2,"name":"Formation"}]},{"@type":"WebSite","@id":"https:\/\/staging.csviator-intl.org\/#website","url":"https:\/\/staging.csviator-intl.org\/","name":"Viatorians International","description":"Cl\u00e9rigos de San Viator","alternateName":"CSV","potentialAction":[{"@type":"SearchAction","target":{"@type":"EntryPoint","urlTemplate":"https:\/\/staging.csviator-intl.org\/?s={search_term_string}"},"query-input":{"@type":"PropertyValueSpecification","valueRequired":true,"valueName":"search_term_string"}}],"inLanguage":"es"}]}},"_links":{"self":[{"href":"https:\/\/staging.csviator-intl.org\/es\/wp-json\/wp\/v2\/pages\/17","targetHints":{"allow":["GET"]}}],"collection":[{"href":"https:\/\/staging.csviator-intl.org\/es\/wp-json\/wp\/v2\/pages"}],"about":[{"href":"https:\/\/staging.csviator-intl.org\/es\/wp-json\/wp\/v2\/types\/page"}],"author":[{"embeddable":true,"href":"https:\/\/staging.csviator-intl.org\/es\/wp-json\/wp\/v2\/users\/1"}],"replies":[{"embeddable":true,"href":"https:\/\/staging.csviator-intl.org\/es\/wp-json\/wp\/v2\/comments?post=17"}],"version-history":[{"count":7,"href":"https:\/\/staging.csviator-intl.org\/es\/wp-json\/wp\/v2\/pages\/17\/revisions"}],"predecessor-version":[{"id":481,"href":"https:\/\/staging.csviator-intl.org\/es\/wp-json\/wp\/v2\/pages\/17\/revisions\/481"}],"wp:featuredmedia":[{"embeddable":true,"href":"https:\/\/staging.csviator-intl.org\/es\/wp-json\/wp\/v2\/media\/307"}],"wp:attachment":[{"href":"https:\/\/staging.csviator-intl.org\/es\/wp-json\/wp\/v2\/media?parent=17"}],"curies":[{"name":"wp","href":"https:\/\/api.w.org\/{rel}","templated":true}]}}