{"id":16,"date":"2026-03-14T20:30:32","date_gmt":"2026-03-14T20:30:32","guid":{"rendered":"https:\/\/staging.csviator-intl.org\/histoire\/"},"modified":"2026-04-25T11:51:55","modified_gmt":"2026-04-25T11:51:55","slug":"histoire","status":"publish","type":"page","link":"https:\/\/staging.csviator-intl.org\/es\/histoire\/","title":{"rendered":"Historia"},"content":{"rendered":"<section class=\"region-narrative\">\n<div class=\"region-container\">\n<div class=\"region-text\">\n<h2 class=\"region-heading\">El legado inicial del Fundador<\/h2>\n<p class=\"region-dropcap\">Tras el fallecimiento del Padre Louis Querbes, la Congregaci\u00f3n contaba entre 250 y 300 miembros (de los cuales unos cincuenta en Canad\u00e1) distribuidos en cuatro provincias: Vourles, Saint-Flour, Rodez y Canad\u00e1. Si el proyecto de asociar catequistas laicos no se materializ\u00f3 de inmediato, el fundador mantuvo hasta el final la esperanza de que esta visi\u00f3n se concretara alg\u00fan d\u00eda.<\/p>\n<p class=\"region-p\" data-reveal>Las misiones diverg\u00edan seg\u00fan las regiones:<\/p>\n<ul>\n<li><strong>En Francia:<\/strong> Le Clerc de Saint-Viateur trabajaba en parroquias rurales como maestro, director de escuela, pero tambi\u00e9n como cantor, sacrist\u00e1n y compa\u00f1ero del sacerdote.<\/li>\n<li><strong>En Canad\u00e1:<\/strong> La provincia se orient\u00f3 hacia el \u00e1rea de escuelas primarias y secundarias, la gesti\u00f3n parroquial y la fundaci\u00f3n de una instituci\u00f3n para sordos.<\/li>\n<\/ul>\n<h2 class=\"region-heading\">Las grandes etapas<\/h2>\n<div class=\"csv-timeline-item\">\n<div class=\"csv-timeline-dot\"><\/div>\n<h3>La Congregaci\u00f3n \u00abfrancesa\u00bb (1859-1903)<\/h3>\n<p>Entre 1859 y 1880, el crecimiento en Francia fue sostenido antes de ralentizarse tras las turbulencias pol\u00edticas. Los religiosos se vieron obligados a abandonar las escuelas comunales para abrir escuelas parroquiales gratuitas pero desamparadas. En 1900, hab\u00eda 500 religiosos franceses de un total de 760.<\/p>\n<p>La expansi\u00f3n se iniciaba en Am\u00e9rica: en Canad\u00e1, la provincia contaba con 215 miembros en 1897. En Estados Unidos, tres religiosos canadienses fundaron una escuela en Bourbonnais en 1865, y la provincia de Chicago naci\u00f3 en 1882.<\/p>\n<\/div>\n<div class=\"csv-timeline-item\">\n<div class=\"csv-timeline-dot\"><\/div>\n<h3>La \u00abTormenta\u00bb de 1903<\/h3>\n<p>En mayo de 1903, el gobierno franc\u00e9s orden\u00f3 el cierre de 11.000 establecimientos religiosos. En dos meses, las estructuras de los Viator en Francia se derrumbaron: casas provinciales y noviciados cerrados, personal disperso, escuelas desaparecidas y propiedades incautadas por el Estado.<\/p>\n<p>La solidaridad internacional se organiz\u00f3: B\u00e9lgica acogi\u00f3 a la provincia de Vourles, Espa\u00f1a sirvi\u00f3 de refugio a la de Rodez y Canad\u00e1 recibi\u00f3 a 31 cohermanos franceses. La Primera Guerra Mundial diezm\u00f3 a\u00fan m\u00e1s la Congregaci\u00f3n: 29 j\u00f3venes perecieron en combate. A partir de 1907-1908, los religiosos norteamericanos llegaron a ser m\u00e1s numerosos que sus cohermanos europeos.<\/p>\n<\/div>\n<div class=\"csv-timeline-item\">\n<div class=\"csv-timeline-dot\"><\/div>\n<h3>La era de la congregaci\u00f3n \u00abcanadiense\u00bb (1920-1960)<\/h3>\n<p>La plantilla canadiense se dispara, alcanzando 1146 religiosos de 1760 en 1960 (es decir, dos tercios de la Congregaci\u00f3n). Este dinamismo permiti\u00f3 el desarrollo de escuelas secundarias de renombre (Joliette, Rigaud), la creaci\u00f3n de institutos para sordomudos y ciegos, y una expansi\u00f3n geogr\u00e1fica hacia el este, el norte y el oeste de Canad\u00e1.<\/p>\n<p>Se multiplicaron fundaciones internacionales: Manchuria (1931), Jap\u00f3n (1948), Taiw\u00e1n (1953), Per\u00fa (1959), Hait\u00ed (1965) y Burkina Faso (1999). La provincia de Chicago se destac\u00f3 en la ense\u00f1anza superior, fundando una escuela en Bogot\u00e1 (1961). Espa\u00f1a se convirti\u00f3 en provincia aut\u00f3noma en 1947 y se implant\u00f3 en Chile (1957).<\/p>\n<\/div>\n<div class=\"csv-timeline-item\">\n<div class=\"csv-timeline-dot\"><\/div>\n<h3>Renacimiento e identidad: Vaticano II<\/h3>\n<p>El Concilio Vaticano II y el pontificado de Juan XXIII trajeron un nuevo soplo, pero el final de los a\u00f1os 60 tambi\u00e9n estuvo marcado por una crisis institucional y numerosas bajas. Los Cap\u00edtulos Generales de 1969 y 1972, as\u00ed como la nueva Constituci\u00f3n de 1978, permitieron redescubrir la esencia de la misi\u00f3n vicentina.<\/p>\n<p>Este renacimiento vio el resurgimiento de la idea de asociados laicos. Hoy en d\u00eda, hombres y mujeres comparten la misi\u00f3n y el esp\u00edritu de la Congregaci\u00f3n, integr\u00e1ndose en las comunidades locales seg\u00fan los modelos propios de cada pa\u00eds.<\/p>\n<\/div>\n<div class=\"csv-timeline-item\">\n<div class=\"csv-timeline-dot\"><\/div>\n<h3>La misi\u00f3n de hoy<\/h3>\n<p>La misi\u00f3n actual se define por el anuncio del Evangelio y la creaci\u00f3n de comunidades de fe, prolongando la obra del Padre Querbes entre los j\u00f3venes y las parroquias. Fiel a las orientaciones de 1984, la Congregaci\u00f3n se enfoca prioritariamente en los j\u00f3venes desfavorecidos.<\/p>\n<p>El amanecer del siglo XXI estuvo marcado por nuevos compromisos en Burkina Faso y Honduras. La Comunidad viatoriana re\u00fane hoy a 340 religiosos y 340 laicos asociados, presentes en 13 pa\u00edses.<\/p>\n<p>El despliegue misionero reciente tuvo un \u00e9xito desigual: si bien se iniciaron misiones en Belice y Bolivia, estos asentamientos no sobrevivieron a la partida de sus fundadores. Por el contrario, la presencia en Honduras, lanzada por Espa\u00f1a en 1998, perdura gracias a la colaboraci\u00f3n entre religiosos espa\u00f1oles y asociados laicos hondure\u00f1os.<\/p>\n<\/div>\n<div class=\"csv-timeline-item\">\n<div class=\"csv-timeline-dot\"><\/div>\n<h3>Hacia la canonizaci\u00f3n del Fundador<\/h3>\n<p>Desde 1953, el proceso de canonizaci\u00f3n de Louis Querbes est\u00e1 avanzado. El 2 de octubre de 2019, el Papa Francisco lo declar\u00f3 \u00abVenerable\u00bb, reconociendo el ejercicio heroico de sus virtudes teologales y cardinales. La comunidad sigue promoviendo su conocimiento y rezando por su intercesi\u00f3n. En 2025, el Padre Macaire Wendena Sandouidi fue nombrado postulador para continuar esta misi\u00f3n.<\/p>\n<\/div>\n<p class=\"region-p\" data-reveal>Conforme a una idea querida por nuestro Fundador, nuestra Congregaci\u00f3n acepta a otras personas que desean participar en su misi\u00f3n, su vida espiritual y su acci\u00f3n apost\u00f3lica.<\/p>\n<\/div>\n<\/div>\n<\/section>","protected":false},"excerpt":{"rendered":"<p>L&rsquo;h\u00e9ritage initial du Fondateur Au d\u00e9c\u00e8s du P\u00e8re Louis Querbes, la Congr\u00e9gation regroupait entre 250 et 300 membres (dont une cinquantaine au Canada) r\u00e9partis en quatre provinces : Vourles, Saint-Flour, Rodez et le Canada. Si le projet d&rsquo;associer des cat\u00e9chistes la\u00efcs ne s&rsquo;est pas r\u00e9alis\u00e9 imm\u00e9diatement, le fondateur a maintenu jusqu&rsquo;au bout l&rsquo;espoir que cette [&hellip;]<\/p>\n","protected":false},"author":1,"featured_media":307,"parent":0,"menu_order":0,"comment_status":"closed","ping_status":"closed","template":"elementor_header_footer","meta":{"footnotes":""},"class_list":["post-16","page","type-page","status-publish","has-post-thumbnail","hentry"],"yoast_head":"<!-- This site is optimized with the Yoast SEO plugin v27.6 - https:\/\/yoast.com\/product\/yoast-seo-wordpress\/ -->\n<title>Histoire \u2013 Viatorians International<\/title>\n<meta name=\"description\" content=\"L&#039;histoire des Clercs de Saint-Viateur depuis leur fondation en 1831 par Louis Querbes.\" \/>\n<meta name=\"robots\" content=\"index, follow, max-snippet:-1, max-image-preview:large, max-video-preview:-1\" \/>\n<link rel=\"canonical\" href=\"https:\/\/staging.csviator-intl.org\/es\/histoire\/\" \/>\n<meta property=\"og:locale\" content=\"es_ES\" \/>\n<meta property=\"og:type\" content=\"article\" \/>\n<meta property=\"og:title\" content=\"Histoire \u2013 Viatorians International\" \/>\n<meta property=\"og:description\" content=\"L&#039;histoire des Clercs de Saint-Viateur depuis leur fondation en 1831 par Louis Querbes.\" \/>\n<meta property=\"og:url\" content=\"https:\/\/staging.csviator-intl.org\/es\/histoire\/\" \/>\n<meta property=\"og:site_name\" content=\"Viatorians International\" \/>\n<meta property=\"article:modified_time\" content=\"2026-04-25T11:51:55+00:00\" \/>\n<meta property=\"og:image\" content=\"https:\/\/staging.csviator-intl.org\/wp-content\/uploads\/2026\/04\/download-4-1024x439.png\" \/>\n\t<meta property=\"og:image:width\" content=\"1024\" \/>\n\t<meta property=\"og:image:height\" content=\"439\" \/>\n\t<meta property=\"og:image:type\" content=\"image\/png\" \/>\n<meta name=\"twitter:card\" content=\"summary_large_image\" \/>\n<meta name=\"twitter:label1\" content=\"Tiempo de lectura\" \/>\n\t<meta name=\"twitter:data1\" content=\"4 minutos\" \/>\n<script type=\"application\/ld+json\" class=\"yoast-schema-graph\">{\"@context\":\"https:\\\/\\\/schema.org\",\"@graph\":[{\"@type\":\"WebPage\",\"@id\":\"https:\\\/\\\/staging.csviator-intl.org\\\/histoire\\\/\",\"url\":\"https:\\\/\\\/staging.csviator-intl.org\\\/histoire\\\/\",\"name\":\"Histoire \u2013 Viatorians International\",\"isPartOf\":{\"@id\":\"https:\\\/\\\/staging.csviator-intl.org\\\/#website\"},\"primaryImageOfPage\":{\"@id\":\"https:\\\/\\\/staging.csviator-intl.org\\\/histoire\\\/#primaryimage\"},\"image\":{\"@id\":\"https:\\\/\\\/staging.csviator-intl.org\\\/histoire\\\/#primaryimage\"},\"thumbnailUrl\":\"https:\\\/\\\/staging.csviator-intl.org\\\/wp-content\\\/uploads\\\/2026\\\/04\\\/download-4.png\",\"datePublished\":\"2026-03-14T20:30:32+00:00\",\"dateModified\":\"2026-04-25T11:51:55+00:00\",\"description\":\"L'histoire des Clercs de Saint-Viateur depuis leur fondation en 1831 par Louis Querbes.\",\"breadcrumb\":{\"@id\":\"https:\\\/\\\/staging.csviator-intl.org\\\/histoire\\\/#breadcrumb\"},\"inLanguage\":\"es\",\"potentialAction\":[{\"@type\":\"ReadAction\",\"target\":[\"https:\\\/\\\/staging.csviator-intl.org\\\/histoire\\\/\"]}]},{\"@type\":\"ImageObject\",\"inLanguage\":\"es\",\"@id\":\"https:\\\/\\\/staging.csviator-intl.org\\\/histoire\\\/#primaryimage\",\"url\":\"https:\\\/\\\/staging.csviator-intl.org\\\/wp-content\\\/uploads\\\/2026\\\/04\\\/download-4.png\",\"contentUrl\":\"https:\\\/\\\/staging.csviator-intl.org\\\/wp-content\\\/uploads\\\/2026\\\/04\\\/download-4.png\",\"width\":1674,\"height\":717},{\"@type\":\"BreadcrumbList\",\"@id\":\"https:\\\/\\\/staging.csviator-intl.org\\\/histoire\\\/#breadcrumb\",\"itemListElement\":[{\"@type\":\"ListItem\",\"position\":1,\"name\":\"Home\",\"item\":\"https:\\\/\\\/staging.csviator-intl.org\\\/\"},{\"@type\":\"ListItem\",\"position\":2,\"name\":\"Histoire\"}]},{\"@type\":\"WebSite\",\"@id\":\"https:\\\/\\\/staging.csviator-intl.org\\\/#website\",\"url\":\"https:\\\/\\\/staging.csviator-intl.org\\\/\",\"name\":\"Viatorians International\",\"description\":\"Clercs de Saint-Viateur\",\"alternateName\":\"CSV\",\"potentialAction\":[{\"@type\":\"SearchAction\",\"target\":{\"@type\":\"EntryPoint\",\"urlTemplate\":\"https:\\\/\\\/staging.csviator-intl.org\\\/?s={search_term_string}\"},\"query-input\":{\"@type\":\"PropertyValueSpecification\",\"valueRequired\":true,\"valueName\":\"search_term_string\"}}],\"inLanguage\":\"es\"}]}<\/script>\n<!-- \/ Yoast SEO plugin. -->","yoast_head_json":{"title":"Histoire \u2013 Viatorians International","description":"L'histoire des Clercs de Saint-Viateur depuis leur fondation en 1831 par Louis Querbes.","robots":{"index":"index","follow":"follow","max-snippet":"max-snippet:-1","max-image-preview":"max-image-preview:large","max-video-preview":"max-video-preview:-1"},"canonical":"https:\/\/staging.csviator-intl.org\/es\/histoire\/","og_locale":"es_ES","og_type":"article","og_title":"Histoire \u2013 Viatorians International","og_description":"L'histoire des Clercs de Saint-Viateur depuis leur fondation en 1831 par Louis Querbes.","og_url":"https:\/\/staging.csviator-intl.org\/es\/histoire\/","og_site_name":"Viatorians International","article_modified_time":"2026-04-25T11:51:55+00:00","og_image":[{"width":1024,"height":439,"url":"https:\/\/staging.csviator-intl.org\/wp-content\/uploads\/2026\/04\/download-4-1024x439.png","type":"image\/png"}],"twitter_card":"summary_large_image","twitter_misc":{"Tiempo de lectura":"4 minutos"},"schema":{"@context":"https:\/\/schema.org","@graph":[{"@type":"WebPage","@id":"https:\/\/staging.csviator-intl.org\/histoire\/","url":"https:\/\/staging.csviator-intl.org\/histoire\/","name":"Histoire \u2013 Viatorians International","isPartOf":{"@id":"https:\/\/staging.csviator-intl.org\/#website"},"primaryImageOfPage":{"@id":"https:\/\/staging.csviator-intl.org\/histoire\/#primaryimage"},"image":{"@id":"https:\/\/staging.csviator-intl.org\/histoire\/#primaryimage"},"thumbnailUrl":"https:\/\/staging.csviator-intl.org\/wp-content\/uploads\/2026\/04\/download-4.png","datePublished":"2026-03-14T20:30:32+00:00","dateModified":"2026-04-25T11:51:55+00:00","description":"L'histoire des Clercs de Saint-Viateur depuis leur fondation en 1831 par Louis Querbes.","breadcrumb":{"@id":"https:\/\/staging.csviator-intl.org\/histoire\/#breadcrumb"},"inLanguage":"es","potentialAction":[{"@type":"ReadAction","target":["https:\/\/staging.csviator-intl.org\/histoire\/"]}]},{"@type":"ImageObject","inLanguage":"es","@id":"https:\/\/staging.csviator-intl.org\/histoire\/#primaryimage","url":"https:\/\/staging.csviator-intl.org\/wp-content\/uploads\/2026\/04\/download-4.png","contentUrl":"https:\/\/staging.csviator-intl.org\/wp-content\/uploads\/2026\/04\/download-4.png","width":1674,"height":717},{"@type":"BreadcrumbList","@id":"https:\/\/staging.csviator-intl.org\/histoire\/#breadcrumb","itemListElement":[{"@type":"ListItem","position":1,"name":"Home","item":"https:\/\/staging.csviator-intl.org\/"},{"@type":"ListItem","position":2,"name":"Histoire"}]},{"@type":"WebSite","@id":"https:\/\/staging.csviator-intl.org\/#website","url":"https:\/\/staging.csviator-intl.org\/","name":"Viatorians International","description":"Cl\u00e9rigos de San Viator","alternateName":"CSV","potentialAction":[{"@type":"SearchAction","target":{"@type":"EntryPoint","urlTemplate":"https:\/\/staging.csviator-intl.org\/?s={search_term_string}"},"query-input":{"@type":"PropertyValueSpecification","valueRequired":true,"valueName":"search_term_string"}}],"inLanguage":"es"}]}},"_links":{"self":[{"href":"https:\/\/staging.csviator-intl.org\/es\/wp-json\/wp\/v2\/pages\/16","targetHints":{"allow":["GET"]}}],"collection":[{"href":"https:\/\/staging.csviator-intl.org\/es\/wp-json\/wp\/v2\/pages"}],"about":[{"href":"https:\/\/staging.csviator-intl.org\/es\/wp-json\/wp\/v2\/types\/page"}],"author":[{"embeddable":true,"href":"https:\/\/staging.csviator-intl.org\/es\/wp-json\/wp\/v2\/users\/1"}],"replies":[{"embeddable":true,"href":"https:\/\/staging.csviator-intl.org\/es\/wp-json\/wp\/v2\/comments?post=16"}],"version-history":[{"count":5,"href":"https:\/\/staging.csviator-intl.org\/es\/wp-json\/wp\/v2\/pages\/16\/revisions"}],"predecessor-version":[{"id":482,"href":"https:\/\/staging.csviator-intl.org\/es\/wp-json\/wp\/v2\/pages\/16\/revisions\/482"}],"wp:featuredmedia":[{"embeddable":true,"href":"https:\/\/staging.csviator-intl.org\/es\/wp-json\/wp\/v2\/media\/307"}],"wp:attachment":[{"href":"https:\/\/staging.csviator-intl.org\/es\/wp-json\/wp\/v2\/media?parent=16"}],"curies":[{"name":"wp","href":"https:\/\/api.w.org\/{rel}","templated":true}]}}