{"id":15,"date":"2026-03-14T20:30:18","date_gmt":"2026-03-14T20:30:18","guid":{"rendered":"https:\/\/staging.csviator-intl.org\/cote-divoire\/"},"modified":"2026-04-25T11:51:52","modified_gmt":"2026-04-25T11:51:52","slug":"cote-divoire","status":"publish","type":"page","link":"https:\/\/staging.csviator-intl.org\/es\/cote-divoire\/","title":{"rendered":"Costa de Marfil"},"content":{"rendered":"<section class=\"region-narrative\">\n<div class=\"region-container\">\n<div class=\"region-text\">\n<p class=\"region-dropcap\">La presencia de los Cl\u00e9rigos de San Viator en Costa de Marfil es una continuaci\u00f3n de su misi\u00f3n en \u00c1frica Occidental. Establecidos en Abiy\u00e1n y en varias ciudades del pa\u00eds, los Viatorianos trabajan principalmente en el \u00e1mbito de la educaci\u00f3n y la formaci\u00f3n de los j\u00f3venes. Su compromiso con las comunidades locales es un reflejo de su profunda voluntad de contribuir al desarrollo humano y espiritual de la regi\u00f3n.<\/p>\n<p>Los Viatorianos en Costa de Marfil colaboran estrechamente con las comunidades parroquiales e instituciones educativas para ofrecer un acompa\u00f1amiento pastoral y pedag\u00f3gico de calidad. Su acci\u00f3n se extiende tambi\u00e9n a la formaci\u00f3n catequ\u00e9tica y a la animaci\u00f3n lit\u00fargica, fieles a la misi\u00f3n del Padre Louis Querbes de dar a conocer a Dios educando a la juventud.<\/p>\n<p>La Regi\u00f3n de Costa de Marfil est\u00e1 adscrita a la Provincia de Canad\u00e1 y cuenta con el apoyo de toda la comunidad vialista internacional en sus proyectos de desarrollo y evangelizaci\u00f3n.<\/p>\n<\/div>\n<\/div>\n<\/section>","protected":false},"excerpt":{"rendered":"<p>La pr\u00e9sence des Clercs de Saint-Viateur en C\u00f4te d&rsquo;Ivoire s&rsquo;inscrit dans le prolongement de leur mission en Afrique de l&rsquo;Ouest. \u00c9tablis \u00e0 Abidjan et dans plusieurs villes du pays, les Viatoriens \u0153uvrent principalement dans le domaine de l&rsquo;\u00e9ducation et de la formation des jeunes. Leur engagement aupr\u00e8s des communaut\u00e9s locales t\u00e9moigne d&rsquo;une volont\u00e9 profonde de [&hellip;]<\/p>\n","protected":false},"author":1,"featured_media":307,"parent":0,"menu_order":0,"comment_status":"closed","ping_status":"closed","template":"elementor_header_footer","meta":{"footnotes":""},"class_list":["post-15","page","type-page","status-publish","has-post-thumbnail","hentry"],"yoast_head":"<!-- This site is optimized with the Yoast SEO plugin v27.6 - https:\/\/yoast.com\/product\/yoast-seo-wordpress\/ -->\n<title>C\u00f4te d&#039;Ivoire \u2013 Viatorians International<\/title>\n<meta name=\"description\" content=\"Les Clercs de Saint-Viateur en C\u00f4te d&#039;Ivoire. Mission \u00e9ducative en Afrique de l&#039;Ouest.\" \/>\n<meta name=\"robots\" content=\"index, follow, max-snippet:-1, max-image-preview:large, max-video-preview:-1\" \/>\n<link rel=\"canonical\" href=\"https:\/\/staging.csviator-intl.org\/es\/cote-divoire\/\" \/>\n<meta property=\"og:locale\" content=\"es_ES\" \/>\n<meta property=\"og:type\" content=\"article\" \/>\n<meta property=\"og:title\" content=\"C\u00f4te d&#039;Ivoire \u2013 Viatorians International\" \/>\n<meta property=\"og:description\" content=\"Les Clercs de Saint-Viateur en C\u00f4te d&#039;Ivoire. Mission \u00e9ducative en Afrique de l&#039;Ouest.\" \/>\n<meta property=\"og:url\" content=\"https:\/\/staging.csviator-intl.org\/es\/cote-divoire\/\" \/>\n<meta property=\"og:site_name\" content=\"Viatorians International\" \/>\n<meta property=\"article:modified_time\" content=\"2026-04-25T11:51:52+00:00\" \/>\n<meta property=\"og:image\" content=\"https:\/\/staging.csviator-intl.org\/wp-content\/uploads\/2026\/04\/download-4-1024x439.png\" \/>\n\t<meta property=\"og:image:width\" content=\"1024\" \/>\n\t<meta property=\"og:image:height\" content=\"439\" \/>\n\t<meta property=\"og:image:type\" content=\"image\/png\" \/>\n<meta name=\"twitter:card\" content=\"summary_large_image\" \/>\n<meta name=\"twitter:label1\" content=\"Tiempo de lectura\" \/>\n\t<meta name=\"twitter:data1\" content=\"1 minuto\" \/>\n<script type=\"application\/ld+json\" class=\"yoast-schema-graph\">{\"@context\":\"https:\\\/\\\/schema.org\",\"@graph\":[{\"@type\":\"WebPage\",\"@id\":\"https:\\\/\\\/staging.csviator-intl.org\\\/cote-divoire\\\/\",\"url\":\"https:\\\/\\\/staging.csviator-intl.org\\\/cote-divoire\\\/\",\"name\":\"C\u00f4te d'Ivoire \u2013 Viatorians International\",\"isPartOf\":{\"@id\":\"https:\\\/\\\/staging.csviator-intl.org\\\/#website\"},\"primaryImageOfPage\":{\"@id\":\"https:\\\/\\\/staging.csviator-intl.org\\\/cote-divoire\\\/#primaryimage\"},\"image\":{\"@id\":\"https:\\\/\\\/staging.csviator-intl.org\\\/cote-divoire\\\/#primaryimage\"},\"thumbnailUrl\":\"https:\\\/\\\/staging.csviator-intl.org\\\/wp-content\\\/uploads\\\/2026\\\/04\\\/download-4.png\",\"datePublished\":\"2026-03-14T20:30:18+00:00\",\"dateModified\":\"2026-04-25T11:51:52+00:00\",\"description\":\"Les Clercs de Saint-Viateur en C\u00f4te d'Ivoire. Mission \u00e9ducative en Afrique de l'Ouest.\",\"breadcrumb\":{\"@id\":\"https:\\\/\\\/staging.csviator-intl.org\\\/cote-divoire\\\/#breadcrumb\"},\"inLanguage\":\"es\",\"potentialAction\":[{\"@type\":\"ReadAction\",\"target\":[\"https:\\\/\\\/staging.csviator-intl.org\\\/cote-divoire\\\/\"]}]},{\"@type\":\"ImageObject\",\"inLanguage\":\"es\",\"@id\":\"https:\\\/\\\/staging.csviator-intl.org\\\/cote-divoire\\\/#primaryimage\",\"url\":\"https:\\\/\\\/staging.csviator-intl.org\\\/wp-content\\\/uploads\\\/2026\\\/04\\\/download-4.png\",\"contentUrl\":\"https:\\\/\\\/staging.csviator-intl.org\\\/wp-content\\\/uploads\\\/2026\\\/04\\\/download-4.png\",\"width\":1674,\"height\":717},{\"@type\":\"BreadcrumbList\",\"@id\":\"https:\\\/\\\/staging.csviator-intl.org\\\/cote-divoire\\\/#breadcrumb\",\"itemListElement\":[{\"@type\":\"ListItem\",\"position\":1,\"name\":\"Home\",\"item\":\"https:\\\/\\\/staging.csviator-intl.org\\\/\"},{\"@type\":\"ListItem\",\"position\":2,\"name\":\"C\u00f4te d&rsquo;Ivoire\"}]},{\"@type\":\"WebSite\",\"@id\":\"https:\\\/\\\/staging.csviator-intl.org\\\/#website\",\"url\":\"https:\\\/\\\/staging.csviator-intl.org\\\/\",\"name\":\"Viatorians International\",\"description\":\"Clercs de Saint-Viateur\",\"alternateName\":\"CSV\",\"potentialAction\":[{\"@type\":\"SearchAction\",\"target\":{\"@type\":\"EntryPoint\",\"urlTemplate\":\"https:\\\/\\\/staging.csviator-intl.org\\\/?s={search_term_string}\"},\"query-input\":{\"@type\":\"PropertyValueSpecification\",\"valueRequired\":true,\"valueName\":\"search_term_string\"}}],\"inLanguage\":\"es\"}]}<\/script>\n<!-- \/ Yoast SEO plugin. -->","yoast_head_json":{"title":"C\u00f4te d'Ivoire \u2013 Viatorians International","description":"Les Clercs de Saint-Viateur en C\u00f4te d'Ivoire. Mission \u00e9ducative en Afrique de l'Ouest.","robots":{"index":"index","follow":"follow","max-snippet":"max-snippet:-1","max-image-preview":"max-image-preview:large","max-video-preview":"max-video-preview:-1"},"canonical":"https:\/\/staging.csviator-intl.org\/es\/cote-divoire\/","og_locale":"es_ES","og_type":"article","og_title":"C\u00f4te d'Ivoire \u2013 Viatorians International","og_description":"Les Clercs de Saint-Viateur en C\u00f4te d'Ivoire. Mission \u00e9ducative en Afrique de l'Ouest.","og_url":"https:\/\/staging.csviator-intl.org\/es\/cote-divoire\/","og_site_name":"Viatorians International","article_modified_time":"2026-04-25T11:51:52+00:00","og_image":[{"width":1024,"height":439,"url":"https:\/\/staging.csviator-intl.org\/wp-content\/uploads\/2026\/04\/download-4-1024x439.png","type":"image\/png"}],"twitter_card":"summary_large_image","twitter_misc":{"Tiempo de lectura":"1 minuto"},"schema":{"@context":"https:\/\/schema.org","@graph":[{"@type":"WebPage","@id":"https:\/\/staging.csviator-intl.org\/cote-divoire\/","url":"https:\/\/staging.csviator-intl.org\/cote-divoire\/","name":"C\u00f4te d'Ivoire \u2013 Viatorians International","isPartOf":{"@id":"https:\/\/staging.csviator-intl.org\/#website"},"primaryImageOfPage":{"@id":"https:\/\/staging.csviator-intl.org\/cote-divoire\/#primaryimage"},"image":{"@id":"https:\/\/staging.csviator-intl.org\/cote-divoire\/#primaryimage"},"thumbnailUrl":"https:\/\/staging.csviator-intl.org\/wp-content\/uploads\/2026\/04\/download-4.png","datePublished":"2026-03-14T20:30:18+00:00","dateModified":"2026-04-25T11:51:52+00:00","description":"Les Clercs de Saint-Viateur en C\u00f4te d'Ivoire. Mission \u00e9ducative en Afrique de l'Ouest.","breadcrumb":{"@id":"https:\/\/staging.csviator-intl.org\/cote-divoire\/#breadcrumb"},"inLanguage":"es","potentialAction":[{"@type":"ReadAction","target":["https:\/\/staging.csviator-intl.org\/cote-divoire\/"]}]},{"@type":"ImageObject","inLanguage":"es","@id":"https:\/\/staging.csviator-intl.org\/cote-divoire\/#primaryimage","url":"https:\/\/staging.csviator-intl.org\/wp-content\/uploads\/2026\/04\/download-4.png","contentUrl":"https:\/\/staging.csviator-intl.org\/wp-content\/uploads\/2026\/04\/download-4.png","width":1674,"height":717},{"@type":"BreadcrumbList","@id":"https:\/\/staging.csviator-intl.org\/cote-divoire\/#breadcrumb","itemListElement":[{"@type":"ListItem","position":1,"name":"Home","item":"https:\/\/staging.csviator-intl.org\/"},{"@type":"ListItem","position":2,"name":"C\u00f4te d&rsquo;Ivoire"}]},{"@type":"WebSite","@id":"https:\/\/staging.csviator-intl.org\/#website","url":"https:\/\/staging.csviator-intl.org\/","name":"Viatorians International","description":"Cl\u00e9rigos de San Viator","alternateName":"CSV","potentialAction":[{"@type":"SearchAction","target":{"@type":"EntryPoint","urlTemplate":"https:\/\/staging.csviator-intl.org\/?s={search_term_string}"},"query-input":{"@type":"PropertyValueSpecification","valueRequired":true,"valueName":"search_term_string"}}],"inLanguage":"es"}]}},"_links":{"self":[{"href":"https:\/\/staging.csviator-intl.org\/es\/wp-json\/wp\/v2\/pages\/15","targetHints":{"allow":["GET"]}}],"collection":[{"href":"https:\/\/staging.csviator-intl.org\/es\/wp-json\/wp\/v2\/pages"}],"about":[{"href":"https:\/\/staging.csviator-intl.org\/es\/wp-json\/wp\/v2\/types\/page"}],"author":[{"embeddable":true,"href":"https:\/\/staging.csviator-intl.org\/es\/wp-json\/wp\/v2\/users\/1"}],"replies":[{"embeddable":true,"href":"https:\/\/staging.csviator-intl.org\/es\/wp-json\/wp\/v2\/comments?post=15"}],"version-history":[{"count":4,"href":"https:\/\/staging.csviator-intl.org\/es\/wp-json\/wp\/v2\/pages\/15\/revisions"}],"predecessor-version":[{"id":375,"href":"https:\/\/staging.csviator-intl.org\/es\/wp-json\/wp\/v2\/pages\/15\/revisions\/375"}],"wp:featuredmedia":[{"embeddable":true,"href":"https:\/\/staging.csviator-intl.org\/es\/wp-json\/wp\/v2\/media\/307"}],"wp:attachment":[{"href":"https:\/\/staging.csviator-intl.org\/es\/wp-json\/wp\/v2\/media?parent=15"}],"curies":[{"name":"wp","href":"https:\/\/api.w.org\/{rel}","templated":true}]}}