{"id":453,"date":"2026-04-13T01:23:41","date_gmt":"2026-04-13T01:23:41","guid":{"rendered":"https:\/\/staging.csviator-intl.org\/superieur-general\/"},"modified":"2026-04-25T11:51:51","modified_gmt":"2026-04-25T11:51:51","slug":"superieur-general","status":"publish","type":"page","link":"https:\/\/staging.csviator-intl.org\/en_us\/superieur-general\/","title":{"rendered":"Superior General"},"content":{"rendered":"<section class=\"region-narrative\">\n<div class=\"region-container\">\n<div class=\"region-text\">\n<p class=\"region-dropcap\">He was born in Haiti on October 21, 1967. Father Nestor Fils-Aim\u00e9 is a product of the Clerics of St. Viator, as he completed his secondary education at the highly reputable Coll\u00e8ge Immacul\u00e9e-Conception in Gona\u00efves, Haiti. He took his first vows on September 11, 1988, along with K\u00e9nel Verna. They are the first two Clerics of St. Viator to make religious profession in Haiti.<\/p>\n<p class=\"region-p\" data-reveal>Father Fils-Aim\u00e9 will pronounce his perpetual vows on September 19, 1994, and will receive priestly anointing on October 15, 1995, at the Cathedral of Gona\u00efves.<\/p>\n<p class=\"region-p\" data-reveal>His journey within the Congregation is divided between Haiti and Canada. In Haiti, after his religious, philosophical, and theological training, he served as a principal at the Immacul\u00e9e-Conception college in Gona\u00efves from 1994 to 1998, and then from 2000 to 2002.<\/p>\n<p class=\"region-p\" data-reveal>In Canada, he pursued specialized studies in education, earning a doctorate in psychopedagogy in 2011. He worked at Coll\u00e8ge Bourget in Rigaud (Quebec) for eleven years (2003-2014) as a pastoral animator and head of international cooperation, while also working for several years (2009-2015) as a lecturer at the Faculty of Education at the University of Montreal.<\/p>\n<p class=\"region-p\" data-reveal>Elected provincial superior of the Canada province on April 12, 2014, he served on the provincial council for nearly ten years until January 6, 2024. On July 19, 2024, during the 31st General Chapter of the Congregation held in Ariccia, Italy, he was elected Superior General. He made his profession of faith on September 1, 2024, in Vourles, France, becoming the 17th Superior General of the Clerics of St. Viator.<\/p>\n<\/div>\n<\/div>\n<\/section>","protected":false},"excerpt":{"rendered":"<p>Il est n\u00e9 en Ha\u00efti, le 21 octobre 1967. Le p\u00e8re Nestor Fils-Aim\u00e9 est un produit des Clercs de Saint-Viateur puisqu&rsquo;il a fait son cours secondaire au tr\u00e8s r\u00e9put\u00e9 Coll\u00e8ge Immacul\u00e9e-Conception des Gona\u00efves en Ha\u00efti. Il a prononc\u00e9 ses premiers v\u0153ux, le 11 septembre 1988, en compagnie de K\u00e9nel Verna. Ils sont les deux premiers [&hellip;]<\/p>\n","protected":false},"author":1,"featured_media":492,"parent":0,"menu_order":0,"comment_status":"closed","ping_status":"closed","template":"elementor_header_footer","meta":{"footnotes":""},"class_list":["post-453","page","type-page","status-publish","has-post-thumbnail","hentry"],"yoast_head":"<!-- This site is optimized with the Yoast SEO plugin v27.6 - https:\/\/yoast.com\/product\/yoast-seo-wordpress\/ -->\n<title>Sup\u00e9rieur g\u00e9n\u00e9ral \u2013 Viatorians International<\/title>\n<meta name=\"description\" content=\"Le Sup\u00e9rieur g\u00e9n\u00e9ral des Clercs de Saint-Viateur, responsable de l&#039;animation et du gouvernement de la Congr\u00e9gation.\" \/>\n<meta name=\"robots\" content=\"index, follow, max-snippet:-1, max-image-preview:large, max-video-preview:-1\" \/>\n<link rel=\"canonical\" href=\"https:\/\/staging.csviator-intl.org\/en_us\/superieur-general\/\" \/>\n<meta property=\"og:locale\" content=\"en_US\" \/>\n<meta property=\"og:type\" content=\"article\" \/>\n<meta property=\"og:title\" content=\"Sup\u00e9rieur g\u00e9n\u00e9ral \u2013 Viatorians International\" \/>\n<meta property=\"og:description\" content=\"Le Sup\u00e9rieur g\u00e9n\u00e9ral des Clercs de Saint-Viateur, responsable de l&#039;animation et du gouvernement de la Congr\u00e9gation.\" \/>\n<meta property=\"og:url\" content=\"https:\/\/staging.csviator-intl.org\/en_us\/superieur-general\/\" \/>\n<meta property=\"og:site_name\" content=\"Viatorians International\" \/>\n<meta property=\"article:modified_time\" content=\"2026-04-25T11:51:51+00:00\" \/>\n<meta property=\"og:image\" content=\"https:\/\/staging.csviator-intl.org\/wp-content\/uploads\/2026\/04\/P.-Nestor-Fils-Aime-Superieur-general.jpg\" \/>\n\t<meta property=\"og:image:width\" content=\"417\" \/>\n\t<meta property=\"og:image:height\" content=\"479\" \/>\n\t<meta property=\"og:image:type\" content=\"image\/jpeg\" \/>\n<meta name=\"twitter:card\" content=\"summary_large_image\" \/>\n<meta name=\"twitter:label1\" content=\"Est. reading time\" \/>\n\t<meta name=\"twitter:data1\" content=\"1 minute\" \/>\n<script type=\"application\/ld+json\" class=\"yoast-schema-graph\">{\"@context\":\"https:\\\/\\\/schema.org\",\"@graph\":[{\"@type\":\"WebPage\",\"@id\":\"https:\\\/\\\/staging.csviator-intl.org\\\/superieur-general\\\/\",\"url\":\"https:\\\/\\\/staging.csviator-intl.org\\\/superieur-general\\\/\",\"name\":\"Sup\u00e9rieur g\u00e9n\u00e9ral \u2013 Viatorians International\",\"isPartOf\":{\"@id\":\"https:\\\/\\\/staging.csviator-intl.org\\\/#website\"},\"primaryImageOfPage\":{\"@id\":\"https:\\\/\\\/staging.csviator-intl.org\\\/superieur-general\\\/#primaryimage\"},\"image\":{\"@id\":\"https:\\\/\\\/staging.csviator-intl.org\\\/superieur-general\\\/#primaryimage\"},\"thumbnailUrl\":\"https:\\\/\\\/staging.csviator-intl.org\\\/wp-content\\\/uploads\\\/2026\\\/04\\\/P.-Nestor-Fils-Aime-Superieur-general.jpg\",\"datePublished\":\"2026-04-13T01:23:41+00:00\",\"dateModified\":\"2026-04-25T11:51:51+00:00\",\"description\":\"Le Sup\u00e9rieur g\u00e9n\u00e9ral des Clercs de Saint-Viateur, responsable de l'animation et du gouvernement de la Congr\u00e9gation.\",\"breadcrumb\":{\"@id\":\"https:\\\/\\\/staging.csviator-intl.org\\\/superieur-general\\\/#breadcrumb\"},\"inLanguage\":\"en-US\",\"potentialAction\":[{\"@type\":\"ReadAction\",\"target\":[\"https:\\\/\\\/staging.csviator-intl.org\\\/superieur-general\\\/\"]}]},{\"@type\":\"ImageObject\",\"inLanguage\":\"en-US\",\"@id\":\"https:\\\/\\\/staging.csviator-intl.org\\\/superieur-general\\\/#primaryimage\",\"url\":\"https:\\\/\\\/staging.csviator-intl.org\\\/wp-content\\\/uploads\\\/2026\\\/04\\\/P.-Nestor-Fils-Aime-Superieur-general.jpg\",\"contentUrl\":\"https:\\\/\\\/staging.csviator-intl.org\\\/wp-content\\\/uploads\\\/2026\\\/04\\\/P.-Nestor-Fils-Aime-Superieur-general.jpg\",\"width\":417,\"height\":479},{\"@type\":\"BreadcrumbList\",\"@id\":\"https:\\\/\\\/staging.csviator-intl.org\\\/superieur-general\\\/#breadcrumb\",\"itemListElement\":[{\"@type\":\"ListItem\",\"position\":1,\"name\":\"Home\",\"item\":\"https:\\\/\\\/staging.csviator-intl.org\\\/\"},{\"@type\":\"ListItem\",\"position\":2,\"name\":\"Sup\u00e9rieur g\u00e9n\u00e9ral\"}]},{\"@type\":\"WebSite\",\"@id\":\"https:\\\/\\\/staging.csviator-intl.org\\\/#website\",\"url\":\"https:\\\/\\\/staging.csviator-intl.org\\\/\",\"name\":\"Viatorians International\",\"description\":\"Clercs de Saint-Viateur\",\"alternateName\":\"CSV\",\"potentialAction\":[{\"@type\":\"SearchAction\",\"target\":{\"@type\":\"EntryPoint\",\"urlTemplate\":\"https:\\\/\\\/staging.csviator-intl.org\\\/?s={search_term_string}\"},\"query-input\":{\"@type\":\"PropertyValueSpecification\",\"valueRequired\":true,\"valueName\":\"search_term_string\"}}],\"inLanguage\":\"en-US\"}]}<\/script>\n<!-- \/ Yoast SEO plugin. -->","yoast_head_json":{"title":"Sup\u00e9rieur g\u00e9n\u00e9ral \u2013 Viatorians International","description":"Le Sup\u00e9rieur g\u00e9n\u00e9ral des Clercs de Saint-Viateur, responsable de l'animation et du gouvernement de la Congr\u00e9gation.","robots":{"index":"index","follow":"follow","max-snippet":"max-snippet:-1","max-image-preview":"max-image-preview:large","max-video-preview":"max-video-preview:-1"},"canonical":"https:\/\/staging.csviator-intl.org\/en_us\/superieur-general\/","og_locale":"en_US","og_type":"article","og_title":"Sup\u00e9rieur g\u00e9n\u00e9ral \u2013 Viatorians International","og_description":"Le Sup\u00e9rieur g\u00e9n\u00e9ral des Clercs de Saint-Viateur, responsable de l'animation et du gouvernement de la Congr\u00e9gation.","og_url":"https:\/\/staging.csviator-intl.org\/en_us\/superieur-general\/","og_site_name":"Viatorians International","article_modified_time":"2026-04-25T11:51:51+00:00","og_image":[{"width":417,"height":479,"url":"https:\/\/staging.csviator-intl.org\/wp-content\/uploads\/2026\/04\/P.-Nestor-Fils-Aime-Superieur-general.jpg","type":"image\/jpeg"}],"twitter_card":"summary_large_image","twitter_misc":{"Est. reading time":"1 minute"},"schema":{"@context":"https:\/\/schema.org","@graph":[{"@type":"WebPage","@id":"https:\/\/staging.csviator-intl.org\/superieur-general\/","url":"https:\/\/staging.csviator-intl.org\/superieur-general\/","name":"Sup\u00e9rieur g\u00e9n\u00e9ral \u2013 Viatorians International","isPartOf":{"@id":"https:\/\/staging.csviator-intl.org\/#website"},"primaryImageOfPage":{"@id":"https:\/\/staging.csviator-intl.org\/superieur-general\/#primaryimage"},"image":{"@id":"https:\/\/staging.csviator-intl.org\/superieur-general\/#primaryimage"},"thumbnailUrl":"https:\/\/staging.csviator-intl.org\/wp-content\/uploads\/2026\/04\/P.-Nestor-Fils-Aime-Superieur-general.jpg","datePublished":"2026-04-13T01:23:41+00:00","dateModified":"2026-04-25T11:51:51+00:00","description":"Le Sup\u00e9rieur g\u00e9n\u00e9ral des Clercs de Saint-Viateur, responsable de l'animation et du gouvernement de la Congr\u00e9gation.","breadcrumb":{"@id":"https:\/\/staging.csviator-intl.org\/superieur-general\/#breadcrumb"},"inLanguage":"en-US","potentialAction":[{"@type":"ReadAction","target":["https:\/\/staging.csviator-intl.org\/superieur-general\/"]}]},{"@type":"ImageObject","inLanguage":"en-US","@id":"https:\/\/staging.csviator-intl.org\/superieur-general\/#primaryimage","url":"https:\/\/staging.csviator-intl.org\/wp-content\/uploads\/2026\/04\/P.-Nestor-Fils-Aime-Superieur-general.jpg","contentUrl":"https:\/\/staging.csviator-intl.org\/wp-content\/uploads\/2026\/04\/P.-Nestor-Fils-Aime-Superieur-general.jpg","width":417,"height":479},{"@type":"BreadcrumbList","@id":"https:\/\/staging.csviator-intl.org\/superieur-general\/#breadcrumb","itemListElement":[{"@type":"ListItem","position":1,"name":"Home","item":"https:\/\/staging.csviator-intl.org\/"},{"@type":"ListItem","position":2,"name":"Sup\u00e9rieur g\u00e9n\u00e9ral"}]},{"@type":"WebSite","@id":"https:\/\/staging.csviator-intl.org\/#website","url":"https:\/\/staging.csviator-intl.org\/","name":"Viatorians International","description":"Clerics of Saint Viator","alternateName":"CSV","potentialAction":[{"@type":"SearchAction","target":{"@type":"EntryPoint","urlTemplate":"https:\/\/staging.csviator-intl.org\/?s={search_term_string}"},"query-input":{"@type":"PropertyValueSpecification","valueRequired":true,"valueName":"search_term_string"}}],"inLanguage":"en-US"}]}},"_links":{"self":[{"href":"https:\/\/staging.csviator-intl.org\/en_us\/wp-json\/wp\/v2\/pages\/453","targetHints":{"allow":["GET"]}}],"collection":[{"href":"https:\/\/staging.csviator-intl.org\/en_us\/wp-json\/wp\/v2\/pages"}],"about":[{"href":"https:\/\/staging.csviator-intl.org\/en_us\/wp-json\/wp\/v2\/types\/page"}],"author":[{"embeddable":true,"href":"https:\/\/staging.csviator-intl.org\/en_us\/wp-json\/wp\/v2\/users\/1"}],"replies":[{"embeddable":true,"href":"https:\/\/staging.csviator-intl.org\/en_us\/wp-json\/wp\/v2\/comments?post=453"}],"version-history":[{"count":1,"href":"https:\/\/staging.csviator-intl.org\/en_us\/wp-json\/wp\/v2\/pages\/453\/revisions"}],"predecessor-version":[{"id":477,"href":"https:\/\/staging.csviator-intl.org\/en_us\/wp-json\/wp\/v2\/pages\/453\/revisions\/477"}],"wp:featuredmedia":[{"embeddable":true,"href":"https:\/\/staging.csviator-intl.org\/en_us\/wp-json\/wp\/v2\/media\/492"}],"wp:attachment":[{"href":"https:\/\/staging.csviator-intl.org\/en_us\/wp-json\/wp\/v2\/media?parent=453"}],"curies":[{"name":"wp","href":"https:\/\/api.w.org\/{rel}","templated":true}]}}