{"id":452,"date":"2026-04-13T01:23:40","date_gmt":"2026-04-13T01:23:40","guid":{"rendered":"https:\/\/staging.csviator-intl.org\/conseil-general\/"},"modified":"2026-04-25T11:51:52","modified_gmt":"2026-04-25T11:51:52","slug":"conseil-general","status":"publish","type":"page","link":"https:\/\/staging.csviator-intl.org\/en_us\/conseil-general\/","title":{"rendered":"General Council"},"content":{"rendered":"<section class=\"region-narrative\">\n<div class=\"region-container\">\n<div class=\"region-text\">\n<p class=\"region-dropcap\">The General Council is composed of the Superior General and at least four General Counselors, one of whom is the Vicar General. The General Counselors assist the Superior General in exercising his pastoral service of authority in the Congregation. They act in solidarity and communion with him.<\/p>\n<h3>P. Nestor FILS AIM\u00c9 \u2014 Superior General<\/h3>\n<h3>Vicar General P. V\u00edctor C\u00c1MARA C\u00c1MARA<\/h3>\n<h3>Kouadio Darius AMANI \u2014 Secretary General<\/h3>\n<h3>Fredy CONTRERAS MORENO \u2014 Chief Financial Officer<\/h3>\n<h3>Gerardo Robinson SOTO TOLEDO \u2014 General Advisor<\/h3>\n<h2 class=\"region-heading\">The immediate collaborators of the General Council<\/h2>\n<h3>Andr\u00e9 Simon CROZIER \u2014 Deputy Secretary-General and Archivist<\/h3>\n<h3>Wendena Macaire SANDOUIDI \u2014 Attorney General<\/h3>\n<\/div>\n<\/div>\n<\/section>","protected":false},"excerpt":{"rendered":"<p>Le Conseil g\u00e9n\u00e9ral est compos\u00e9 du Sup\u00e9rieur g\u00e9n\u00e9ral et d&rsquo;au moins quatre conseillers g\u00e9n\u00e9raux, dont l&rsquo;un est le Vicaire g\u00e9n\u00e9ral. Les Conseillers g\u00e9n\u00e9raux assistent le Sup\u00e9rieur g\u00e9n\u00e9ral dans l&rsquo;exercice de son service pastoral d&rsquo;autorit\u00e9 dans la Congr\u00e9gation. Ils agissent en solidarit\u00e9 et en communion avec lui. P. Nestor FILS AIM\u00c9 \u2014 Sup\u00e9rieur g\u00e9n\u00e9ral P. V\u00edctor [&hellip;]<\/p>\n","protected":false},"author":1,"featured_media":492,"parent":0,"menu_order":0,"comment_status":"closed","ping_status":"closed","template":"elementor_header_footer","meta":{"footnotes":""},"class_list":["post-452","page","type-page","status-publish","has-post-thumbnail","hentry"],"yoast_head":"<!-- This site is optimized with the Yoast SEO plugin v27.6 - https:\/\/yoast.com\/product\/yoast-seo-wordpress\/ -->\n<title>Conseil g\u00e9n\u00e9ral \u2013 Viatorians International<\/title>\n<meta name=\"description\" content=\"Le Conseil g\u00e9n\u00e9ral des Clercs de Saint-Viateur, organe de gouvernance qui assiste le Sup\u00e9rieur g\u00e9n\u00e9ral.\" \/>\n<meta name=\"robots\" content=\"index, follow, max-snippet:-1, max-image-preview:large, max-video-preview:-1\" \/>\n<link rel=\"canonical\" href=\"https:\/\/staging.csviator-intl.org\/en_us\/conseil-general\/\" \/>\n<meta property=\"og:locale\" content=\"en_US\" \/>\n<meta property=\"og:type\" content=\"article\" \/>\n<meta property=\"og:title\" content=\"Conseil g\u00e9n\u00e9ral \u2013 Viatorians International\" \/>\n<meta property=\"og:description\" content=\"Le Conseil g\u00e9n\u00e9ral des Clercs de Saint-Viateur, organe de gouvernance qui assiste le Sup\u00e9rieur g\u00e9n\u00e9ral.\" \/>\n<meta property=\"og:url\" content=\"https:\/\/staging.csviator-intl.org\/en_us\/conseil-general\/\" \/>\n<meta property=\"og:site_name\" content=\"Viatorians International\" \/>\n<meta property=\"article:modified_time\" content=\"2026-04-25T11:51:52+00:00\" \/>\n<meta property=\"og:image\" content=\"https:\/\/staging.csviator-intl.org\/wp-content\/uploads\/2026\/04\/P.-Nestor-Fils-Aime-Superieur-general.jpg\" \/>\n\t<meta property=\"og:image:width\" content=\"417\" \/>\n\t<meta property=\"og:image:height\" content=\"479\" \/>\n\t<meta property=\"og:image:type\" content=\"image\/jpeg\" \/>\n<meta name=\"twitter:card\" content=\"summary_large_image\" \/>\n<meta name=\"twitter:label1\" content=\"Est. reading time\" \/>\n\t<meta name=\"twitter:data1\" content=\"1 minute\" \/>\n<script type=\"application\/ld+json\" class=\"yoast-schema-graph\">{\"@context\":\"https:\\\/\\\/schema.org\",\"@graph\":[{\"@type\":\"WebPage\",\"@id\":\"https:\\\/\\\/staging.csviator-intl.org\\\/conseil-general\\\/\",\"url\":\"https:\\\/\\\/staging.csviator-intl.org\\\/conseil-general\\\/\",\"name\":\"Conseil g\u00e9n\u00e9ral \u2013 Viatorians International\",\"isPartOf\":{\"@id\":\"https:\\\/\\\/staging.csviator-intl.org\\\/#website\"},\"primaryImageOfPage\":{\"@id\":\"https:\\\/\\\/staging.csviator-intl.org\\\/conseil-general\\\/#primaryimage\"},\"image\":{\"@id\":\"https:\\\/\\\/staging.csviator-intl.org\\\/conseil-general\\\/#primaryimage\"},\"thumbnailUrl\":\"https:\\\/\\\/staging.csviator-intl.org\\\/wp-content\\\/uploads\\\/2026\\\/04\\\/P.-Nestor-Fils-Aime-Superieur-general.jpg\",\"datePublished\":\"2026-04-13T01:23:40+00:00\",\"dateModified\":\"2026-04-25T11:51:52+00:00\",\"description\":\"Le Conseil g\u00e9n\u00e9ral des Clercs de Saint-Viateur, organe de gouvernance qui assiste le Sup\u00e9rieur g\u00e9n\u00e9ral.\",\"breadcrumb\":{\"@id\":\"https:\\\/\\\/staging.csviator-intl.org\\\/conseil-general\\\/#breadcrumb\"},\"inLanguage\":\"en-US\",\"potentialAction\":[{\"@type\":\"ReadAction\",\"target\":[\"https:\\\/\\\/staging.csviator-intl.org\\\/conseil-general\\\/\"]}]},{\"@type\":\"ImageObject\",\"inLanguage\":\"en-US\",\"@id\":\"https:\\\/\\\/staging.csviator-intl.org\\\/conseil-general\\\/#primaryimage\",\"url\":\"https:\\\/\\\/staging.csviator-intl.org\\\/wp-content\\\/uploads\\\/2026\\\/04\\\/P.-Nestor-Fils-Aime-Superieur-general.jpg\",\"contentUrl\":\"https:\\\/\\\/staging.csviator-intl.org\\\/wp-content\\\/uploads\\\/2026\\\/04\\\/P.-Nestor-Fils-Aime-Superieur-general.jpg\",\"width\":417,\"height\":479},{\"@type\":\"BreadcrumbList\",\"@id\":\"https:\\\/\\\/staging.csviator-intl.org\\\/conseil-general\\\/#breadcrumb\",\"itemListElement\":[{\"@type\":\"ListItem\",\"position\":1,\"name\":\"Home\",\"item\":\"https:\\\/\\\/staging.csviator-intl.org\\\/\"},{\"@type\":\"ListItem\",\"position\":2,\"name\":\"Conseil g\u00e9n\u00e9ral\"}]},{\"@type\":\"WebSite\",\"@id\":\"https:\\\/\\\/staging.csviator-intl.org\\\/#website\",\"url\":\"https:\\\/\\\/staging.csviator-intl.org\\\/\",\"name\":\"Viatorians International\",\"description\":\"Clercs de Saint-Viateur\",\"alternateName\":\"CSV\",\"potentialAction\":[{\"@type\":\"SearchAction\",\"target\":{\"@type\":\"EntryPoint\",\"urlTemplate\":\"https:\\\/\\\/staging.csviator-intl.org\\\/?s={search_term_string}\"},\"query-input\":{\"@type\":\"PropertyValueSpecification\",\"valueRequired\":true,\"valueName\":\"search_term_string\"}}],\"inLanguage\":\"en-US\"}]}<\/script>\n<!-- \/ Yoast SEO plugin. -->","yoast_head_json":{"title":"Conseil g\u00e9n\u00e9ral \u2013 Viatorians International","description":"Le Conseil g\u00e9n\u00e9ral des Clercs de Saint-Viateur, organe de gouvernance qui assiste le Sup\u00e9rieur g\u00e9n\u00e9ral.","robots":{"index":"index","follow":"follow","max-snippet":"max-snippet:-1","max-image-preview":"max-image-preview:large","max-video-preview":"max-video-preview:-1"},"canonical":"https:\/\/staging.csviator-intl.org\/en_us\/conseil-general\/","og_locale":"en_US","og_type":"article","og_title":"Conseil g\u00e9n\u00e9ral \u2013 Viatorians International","og_description":"Le Conseil g\u00e9n\u00e9ral des Clercs de Saint-Viateur, organe de gouvernance qui assiste le Sup\u00e9rieur g\u00e9n\u00e9ral.","og_url":"https:\/\/staging.csviator-intl.org\/en_us\/conseil-general\/","og_site_name":"Viatorians International","article_modified_time":"2026-04-25T11:51:52+00:00","og_image":[{"width":417,"height":479,"url":"https:\/\/staging.csviator-intl.org\/wp-content\/uploads\/2026\/04\/P.-Nestor-Fils-Aime-Superieur-general.jpg","type":"image\/jpeg"}],"twitter_card":"summary_large_image","twitter_misc":{"Est. reading time":"1 minute"},"schema":{"@context":"https:\/\/schema.org","@graph":[{"@type":"WebPage","@id":"https:\/\/staging.csviator-intl.org\/conseil-general\/","url":"https:\/\/staging.csviator-intl.org\/conseil-general\/","name":"Conseil g\u00e9n\u00e9ral \u2013 Viatorians International","isPartOf":{"@id":"https:\/\/staging.csviator-intl.org\/#website"},"primaryImageOfPage":{"@id":"https:\/\/staging.csviator-intl.org\/conseil-general\/#primaryimage"},"image":{"@id":"https:\/\/staging.csviator-intl.org\/conseil-general\/#primaryimage"},"thumbnailUrl":"https:\/\/staging.csviator-intl.org\/wp-content\/uploads\/2026\/04\/P.-Nestor-Fils-Aime-Superieur-general.jpg","datePublished":"2026-04-13T01:23:40+00:00","dateModified":"2026-04-25T11:51:52+00:00","description":"Le Conseil g\u00e9n\u00e9ral des Clercs de Saint-Viateur, organe de gouvernance qui assiste le Sup\u00e9rieur g\u00e9n\u00e9ral.","breadcrumb":{"@id":"https:\/\/staging.csviator-intl.org\/conseil-general\/#breadcrumb"},"inLanguage":"en-US","potentialAction":[{"@type":"ReadAction","target":["https:\/\/staging.csviator-intl.org\/conseil-general\/"]}]},{"@type":"ImageObject","inLanguage":"en-US","@id":"https:\/\/staging.csviator-intl.org\/conseil-general\/#primaryimage","url":"https:\/\/staging.csviator-intl.org\/wp-content\/uploads\/2026\/04\/P.-Nestor-Fils-Aime-Superieur-general.jpg","contentUrl":"https:\/\/staging.csviator-intl.org\/wp-content\/uploads\/2026\/04\/P.-Nestor-Fils-Aime-Superieur-general.jpg","width":417,"height":479},{"@type":"BreadcrumbList","@id":"https:\/\/staging.csviator-intl.org\/conseil-general\/#breadcrumb","itemListElement":[{"@type":"ListItem","position":1,"name":"Home","item":"https:\/\/staging.csviator-intl.org\/"},{"@type":"ListItem","position":2,"name":"Conseil g\u00e9n\u00e9ral"}]},{"@type":"WebSite","@id":"https:\/\/staging.csviator-intl.org\/#website","url":"https:\/\/staging.csviator-intl.org\/","name":"Viatorians International","description":"Clerics of Saint Viator","alternateName":"CSV","potentialAction":[{"@type":"SearchAction","target":{"@type":"EntryPoint","urlTemplate":"https:\/\/staging.csviator-intl.org\/?s={search_term_string}"},"query-input":{"@type":"PropertyValueSpecification","valueRequired":true,"valueName":"search_term_string"}}],"inLanguage":"en-US"}]}},"_links":{"self":[{"href":"https:\/\/staging.csviator-intl.org\/en_us\/wp-json\/wp\/v2\/pages\/452","targetHints":{"allow":["GET"]}}],"collection":[{"href":"https:\/\/staging.csviator-intl.org\/en_us\/wp-json\/wp\/v2\/pages"}],"about":[{"href":"https:\/\/staging.csviator-intl.org\/en_us\/wp-json\/wp\/v2\/types\/page"}],"author":[{"embeddable":true,"href":"https:\/\/staging.csviator-intl.org\/en_us\/wp-json\/wp\/v2\/users\/1"}],"replies":[{"embeddable":true,"href":"https:\/\/staging.csviator-intl.org\/en_us\/wp-json\/wp\/v2\/comments?post=452"}],"version-history":[{"count":1,"href":"https:\/\/staging.csviator-intl.org\/en_us\/wp-json\/wp\/v2\/pages\/452\/revisions"}],"predecessor-version":[{"id":476,"href":"https:\/\/staging.csviator-intl.org\/en_us\/wp-json\/wp\/v2\/pages\/452\/revisions\/476"}],"wp:featuredmedia":[{"embeddable":true,"href":"https:\/\/staging.csviator-intl.org\/en_us\/wp-json\/wp\/v2\/media\/492"}],"wp:attachment":[{"href":"https:\/\/staging.csviator-intl.org\/en_us\/wp-json\/wp\/v2\/media?parent=452"}],"curies":[{"name":"wp","href":"https:\/\/api.w.org\/{rel}","templated":true}]}}