{"id":415,"date":"2026-04-13T00:35:47","date_gmt":"2026-04-13T00:35:47","guid":{"rendered":"https:\/\/staging.csviator-intl.org\/saint-viateur\/"},"modified":"2026-04-25T11:51:54","modified_gmt":"2026-04-25T11:51:54","slug":"saint-viateur","status":"publish","type":"page","link":"https:\/\/staging.csviator-intl.org\/en_us\/saint-viateur\/","title":{"rendered":"Saint Viateur"},"content":{"rendered":"<section class=\"region-narrative\">\n<div class=\"region-container\">\n<div class=\"region-text\">\n<h2 class=\"region-heading\">A portrait with modest but deep features.<\/h2>\n<p class=\"region-dropcap\">Although tradition often imagines Viator as a young man when he left for Egypt, historical facts do not allow us to pinpoint his exact age. While he was undoubtedly in the prime of life when he left Lyon for the desert of Scetis, he remains an adult of uncertain age.<\/p>\n<p class=\"region-p\" data-reveal>After more than 1600 years, it is remarkable that we know so much about a man whose life was exceptional through his holiness alone. This biographical sketch follows the traces Viateur left in history. To bring him to life, we must meditate on his fidelity, his sense of service, and his spirit of prayer\u2014values as essential in the 4th century as they are in the 21st for any disciple of Christ.<\/p>\n<h2 class=\"region-heading\">His life<\/h2>\n<div class=\"csv-timeline-item\">\n<div class=\"csv-timeline-dot\"><\/div>\n<h3>The Lyon tragedy and Bishop Just's decision<\/h3>\n<p>The life of Viateur is inseparable from that of his bishop. Saint Justus, successor to Verissimus around 343, was a gentle, learned, and respected man. In 381, a tragic event upset his life: a man, driven mad, after committing murders in the public square, took refuge in the cathedral. Despite the bishop's intervention to guarantee a fair trial, the crowd seized the culprit and lynched him.<\/p>\n<p>Profoundly marked by this spilled blood, Just felt unworthy of his charge and decided to join the desert of Scetis, in Egypt.<\/p>\n<\/div>\n<div class=\"csv-timeline-item\">\n<div class=\"csv-timeline-dot\"><\/div>\n<h3>Viateur follows his master to the desert<\/h3>\n<p>Learning of his bishop's secret departure for Marseille, Viateur decided to join him. Together, they set sail for Alexandria, then ventured into the Libyan desert to join the community of Saint Macarius of Egypt.<\/p>\n<p>Their life there was marked by rigorous asceticism:<\/p>\n<ul>\n<li>Accommodation in isolated cells (excavated or stone).<\/li>\n<li>Weekly meeting on Saturday for liturgy.<\/li>\n<li>Manual labor, fasting, silence, and night vigils.<\/li>\n<\/ul>\n<\/div>\n<div class=\"csv-timeline-item\">\n<div class=\"csv-timeline-dot\"><\/div>\n<h3>Death and return of the relics in Lyon<\/h3>\n<p>Bishop Justus died around 390, and Viator followed him to the grave shortly thereafter. Their bodies were brought back to Lyon around 399, arriving in the city on August 4th. On September 2nd, their relics were solemnly transferred to the church of the Maccabees.<\/p>\n<\/div>\n<div class=\"csv-timeline-item\">\n<div class=\"csv-timeline-dot\"><\/div>\n<h3>The enduring nature of the cult<\/h3>\n<p>The cult of Saint Just and his lector Viator became so important that it eclipsed that of the earliest martyrs of Lyon. In the 5th century, four feasts were dedicated to them:<\/p>\n<ul>\n<li><strong>August 4th:<\/strong> Arrival of the relics.<\/li>\n<li><strong>September 2nd:<\/strong> Transfer to the Maccabees Church.<\/li>\n<li><strong>October 14<\/strong> Departure for Egypt.<\/li>\n<li><strong>October 21st:<\/strong> Special Feast of St. Viator.<\/li>\n<\/ul>\n<p>In 1287, an official inspection led to the discovery of the two bodies in the same tomb. Despite the church's destruction by Calvinists in 1562 and the desecrations of the French Revolution in 1793, the relics were saved each time and rest today in the new Saint-Just church.<\/p>\n<\/div>\n<\/div>\n<\/div>\n<\/section>","protected":false},"excerpt":{"rendered":"<p>Un portrait aux traits modestes mais profonds Bien que la tradition imagine souvent Viateur comme un jeune homme au moment de son d\u00e9part pour l\u2019\u00c9gypte, les faits historiques ne permettent pas de pr\u00e9ciser son \u00e2ge exact. S\u2019il \u00e9tait sans doute dans la force de l\u2019\u00e2ge en quittant Lyon pour le d\u00e9sert de Sc\u00e9t\u00e9, il reste [&hellip;]<\/p>\n","protected":false},"author":1,"featured_media":307,"parent":0,"menu_order":0,"comment_status":"closed","ping_status":"closed","template":"elementor_header_footer","meta":{"footnotes":""},"class_list":["post-415","page","type-page","status-publish","has-post-thumbnail","hentry"],"yoast_head":"<!-- This site is optimized with the Yoast SEO plugin v27.6 - https:\/\/yoast.com\/product\/yoast-seo-wordpress\/ -->\n<title>Saint Viateur \u2013 Viatorians International<\/title>\n<meta name=\"description\" content=\"Saint Viateur, patron des Clercs de Saint-Viateur. Lecteur de l&#039;\u00c9glise de Lyon au IVe si\u00e8cle, compagnon de Saint Just.\" \/>\n<meta name=\"robots\" content=\"index, follow, max-snippet:-1, max-image-preview:large, max-video-preview:-1\" \/>\n<link rel=\"canonical\" href=\"https:\/\/staging.csviator-intl.org\/en_us\/saint-viateur\/\" \/>\n<meta property=\"og:locale\" content=\"en_US\" \/>\n<meta property=\"og:type\" content=\"article\" \/>\n<meta property=\"og:title\" content=\"Saint Viateur \u2013 Viatorians International\" \/>\n<meta property=\"og:description\" content=\"Saint Viateur, patron des Clercs de Saint-Viateur. Lecteur de l&#039;\u00c9glise de Lyon au IVe si\u00e8cle, compagnon de Saint Just.\" \/>\n<meta property=\"og:url\" content=\"https:\/\/staging.csviator-intl.org\/en_us\/saint-viateur\/\" \/>\n<meta property=\"og:site_name\" content=\"Viatorians International\" \/>\n<meta property=\"article:modified_time\" content=\"2026-04-25T11:51:54+00:00\" \/>\n<meta property=\"og:image\" content=\"https:\/\/staging.csviator-intl.org\/wp-content\/uploads\/2026\/04\/download-4-1024x439.png\" \/>\n\t<meta property=\"og:image:width\" content=\"1024\" \/>\n\t<meta property=\"og:image:height\" content=\"439\" \/>\n\t<meta property=\"og:image:type\" content=\"image\/png\" \/>\n<meta name=\"twitter:card\" content=\"summary_large_image\" \/>\n<meta name=\"twitter:label1\" content=\"Est. reading time\" \/>\n\t<meta name=\"twitter:data1\" content=\"3 minutes\" \/>\n<script type=\"application\/ld+json\" class=\"yoast-schema-graph\">{\"@context\":\"https:\\\/\\\/schema.org\",\"@graph\":[{\"@type\":\"WebPage\",\"@id\":\"https:\\\/\\\/staging.csviator-intl.org\\\/saint-viateur\\\/\",\"url\":\"https:\\\/\\\/staging.csviator-intl.org\\\/saint-viateur\\\/\",\"name\":\"Saint Viateur \u2013 Viatorians International\",\"isPartOf\":{\"@id\":\"https:\\\/\\\/staging.csviator-intl.org\\\/#website\"},\"primaryImageOfPage\":{\"@id\":\"https:\\\/\\\/staging.csviator-intl.org\\\/saint-viateur\\\/#primaryimage\"},\"image\":{\"@id\":\"https:\\\/\\\/staging.csviator-intl.org\\\/saint-viateur\\\/#primaryimage\"},\"thumbnailUrl\":\"https:\\\/\\\/staging.csviator-intl.org\\\/wp-content\\\/uploads\\\/2026\\\/04\\\/download-4.png\",\"datePublished\":\"2026-04-13T00:35:47+00:00\",\"dateModified\":\"2026-04-25T11:51:54+00:00\",\"description\":\"Saint Viateur, patron des Clercs de Saint-Viateur. Lecteur de l'\u00c9glise de Lyon au IVe si\u00e8cle, compagnon de Saint Just.\",\"breadcrumb\":{\"@id\":\"https:\\\/\\\/staging.csviator-intl.org\\\/saint-viateur\\\/#breadcrumb\"},\"inLanguage\":\"en-US\",\"potentialAction\":[{\"@type\":\"ReadAction\",\"target\":[\"https:\\\/\\\/staging.csviator-intl.org\\\/saint-viateur\\\/\"]}]},{\"@type\":\"ImageObject\",\"inLanguage\":\"en-US\",\"@id\":\"https:\\\/\\\/staging.csviator-intl.org\\\/saint-viateur\\\/#primaryimage\",\"url\":\"https:\\\/\\\/staging.csviator-intl.org\\\/wp-content\\\/uploads\\\/2026\\\/04\\\/download-4.png\",\"contentUrl\":\"https:\\\/\\\/staging.csviator-intl.org\\\/wp-content\\\/uploads\\\/2026\\\/04\\\/download-4.png\",\"width\":1674,\"height\":717},{\"@type\":\"BreadcrumbList\",\"@id\":\"https:\\\/\\\/staging.csviator-intl.org\\\/saint-viateur\\\/#breadcrumb\",\"itemListElement\":[{\"@type\":\"ListItem\",\"position\":1,\"name\":\"Home\",\"item\":\"https:\\\/\\\/staging.csviator-intl.org\\\/\"},{\"@type\":\"ListItem\",\"position\":2,\"name\":\"Saint Viateur\"}]},{\"@type\":\"WebSite\",\"@id\":\"https:\\\/\\\/staging.csviator-intl.org\\\/#website\",\"url\":\"https:\\\/\\\/staging.csviator-intl.org\\\/\",\"name\":\"Viatorians International\",\"description\":\"Clercs de Saint-Viateur\",\"alternateName\":\"CSV\",\"potentialAction\":[{\"@type\":\"SearchAction\",\"target\":{\"@type\":\"EntryPoint\",\"urlTemplate\":\"https:\\\/\\\/staging.csviator-intl.org\\\/?s={search_term_string}\"},\"query-input\":{\"@type\":\"PropertyValueSpecification\",\"valueRequired\":true,\"valueName\":\"search_term_string\"}}],\"inLanguage\":\"en-US\"}]}<\/script>\n<!-- \/ Yoast SEO plugin. -->","yoast_head_json":{"title":"Saint Viateur \u2013 Viatorians International","description":"Saint Viateur, patron des Clercs de Saint-Viateur. Lecteur de l'\u00c9glise de Lyon au IVe si\u00e8cle, compagnon de Saint Just.","robots":{"index":"index","follow":"follow","max-snippet":"max-snippet:-1","max-image-preview":"max-image-preview:large","max-video-preview":"max-video-preview:-1"},"canonical":"https:\/\/staging.csviator-intl.org\/en_us\/saint-viateur\/","og_locale":"en_US","og_type":"article","og_title":"Saint Viateur \u2013 Viatorians International","og_description":"Saint Viateur, patron des Clercs de Saint-Viateur. Lecteur de l'\u00c9glise de Lyon au IVe si\u00e8cle, compagnon de Saint Just.","og_url":"https:\/\/staging.csviator-intl.org\/en_us\/saint-viateur\/","og_site_name":"Viatorians International","article_modified_time":"2026-04-25T11:51:54+00:00","og_image":[{"width":1024,"height":439,"url":"https:\/\/staging.csviator-intl.org\/wp-content\/uploads\/2026\/04\/download-4-1024x439.png","type":"image\/png"}],"twitter_card":"summary_large_image","twitter_misc":{"Est. reading time":"3 minutes"},"schema":{"@context":"https:\/\/schema.org","@graph":[{"@type":"WebPage","@id":"https:\/\/staging.csviator-intl.org\/saint-viateur\/","url":"https:\/\/staging.csviator-intl.org\/saint-viateur\/","name":"Saint Viateur \u2013 Viatorians International","isPartOf":{"@id":"https:\/\/staging.csviator-intl.org\/#website"},"primaryImageOfPage":{"@id":"https:\/\/staging.csviator-intl.org\/saint-viateur\/#primaryimage"},"image":{"@id":"https:\/\/staging.csviator-intl.org\/saint-viateur\/#primaryimage"},"thumbnailUrl":"https:\/\/staging.csviator-intl.org\/wp-content\/uploads\/2026\/04\/download-4.png","datePublished":"2026-04-13T00:35:47+00:00","dateModified":"2026-04-25T11:51:54+00:00","description":"Saint Viateur, patron des Clercs de Saint-Viateur. Lecteur de l'\u00c9glise de Lyon au IVe si\u00e8cle, compagnon de Saint Just.","breadcrumb":{"@id":"https:\/\/staging.csviator-intl.org\/saint-viateur\/#breadcrumb"},"inLanguage":"en-US","potentialAction":[{"@type":"ReadAction","target":["https:\/\/staging.csviator-intl.org\/saint-viateur\/"]}]},{"@type":"ImageObject","inLanguage":"en-US","@id":"https:\/\/staging.csviator-intl.org\/saint-viateur\/#primaryimage","url":"https:\/\/staging.csviator-intl.org\/wp-content\/uploads\/2026\/04\/download-4.png","contentUrl":"https:\/\/staging.csviator-intl.org\/wp-content\/uploads\/2026\/04\/download-4.png","width":1674,"height":717},{"@type":"BreadcrumbList","@id":"https:\/\/staging.csviator-intl.org\/saint-viateur\/#breadcrumb","itemListElement":[{"@type":"ListItem","position":1,"name":"Home","item":"https:\/\/staging.csviator-intl.org\/"},{"@type":"ListItem","position":2,"name":"Saint Viateur"}]},{"@type":"WebSite","@id":"https:\/\/staging.csviator-intl.org\/#website","url":"https:\/\/staging.csviator-intl.org\/","name":"Viatorians International","description":"Clerics of Saint Viator","alternateName":"CSV","potentialAction":[{"@type":"SearchAction","target":{"@type":"EntryPoint","urlTemplate":"https:\/\/staging.csviator-intl.org\/?s={search_term_string}"},"query-input":{"@type":"PropertyValueSpecification","valueRequired":true,"valueName":"search_term_string"}}],"inLanguage":"en-US"}]}},"_links":{"self":[{"href":"https:\/\/staging.csviator-intl.org\/en_us\/wp-json\/wp\/v2\/pages\/415","targetHints":{"allow":["GET"]}}],"collection":[{"href":"https:\/\/staging.csviator-intl.org\/en_us\/wp-json\/wp\/v2\/pages"}],"about":[{"href":"https:\/\/staging.csviator-intl.org\/en_us\/wp-json\/wp\/v2\/types\/page"}],"author":[{"embeddable":true,"href":"https:\/\/staging.csviator-intl.org\/en_us\/wp-json\/wp\/v2\/users\/1"}],"replies":[{"embeddable":true,"href":"https:\/\/staging.csviator-intl.org\/en_us\/wp-json\/wp\/v2\/comments?post=415"}],"version-history":[{"count":3,"href":"https:\/\/staging.csviator-intl.org\/en_us\/wp-json\/wp\/v2\/pages\/415\/revisions"}],"predecessor-version":[{"id":472,"href":"https:\/\/staging.csviator-intl.org\/en_us\/wp-json\/wp\/v2\/pages\/415\/revisions\/472"}],"wp:featuredmedia":[{"embeddable":true,"href":"https:\/\/staging.csviator-intl.org\/en_us\/wp-json\/wp\/v2\/media\/307"}],"wp:attachment":[{"href":"https:\/\/staging.csviator-intl.org\/en_us\/wp-json\/wp\/v2\/media?parent=415"}],"curies":[{"name":"wp","href":"https:\/\/api.w.org\/{rel}","templated":true}]}}