{"id":29,"date":"2026-03-14T20:37:16","date_gmt":"2026-03-14T20:37:16","guid":{"rendered":"https:\/\/staging.csviator-intl.org\/honduras\/"},"modified":"2026-04-25T11:51:52","modified_gmt":"2026-04-25T11:51:52","slug":"honduras","status":"publish","type":"page","link":"https:\/\/staging.csviator-intl.org\/en_us\/honduras\/","title":{"rendered":"Honduras"},"content":{"rendered":"<section class=\"region-narrative\">\n<div class=\"region-container\">\n<div class=\"region-text\">\n<p class=\"region-dropcap\">Presence of the Viatorian Community in Jutiapa, Atl\u00e1ntida, Honduras, C.A.<\/p>\n<p class=\"region-p\" data-reveal>The Viatorians arrived in Jutiapa, Honduras, on January 10, 1998. At that time, the Bishop of the Diocese of San Pedro Sula, Bishop Angel Garachana, opened his doors wide to us, and we took charge of the Parish of Our Lady of Transit. This mission encompasses the entire municipality of Jutiapa, with its more than 80 villages, hamlets, and communities on the northern Caribbean coast of Honduras\u2014where God's Providence has led us.<\/p>\n<p class=\"region-p\" data-reveal>The founding team, sent by the Province of Spain to pave the way for this precious Viatorian mission in Central America, was composed of Fr. Jos\u00e9 Ram\u00f3n Zudaire (\u2020 November 22, 2007), Bro. Arturo Lobo, and the young religious V\u00edctor C\u00e1mara.<\/p>\n<p class=\"region-p\" data-reveal>Milestones and Lived Experience of Our Journey<\/p>\n<p class=\"region-p\" data-reveal>Various events and commitments have marked the journey of our community in Jutiapa, making it a significant and prophetic presence, a seed of the Kingdom of God endowed with a strong Viatorian identity:<\/p>\n<p class=\"region-p\" data-reveal>The impact of Hurricane Mitch in October 1998.<\/p>\n<p class=\"region-p\" data-reveal>The creation of SERSO Honduras on November 28, 1998, just one month later, to work on social projects.<\/p>\n<p class=\"region-p\" data-reveal>The volunteer program launched in 2001 for those wishing to have a mission and solidarity experience alongside the community.<\/p>\n<p class=\"region-p\" data-reveal>The constant concern, from the beginning, for the education of children and young people in our community.<\/p>\n<p class=\"region-p\" data-reveal>The training and support of lay people involved in our local communities: delegates for the Word, catechists, and young people.<\/p>\n<p class=\"region-p\" data-reveal>The invitation extended to the parish's closest and most committed individuals to learn about and join the Viatorian Community.<\/p>\n<p class=\"region-p\" data-reveal>Opening up to new commitments according to the country's needs and realities.<\/p>\n<p class=\"region-p\" data-reveal>A narrow path with the local Church on an intense journey of communion, participation, and mission.<\/p>\n<p class=\"region-p\" data-reveal>The process of creating proprietary educational works since 2014.<\/p>\n<p class=\"region-p\" data-reveal>The effort to implement a communication project via Radio Viator on several occasions.<\/p>\n<p class=\"region-p\" data-reveal>The complex and difficult realities faced by the Honduran people in the face of serious social, political, and environmental crises.<\/p>\n<p class=\"region-p\" data-reveal>Today, we are a Viatorian Community that has been journeying together since October 25, 2008, composed of 26 associate members and 5 Viatorian religious. We are Viatorians\u2014men and women, single, married, and consecrated\u2014walking toward God through our commitments linked to the Viatorian charism (Viatorian Community Charter).<\/p>\n<p class=\"region-p\" data-reveal>We are a Honduran, committed community rooted in the immediate reality of our municipality of Jutiapa and its villages. We face a high poverty rate that has worsened in recent years, causing a strong migratory current towards the United States and other countries, a context in which the famous migrant caravans to the North were born.<\/p>\n<p class=\"region-p\" data-reveal>As a Viatorian community, we strive to be faithful to the identifying elements of our charism: the Viatorian spiritual life, mission, community life, and formation. We feel ourselves to be \"co-heirs and co-responsible for the development of the Viatorian charism\" (Viatorian Community Charter) through our personal and communal experiences.<\/p>\n<p class=\"region-p\" data-reveal>Areas of Work and Missionary Service<\/p>\n<p class=\"region-p\" data-reveal>We are developing our work and services in various fields:<\/p>\n<p class=\"region-p\" data-reveal>Evangelization: Through the parish platform Nuestra Se\u00f1ora del Tr\u00e1nsito, serving the entire municipality in coordination with the National Pastoral Care of Honduras and the Diocese of La Ceiba. We emphasize the great commitment of the laity: delegates of the Word, catechists, leaders of Basic Ecclesial Communities, youth, liturgy, family pastoral care, and social pastoral care.<\/p>\n<p class=\"region-p\" data-reveal>Social Pastoral: We are intensifying this work to respond to the surrounding social realities, with the precious support of SERSO in the areas of health, education, gender equity, housing, care for the \u00abCommon Home,\u00bb water, and sanitation. We also promote citizen organization in networks, active democracy, support for youth and women's networks, the defense of human rights and life, as well as legal and psychological assistance against violence.<\/p>\n<p class=\"region-p\" data-reveal>Education: Several members work in formal and non-formal education in the villages of Jutiapa and Balfate, managing the San Viator Educational Center and the Maestro en Casa program.<\/p>\n<p class=\"region-p\" data-reveal>Ecclesiology and Synodality: We welcome the orientations of the Church in Latin America and the Caribbean, as well as the momentum from Pope Francis, and now Pope Leo XIV, towards a Church of the \u00abPeople of God\u00bb living out synodality. A Church that listens to the cries of the poorest, involves all the baptized, and denounces abuses of power that affect the most vulnerable.<\/p>\n<p class=\"region-p\" data-reveal>We feel called to radiate Viatorian charism by making known the Venerable Fr. Louis Querbes, his work, and the community in Honduras.<\/p>\n<p class=\"region-p\" data-reveal>As Father Querbes knew very well, \u00abGod will provide.\u00bb And in Honduras, we say: \u00abGod will provide... and He does provide...\u00bb<\/p>\n<p class=\"region-p\" data-reveal>Viatorian Community of Honduras.<\/p>\n<\/div>\n<\/div>\n<\/section>\n<section class=\"region-gallery-section\">\n<div class=\"region-container\">\n<h2 class=\"region-section-title\"><i class=\"fas fa-images\"><\/i> Gallery <span class=\"accent\">Photos<\/span><\/h2>\n<div class=\"csv-gallery\">\n<div class=\"csv-gallery-item\"><img decoding=\"async\" src=\"https:\/\/staging.csviator-intl.org\/wp-content\/uploads\/2026\/04\/honduras-photo1-3.jpeg\" alt=\"\" loading=\"lazy\"><\/div>\n<div class=\"csv-gallery-item\"><img decoding=\"async\" src=\"https:\/\/staging.csviator-intl.org\/wp-content\/uploads\/2026\/04\/honduras-photo2-1.jpeg\" alt=\"\" loading=\"lazy\"><\/div>\n<div class=\"csv-gallery-item\"><img decoding=\"async\" src=\"https:\/\/staging.csviator-intl.org\/wp-content\/uploads\/2026\/04\/honduras-photo3-1.jpeg\" alt=\"\" loading=\"lazy\"><\/div>\n<div class=\"csv-gallery-item\"><img decoding=\"async\" src=\"https:\/\/staging.csviator-intl.org\/wp-content\/uploads\/2026\/04\/honduras-photo4-1.jpeg\" alt=\"\" loading=\"lazy\"><\/div>\n<div class=\"csv-gallery-item\"><img decoding=\"async\" src=\"https:\/\/staging.csviator-intl.org\/wp-content\/uploads\/2026\/04\/honduras-photo5-1.jpeg\" alt=\"\" loading=\"lazy\"><\/div>\n<div class=\"csv-gallery-item\"><img decoding=\"async\" src=\"https:\/\/staging.csviator-intl.org\/wp-content\/uploads\/2026\/04\/honduras-photo6-1.jpeg\" alt=\"\" loading=\"lazy\"><\/div>\n<div class=\"csv-gallery-item\"><img decoding=\"async\" src=\"https:\/\/staging.csviator-intl.org\/wp-content\/uploads\/2026\/04\/honduras-photo7-1.jpeg\" alt=\"\" loading=\"lazy\"><\/div>\n<div class=\"csv-gallery-item\"><img decoding=\"async\" src=\"https:\/\/staging.csviator-intl.org\/wp-content\/uploads\/2026\/04\/honduras-photo8-1.jpeg\" alt=\"\" loading=\"lazy\"><\/div>\n<\/div>\n<\/div>\n<\/section>","protected":false},"excerpt":{"rendered":"<p>Pr\u00e9sence de la Communaut\u00e9 Viatorienne \u00e0 Jutiapa, Atl\u00e1ntida, Honduras, C.A. Les Viateurs sont arriv\u00e9s \u00e0 Jutiapa, au Honduras, le 10 janvier 1998. \u00c0 cette \u00e9poque, l\u2019\u00e9v\u00eaque du dioc\u00e8se de San Pedro Sula, Mgr Angel Garachana, nous a ouvert ses portes en grand, et nous avons pris la charge de la Paroisse Nuestra Se\u00f1ora del Tr\u00e1nsito. [&hellip;]<\/p>\n","protected":false},"author":1,"featured_media":219,"parent":0,"menu_order":0,"comment_status":"closed","ping_status":"closed","template":"elementor_header_footer","meta":{"footnotes":""},"class_list":["post-29","page","type-page","status-publish","has-post-thumbnail","hentry"],"yoast_head":"<!-- This site is optimized with the Yoast SEO plugin v27.6 - https:\/\/yoast.com\/product\/yoast-seo-wordpress\/ -->\n<title>Honduras \u2013 Viatorians International<\/title>\n<meta name=\"description\" content=\"Les Clercs de Saint-Viateur au Honduras. Mission \u00e9ducative et pastorale en Am\u00e9rique centrale.\" \/>\n<meta name=\"robots\" content=\"index, follow, max-snippet:-1, max-image-preview:large, max-video-preview:-1\" \/>\n<link rel=\"canonical\" href=\"https:\/\/staging.csviator-intl.org\/en_us\/honduras\/\" \/>\n<meta property=\"og:locale\" content=\"en_US\" \/>\n<meta property=\"og:type\" content=\"article\" \/>\n<meta property=\"og:title\" content=\"Honduras \u2013 Viatorians International\" \/>\n<meta property=\"og:description\" content=\"Les Clercs de Saint-Viateur au Honduras. Mission \u00e9ducative et pastorale en Am\u00e9rique centrale.\" \/>\n<meta property=\"og:url\" content=\"https:\/\/staging.csviator-intl.org\/en_us\/honduras\/\" \/>\n<meta property=\"og:site_name\" content=\"Viatorians International\" \/>\n<meta property=\"article:modified_time\" content=\"2026-04-25T11:51:52+00:00\" \/>\n<meta property=\"og:image\" content=\"https:\/\/staging.csviator-intl.org\/wp-content\/uploads\/2026\/04\/honduras-photo1-3.jpeg\" \/>\n\t<meta property=\"og:image:width\" content=\"702\" \/>\n\t<meta property=\"og:image:height\" content=\"323\" \/>\n\t<meta property=\"og:image:type\" content=\"image\/jpeg\" \/>\n<meta name=\"twitter:card\" content=\"summary_large_image\" \/>\n<meta name=\"twitter:label1\" content=\"Est. reading time\" \/>\n\t<meta name=\"twitter:data1\" content=\"4 minutes\" \/>\n<script type=\"application\/ld+json\" class=\"yoast-schema-graph\">{\"@context\":\"https:\\\/\\\/schema.org\",\"@graph\":[{\"@type\":\"WebPage\",\"@id\":\"https:\\\/\\\/staging.csviator-intl.org\\\/honduras\\\/\",\"url\":\"https:\\\/\\\/staging.csviator-intl.org\\\/honduras\\\/\",\"name\":\"Honduras \u2013 Viatorians International\",\"isPartOf\":{\"@id\":\"https:\\\/\\\/staging.csviator-intl.org\\\/#website\"},\"primaryImageOfPage\":{\"@id\":\"https:\\\/\\\/staging.csviator-intl.org\\\/honduras\\\/#primaryimage\"},\"image\":{\"@id\":\"https:\\\/\\\/staging.csviator-intl.org\\\/honduras\\\/#primaryimage\"},\"thumbnailUrl\":\"https:\\\/\\\/staging.csviator-intl.org\\\/wp-content\\\/uploads\\\/2026\\\/04\\\/honduras-photo1-3.jpeg\",\"datePublished\":\"2026-03-14T20:37:16+00:00\",\"dateModified\":\"2026-04-25T11:51:52+00:00\",\"description\":\"Les Clercs de Saint-Viateur au Honduras. Mission \u00e9ducative et pastorale en Am\u00e9rique centrale.\",\"breadcrumb\":{\"@id\":\"https:\\\/\\\/staging.csviator-intl.org\\\/honduras\\\/#breadcrumb\"},\"inLanguage\":\"en-US\",\"potentialAction\":[{\"@type\":\"ReadAction\",\"target\":[\"https:\\\/\\\/staging.csviator-intl.org\\\/honduras\\\/\"]}]},{\"@type\":\"ImageObject\",\"inLanguage\":\"en-US\",\"@id\":\"https:\\\/\\\/staging.csviator-intl.org\\\/honduras\\\/#primaryimage\",\"url\":\"https:\\\/\\\/staging.csviator-intl.org\\\/wp-content\\\/uploads\\\/2026\\\/04\\\/honduras-photo1-3.jpeg\",\"contentUrl\":\"https:\\\/\\\/staging.csviator-intl.org\\\/wp-content\\\/uploads\\\/2026\\\/04\\\/honduras-photo1-3.jpeg\",\"width\":702,\"height\":323},{\"@type\":\"BreadcrumbList\",\"@id\":\"https:\\\/\\\/staging.csviator-intl.org\\\/honduras\\\/#breadcrumb\",\"itemListElement\":[{\"@type\":\"ListItem\",\"position\":1,\"name\":\"Home\",\"item\":\"https:\\\/\\\/staging.csviator-intl.org\\\/\"},{\"@type\":\"ListItem\",\"position\":2,\"name\":\"Honduras\"}]},{\"@type\":\"WebSite\",\"@id\":\"https:\\\/\\\/staging.csviator-intl.org\\\/#website\",\"url\":\"https:\\\/\\\/staging.csviator-intl.org\\\/\",\"name\":\"Viatorians International\",\"description\":\"Clercs de Saint-Viateur\",\"alternateName\":\"CSV\",\"potentialAction\":[{\"@type\":\"SearchAction\",\"target\":{\"@type\":\"EntryPoint\",\"urlTemplate\":\"https:\\\/\\\/staging.csviator-intl.org\\\/?s={search_term_string}\"},\"query-input\":{\"@type\":\"PropertyValueSpecification\",\"valueRequired\":true,\"valueName\":\"search_term_string\"}}],\"inLanguage\":\"en-US\"}]}<\/script>\n<!-- \/ Yoast SEO plugin. -->","yoast_head_json":{"title":"Honduras \u2013 Viatorians International","description":"Les Clercs de Saint-Viateur au Honduras. Mission \u00e9ducative et pastorale en Am\u00e9rique centrale.","robots":{"index":"index","follow":"follow","max-snippet":"max-snippet:-1","max-image-preview":"max-image-preview:large","max-video-preview":"max-video-preview:-1"},"canonical":"https:\/\/staging.csviator-intl.org\/en_us\/honduras\/","og_locale":"en_US","og_type":"article","og_title":"Honduras \u2013 Viatorians International","og_description":"Les Clercs de Saint-Viateur au Honduras. Mission \u00e9ducative et pastorale en Am\u00e9rique centrale.","og_url":"https:\/\/staging.csviator-intl.org\/en_us\/honduras\/","og_site_name":"Viatorians International","article_modified_time":"2026-04-25T11:51:52+00:00","og_image":[{"width":702,"height":323,"url":"https:\/\/staging.csviator-intl.org\/wp-content\/uploads\/2026\/04\/honduras-photo1-3.jpeg","type":"image\/jpeg"}],"twitter_card":"summary_large_image","twitter_misc":{"Est. reading time":"4 minutes"},"schema":{"@context":"https:\/\/schema.org","@graph":[{"@type":"WebPage","@id":"https:\/\/staging.csviator-intl.org\/honduras\/","url":"https:\/\/staging.csviator-intl.org\/honduras\/","name":"Honduras \u2013 Viatorians International","isPartOf":{"@id":"https:\/\/staging.csviator-intl.org\/#website"},"primaryImageOfPage":{"@id":"https:\/\/staging.csviator-intl.org\/honduras\/#primaryimage"},"image":{"@id":"https:\/\/staging.csviator-intl.org\/honduras\/#primaryimage"},"thumbnailUrl":"https:\/\/staging.csviator-intl.org\/wp-content\/uploads\/2026\/04\/honduras-photo1-3.jpeg","datePublished":"2026-03-14T20:37:16+00:00","dateModified":"2026-04-25T11:51:52+00:00","description":"Les Clercs de Saint-Viateur au Honduras. Mission \u00e9ducative et pastorale en Am\u00e9rique centrale.","breadcrumb":{"@id":"https:\/\/staging.csviator-intl.org\/honduras\/#breadcrumb"},"inLanguage":"en-US","potentialAction":[{"@type":"ReadAction","target":["https:\/\/staging.csviator-intl.org\/honduras\/"]}]},{"@type":"ImageObject","inLanguage":"en-US","@id":"https:\/\/staging.csviator-intl.org\/honduras\/#primaryimage","url":"https:\/\/staging.csviator-intl.org\/wp-content\/uploads\/2026\/04\/honduras-photo1-3.jpeg","contentUrl":"https:\/\/staging.csviator-intl.org\/wp-content\/uploads\/2026\/04\/honduras-photo1-3.jpeg","width":702,"height":323},{"@type":"BreadcrumbList","@id":"https:\/\/staging.csviator-intl.org\/honduras\/#breadcrumb","itemListElement":[{"@type":"ListItem","position":1,"name":"Home","item":"https:\/\/staging.csviator-intl.org\/"},{"@type":"ListItem","position":2,"name":"Honduras"}]},{"@type":"WebSite","@id":"https:\/\/staging.csviator-intl.org\/#website","url":"https:\/\/staging.csviator-intl.org\/","name":"Viatorians International","description":"Clerics of Saint Viator","alternateName":"CSV","potentialAction":[{"@type":"SearchAction","target":{"@type":"EntryPoint","urlTemplate":"https:\/\/staging.csviator-intl.org\/?s={search_term_string}"},"query-input":{"@type":"PropertyValueSpecification","valueRequired":true,"valueName":"search_term_string"}}],"inLanguage":"en-US"}]}},"_links":{"self":[{"href":"https:\/\/staging.csviator-intl.org\/en_us\/wp-json\/wp\/v2\/pages\/29","targetHints":{"allow":["GET"]}}],"collection":[{"href":"https:\/\/staging.csviator-intl.org\/en_us\/wp-json\/wp\/v2\/pages"}],"about":[{"href":"https:\/\/staging.csviator-intl.org\/en_us\/wp-json\/wp\/v2\/types\/page"}],"author":[{"embeddable":true,"href":"https:\/\/staging.csviator-intl.org\/en_us\/wp-json\/wp\/v2\/users\/1"}],"replies":[{"embeddable":true,"href":"https:\/\/staging.csviator-intl.org\/en_us\/wp-json\/wp\/v2\/comments?post=29"}],"version-history":[{"count":11,"href":"https:\/\/staging.csviator-intl.org\/en_us\/wp-json\/wp\/v2\/pages\/29\/revisions"}],"predecessor-version":[{"id":384,"href":"https:\/\/staging.csviator-intl.org\/en_us\/wp-json\/wp\/v2\/pages\/29\/revisions\/384"}],"wp:featuredmedia":[{"embeddable":true,"href":"https:\/\/staging.csviator-intl.org\/en_us\/wp-json\/wp\/v2\/media\/219"}],"wp:attachment":[{"href":"https:\/\/staging.csviator-intl.org\/en_us\/wp-json\/wp\/v2\/media?parent=29"}],"curies":[{"name":"wp","href":"https:\/\/api.w.org\/{rel}","templated":true}]}}