{"id":28,"date":"2026-03-14T20:36:28","date_gmt":"2026-03-14T20:36:28","guid":{"rendered":"https:\/\/staging.csviator-intl.org\/colombie\/"},"modified":"2026-04-25T11:51:53","modified_gmt":"2026-04-25T11:51:53","slug":"colombie","status":"publish","type":"page","link":"https:\/\/staging.csviator-intl.org\/en_us\/colombie\/","title":{"rendered":"Colombia"},"content":{"rendered":"<div data-elementor-type=\"wp-page\" data-elementor-id=\"28\" class=\"elementor elementor-28 elementor-bc-flex-widget\" data-elementor-post-type=\"page\">\n\t\t\t\t\t\t<section class=\"elementor-section elementor-top-section elementor-element elementor-element-2f18a49 elementor-section-full_width elementor-section-height-default elementor-section-height-default\" data-id=\"2f18a49\" data-element_type=\"section\" data-e-type=\"section\">\n\t\t\t\t\t\t<div class=\"elementor-container elementor-column-gap-default\">\n\t\t\t\t\t<div class=\"elementor-column elementor-col-100 elementor-top-column elementor-element elementor-element-00dfb42\" data-id=\"00dfb42\" data-element_type=\"column\" data-e-type=\"column\">\n\t\t\t<div class=\"elementor-widget-wrap elementor-element-populated\">\n\t\t\t\t\t\t<div class=\"elementor-element elementor-element-eb68dee elementor-widget elementor-widget-html\" data-id=\"eb68dee\" data-element_type=\"widget\" data-e-type=\"widget\" data-widget_type=\"html.default\">\n\t\t\t\t\t\n    <nav style=\"margin-bottom: 30px;\">\n        <a href=\"\/en_us\/\" style=\"color: #1B3A5C; text-decoration: none;\">Home<\/a> > \n        <a href=\"\/en_us\/fondations\/\" style=\"color: #1B3A5C; text-decoration: none;\">Foundations<\/a> > \n        <span style=\"color: #C8923C;\">Colombia Foundation<\/span>\n    <\/nav>\n    \t\t\t\t<\/div>\n\t\t\t\t\t<\/div>\n\t\t<\/div>\n\t\t\t\t\t<\/div>\n\t\t<\/section>\n\t\t\t\t<section class=\"elementor-section elementor-top-section elementor-element elementor-element-39a4fc0 elementor-section-full_width elementor-section-height-default elementor-section-height-default\" data-id=\"39a4fc0\" data-element_type=\"section\" data-e-type=\"section\">\n\t\t\t\t\t\t<div class=\"elementor-container elementor-column-gap-default\">\n\t\t\t\t\t<div class=\"elementor-column elementor-col-100 elementor-top-column elementor-element elementor-element-640a9af\" data-id=\"640a9af\" data-element_type=\"column\" data-e-type=\"column\">\n\t\t\t<div class=\"elementor-widget-wrap elementor-element-populated\">\n\t\t\t\t\t\t<div class=\"elementor-element elementor-element-5a7f608 elementor-widget elementor-widget-html\" data-id=\"5a7f608\" data-element_type=\"widget\" data-e-type=\"widget\" data-widget_type=\"html.default\">\n\t\t\t\t\t\n    \n    <div style=\"position: relative; padding-bottom: 20px; margin-bottom: 40px;\">\n        <h1 class=\"v-heading\" style=\"font-family: 'Playfair Display', serif; font-size: 42px; color: #1B3A5C; margin: 0;\">Colombia Foundation<\/h1>\n        <div style=\"width: 60px; height: 3px; background: #C8923C; margin-top: 15px;\"><\/div>\n    <\/div>\n    \n    <div class=\"v-content\" style=\"color: #333; line-height: 1.8; font-size: 16px;\">\n        Colombia Information on the Colombia Foundation The Viatorian community in Colombia was founded in 1961 and currently consists of (19) professed religious, (14) associates, and (4) postulants in formation. It has educational and parish works in Bogot\u00e1 and Tunja, a religious residence in Ch\u00eda, and two formation houses. San Viator International Bilingual School Located on Highway 209-251 in the city of Bogot\u00e1, D.C. Calendar B school, coeducational and member of the International Baccalaureate Organization (IB) with three programs (Primary Program, Middle Years Program, and Diploma Program). Since its founding, it has been considered one of the best schools in the city and country, with a serious and rigorous educational project based on the principles and values of the Clerics of Saint Viator, forming young women and gentlemen of the Catholic faith. In this work, they provide pastoral services (4) professed religious. For more information on this Viatorian work, visit: www.sanviator.edu.co San Viator College - Tunja Located in the city of Tunja, Boyac\u00e1. Calendar A school, coeducational and multilingual. It has two educational programs of the Clerics of Saint Viator: the kindergarten \"Little Viators\" and the multilingual kindergarten \"Lions Kids,\" and comprehensive formation based on the principles and values of the Clerics of Saint Viator. In this work, they provide pastoral services (4) professed religious. For more information on this Viatorian work, visit: www.sanviatortunja.edu.co St. Viator Parish Located in the Archdiocese of Bogot\u00e1, it is a work of the Viators and provides pastoral services to the parish community of Arrayanes through the celebration of sacraments, formation of pastoral groups, catechesis, accompaniment to schools in the region, and other pastoral activities. In this work, they provide pastoral services (2) professed religious. Parish of Santa In\u00e9s de Guaymaral Administered by the Viators and located in the Archdiocese of Bogot\u00e1, it provides pastoral services to the parish community of Guaymaral through the celebration of sacraments, formation of pastoral groups, catechesis, accompaniment to schools in the region, and other pastoral activities. In this work, they provide pastoral services (1) professed religious.\n    <\/div>\n    \t\t\t\t<\/div>\n\t\t\t\t\t<\/div>\n\t\t<\/div>\n\t\t\t\t\t<\/div>\n\t\t<\/section>\n\t\t\t\t<\/div>","protected":false},"excerpt":{"rendered":"<p>La Fondation de Colombie repr\u00e9sente l&rsquo;une des plus r\u00e9centes implantations des Clercs de Saint-Viateur en Am\u00e9rique latine. Pr\u00e9sents principalement \u00e0 Bogot\u00e1 et dans ses environs, les Viatoriens colombiens se consacrent \u00e0 l&rsquo;\u00e9ducation des jeunes et \u00e0 l&rsquo;accompagnement pastoral des communaut\u00e9s locales, poursuivant ainsi la mission du P\u00e8re Querbes dans un contexte latino-am\u00e9ricain dynamique. En Colombie, [&hellip;]<\/p>\n","protected":false},"author":1,"featured_media":307,"parent":0,"menu_order":0,"comment_status":"closed","ping_status":"closed","template":"elementor_header_footer","meta":{"footnotes":""},"class_list":["post-28","page","type-page","status-publish","has-post-thumbnail","hentry"],"yoast_head":"<!-- This site is optimized with the Yoast SEO plugin v27.6 - https:\/\/yoast.com\/product\/yoast-seo-wordpress\/ -->\n<title>Colombie \u2013 Viatorians International<\/title>\n<meta name=\"description\" content=\"Les Clercs de Saint-Viateur en Colombie. Mission \u00e9ducative et pastorale en Am\u00e9rique du Sud.\" \/>\n<meta name=\"robots\" content=\"index, follow, max-snippet:-1, max-image-preview:large, max-video-preview:-1\" \/>\n<link rel=\"canonical\" href=\"https:\/\/staging.csviator-intl.org\/en_us\/colombie\/\" \/>\n<meta property=\"og:locale\" content=\"en_US\" \/>\n<meta property=\"og:type\" content=\"article\" \/>\n<meta property=\"og:title\" content=\"Colombie \u2013 Viatorians International\" \/>\n<meta property=\"og:description\" content=\"Les Clercs de Saint-Viateur en Colombie. Mission \u00e9ducative et pastorale en Am\u00e9rique du Sud.\" \/>\n<meta property=\"og:url\" content=\"https:\/\/staging.csviator-intl.org\/en_us\/colombie\/\" \/>\n<meta property=\"og:site_name\" content=\"Viatorians International\" \/>\n<meta property=\"article:modified_time\" content=\"2026-04-25T11:51:53+00:00\" \/>\n<meta property=\"og:image\" content=\"https:\/\/staging.csviator-intl.org\/wp-content\/uploads\/2026\/04\/download-4-1024x439.png\" \/>\n\t<meta property=\"og:image:width\" content=\"1024\" \/>\n\t<meta property=\"og:image:height\" content=\"439\" \/>\n\t<meta property=\"og:image:type\" content=\"image\/png\" \/>\n<meta name=\"twitter:card\" content=\"summary_large_image\" \/>\n<meta name=\"twitter:label1\" content=\"Est. reading time\" \/>\n\t<meta name=\"twitter:data1\" content=\"1 minute\" \/>\n<script type=\"application\/ld+json\" class=\"yoast-schema-graph\">{\"@context\":\"https:\\\/\\\/schema.org\",\"@graph\":[{\"@type\":\"WebPage\",\"@id\":\"https:\\\/\\\/staging.csviator-intl.org\\\/colombie\\\/\",\"url\":\"https:\\\/\\\/staging.csviator-intl.org\\\/colombie\\\/\",\"name\":\"Colombie \u2013 Viatorians International\",\"isPartOf\":{\"@id\":\"https:\\\/\\\/staging.csviator-intl.org\\\/#website\"},\"primaryImageOfPage\":{\"@id\":\"https:\\\/\\\/staging.csviator-intl.org\\\/colombie\\\/#primaryimage\"},\"image\":{\"@id\":\"https:\\\/\\\/staging.csviator-intl.org\\\/colombie\\\/#primaryimage\"},\"thumbnailUrl\":\"https:\\\/\\\/staging.csviator-intl.org\\\/wp-content\\\/uploads\\\/2026\\\/04\\\/download-4.png\",\"datePublished\":\"2026-03-14T20:36:28+00:00\",\"dateModified\":\"2026-04-25T11:51:53+00:00\",\"description\":\"Les Clercs de Saint-Viateur en Colombie. Mission \u00e9ducative et pastorale en Am\u00e9rique du Sud.\",\"breadcrumb\":{\"@id\":\"https:\\\/\\\/staging.csviator-intl.org\\\/colombie\\\/#breadcrumb\"},\"inLanguage\":\"en-US\",\"potentialAction\":[{\"@type\":\"ReadAction\",\"target\":[\"https:\\\/\\\/staging.csviator-intl.org\\\/colombie\\\/\"]}]},{\"@type\":\"ImageObject\",\"inLanguage\":\"en-US\",\"@id\":\"https:\\\/\\\/staging.csviator-intl.org\\\/colombie\\\/#primaryimage\",\"url\":\"https:\\\/\\\/staging.csviator-intl.org\\\/wp-content\\\/uploads\\\/2026\\\/04\\\/download-4.png\",\"contentUrl\":\"https:\\\/\\\/staging.csviator-intl.org\\\/wp-content\\\/uploads\\\/2026\\\/04\\\/download-4.png\",\"width\":1674,\"height\":717},{\"@type\":\"BreadcrumbList\",\"@id\":\"https:\\\/\\\/staging.csviator-intl.org\\\/colombie\\\/#breadcrumb\",\"itemListElement\":[{\"@type\":\"ListItem\",\"position\":1,\"name\":\"Home\",\"item\":\"https:\\\/\\\/staging.csviator-intl.org\\\/\"},{\"@type\":\"ListItem\",\"position\":2,\"name\":\"Colombie\"}]},{\"@type\":\"WebSite\",\"@id\":\"https:\\\/\\\/staging.csviator-intl.org\\\/#website\",\"url\":\"https:\\\/\\\/staging.csviator-intl.org\\\/\",\"name\":\"Viatorians International\",\"description\":\"Clercs de Saint-Viateur\",\"alternateName\":\"CSV\",\"potentialAction\":[{\"@type\":\"SearchAction\",\"target\":{\"@type\":\"EntryPoint\",\"urlTemplate\":\"https:\\\/\\\/staging.csviator-intl.org\\\/?s={search_term_string}\"},\"query-input\":{\"@type\":\"PropertyValueSpecification\",\"valueRequired\":true,\"valueName\":\"search_term_string\"}}],\"inLanguage\":\"en-US\"}]}<\/script>\n<!-- \/ Yoast SEO plugin. -->","yoast_head_json":{"title":"Colombie \u2013 Viatorians International","description":"Les Clercs de Saint-Viateur en Colombie. Mission \u00e9ducative et pastorale en Am\u00e9rique du Sud.","robots":{"index":"index","follow":"follow","max-snippet":"max-snippet:-1","max-image-preview":"max-image-preview:large","max-video-preview":"max-video-preview:-1"},"canonical":"https:\/\/staging.csviator-intl.org\/en_us\/colombie\/","og_locale":"en_US","og_type":"article","og_title":"Colombie \u2013 Viatorians International","og_description":"Les Clercs de Saint-Viateur en Colombie. Mission \u00e9ducative et pastorale en Am\u00e9rique du Sud.","og_url":"https:\/\/staging.csviator-intl.org\/en_us\/colombie\/","og_site_name":"Viatorians International","article_modified_time":"2026-04-25T11:51:53+00:00","og_image":[{"width":1024,"height":439,"url":"https:\/\/staging.csviator-intl.org\/wp-content\/uploads\/2026\/04\/download-4-1024x439.png","type":"image\/png"}],"twitter_card":"summary_large_image","twitter_misc":{"Est. reading time":"1 minute"},"schema":{"@context":"https:\/\/schema.org","@graph":[{"@type":"WebPage","@id":"https:\/\/staging.csviator-intl.org\/colombie\/","url":"https:\/\/staging.csviator-intl.org\/colombie\/","name":"Colombie \u2013 Viatorians International","isPartOf":{"@id":"https:\/\/staging.csviator-intl.org\/#website"},"primaryImageOfPage":{"@id":"https:\/\/staging.csviator-intl.org\/colombie\/#primaryimage"},"image":{"@id":"https:\/\/staging.csviator-intl.org\/colombie\/#primaryimage"},"thumbnailUrl":"https:\/\/staging.csviator-intl.org\/wp-content\/uploads\/2026\/04\/download-4.png","datePublished":"2026-03-14T20:36:28+00:00","dateModified":"2026-04-25T11:51:53+00:00","description":"Les Clercs de Saint-Viateur en Colombie. Mission \u00e9ducative et pastorale en Am\u00e9rique du Sud.","breadcrumb":{"@id":"https:\/\/staging.csviator-intl.org\/colombie\/#breadcrumb"},"inLanguage":"en-US","potentialAction":[{"@type":"ReadAction","target":["https:\/\/staging.csviator-intl.org\/colombie\/"]}]},{"@type":"ImageObject","inLanguage":"en-US","@id":"https:\/\/staging.csviator-intl.org\/colombie\/#primaryimage","url":"https:\/\/staging.csviator-intl.org\/wp-content\/uploads\/2026\/04\/download-4.png","contentUrl":"https:\/\/staging.csviator-intl.org\/wp-content\/uploads\/2026\/04\/download-4.png","width":1674,"height":717},{"@type":"BreadcrumbList","@id":"https:\/\/staging.csviator-intl.org\/colombie\/#breadcrumb","itemListElement":[{"@type":"ListItem","position":1,"name":"Home","item":"https:\/\/staging.csviator-intl.org\/"},{"@type":"ListItem","position":2,"name":"Colombie"}]},{"@type":"WebSite","@id":"https:\/\/staging.csviator-intl.org\/#website","url":"https:\/\/staging.csviator-intl.org\/","name":"Viatorians International","description":"Clerics of Saint Viator","alternateName":"CSV","potentialAction":[{"@type":"SearchAction","target":{"@type":"EntryPoint","urlTemplate":"https:\/\/staging.csviator-intl.org\/?s={search_term_string}"},"query-input":{"@type":"PropertyValueSpecification","valueRequired":true,"valueName":"search_term_string"}}],"inLanguage":"en-US"}]}},"_links":{"self":[{"href":"https:\/\/staging.csviator-intl.org\/en_us\/wp-json\/wp\/v2\/pages\/28","targetHints":{"allow":["GET"]}}],"collection":[{"href":"https:\/\/staging.csviator-intl.org\/en_us\/wp-json\/wp\/v2\/pages"}],"about":[{"href":"https:\/\/staging.csviator-intl.org\/en_us\/wp-json\/wp\/v2\/types\/page"}],"author":[{"embeddable":true,"href":"https:\/\/staging.csviator-intl.org\/en_us\/wp-json\/wp\/v2\/users\/1"}],"replies":[{"embeddable":true,"href":"https:\/\/staging.csviator-intl.org\/en_us\/wp-json\/wp\/v2\/comments?post=28"}],"version-history":[{"count":3,"href":"https:\/\/staging.csviator-intl.org\/en_us\/wp-json\/wp\/v2\/pages\/28\/revisions"}],"predecessor-version":[{"id":383,"href":"https:\/\/staging.csviator-intl.org\/en_us\/wp-json\/wp\/v2\/pages\/28\/revisions\/383"}],"wp:featuredmedia":[{"embeddable":true,"href":"https:\/\/staging.csviator-intl.org\/en_us\/wp-json\/wp\/v2\/media\/307"}],"wp:attachment":[{"href":"https:\/\/staging.csviator-intl.org\/en_us\/wp-json\/wp\/v2\/media?parent=28"}],"curies":[{"name":"wp","href":"https:\/\/api.w.org\/{rel}","templated":true}]}}