{"id":27,"date":"2026-03-14T20:36:07","date_gmt":"2026-03-14T20:36:07","guid":{"rendered":"https:\/\/staging.csviator-intl.org\/haiti\/"},"modified":"2026-04-25T11:51:52","modified_gmt":"2026-04-25T11:51:52","slug":"haiti","status":"publish","type":"page","link":"https:\/\/staging.csviator-intl.org\/en_us\/haiti\/","title":{"rendered":"Haiti"},"content":{"rendered":"<section class=\"region-narrative\">\n<div class=\"region-container\">\n<div class=\"region-text\">\n<p class=\"region-dropcap\">REGION OF HAITI: HISTORY AND VIATORIAN PRESENCE<\/p>\n<p class=\"region-p\" data-reveal>A missionary heritage (since 1965)<\/p>\n<p class=\"region-p\" data-reveal>The Viatorian adventure in Haiti began in the summer of 1965. Following the expulsion of the Jesuits by the government of Fran\u00e7ois Duvalier, the Holy See requested the Clerics of Saint Viator to take over. The first Canadian missionaries then settled in Port-au-Prince to direct the Grand S\u00e9minaire Notre-Dame, the crucial center for the training of Haitian clergy.<\/p>\n<p class=\"region-p\" data-reveal>Community engagement quickly expanded beyond presbyteral training:<\/p>\n<p class=\"region-p\" data-reveal>1966: Integration of Sainte-Marie Community with Fr. Jacques Beaudry.<\/p>\n<p class=\"region-p\" data-reveal>1967: Establishment at Villa Manr\u00e8se, inherited from the Jesuits. This religious center was at the heart of the Viatorian mission in Haiti until its tragic destruction during the 2010 earthquake.<\/p>\n<p class=\"region-p\" data-reveal>In 1968, the mission took a decisive turn in the \u201cCity of Independence.\u201d Two Viatorians took over the direction of the Coll\u00e8ge Immacul\u00e9e-Conception (CIC), founded two years earlier by Father Louis Cin\u00e9us, then pastor of the Cathedral in Gona\u00efves. Over the decades, this college has become a reference institution and a true educational pillar for the country.<\/p>\n<p class=\"region-p\" data-reveal>Today, the Viatorians run and manage five outstanding educational institutions, embodying the charism of the Venerable Querbes:<\/p>\n<p class=\"region-p\" data-reveal>Immacul\u00e9e-Conception College (CIC): A flagship institution in the region.<\/p>\n<p class=\"region-p\" data-reveal>\u00c9cole Nationale Congr\u00e9ganiste Cyr-Guillo: Under Viatorian direction since 2001, following the departure of the Brothers of Christian Instruction (FIC)<\/p>\n<p class=\"region-p\" data-reveal>Institution Mixte Saint-Viateur: Founded in the early 1970s at the initiative of the Clerics of Saint Viator, in close collaboration with the Sisters of the Holy Names of Jesus and Mary, this school was initially named \u2019\u00c9cole Marie-Rose-Durocher\u00ab. Its current facilities were made possible thanks to financial support from the SERSO organization of the Province of Spain.<\/p>\n<p class=\"region-p\" data-reveal>Saint-Viateur Kindergarten: A space dedicated to early childhood, opened in 2011.<\/p>\n<p class=\"region-p\" data-reveal>5. \u00c9cole James M. Stine: Founded in 2011 by the Rodrigue-Mortel Foundation. In addition to teaching, the school is a community life center that hosts youth camps during the summer.<\/p>\n<p class=\"region-p\" data-reveal>The Viatorian presence also left its mark on the north of the country, in Dondon, where the community ran the Saint-Charles-Borrom\u00e9e Presbyteral School (now Saint-Viateur School) from 1969 to 1990, before withdrawing due to a lack of religious personnel.<\/p>\n<p class=\"region-p\" data-reveal>Faithful to their educational and spiritual mission, the Clerics of Saint Viator continue to build Haiti's future through a strong presence in the Artibonite region, combining academic rigor with pastoral support.<\/p>\n<p class=\"region-p\" data-reveal>Radiation in the Western Department<\/p>\n<p class=\"region-p\" data-reveal>The congregation maintains a dynamic presence in the West department, structured around three key geographical areas:<\/p>\n<p class=\"region-p\" data-reveal>The capital constitutes the nerve center for training and administrative activities:<\/p>\n<p class=\"region-p\" data-reveal>Saint-Viateur Welcome Center: The Saint-Viateur Welcome Center, located in Cazeau (north exit), is dedicated to supporting applicants.<\/p>\n<p class=\"region-p\" data-reveal>Regional House: Due to growing insecurity that forced the abandonment of the old scholasticate on Impasse Lavaud (near CIFOR), the student community has been settled since November 2025 in the new regional house adjacent to Villa Saint-Viateur.<\/p>\n<p class=\"region-p\" data-reveal>Villa Saint-Viateur: Completely rebuilt between 2020 and 2023 after being destroyed in the 2010 earthquake, the former Villa Manr\u00e8se has become Villa Saint-Viateur. It currently serves as the main house for the entire congregation in Haiti.<\/p>\n<p class=\"region-p\" data-reveal>About 17 km from the capital, the Viatorians are involved in parish and educational life:<\/p>\n<p class=\"region-p\" data-reveal>Pastoral Action: The community oversees the animation and management of the Christ the King parish, located in the \u00abLe Meilleur\u00bb neighborhood.<\/p>\n<p class=\"region-p\" data-reveal>Education: The school offering is represented by the Saint-Viateur Mixed Institution of Croix-des-Bouquets, an establishment inaugurated in September 2014.<\/p>\n<p class=\"region-p\" data-reveal>Present for several decades about 60 km from Port-au-Prince, the Clerics manage pillar works there:<\/p>\n<p class=\"region-p\" data-reveal>Parish pastoral care: Since December 1986, the Viatorians have been in charge of the Saint-Fran\u00e7ois d\u2019Assise parish, which now serves five chapels. A testament to this pastoral dynamism, a new parish (Saint-Martin de Tours) has just been established on part of its original territory.<\/p>\n<p class=\"region-p\" data-reveal>Educational Mission: The congregation oversees a vast school network, including the Saint Francis of Assisi Institution downtown, several parish schools, and the Saint Viator Kindergarten, whose construction was funded by the Spanish organization SERSO.<\/p>\n<p class=\"region-p\" data-reveal>The Viatorian community in Haiti currently consists of 38 religious, including 21 perpetually professed and 17 with temporary vows. The dynamism of succession is ensured by several young men in initial formation. Furthermore, the Viatorian family is expanding to include 6 associate members.<\/p>\n<p class=\"region-p\" data-reveal>The region's history is marked by the commitment of the first Haitian Viatorians, Father Nestor Fils-Aim\u00e9 (current Superior General) and Father K\u00e9nel Verna (Master of Novices), who joined the community in 1988.<\/p>\n<p class=\"region-p\" data-reveal>True to the legacy of Father Querbes, the religious and associates embody their mission daily through:<\/p>\n<p class=\"region-p\" data-reveal>The educational environment: an active presence within schools.<\/p>\n<p class=\"region-p\" data-reveal>Youth pastoral care: dynamic support through movements such as the Preparation for Life Service (SPV), New Christian Animation (NAC), and the ALEGRIA Choir.<\/p>\n<p class=\"region-p\" data-reveal>The year 2025 marked a historic milestone: the Viatorians gave thanks for sixty years of faithfulness and mission in Haitian territory. It is with renewed confidence and hope that the community continues its journey today in the service of the Gospel.<\/p>\n<\/div>\n<\/div>\n<\/section>\n<section class=\"region-gallery-section\">\n<div class=\"region-container\">\n<h2 class=\"region-section-title\"><i class=\"fas fa-images\"><\/i> Gallery <span class=\"accent\">Photos<\/span><\/h2>\n<div class=\"csv-gallery\">\n<div class=\"csv-gallery-item\"><img decoding=\"async\" src=\"https:\/\/staging.csviator-intl.org\/wp-content\/uploads\/2026\/04\/haiti-photo1-1.jpeg\" alt=\"\" loading=\"lazy\"><\/div>\n<div class=\"csv-gallery-item\"><img decoding=\"async\" src=\"https:\/\/staging.csviator-intl.org\/wp-content\/uploads\/2026\/04\/haiti-photo2-1.jpeg\" alt=\"\" loading=\"lazy\"><\/div>\n<div class=\"csv-gallery-item\"><img decoding=\"async\" src=\"https:\/\/staging.csviator-intl.org\/wp-content\/uploads\/2026\/04\/haiti-photo3-1.jpeg\" alt=\"\" loading=\"lazy\"><\/div>\n<div class=\"csv-gallery-item\"><img decoding=\"async\" src=\"https:\/\/staging.csviator-intl.org\/wp-content\/uploads\/2026\/04\/haiti-photo4-1.jpeg\" alt=\"\" loading=\"lazy\"><\/div>\n<div class=\"csv-gallery-item\"><img decoding=\"async\" src=\"https:\/\/staging.csviator-intl.org\/wp-content\/uploads\/2026\/04\/haiti-photo5-1.jpeg\" alt=\"\" loading=\"lazy\"><\/div>\n<div class=\"csv-gallery-item\"><img decoding=\"async\" src=\"https:\/\/staging.csviator-intl.org\/wp-content\/uploads\/2026\/04\/haiti-photo6-1.jpeg\" alt=\"\" loading=\"lazy\"><\/div>\n<div class=\"csv-gallery-item\"><img decoding=\"async\" src=\"https:\/\/staging.csviator-intl.org\/wp-content\/uploads\/2026\/04\/haiti-photo7-1.jpeg\" alt=\"\" loading=\"lazy\"><\/div>\n<\/div>\n<\/div>\n<\/section>","protected":false},"excerpt":{"rendered":"<p>R\u00c9GION D\u2019HA\u00cfTI : HISTOIRE ET PR\u00c9SENCE VIATORIENNE Un h\u00e9ritage missionnaire (depuis 1965) L\u2019aventure viatorienne en Ha\u00efti commence \u00e0 l\u2019\u00e9t\u00e9 1965. \u00c0 la suite de l\u2019expulsion des J\u00e9suites par le gouvernement de Fran\u00e7ois Duvalier, le Saint-Si\u00e8ge sollicite les Clercs de Saint-Viateur pour assurer la rel\u00e8ve. Les premiers missionnaires canadiens s\u2019installent alors \u00e0 Port-au-Prince pour diriger le [&hellip;]<\/p>\n","protected":false},"author":1,"featured_media":212,"parent":0,"menu_order":0,"comment_status":"closed","ping_status":"closed","template":"elementor_header_footer","meta":{"footnotes":""},"class_list":["post-27","page","type-page","status-publish","has-post-thumbnail","hentry"],"yoast_head":"<!-- This site is optimized with the Yoast SEO plugin v27.6 - https:\/\/yoast.com\/product\/yoast-seo-wordpress\/ -->\n<title>Ha\u00efti \u2013 Viatorians International<\/title>\n<meta name=\"description\" content=\"Les Clercs de Saint-Viateur en Ha\u00efti. Engagement \u00e9ducatif et social dans les Cara\u00efbes.\" \/>\n<meta name=\"robots\" content=\"index, follow, max-snippet:-1, max-image-preview:large, max-video-preview:-1\" \/>\n<link rel=\"canonical\" href=\"https:\/\/staging.csviator-intl.org\/en_us\/haiti\/\" \/>\n<meta property=\"og:locale\" content=\"en_US\" \/>\n<meta property=\"og:type\" content=\"article\" \/>\n<meta property=\"og:title\" content=\"Ha\u00efti \u2013 Viatorians International\" \/>\n<meta property=\"og:description\" content=\"Les Clercs de Saint-Viateur en Ha\u00efti. Engagement \u00e9ducatif et social dans les Cara\u00efbes.\" \/>\n<meta property=\"og:url\" content=\"https:\/\/staging.csviator-intl.org\/en_us\/haiti\/\" \/>\n<meta property=\"og:site_name\" content=\"Viatorians International\" \/>\n<meta property=\"article:modified_time\" content=\"2026-04-25T11:51:52+00:00\" \/>\n<meta property=\"og:image\" content=\"https:\/\/staging.csviator-intl.org\/wp-content\/uploads\/2026\/04\/haiti-photo1-1.jpeg\" \/>\n\t<meta property=\"og:image:width\" content=\"1080\" \/>\n\t<meta property=\"og:image:height\" content=\"606\" \/>\n\t<meta property=\"og:image:type\" content=\"image\/jpeg\" \/>\n<meta name=\"twitter:card\" content=\"summary_large_image\" \/>\n<meta name=\"twitter:label1\" content=\"Est. reading time\" \/>\n\t<meta name=\"twitter:data1\" content=\"5 minutes\" \/>\n<script type=\"application\/ld+json\" class=\"yoast-schema-graph\">{\"@context\":\"https:\\\/\\\/schema.org\",\"@graph\":[{\"@type\":\"WebPage\",\"@id\":\"https:\\\/\\\/staging.csviator-intl.org\\\/haiti\\\/\",\"url\":\"https:\\\/\\\/staging.csviator-intl.org\\\/haiti\\\/\",\"name\":\"Ha\u00efti \u2013 Viatorians International\",\"isPartOf\":{\"@id\":\"https:\\\/\\\/staging.csviator-intl.org\\\/#website\"},\"primaryImageOfPage\":{\"@id\":\"https:\\\/\\\/staging.csviator-intl.org\\\/haiti\\\/#primaryimage\"},\"image\":{\"@id\":\"https:\\\/\\\/staging.csviator-intl.org\\\/haiti\\\/#primaryimage\"},\"thumbnailUrl\":\"https:\\\/\\\/staging.csviator-intl.org\\\/wp-content\\\/uploads\\\/2026\\\/04\\\/haiti-photo1-1.jpeg\",\"datePublished\":\"2026-03-14T20:36:07+00:00\",\"dateModified\":\"2026-04-25T11:51:52+00:00\",\"description\":\"Les Clercs de Saint-Viateur en Ha\u00efti. Engagement \u00e9ducatif et social dans les Cara\u00efbes.\",\"breadcrumb\":{\"@id\":\"https:\\\/\\\/staging.csviator-intl.org\\\/haiti\\\/#breadcrumb\"},\"inLanguage\":\"en-US\",\"potentialAction\":[{\"@type\":\"ReadAction\",\"target\":[\"https:\\\/\\\/staging.csviator-intl.org\\\/haiti\\\/\"]}]},{\"@type\":\"ImageObject\",\"inLanguage\":\"en-US\",\"@id\":\"https:\\\/\\\/staging.csviator-intl.org\\\/haiti\\\/#primaryimage\",\"url\":\"https:\\\/\\\/staging.csviator-intl.org\\\/wp-content\\\/uploads\\\/2026\\\/04\\\/haiti-photo1-1.jpeg\",\"contentUrl\":\"https:\\\/\\\/staging.csviator-intl.org\\\/wp-content\\\/uploads\\\/2026\\\/04\\\/haiti-photo1-1.jpeg\",\"width\":1080,\"height\":606},{\"@type\":\"BreadcrumbList\",\"@id\":\"https:\\\/\\\/staging.csviator-intl.org\\\/haiti\\\/#breadcrumb\",\"itemListElement\":[{\"@type\":\"ListItem\",\"position\":1,\"name\":\"Home\",\"item\":\"https:\\\/\\\/staging.csviator-intl.org\\\/\"},{\"@type\":\"ListItem\",\"position\":2,\"name\":\"Ha\u00efti\"}]},{\"@type\":\"WebSite\",\"@id\":\"https:\\\/\\\/staging.csviator-intl.org\\\/#website\",\"url\":\"https:\\\/\\\/staging.csviator-intl.org\\\/\",\"name\":\"Viatorians International\",\"description\":\"Clercs de Saint-Viateur\",\"alternateName\":\"CSV\",\"potentialAction\":[{\"@type\":\"SearchAction\",\"target\":{\"@type\":\"EntryPoint\",\"urlTemplate\":\"https:\\\/\\\/staging.csviator-intl.org\\\/?s={search_term_string}\"},\"query-input\":{\"@type\":\"PropertyValueSpecification\",\"valueRequired\":true,\"valueName\":\"search_term_string\"}}],\"inLanguage\":\"en-US\"}]}<\/script>\n<!-- \/ Yoast SEO plugin. -->","yoast_head_json":{"title":"Ha\u00efti \u2013 Viatorians International","description":"Les Clercs de Saint-Viateur en Ha\u00efti. Engagement \u00e9ducatif et social dans les Cara\u00efbes.","robots":{"index":"index","follow":"follow","max-snippet":"max-snippet:-1","max-image-preview":"max-image-preview:large","max-video-preview":"max-video-preview:-1"},"canonical":"https:\/\/staging.csviator-intl.org\/en_us\/haiti\/","og_locale":"en_US","og_type":"article","og_title":"Ha\u00efti \u2013 Viatorians International","og_description":"Les Clercs de Saint-Viateur en Ha\u00efti. Engagement \u00e9ducatif et social dans les Cara\u00efbes.","og_url":"https:\/\/staging.csviator-intl.org\/en_us\/haiti\/","og_site_name":"Viatorians International","article_modified_time":"2026-04-25T11:51:52+00:00","og_image":[{"width":1080,"height":606,"url":"https:\/\/staging.csviator-intl.org\/wp-content\/uploads\/2026\/04\/haiti-photo1-1.jpeg","type":"image\/jpeg"}],"twitter_card":"summary_large_image","twitter_misc":{"Est. reading time":"5 minutes"},"schema":{"@context":"https:\/\/schema.org","@graph":[{"@type":"WebPage","@id":"https:\/\/staging.csviator-intl.org\/haiti\/","url":"https:\/\/staging.csviator-intl.org\/haiti\/","name":"Ha\u00efti \u2013 Viatorians International","isPartOf":{"@id":"https:\/\/staging.csviator-intl.org\/#website"},"primaryImageOfPage":{"@id":"https:\/\/staging.csviator-intl.org\/haiti\/#primaryimage"},"image":{"@id":"https:\/\/staging.csviator-intl.org\/haiti\/#primaryimage"},"thumbnailUrl":"https:\/\/staging.csviator-intl.org\/wp-content\/uploads\/2026\/04\/haiti-photo1-1.jpeg","datePublished":"2026-03-14T20:36:07+00:00","dateModified":"2026-04-25T11:51:52+00:00","description":"Les Clercs de Saint-Viateur en Ha\u00efti. Engagement \u00e9ducatif et social dans les Cara\u00efbes.","breadcrumb":{"@id":"https:\/\/staging.csviator-intl.org\/haiti\/#breadcrumb"},"inLanguage":"en-US","potentialAction":[{"@type":"ReadAction","target":["https:\/\/staging.csviator-intl.org\/haiti\/"]}]},{"@type":"ImageObject","inLanguage":"en-US","@id":"https:\/\/staging.csviator-intl.org\/haiti\/#primaryimage","url":"https:\/\/staging.csviator-intl.org\/wp-content\/uploads\/2026\/04\/haiti-photo1-1.jpeg","contentUrl":"https:\/\/staging.csviator-intl.org\/wp-content\/uploads\/2026\/04\/haiti-photo1-1.jpeg","width":1080,"height":606},{"@type":"BreadcrumbList","@id":"https:\/\/staging.csviator-intl.org\/haiti\/#breadcrumb","itemListElement":[{"@type":"ListItem","position":1,"name":"Home","item":"https:\/\/staging.csviator-intl.org\/"},{"@type":"ListItem","position":2,"name":"Ha\u00efti"}]},{"@type":"WebSite","@id":"https:\/\/staging.csviator-intl.org\/#website","url":"https:\/\/staging.csviator-intl.org\/","name":"Viatorians International","description":"Clerics of Saint Viator","alternateName":"CSV","potentialAction":[{"@type":"SearchAction","target":{"@type":"EntryPoint","urlTemplate":"https:\/\/staging.csviator-intl.org\/?s={search_term_string}"},"query-input":{"@type":"PropertyValueSpecification","valueRequired":true,"valueName":"search_term_string"}}],"inLanguage":"en-US"}]}},"_links":{"self":[{"href":"https:\/\/staging.csviator-intl.org\/en_us\/wp-json\/wp\/v2\/pages\/27","targetHints":{"allow":["GET"]}}],"collection":[{"href":"https:\/\/staging.csviator-intl.org\/en_us\/wp-json\/wp\/v2\/pages"}],"about":[{"href":"https:\/\/staging.csviator-intl.org\/en_us\/wp-json\/wp\/v2\/types\/page"}],"author":[{"embeddable":true,"href":"https:\/\/staging.csviator-intl.org\/en_us\/wp-json\/wp\/v2\/users\/1"}],"replies":[{"embeddable":true,"href":"https:\/\/staging.csviator-intl.org\/en_us\/wp-json\/wp\/v2\/comments?post=27"}],"version-history":[{"count":11,"href":"https:\/\/staging.csviator-intl.org\/en_us\/wp-json\/wp\/v2\/pages\/27\/revisions"}],"predecessor-version":[{"id":382,"href":"https:\/\/staging.csviator-intl.org\/en_us\/wp-json\/wp\/v2\/pages\/27\/revisions\/382"}],"wp:featuredmedia":[{"embeddable":true,"href":"https:\/\/staging.csviator-intl.org\/en_us\/wp-json\/wp\/v2\/media\/212"}],"wp:attachment":[{"href":"https:\/\/staging.csviator-intl.org\/en_us\/wp-json\/wp\/v2\/media?parent=27"}],"curies":[{"name":"wp","href":"https:\/\/api.w.org\/{rel}","templated":true}]}}