{"id":26,"date":"2026-03-14T20:35:41","date_gmt":"2026-03-14T20:35:41","guid":{"rendered":"https:\/\/staging.csviator-intl.org\/burkina-faso\/"},"modified":"2026-04-25T11:51:49","modified_gmt":"2026-04-25T11:51:49","slug":"burkina-faso","status":"publish","type":"page","link":"https:\/\/staging.csviator-intl.org\/en_us\/burkina-faso\/","title":{"rendered":"Burkina Faso"},"content":{"rendered":"<section class=\"region-narrative\">\n<div class=\"region-container\">\n<div class=\"region-text\">\n<p class=\"region-dropcap\">On October 7, 1999, a team of Clerics of Saint Viator, including one Haitian and four Canadians, boldly and with determination embarked on a new missionary adventure in West Africa. After a 24-hour journey, they arrived in Ouagadougou, the country's capital, where they discovered a new culture, customs, clothing, and a very different climate. One member recalls the team's declaration: \u00abIn the name of Christ, let us open the paths of the Gospel!\u00bb<\/p>\n<p class=\"region-p\" data-reveal>After twenty-six years of presence in this very welcoming and warm country, yes, we can say that paths with an evangelical flavor are open before us and that obviously, the Lord has gone ahead of us. The Community currently consists of 37 African religious, one Canadian religious, one Haitian religious, three novices, and three postulants.<\/p>\n<p class=\"region-p\" data-reveal>Thanks to the support of the Viatorians from Canada and other countries, several NGOs, parents, friends, and benefactors, we now have the responsibility for four high schools that bring together 4575 learners in this 2025-2026 school year in Ouagadougou, Saaba, Banfora, Boassa, and Bagr\u00e9. The Bishop of Banfora also entrusted us with the charge of a new parish in 2004, in the name of our patron saint. Since 2020, a Viatorian student residence has been built in Saaba, which also allows us to accommodate other religious and diocesan priests in training at some universities in the capital.<\/p>\n<p class=\"region-p\" data-reveal>And in the capital's suburbs, in Bagraogo, a novitiate and a welcome center were established in January 2025 for the training of the region's inhabitants, to meet the community's needs.<\/p>\n<p class=\"region-p\" data-reveal>After only a century of evangelization, the Church-family is well established in this West African country. It is vibrant, dynamic, and inculturated to local customs and habits. For example, in Burkina Faso, it is customary to ask visitors for \u00abnews\u00bb upon their arrival, after offering the traditional glass of water. The news is shared while seated. This custom also applies to Eucharistic celebrations where, at the time of the Gospel reading, the congregation is invited to sit down to listen to the good news.<\/p>\n<p class=\"region-p\" data-reveal>In Africa, it's important to celebrate our faith in beauty and joy. Time doesn't matter. That's why, during liturgy, there are often traditional dances, processions accompanied by rhythmic singing and supported by the sound of djembes, balafons, koras, and xylophones. Often, there will be as many people outside the church as inside due to lack of space.<\/p>\n<p class=\"region-p\" data-reveal>Yes! In the name of Christ, the journey undertaken gives reason to hope for the continuation of the Viatorian mission in the land of upright people. Whether in the arid soil of the north or the green granary to the south, the heart of this population remains receptive, welcoming, and open to the word of God, lived, deepened, and celebrated. Undoubtedly, seeing the results of the vitality of the Church-Family in Burkina Faso (priestly vocations, male and female) and the mothers and fathers who are catechists, a certain continuity is emerging for the future of the evangelization mission in Burkina Faso.<\/p>\n<\/div>\n<\/div>\n<\/section>\n<section class=\"region-gallery-section\">\n<div class=\"region-container\">\n<h2 class=\"region-section-title\"><i class=\"fas fa-images\"><\/i> Gallery <span class=\"accent\">Photos<\/span><\/h2>\n<div class=\"csv-gallery\">\n<div class=\"csv-gallery-item\"><img decoding=\"async\" src=\"https:\/\/staging.csviator-intl.org\/wp-content\/uploads\/2026\/04\/burkina-faso-photo1-1.jpg\" alt=\"\" loading=\"lazy\"><\/div>\n<div class=\"csv-gallery-item\"><img decoding=\"async\" src=\"https:\/\/staging.csviator-intl.org\/wp-content\/uploads\/2026\/04\/burkina-faso-photo2-1.jpeg\" alt=\"\" loading=\"lazy\"><\/div>\n<div class=\"csv-gallery-item\"><img decoding=\"async\" src=\"https:\/\/staging.csviator-intl.org\/wp-content\/uploads\/2026\/04\/burkina-faso-photo3-1.jpeg\" alt=\"\" loading=\"lazy\"><\/div>\n<div class=\"csv-gallery-item\"><img decoding=\"async\" src=\"https:\/\/staging.csviator-intl.org\/wp-content\/uploads\/2026\/04\/burkina-faso-photo4-1.jpg\" alt=\"\" loading=\"lazy\"><\/div>\n<div class=\"csv-gallery-item\"><img decoding=\"async\" src=\"https:\/\/staging.csviator-intl.org\/wp-content\/uploads\/2026\/04\/burkina-faso-photo5-1.jpeg\" alt=\"\" loading=\"lazy\"><\/div>\n<div class=\"csv-gallery-item\"><img decoding=\"async\" src=\"https:\/\/staging.csviator-intl.org\/wp-content\/uploads\/2026\/04\/burkina-faso-photo6-1.jpeg\" alt=\"\" loading=\"lazy\"><\/div>\n<div class=\"csv-gallery-item\"><img decoding=\"async\" src=\"https:\/\/staging.csviator-intl.org\/wp-content\/uploads\/2026\/04\/burkina-faso-photo7-1.jpeg\" alt=\"\" loading=\"lazy\"><\/div>\n<\/div>\n<\/div>\n<\/section>","protected":false},"excerpt":{"rendered":"<p>Le 7 octobre 1999, une \u00e9quipe de Clercs de Saint-Viateur, dont un ha\u00eftien et quatre canadiens ont franchi le cap avec audace et d\u00e9termination vers une nouvelle aventure missionnaire en Afrique de l\u2019Ouest. Apr\u00e8s un voyage de 24 heures, ils sont arriv\u00e9s \u00e0 Ouagadougou, la capitale du pays, o\u00f9 ils ont d\u00e9couvert une nouvelle culture, [&hellip;]<\/p>\n","protected":false},"author":1,"featured_media":187,"parent":0,"menu_order":0,"comment_status":"closed","ping_status":"closed","template":"elementor_header_footer","meta":{"footnotes":""},"class_list":["post-26","page","type-page","status-publish","has-post-thumbnail","hentry"],"yoast_head":"<!-- This site is optimized with the Yoast SEO plugin v27.6 - https:\/\/yoast.com\/product\/yoast-seo-wordpress\/ -->\n<title>Burkina Faso \u2013 Viatorians International<\/title>\n<meta name=\"description\" content=\"Les Clercs de Saint-Viateur au Burkina Faso. Mission \u00e9ducative en Afrique de l&#039;Ouest.\" \/>\n<meta name=\"robots\" content=\"index, follow, max-snippet:-1, max-image-preview:large, max-video-preview:-1\" \/>\n<link rel=\"canonical\" href=\"https:\/\/staging.csviator-intl.org\/en_us\/burkina-faso\/\" \/>\n<meta property=\"og:locale\" content=\"en_US\" \/>\n<meta property=\"og:type\" content=\"article\" \/>\n<meta property=\"og:title\" content=\"Burkina Faso \u2013 Viatorians International\" \/>\n<meta property=\"og:description\" content=\"Les Clercs de Saint-Viateur au Burkina Faso. Mission \u00e9ducative en Afrique de l&#039;Ouest.\" \/>\n<meta property=\"og:url\" content=\"https:\/\/staging.csviator-intl.org\/en_us\/burkina-faso\/\" \/>\n<meta property=\"og:site_name\" content=\"Viatorians International\" \/>\n<meta property=\"article:modified_time\" content=\"2026-04-25T11:51:49+00:00\" \/>\n<meta property=\"og:image\" content=\"https:\/\/staging.csviator-intl.org\/wp-content\/uploads\/2026\/04\/burkina-faso-photo1-1.jpg\" \/>\n\t<meta property=\"og:image:width\" content=\"670\" \/>\n\t<meta property=\"og:image:height\" content=\"509\" \/>\n\t<meta property=\"og:image:type\" content=\"image\/jpeg\" \/>\n<meta name=\"twitter:card\" content=\"summary_large_image\" \/>\n<meta name=\"twitter:label1\" content=\"Est. reading time\" \/>\n\t<meta name=\"twitter:data1\" content=\"3 minutes\" \/>\n<script type=\"application\/ld+json\" class=\"yoast-schema-graph\">{\"@context\":\"https:\\\/\\\/schema.org\",\"@graph\":[{\"@type\":\"WebPage\",\"@id\":\"https:\\\/\\\/staging.csviator-intl.org\\\/burkina-faso\\\/\",\"url\":\"https:\\\/\\\/staging.csviator-intl.org\\\/burkina-faso\\\/\",\"name\":\"Burkina Faso \u2013 Viatorians International\",\"isPartOf\":{\"@id\":\"https:\\\/\\\/staging.csviator-intl.org\\\/#website\"},\"primaryImageOfPage\":{\"@id\":\"https:\\\/\\\/staging.csviator-intl.org\\\/burkina-faso\\\/#primaryimage\"},\"image\":{\"@id\":\"https:\\\/\\\/staging.csviator-intl.org\\\/burkina-faso\\\/#primaryimage\"},\"thumbnailUrl\":\"https:\\\/\\\/staging.csviator-intl.org\\\/wp-content\\\/uploads\\\/2026\\\/04\\\/burkina-faso-photo1-1.jpg\",\"datePublished\":\"2026-03-14T20:35:41+00:00\",\"dateModified\":\"2026-04-25T11:51:49+00:00\",\"description\":\"Les Clercs de Saint-Viateur au Burkina Faso. Mission \u00e9ducative en Afrique de l'Ouest.\",\"breadcrumb\":{\"@id\":\"https:\\\/\\\/staging.csviator-intl.org\\\/burkina-faso\\\/#breadcrumb\"},\"inLanguage\":\"en-US\",\"potentialAction\":[{\"@type\":\"ReadAction\",\"target\":[\"https:\\\/\\\/staging.csviator-intl.org\\\/burkina-faso\\\/\"]}]},{\"@type\":\"ImageObject\",\"inLanguage\":\"en-US\",\"@id\":\"https:\\\/\\\/staging.csviator-intl.org\\\/burkina-faso\\\/#primaryimage\",\"url\":\"https:\\\/\\\/staging.csviator-intl.org\\\/wp-content\\\/uploads\\\/2026\\\/04\\\/burkina-faso-photo1-1.jpg\",\"contentUrl\":\"https:\\\/\\\/staging.csviator-intl.org\\\/wp-content\\\/uploads\\\/2026\\\/04\\\/burkina-faso-photo1-1.jpg\",\"width\":670,\"height\":509},{\"@type\":\"BreadcrumbList\",\"@id\":\"https:\\\/\\\/staging.csviator-intl.org\\\/burkina-faso\\\/#breadcrumb\",\"itemListElement\":[{\"@type\":\"ListItem\",\"position\":1,\"name\":\"Home\",\"item\":\"https:\\\/\\\/staging.csviator-intl.org\\\/\"},{\"@type\":\"ListItem\",\"position\":2,\"name\":\"Burkina Faso\"}]},{\"@type\":\"WebSite\",\"@id\":\"https:\\\/\\\/staging.csviator-intl.org\\\/#website\",\"url\":\"https:\\\/\\\/staging.csviator-intl.org\\\/\",\"name\":\"Viatorians International\",\"description\":\"Clercs de Saint-Viateur\",\"alternateName\":\"CSV\",\"potentialAction\":[{\"@type\":\"SearchAction\",\"target\":{\"@type\":\"EntryPoint\",\"urlTemplate\":\"https:\\\/\\\/staging.csviator-intl.org\\\/?s={search_term_string}\"},\"query-input\":{\"@type\":\"PropertyValueSpecification\",\"valueRequired\":true,\"valueName\":\"search_term_string\"}}],\"inLanguage\":\"en-US\"}]}<\/script>\n<!-- \/ Yoast SEO plugin. -->","yoast_head_json":{"title":"Burkina Faso \u2013 Viatorians International","description":"Les Clercs de Saint-Viateur au Burkina Faso. Mission \u00e9ducative en Afrique de l'Ouest.","robots":{"index":"index","follow":"follow","max-snippet":"max-snippet:-1","max-image-preview":"max-image-preview:large","max-video-preview":"max-video-preview:-1"},"canonical":"https:\/\/staging.csviator-intl.org\/en_us\/burkina-faso\/","og_locale":"en_US","og_type":"article","og_title":"Burkina Faso \u2013 Viatorians International","og_description":"Les Clercs de Saint-Viateur au Burkina Faso. Mission \u00e9ducative en Afrique de l'Ouest.","og_url":"https:\/\/staging.csviator-intl.org\/en_us\/burkina-faso\/","og_site_name":"Viatorians International","article_modified_time":"2026-04-25T11:51:49+00:00","og_image":[{"width":670,"height":509,"url":"https:\/\/staging.csviator-intl.org\/wp-content\/uploads\/2026\/04\/burkina-faso-photo1-1.jpg","type":"image\/jpeg"}],"twitter_card":"summary_large_image","twitter_misc":{"Est. reading time":"3 minutes"},"schema":{"@context":"https:\/\/schema.org","@graph":[{"@type":"WebPage","@id":"https:\/\/staging.csviator-intl.org\/burkina-faso\/","url":"https:\/\/staging.csviator-intl.org\/burkina-faso\/","name":"Burkina Faso \u2013 Viatorians International","isPartOf":{"@id":"https:\/\/staging.csviator-intl.org\/#website"},"primaryImageOfPage":{"@id":"https:\/\/staging.csviator-intl.org\/burkina-faso\/#primaryimage"},"image":{"@id":"https:\/\/staging.csviator-intl.org\/burkina-faso\/#primaryimage"},"thumbnailUrl":"https:\/\/staging.csviator-intl.org\/wp-content\/uploads\/2026\/04\/burkina-faso-photo1-1.jpg","datePublished":"2026-03-14T20:35:41+00:00","dateModified":"2026-04-25T11:51:49+00:00","description":"Les Clercs de Saint-Viateur au Burkina Faso. Mission \u00e9ducative en Afrique de l'Ouest.","breadcrumb":{"@id":"https:\/\/staging.csviator-intl.org\/burkina-faso\/#breadcrumb"},"inLanguage":"en-US","potentialAction":[{"@type":"ReadAction","target":["https:\/\/staging.csviator-intl.org\/burkina-faso\/"]}]},{"@type":"ImageObject","inLanguage":"en-US","@id":"https:\/\/staging.csviator-intl.org\/burkina-faso\/#primaryimage","url":"https:\/\/staging.csviator-intl.org\/wp-content\/uploads\/2026\/04\/burkina-faso-photo1-1.jpg","contentUrl":"https:\/\/staging.csviator-intl.org\/wp-content\/uploads\/2026\/04\/burkina-faso-photo1-1.jpg","width":670,"height":509},{"@type":"BreadcrumbList","@id":"https:\/\/staging.csviator-intl.org\/burkina-faso\/#breadcrumb","itemListElement":[{"@type":"ListItem","position":1,"name":"Home","item":"https:\/\/staging.csviator-intl.org\/"},{"@type":"ListItem","position":2,"name":"Burkina Faso"}]},{"@type":"WebSite","@id":"https:\/\/staging.csviator-intl.org\/#website","url":"https:\/\/staging.csviator-intl.org\/","name":"Viatorians International","description":"Clerics of Saint Viator","alternateName":"CSV","potentialAction":[{"@type":"SearchAction","target":{"@type":"EntryPoint","urlTemplate":"https:\/\/staging.csviator-intl.org\/?s={search_term_string}"},"query-input":{"@type":"PropertyValueSpecification","valueRequired":true,"valueName":"search_term_string"}}],"inLanguage":"en-US"}]}},"_links":{"self":[{"href":"https:\/\/staging.csviator-intl.org\/en_us\/wp-json\/wp\/v2\/pages\/26","targetHints":{"allow":["GET"]}}],"collection":[{"href":"https:\/\/staging.csviator-intl.org\/en_us\/wp-json\/wp\/v2\/pages"}],"about":[{"href":"https:\/\/staging.csviator-intl.org\/en_us\/wp-json\/wp\/v2\/types\/page"}],"author":[{"embeddable":true,"href":"https:\/\/staging.csviator-intl.org\/en_us\/wp-json\/wp\/v2\/users\/1"}],"replies":[{"embeddable":true,"href":"https:\/\/staging.csviator-intl.org\/en_us\/wp-json\/wp\/v2\/comments?post=26"}],"version-history":[{"count":11,"href":"https:\/\/staging.csviator-intl.org\/en_us\/wp-json\/wp\/v2\/pages\/26\/revisions"}],"predecessor-version":[{"id":381,"href":"https:\/\/staging.csviator-intl.org\/en_us\/wp-json\/wp\/v2\/pages\/26\/revisions\/381"}],"wp:featuredmedia":[{"embeddable":true,"href":"https:\/\/staging.csviator-intl.org\/en_us\/wp-json\/wp\/v2\/media\/187"}],"wp:attachment":[{"href":"https:\/\/staging.csviator-intl.org\/en_us\/wp-json\/wp\/v2\/media?parent=26"}],"curies":[{"name":"wp","href":"https:\/\/api.w.org\/{rel}","templated":true}]}}