{"id":23,"date":"2026-03-14T20:34:38","date_gmt":"2026-03-14T20:34:38","guid":{"rendered":"https:\/\/staging.csviator-intl.org\/province-espagne\/"},"modified":"2026-04-25T11:51:49","modified_gmt":"2026-04-25T11:51:49","slug":"province-espagne","status":"publish","type":"page","link":"https:\/\/staging.csviator-intl.org\/en_us\/province-espagne\/","title":{"rendered":"Province of Spain"},"content":{"rendered":"<section class=\"region-narrative\">\n<div class=\"region-container\">\n<div class=\"region-text\">\n<p class=\"region-dropcap\">In 1903, the Clerics of Saint Viateur, like other religious congregations, were forced to leave France in order to survive. On July 5, 1903, three Clerics of Saint Viateur left Rodez (France) to go to Spain. After extensive searching, they were able to settle in Vitoria, \u00c1lava, on July 24 of the same year. These French religious men were Th\u00e9ophile Delmas, Henri Amiel, and L\u00e9on Valentin.<\/p>\n<p class=\"region-p\" data-reveal>The Viatorian work developed during the first third of the 20th century. Small schools opened in towns and villages in Asturias, the Basque Country, Huesca, and Malaga, with a seminary in Escoriaza serving as a training ground since 1921. The number of Spanish religious increased, while the presence of French religious was maintained to support the works and provide financial resources.<\/p>\n<p class=\"region-p\" data-reveal>In 1937, the Spanish Viatorian reality achieved a certain autonomy by being declared a \u00abVice-Province.\u00bb It wasn't until April 18, 1948, that it fully became a \u00abProvince\u00bb and gained independence from Rodez, its mother province. In 1950, a new seminary opened in Sopuerta (Vizcaya).<\/p>\n<p class=\"region-p\" data-reveal>In November 1957, religious from the province of Spain began their presence in Chile. Over the years, and with the increase in the number of Chilean religious, it became the new \u00abProvince\u00bb of the Congregation in February 2003.<\/p>\n<p class=\"region-p\" data-reveal>April 5, 1980, Easter Sunday, is another landmark date. It marks the beginning of a new path that leads us to the current \u00abSpanish Viatorian Community\u00bb with the incorporation of the first \u00abassociate members.\u00bb Currently, the Province of Spain is composed of 58 religious and 71 associates, forming 11 communities in Spanish territory and one in Honduras. Eight of these are composed of religious and associates, and three are composed only of religious.<\/p>\n<p class=\"region-p\" data-reveal>Our presence and collaboration are also found in Ivory Coast and Chile. Our pastoral work has traditionally developed through school education. Currently, there are 6 institutions under Viatorian supervision: San Jos\u00e9 in Basauri (Vizcaya), San Viator in Huesca, Ntra. Sra. De F\u00e1tima in Madrid, San Viator in Madrid, San Viator in Vitoria-Gasteiz, and San Viator in Jutiapa (Honduras). Three of them\u2014San Viator of Madrid, San Viator of Vitoria, and San Viator of Jutiapa\u2014offer a complete educational program up to university level; the other three stop at the end of secondary education (up to 16 years of age).<\/p>\n<p class=\"region-p\" data-reveal>Since 1985, our pastoral work has expanded to the parish domain. This activity has grown, and we currently have a parish in Jutiapa, Honduras, and collaborate with the dioceses of Huesca, Madrid, Vitoria, and Valladolid. A good number of retirees are personally involved in various pastoral, social, and welfare tasks within the parish framework.<\/p>\n<p class=\"region-p\" data-reveal>Awareness, education, and engagement with solidarity and social justice are achieved not only in schools and parishes with Caritas, etc., but also through our NGO SERSO San Viator, the Aldaba Foundation (Proyecto Hombre), and other social foundations. We are also present in the media through our website, social networks, and various personal blogs.<\/p>\n<\/div>\n<\/div>\n<\/section>\n<section class=\"region-gallery-section\">\n<div class=\"region-container\">\n<h2 class=\"region-section-title\"><i class=\"fas fa-images\"><\/i> Gallery <span class=\"accent\">Photos<\/span><\/h2>\n<div class=\"csv-gallery\">\n<div class=\"csv-gallery-item\"><img decoding=\"async\" src=\"https:\/\/staging.csviator-intl.org\/wp-content\/uploads\/2026\/04\/espagne-photo1-1.jpeg\" alt=\"\" loading=\"lazy\"><\/div>\n<div class=\"csv-gallery-item\"><img decoding=\"async\" src=\"https:\/\/staging.csviator-intl.org\/wp-content\/uploads\/2026\/04\/espagne-photo2-1.jpeg\" alt=\"\" loading=\"lazy\"><\/div>\n<div class=\"csv-gallery-item\"><img decoding=\"async\" src=\"https:\/\/staging.csviator-intl.org\/wp-content\/uploads\/2026\/04\/espagne-photo3-1.jpeg\" alt=\"\" loading=\"lazy\"><\/div>\n<div class=\"csv-gallery-item\"><img decoding=\"async\" src=\"https:\/\/staging.csviator-intl.org\/wp-content\/uploads\/2026\/04\/espagne-photo4-1.jpeg\" alt=\"\" loading=\"lazy\"><\/div>\n<div class=\"csv-gallery-item\"><img decoding=\"async\" src=\"https:\/\/staging.csviator-intl.org\/wp-content\/uploads\/2026\/04\/espagne-photo5-1.jpeg\" alt=\"\" loading=\"lazy\"><\/div>\n<div class=\"csv-gallery-item\"><img decoding=\"async\" src=\"https:\/\/staging.csviator-intl.org\/wp-content\/uploads\/2026\/04\/espagne-photo6-1.jpeg\" alt=\"\" loading=\"lazy\"><\/div>\n<div class=\"csv-gallery-item\"><img decoding=\"async\" src=\"https:\/\/staging.csviator-intl.org\/wp-content\/uploads\/2026\/04\/espagne-photo7-1.jpeg\" alt=\"\" loading=\"lazy\"><\/div>\n<div class=\"csv-gallery-item\"><img decoding=\"async\" src=\"https:\/\/staging.csviator-intl.org\/wp-content\/uploads\/2026\/04\/espagne-photo8-1.jpeg\" alt=\"\" loading=\"lazy\"><\/div>\n<\/div>\n<\/div>\n<\/section>","protected":false},"excerpt":{"rendered":"<p>En 1903, les Clercs de Saint-Viateur, \u00e0 l\u2019instar d\u2019autres congr\u00e9gations religieuses, furent contraints de quitter la France pour survivre. Le 5 juillet 1903, trois Clercs de Saint-Viateur quitt\u00e8rent Rodez (France) pour se rendre en Espagne. Apr\u00e8s d\u2019intenses recherches, ils purent s\u2019installer \u00e0 Vitoria, \u00c1lava, le 24 juillet de la m\u00eame ann\u00e9e. Ces religieux fran\u00e7ais \u00e9taient [&hellip;]<\/p>\n","protected":false},"author":1,"featured_media":204,"parent":0,"menu_order":0,"comment_status":"closed","ping_status":"closed","template":"elementor_header_footer","meta":{"footnotes":""},"class_list":["post-23","page","type-page","status-publish","has-post-thumbnail","hentry"],"yoast_head":"<!-- This site is optimized with the Yoast SEO plugin v27.6 - https:\/\/yoast.com\/product\/yoast-seo-wordpress\/ -->\n<title>Province d&#039;Espagne \u2013 Viatorians International<\/title>\n<meta name=\"description\" content=\"La Province d&#039;Espagne des Clercs de Saint-Viateur. Pr\u00e9sence viatorienne et oeuvres \u00e9ducatives en Espagne.\" \/>\n<meta name=\"robots\" content=\"index, follow, max-snippet:-1, max-image-preview:large, max-video-preview:-1\" \/>\n<link rel=\"canonical\" href=\"https:\/\/staging.csviator-intl.org\/en_us\/province-espagne\/\" \/>\n<meta property=\"og:locale\" content=\"en_US\" \/>\n<meta property=\"og:type\" content=\"article\" \/>\n<meta property=\"og:title\" content=\"Province d&#039;Espagne \u2013 Viatorians International\" \/>\n<meta property=\"og:description\" content=\"La Province d&#039;Espagne des Clercs de Saint-Viateur. Pr\u00e9sence viatorienne et oeuvres \u00e9ducatives en Espagne.\" \/>\n<meta property=\"og:url\" content=\"https:\/\/staging.csviator-intl.org\/en_us\/province-espagne\/\" \/>\n<meta property=\"og:site_name\" content=\"Viatorians International\" \/>\n<meta property=\"article:modified_time\" content=\"2026-04-25T11:51:49+00:00\" \/>\n<meta property=\"og:image\" content=\"https:\/\/staging.csviator-intl.org\/wp-content\/uploads\/2026\/04\/espagne-photo1-1.jpeg\" \/>\n\t<meta property=\"og:image:width\" content=\"964\" \/>\n\t<meta property=\"og:image:height\" content=\"721\" \/>\n\t<meta property=\"og:image:type\" content=\"image\/jpeg\" \/>\n<meta name=\"twitter:card\" content=\"summary_large_image\" \/>\n<meta name=\"twitter:label1\" content=\"Est. reading time\" \/>\n\t<meta name=\"twitter:data1\" content=\"3 minutes\" \/>\n<script type=\"application\/ld+json\" class=\"yoast-schema-graph\">{\"@context\":\"https:\\\/\\\/schema.org\",\"@graph\":[{\"@type\":\"WebPage\",\"@id\":\"https:\\\/\\\/staging.csviator-intl.org\\\/province-espagne\\\/\",\"url\":\"https:\\\/\\\/staging.csviator-intl.org\\\/province-espagne\\\/\",\"name\":\"Province d'Espagne \u2013 Viatorians International\",\"isPartOf\":{\"@id\":\"https:\\\/\\\/staging.csviator-intl.org\\\/#website\"},\"primaryImageOfPage\":{\"@id\":\"https:\\\/\\\/staging.csviator-intl.org\\\/province-espagne\\\/#primaryimage\"},\"image\":{\"@id\":\"https:\\\/\\\/staging.csviator-intl.org\\\/province-espagne\\\/#primaryimage\"},\"thumbnailUrl\":\"https:\\\/\\\/staging.csviator-intl.org\\\/wp-content\\\/uploads\\\/2026\\\/04\\\/espagne-photo1-1.jpeg\",\"datePublished\":\"2026-03-14T20:34:38+00:00\",\"dateModified\":\"2026-04-25T11:51:49+00:00\",\"description\":\"La Province d'Espagne des Clercs de Saint-Viateur. Pr\u00e9sence viatorienne et oeuvres \u00e9ducatives en Espagne.\",\"breadcrumb\":{\"@id\":\"https:\\\/\\\/staging.csviator-intl.org\\\/province-espagne\\\/#breadcrumb\"},\"inLanguage\":\"en-US\",\"potentialAction\":[{\"@type\":\"ReadAction\",\"target\":[\"https:\\\/\\\/staging.csviator-intl.org\\\/province-espagne\\\/\"]}]},{\"@type\":\"ImageObject\",\"inLanguage\":\"en-US\",\"@id\":\"https:\\\/\\\/staging.csviator-intl.org\\\/province-espagne\\\/#primaryimage\",\"url\":\"https:\\\/\\\/staging.csviator-intl.org\\\/wp-content\\\/uploads\\\/2026\\\/04\\\/espagne-photo1-1.jpeg\",\"contentUrl\":\"https:\\\/\\\/staging.csviator-intl.org\\\/wp-content\\\/uploads\\\/2026\\\/04\\\/espagne-photo1-1.jpeg\",\"width\":964,\"height\":721},{\"@type\":\"BreadcrumbList\",\"@id\":\"https:\\\/\\\/staging.csviator-intl.org\\\/province-espagne\\\/#breadcrumb\",\"itemListElement\":[{\"@type\":\"ListItem\",\"position\":1,\"name\":\"Home\",\"item\":\"https:\\\/\\\/staging.csviator-intl.org\\\/\"},{\"@type\":\"ListItem\",\"position\":2,\"name\":\"Province d&rsquo;Espagne\"}]},{\"@type\":\"WebSite\",\"@id\":\"https:\\\/\\\/staging.csviator-intl.org\\\/#website\",\"url\":\"https:\\\/\\\/staging.csviator-intl.org\\\/\",\"name\":\"Viatorians International\",\"description\":\"Clercs de Saint-Viateur\",\"alternateName\":\"CSV\",\"potentialAction\":[{\"@type\":\"SearchAction\",\"target\":{\"@type\":\"EntryPoint\",\"urlTemplate\":\"https:\\\/\\\/staging.csviator-intl.org\\\/?s={search_term_string}\"},\"query-input\":{\"@type\":\"PropertyValueSpecification\",\"valueRequired\":true,\"valueName\":\"search_term_string\"}}],\"inLanguage\":\"en-US\"}]}<\/script>\n<!-- \/ Yoast SEO plugin. -->","yoast_head_json":{"title":"Province d'Espagne \u2013 Viatorians International","description":"La Province d'Espagne des Clercs de Saint-Viateur. Pr\u00e9sence viatorienne et oeuvres \u00e9ducatives en Espagne.","robots":{"index":"index","follow":"follow","max-snippet":"max-snippet:-1","max-image-preview":"max-image-preview:large","max-video-preview":"max-video-preview:-1"},"canonical":"https:\/\/staging.csviator-intl.org\/en_us\/province-espagne\/","og_locale":"en_US","og_type":"article","og_title":"Province d'Espagne \u2013 Viatorians International","og_description":"La Province d'Espagne des Clercs de Saint-Viateur. Pr\u00e9sence viatorienne et oeuvres \u00e9ducatives en Espagne.","og_url":"https:\/\/staging.csviator-intl.org\/en_us\/province-espagne\/","og_site_name":"Viatorians International","article_modified_time":"2026-04-25T11:51:49+00:00","og_image":[{"width":964,"height":721,"url":"https:\/\/staging.csviator-intl.org\/wp-content\/uploads\/2026\/04\/espagne-photo1-1.jpeg","type":"image\/jpeg"}],"twitter_card":"summary_large_image","twitter_misc":{"Est. reading time":"3 minutes"},"schema":{"@context":"https:\/\/schema.org","@graph":[{"@type":"WebPage","@id":"https:\/\/staging.csviator-intl.org\/province-espagne\/","url":"https:\/\/staging.csviator-intl.org\/province-espagne\/","name":"Province d'Espagne \u2013 Viatorians International","isPartOf":{"@id":"https:\/\/staging.csviator-intl.org\/#website"},"primaryImageOfPage":{"@id":"https:\/\/staging.csviator-intl.org\/province-espagne\/#primaryimage"},"image":{"@id":"https:\/\/staging.csviator-intl.org\/province-espagne\/#primaryimage"},"thumbnailUrl":"https:\/\/staging.csviator-intl.org\/wp-content\/uploads\/2026\/04\/espagne-photo1-1.jpeg","datePublished":"2026-03-14T20:34:38+00:00","dateModified":"2026-04-25T11:51:49+00:00","description":"La Province d'Espagne des Clercs de Saint-Viateur. Pr\u00e9sence viatorienne et oeuvres \u00e9ducatives en Espagne.","breadcrumb":{"@id":"https:\/\/staging.csviator-intl.org\/province-espagne\/#breadcrumb"},"inLanguage":"en-US","potentialAction":[{"@type":"ReadAction","target":["https:\/\/staging.csviator-intl.org\/province-espagne\/"]}]},{"@type":"ImageObject","inLanguage":"en-US","@id":"https:\/\/staging.csviator-intl.org\/province-espagne\/#primaryimage","url":"https:\/\/staging.csviator-intl.org\/wp-content\/uploads\/2026\/04\/espagne-photo1-1.jpeg","contentUrl":"https:\/\/staging.csviator-intl.org\/wp-content\/uploads\/2026\/04\/espagne-photo1-1.jpeg","width":964,"height":721},{"@type":"BreadcrumbList","@id":"https:\/\/staging.csviator-intl.org\/province-espagne\/#breadcrumb","itemListElement":[{"@type":"ListItem","position":1,"name":"Home","item":"https:\/\/staging.csviator-intl.org\/"},{"@type":"ListItem","position":2,"name":"Province d&rsquo;Espagne"}]},{"@type":"WebSite","@id":"https:\/\/staging.csviator-intl.org\/#website","url":"https:\/\/staging.csviator-intl.org\/","name":"Viatorians International","description":"Clerics of Saint Viator","alternateName":"CSV","potentialAction":[{"@type":"SearchAction","target":{"@type":"EntryPoint","urlTemplate":"https:\/\/staging.csviator-intl.org\/?s={search_term_string}"},"query-input":{"@type":"PropertyValueSpecification","valueRequired":true,"valueName":"search_term_string"}}],"inLanguage":"en-US"}]}},"_links":{"self":[{"href":"https:\/\/staging.csviator-intl.org\/en_us\/wp-json\/wp\/v2\/pages\/23","targetHints":{"allow":["GET"]}}],"collection":[{"href":"https:\/\/staging.csviator-intl.org\/en_us\/wp-json\/wp\/v2\/pages"}],"about":[{"href":"https:\/\/staging.csviator-intl.org\/en_us\/wp-json\/wp\/v2\/types\/page"}],"author":[{"embeddable":true,"href":"https:\/\/staging.csviator-intl.org\/en_us\/wp-json\/wp\/v2\/users\/1"}],"replies":[{"embeddable":true,"href":"https:\/\/staging.csviator-intl.org\/en_us\/wp-json\/wp\/v2\/comments?post=23"}],"version-history":[{"count":11,"href":"https:\/\/staging.csviator-intl.org\/en_us\/wp-json\/wp\/v2\/pages\/23\/revisions"}],"predecessor-version":[{"id":378,"href":"https:\/\/staging.csviator-intl.org\/en_us\/wp-json\/wp\/v2\/pages\/23\/revisions\/378"}],"wp:featuredmedia":[{"embeddable":true,"href":"https:\/\/staging.csviator-intl.org\/en_us\/wp-json\/wp\/v2\/media\/204"}],"wp:attachment":[{"href":"https:\/\/staging.csviator-intl.org\/en_us\/wp-json\/wp\/v2\/media?parent=23"}],"curies":[{"name":"wp","href":"https:\/\/api.w.org\/{rel}","templated":true}]}}