{"id":22,"date":"2026-03-14T20:34:16","date_gmt":"2026-03-14T20:34:16","guid":{"rendered":"https:\/\/staging.csviator-intl.org\/province-chili\/"},"modified":"2026-04-25T11:51:49","modified_gmt":"2026-04-25T11:51:49","slug":"province-chili","status":"publish","type":"page","link":"https:\/\/staging.csviator-intl.org\/en_us\/province-chili\/","title":{"rendered":"Province of Chile"},"content":{"rendered":"<section class=\"region-narrative\">\n<div class=\"region-container\">\n<div class=\"region-text\">\n<p class=\"region-dropcap\">The presence of the Clerics of Saint Viator in Chile began on November 16, 1957, with the arrival in Vi\u00f1a del Mar of two Viatorian Brothers from Spain: Saturnino San Mart\u00edn and C\u00e9sar Elorrieta. Just a few months later, in March 1958, they took over the direction of the Parish College San Antonio, founded by Father F\u00e9lix Ruiz de Escudero, himself a former student of the San Jos\u00e9 College in Vitoria, which was run by the Clerics of Saint Viator.<\/p>\n<p class=\"region-p\" data-reveal>On February 2, 1962, the congregation established a new community on the La Laguna de Curacav\u00ed property, where it administered a primary school for four years. On March 4, 1963, an important milestone was reached with the opening of Saint Viateur College in Ovalle, located in the fourth region.<\/p>\n<p class=\"region-p\" data-reveal>In March 1964, responding to an invitation from the Society for the Protection of Children, the congregation took over the Las Nieves educational complex in Puente Alto. They remained there for 27 years, profoundly shaping the formation of students and the educational community. On February 24, 1980, the Viatorians took over the El Divino Salvador parish in Ovalle, thus strengthening their pastoral presence in the region.<\/p>\n<p class=\"region-p\" data-reveal>On August 15, 1987, the Delegation of the Clerics of Saint Viator of Chile gained regional status, consolidating its autonomy within the congregation. A year later, in 1988, the first Chilean associates made their commitments, enriching the congregation with their lay charism. In 1989, Saint Viator College in Macul was inaugurated in the Metropolitan Region. Five years later, in 1994, classes began at the El Se\u00f1or de Renca Polytechnic High School, strengthening the commitment to technical education and social promotion.<\/p>\n<p class=\"region-p\" data-reveal>The Viatorian mission extended beyond Chilean borders in June 2001, when Brother Jos\u00e9 Antonio Izaga and Father Luis Trigueros brought the Viatorian charism to the \u00abAlto Beni\u00bb in Bolivia. February 9, 2003, marked a major milestone: the creation of the Province of Chile. The provincial headquarters was initially established in the commune of La Florida before being transferred in 2018 to a building adjacent to Saint Viator College in Macul.<\/p>\n<p class=\"region-p\" data-reveal>In January 2005, the CLAC novitiate experience began in Puente Alto with a group of novices from the Haiti foundation. In 2007, the educational project of Saint Viator College in Villa Alemana was launched. In the same year, the Viatorians took over the administration of a parish in Cochabamba, Bolivia, a pastoral service carried out with dedication until the end of 2019.<\/p>\n<p class=\"region-p\" data-reveal>The provincial chapter of April 28, 2012, approved the creation of the Querbes Vocational Guidance Center in Vi\u00f1a del Mar, a space dedicated to welcoming and reflecting for young people. In 2019, the province took over the Saint John the Evangelist parish in Vi\u00f1a del Mar. Additionally, on August 19, 2019, the \u00abImmaculate\u00bb parish was created in Ovalle, resulting from the division of the \u00abDivine Savior\u00bb parish.<\/p>\n<p class=\"region-p\" data-reveal>The province also has three retirement homes (Olmu\u00e9, Sotaqu\u00ed, and Puente Alto) dedicated to prayer and formation. The history of the Viatorians in Chile is marked by the sacrifice and generosity of many religious and associates dedicated to making Jesus known and adored.<\/p>\n<p class=\"region-p\" data-reveal>Currently, under the leadership of Fr. Marcelo Lamas Morales, Provincial Superior since 2015, the province continues its mission. In his third term (2023-2026), he continues to guide the Viatorians in their work of evangelization. This history remains alive, written each day by each member of the community in their effort to build the Kingdom of God.<\/p>\n<\/div>\n<\/div>\n<\/section>\n<section class=\"region-gallery-section\">\n<div class=\"region-container\">\n<h2 class=\"region-section-title\"><i class=\"fas fa-images\"><\/i> Gallery <span class=\"accent\">Photos<\/span><\/h2>\n<div class=\"csv-gallery\">\n<div class=\"csv-gallery-item\"><img decoding=\"async\" src=\"https:\/\/staging.csviator-intl.org\/wp-content\/uploads\/2026\/04\/chile-photo1-1.jpeg\" alt=\"\" loading=\"lazy\"><\/div>\n<div class=\"csv-gallery-item\"><img decoding=\"async\" src=\"https:\/\/staging.csviator-intl.org\/wp-content\/uploads\/2026\/04\/chile-photo2-1.jpeg\" alt=\"\" loading=\"lazy\"><\/div>\n<div class=\"csv-gallery-item\"><img decoding=\"async\" src=\"https:\/\/staging.csviator-intl.org\/wp-content\/uploads\/2026\/04\/chile-photo3-1.jpeg\" alt=\"\" loading=\"lazy\"><\/div>\n<div class=\"csv-gallery-item\"><img decoding=\"async\" src=\"https:\/\/staging.csviator-intl.org\/wp-content\/uploads\/2026\/04\/chile-photo4-1.jpeg\" alt=\"\" loading=\"lazy\"><\/div>\n<div class=\"csv-gallery-item\"><img decoding=\"async\" src=\"https:\/\/staging.csviator-intl.org\/wp-content\/uploads\/2026\/04\/chile-photo5-1.png\" alt=\"\" loading=\"lazy\"><\/div>\n<\/div>\n<\/div>\n<\/section>","protected":false},"excerpt":{"rendered":"<p>La pr\u00e9sence des Clercs de Saint-Viateur au Chili a d\u00e9but\u00e9 le 16 novembre 1957, avec l\u2019arriv\u00e9e \u00e0 Vi\u00f1a del Mar de deux fr\u00e8res viateurs venus d\u2019Espagne : Saturnino San Mart\u00edn et C\u00e9sar Elorrieta. \u00c0 peine quelques mois plus tard, en mars 1958, ils ont pris la direction du Coll\u00e8ge Paroissial San Antonio, fond\u00e9 par le [&hellip;]<\/p>\n","protected":false},"author":1,"featured_media":199,"parent":0,"menu_order":0,"comment_status":"closed","ping_status":"closed","template":"elementor_header_footer","meta":{"footnotes":""},"class_list":["post-22","page","type-page","status-publish","has-post-thumbnail","hentry"],"yoast_head":"<!-- This site is optimized with the Yoast SEO plugin v27.6 - https:\/\/yoast.com\/product\/yoast-seo-wordpress\/ -->\n<title>Province du Chili \u2013 Viatorians International<\/title>\n<meta name=\"description\" content=\"La Province du Chili des Clercs de Saint-Viateur. Mission \u00e9ducative et pastorale en Am\u00e9rique du Sud.\" \/>\n<meta name=\"robots\" content=\"index, follow, max-snippet:-1, max-image-preview:large, max-video-preview:-1\" \/>\n<link rel=\"canonical\" href=\"https:\/\/staging.csviator-intl.org\/en_us\/province-chili\/\" \/>\n<meta property=\"og:locale\" content=\"en_US\" \/>\n<meta property=\"og:type\" content=\"article\" \/>\n<meta property=\"og:title\" content=\"Province du Chili \u2013 Viatorians International\" \/>\n<meta property=\"og:description\" content=\"La Province du Chili des Clercs de Saint-Viateur. Mission \u00e9ducative et pastorale en Am\u00e9rique du Sud.\" \/>\n<meta property=\"og:url\" content=\"https:\/\/staging.csviator-intl.org\/en_us\/province-chili\/\" \/>\n<meta property=\"og:site_name\" content=\"Viatorians International\" \/>\n<meta property=\"article:modified_time\" content=\"2026-04-25T11:51:49+00:00\" \/>\n<meta property=\"og:image\" content=\"https:\/\/staging.csviator-intl.org\/wp-content\/uploads\/2026\/04\/chile-photo1-1.jpeg\" \/>\n\t<meta property=\"og:image:width\" content=\"1350\" \/>\n\t<meta property=\"og:image:height\" content=\"759\" \/>\n\t<meta property=\"og:image:type\" content=\"image\/jpeg\" \/>\n<meta name=\"twitter:card\" content=\"summary_large_image\" \/>\n<meta name=\"twitter:label1\" content=\"Est. reading time\" \/>\n\t<meta name=\"twitter:data1\" content=\"3 minutes\" \/>\n<script type=\"application\/ld+json\" class=\"yoast-schema-graph\">{\"@context\":\"https:\\\/\\\/schema.org\",\"@graph\":[{\"@type\":\"WebPage\",\"@id\":\"https:\\\/\\\/staging.csviator-intl.org\\\/province-chili\\\/\",\"url\":\"https:\\\/\\\/staging.csviator-intl.org\\\/province-chili\\\/\",\"name\":\"Province du Chili \u2013 Viatorians International\",\"isPartOf\":{\"@id\":\"https:\\\/\\\/staging.csviator-intl.org\\\/#website\"},\"primaryImageOfPage\":{\"@id\":\"https:\\\/\\\/staging.csviator-intl.org\\\/province-chili\\\/#primaryimage\"},\"image\":{\"@id\":\"https:\\\/\\\/staging.csviator-intl.org\\\/province-chili\\\/#primaryimage\"},\"thumbnailUrl\":\"https:\\\/\\\/staging.csviator-intl.org\\\/wp-content\\\/uploads\\\/2026\\\/04\\\/chile-photo1-1.jpeg\",\"datePublished\":\"2026-03-14T20:34:16+00:00\",\"dateModified\":\"2026-04-25T11:51:49+00:00\",\"description\":\"La Province du Chili des Clercs de Saint-Viateur. Mission \u00e9ducative et pastorale en Am\u00e9rique du Sud.\",\"breadcrumb\":{\"@id\":\"https:\\\/\\\/staging.csviator-intl.org\\\/province-chili\\\/#breadcrumb\"},\"inLanguage\":\"en-US\",\"potentialAction\":[{\"@type\":\"ReadAction\",\"target\":[\"https:\\\/\\\/staging.csviator-intl.org\\\/province-chili\\\/\"]}]},{\"@type\":\"ImageObject\",\"inLanguage\":\"en-US\",\"@id\":\"https:\\\/\\\/staging.csviator-intl.org\\\/province-chili\\\/#primaryimage\",\"url\":\"https:\\\/\\\/staging.csviator-intl.org\\\/wp-content\\\/uploads\\\/2026\\\/04\\\/chile-photo1-1.jpeg\",\"contentUrl\":\"https:\\\/\\\/staging.csviator-intl.org\\\/wp-content\\\/uploads\\\/2026\\\/04\\\/chile-photo1-1.jpeg\",\"width\":1350,\"height\":759},{\"@type\":\"BreadcrumbList\",\"@id\":\"https:\\\/\\\/staging.csviator-intl.org\\\/province-chili\\\/#breadcrumb\",\"itemListElement\":[{\"@type\":\"ListItem\",\"position\":1,\"name\":\"Home\",\"item\":\"https:\\\/\\\/staging.csviator-intl.org\\\/\"},{\"@type\":\"ListItem\",\"position\":2,\"name\":\"Province du Chili\"}]},{\"@type\":\"WebSite\",\"@id\":\"https:\\\/\\\/staging.csviator-intl.org\\\/#website\",\"url\":\"https:\\\/\\\/staging.csviator-intl.org\\\/\",\"name\":\"Viatorians International\",\"description\":\"Clercs de Saint-Viateur\",\"alternateName\":\"CSV\",\"potentialAction\":[{\"@type\":\"SearchAction\",\"target\":{\"@type\":\"EntryPoint\",\"urlTemplate\":\"https:\\\/\\\/staging.csviator-intl.org\\\/?s={search_term_string}\"},\"query-input\":{\"@type\":\"PropertyValueSpecification\",\"valueRequired\":true,\"valueName\":\"search_term_string\"}}],\"inLanguage\":\"en-US\"}]}<\/script>\n<!-- \/ Yoast SEO plugin. -->","yoast_head_json":{"title":"Province du Chili \u2013 Viatorians International","description":"La Province du Chili des Clercs de Saint-Viateur. Mission \u00e9ducative et pastorale en Am\u00e9rique du Sud.","robots":{"index":"index","follow":"follow","max-snippet":"max-snippet:-1","max-image-preview":"max-image-preview:large","max-video-preview":"max-video-preview:-1"},"canonical":"https:\/\/staging.csviator-intl.org\/en_us\/province-chili\/","og_locale":"en_US","og_type":"article","og_title":"Province du Chili \u2013 Viatorians International","og_description":"La Province du Chili des Clercs de Saint-Viateur. Mission \u00e9ducative et pastorale en Am\u00e9rique du Sud.","og_url":"https:\/\/staging.csviator-intl.org\/en_us\/province-chili\/","og_site_name":"Viatorians International","article_modified_time":"2026-04-25T11:51:49+00:00","og_image":[{"width":1350,"height":759,"url":"https:\/\/staging.csviator-intl.org\/wp-content\/uploads\/2026\/04\/chile-photo1-1.jpeg","type":"image\/jpeg"}],"twitter_card":"summary_large_image","twitter_misc":{"Est. reading time":"3 minutes"},"schema":{"@context":"https:\/\/schema.org","@graph":[{"@type":"WebPage","@id":"https:\/\/staging.csviator-intl.org\/province-chili\/","url":"https:\/\/staging.csviator-intl.org\/province-chili\/","name":"Province du Chili \u2013 Viatorians International","isPartOf":{"@id":"https:\/\/staging.csviator-intl.org\/#website"},"primaryImageOfPage":{"@id":"https:\/\/staging.csviator-intl.org\/province-chili\/#primaryimage"},"image":{"@id":"https:\/\/staging.csviator-intl.org\/province-chili\/#primaryimage"},"thumbnailUrl":"https:\/\/staging.csviator-intl.org\/wp-content\/uploads\/2026\/04\/chile-photo1-1.jpeg","datePublished":"2026-03-14T20:34:16+00:00","dateModified":"2026-04-25T11:51:49+00:00","description":"La Province du Chili des Clercs de Saint-Viateur. Mission \u00e9ducative et pastorale en Am\u00e9rique du Sud.","breadcrumb":{"@id":"https:\/\/staging.csviator-intl.org\/province-chili\/#breadcrumb"},"inLanguage":"en-US","potentialAction":[{"@type":"ReadAction","target":["https:\/\/staging.csviator-intl.org\/province-chili\/"]}]},{"@type":"ImageObject","inLanguage":"en-US","@id":"https:\/\/staging.csviator-intl.org\/province-chili\/#primaryimage","url":"https:\/\/staging.csviator-intl.org\/wp-content\/uploads\/2026\/04\/chile-photo1-1.jpeg","contentUrl":"https:\/\/staging.csviator-intl.org\/wp-content\/uploads\/2026\/04\/chile-photo1-1.jpeg","width":1350,"height":759},{"@type":"BreadcrumbList","@id":"https:\/\/staging.csviator-intl.org\/province-chili\/#breadcrumb","itemListElement":[{"@type":"ListItem","position":1,"name":"Home","item":"https:\/\/staging.csviator-intl.org\/"},{"@type":"ListItem","position":2,"name":"Province du Chili"}]},{"@type":"WebSite","@id":"https:\/\/staging.csviator-intl.org\/#website","url":"https:\/\/staging.csviator-intl.org\/","name":"Viatorians International","description":"Clerics of Saint Viator","alternateName":"CSV","potentialAction":[{"@type":"SearchAction","target":{"@type":"EntryPoint","urlTemplate":"https:\/\/staging.csviator-intl.org\/?s={search_term_string}"},"query-input":{"@type":"PropertyValueSpecification","valueRequired":true,"valueName":"search_term_string"}}],"inLanguage":"en-US"}]}},"_links":{"self":[{"href":"https:\/\/staging.csviator-intl.org\/en_us\/wp-json\/wp\/v2\/pages\/22","targetHints":{"allow":["GET"]}}],"collection":[{"href":"https:\/\/staging.csviator-intl.org\/en_us\/wp-json\/wp\/v2\/pages"}],"about":[{"href":"https:\/\/staging.csviator-intl.org\/en_us\/wp-json\/wp\/v2\/types\/page"}],"author":[{"embeddable":true,"href":"https:\/\/staging.csviator-intl.org\/en_us\/wp-json\/wp\/v2\/users\/1"}],"replies":[{"embeddable":true,"href":"https:\/\/staging.csviator-intl.org\/en_us\/wp-json\/wp\/v2\/comments?post=22"}],"version-history":[{"count":11,"href":"https:\/\/staging.csviator-intl.org\/en_us\/wp-json\/wp\/v2\/pages\/22\/revisions"}],"predecessor-version":[{"id":377,"href":"https:\/\/staging.csviator-intl.org\/en_us\/wp-json\/wp\/v2\/pages\/22\/revisions\/377"}],"wp:featuredmedia":[{"embeddable":true,"href":"https:\/\/staging.csviator-intl.org\/en_us\/wp-json\/wp\/v2\/media\/199"}],"wp:attachment":[{"href":"https:\/\/staging.csviator-intl.org\/en_us\/wp-json\/wp\/v2\/media?parent=22"}],"curies":[{"name":"wp","href":"https:\/\/api.w.org\/{rel}","templated":true}]}}