{"id":21,"date":"2026-03-14T20:33:58","date_gmt":"2026-03-14T20:33:58","guid":{"rendered":"https:\/\/staging.csviator-intl.org\/province-canada\/"},"modified":"2026-04-25T11:51:49","modified_gmt":"2026-04-25T11:51:49","slug":"province-canada","status":"publish","type":"page","link":"https:\/\/staging.csviator-intl.org\/en_us\/province-canada\/","title":{"rendered":"Province of Canada"},"content":{"rendered":"<section class=\"region-narrative\">\n<div class=\"region-container\">\n<div class=\"region-text\">\n<p class=\"region-dropcap\">In 1847, three valiant French confreres, supported by the Archbishop of Montreal, Bishop Ignace Bourget, established the Viatorian charism in L\u2019Industrie (Joliette). The community experienced rapid growth, allowing it to send confreres to all corners of the country, primarily in the provinces of Quebec, Ontario, and Manitoba. Then, our brothers were drawn to world mission. The province thus established its charism in the United States, China, Taiwan, Japan, Peru, Haiti, and finally in Burkina Faso. Several confreres also collaborated with the community's international organizations and supported works in France and Ivory Coast.<\/p>\n<p class=\"region-p\" data-reveal>The 1960s brought a true earthquake for the Quebec Church and religious communities. The \u00abQuiet Revolution\u00bb saw the state take back control of educational and hospital institutions, social services, and leisure. Slowly, the community dwindled in number of brothers and in places of integration.<\/p>\n<p class=\"region-p\" data-reveal>Today, the province is responsible for local communities in Japan and Peru, and for two regions in Burkina Faso and Haiti.<\/p>\n<p class=\"region-p\" data-reveal>The Province of Canada is led by a provincial council composed of three members: Brother Jean-Marc St-Jacques, Provincial Superior, Father G\u00e9rard Bernatchez, Provincial Assistant, and Brother Yvon Rolland, Councilor. Ten brothers, elected by all the religious, form the Provincial Chapter along with the Provincial Council and the Provincial Treasurer. The Viatorian Community Assembly, on the other hand, brings together all the religious and associates in Canada. It has established a council composed of the members of the provincial council and three associates elected by the assembly: Hernio Carri\u00e9, Lorraine Decelles, and Annie Perreault. Its mandate is to support spiritual life, mission, and fraternal communion.<\/p>\n<p class=\"region-p\" data-reveal>The works and commitments of the Viatorians<\/p>\n<p class=\"region-p\" data-reveal>Several Viatorians have personal commitments in various places: schools, parishes and diocesan services, movements and camps, accompaniment of people, presence with the poor, support of community groups, etc. This is a valuable contribution to the Church and society.<\/p>\n<p class=\"region-p\" data-reveal>The Canadian Viatorians are in charge of two parishes: Ste-B\u00e9atrice in Laval (Diocese of Montreal) and Ste-Madeleine de Rigaud (Diocese of Valleyfield).<\/p>\n<p class=\"region-p\" data-reveal>In the summer of 2024, the Preparation for Life Service (SPV) celebrated its 60th anniversary, and in the summer of 2025, it was the turn of the Camps de l'Avenir (Lake Ouimet) to do the same. These two organizations offer an education in fraternity in the manner of the early Christians (Acts of the Apostles 2:42-47). The SPV continues its presence in Quebec and elsewhere in the world (Haiti, Peru, Burkina Faso, Ivory Coast, Cameroon, Togo, DR Congo, Madagascar, Uganda). Several religious members and associates are involved in these two works here in Quebec, but also in Haiti, Peru, Burkina Faso, and Ivory Coast.<\/p>\n<p class=\"region-p\" data-reveal>The House of Faith Serving the Deaf World reaches out to people with hearing impairments, as well as professionals working in this specific field. Pastoral activities and celebrations are at the heart of its mission. A soup kitchen, \u00abMarie-Paule's Soup,\u00bb regularly brings together about twenty people seeking nourishment, but more importantly, fraternal exchange.<\/p>\n<p class=\"region-p\" data-reveal>The Viatorian Catechetical Service continues to offer its services in all simplicity. It is still consulted by many people and produces various documents to support the training of catechists.<\/p>\n<p class=\"region-p\" data-reveal>The Sanctuary of Lourdes marked its 150th anniversary throughout the 2024 season. It continues to welcome thousands of pilgrims every summer.<\/p>\n<\/div>\n<\/div>\n<\/section>\n<section class=\"region-gallery-section\">\n<div class=\"region-container\">\n<h2 class=\"region-section-title\"><i class=\"fas fa-images\"><\/i> Gallery <span class=\"accent\">Photos<\/span><\/h2>\n<div class=\"csv-gallery\">\n<div class=\"csv-gallery-item\"><img decoding=\"async\" src=\"https:\/\/staging.csviator-intl.org\/wp-content\/uploads\/2026\/04\/canada-photo1-1.jpeg\" alt=\"\" loading=\"lazy\"><\/div>\n<div class=\"csv-gallery-item\"><img decoding=\"async\" src=\"https:\/\/staging.csviator-intl.org\/wp-content\/uploads\/2026\/04\/canada-photo2-1.png\" alt=\"\" loading=\"lazy\"><\/div>\n<div class=\"csv-gallery-item\"><img decoding=\"async\" src=\"https:\/\/staging.csviator-intl.org\/wp-content\/uploads\/2026\/04\/canada-photo3-1.png\" alt=\"\" loading=\"lazy\"><\/div>\n<div class=\"csv-gallery-item\"><img decoding=\"async\" src=\"https:\/\/staging.csviator-intl.org\/wp-content\/uploads\/2026\/04\/canada-photo4-1.png\" alt=\"\" loading=\"lazy\"><\/div>\n<div class=\"csv-gallery-item\"><img decoding=\"async\" src=\"https:\/\/staging.csviator-intl.org\/wp-content\/uploads\/2026\/04\/canada-photo5-1.jpeg\" alt=\"\" loading=\"lazy\"><\/div>\n<\/div>\n<\/div>\n<\/section>","protected":false},"excerpt":{"rendered":"<p>En 1847, trois valeureux confr\u00e8res fran\u00e7ais, soutenus par l\u2019archev\u00eaque de Montr\u00e9al, Mgr Ignace Bourget, implantent le charisme viatorien \u00e0 L\u2019Industrie (Joliette). La communaut\u00e9 a connu une croissance rapide lui permettant d\u2019envoyer des confr\u00e8res aux quatre coins du pays, principalement dans les provinces du Qu\u00e9bec, de l\u2019Ontario et du Manitoba. Puis, nos fr\u00e8res ont \u00e9t\u00e9 attir\u00e9s [&hellip;]<\/p>\n","protected":false},"author":1,"featured_media":194,"parent":0,"menu_order":0,"comment_status":"closed","ping_status":"closed","template":"elementor_header_footer","meta":{"footnotes":""},"class_list":["post-21","page","type-page","status-publish","has-post-thumbnail","hentry"],"yoast_head":"<!-- This site is optimized with the Yoast SEO plugin v27.6 - https:\/\/yoast.com\/product\/yoast-seo-wordpress\/ -->\n<title>Province du Canada \u2013 Viatorians International<\/title>\n<meta name=\"description\" content=\"La Province du Canada des Clercs de Saint-Viateur. Pr\u00e9sence viatorienne au Canada depuis 1847.\" \/>\n<meta name=\"robots\" content=\"index, follow, max-snippet:-1, max-image-preview:large, max-video-preview:-1\" \/>\n<link rel=\"canonical\" href=\"https:\/\/staging.csviator-intl.org\/en_us\/province-canada\/\" \/>\n<meta property=\"og:locale\" content=\"en_US\" \/>\n<meta property=\"og:type\" content=\"article\" \/>\n<meta property=\"og:title\" content=\"Province du Canada \u2013 Viatorians International\" \/>\n<meta property=\"og:description\" content=\"La Province du Canada des Clercs de Saint-Viateur. Pr\u00e9sence viatorienne au Canada depuis 1847.\" \/>\n<meta property=\"og:url\" content=\"https:\/\/staging.csviator-intl.org\/en_us\/province-canada\/\" \/>\n<meta property=\"og:site_name\" content=\"Viatorians International\" \/>\n<meta property=\"article:modified_time\" content=\"2026-04-25T11:51:49+00:00\" \/>\n<meta property=\"og:image\" content=\"https:\/\/staging.csviator-intl.org\/wp-content\/uploads\/2026\/04\/canada-photo1-1.jpeg\" \/>\n\t<meta property=\"og:image:width\" content=\"1438\" \/>\n\t<meta property=\"og:image:height\" content=\"1078\" \/>\n\t<meta property=\"og:image:type\" content=\"image\/jpeg\" \/>\n<meta name=\"twitter:card\" content=\"summary_large_image\" \/>\n<meta name=\"twitter:label1\" content=\"Est. reading time\" \/>\n\t<meta name=\"twitter:data1\" content=\"3 minutes\" \/>\n<script type=\"application\/ld+json\" class=\"yoast-schema-graph\">{\"@context\":\"https:\\\/\\\/schema.org\",\"@graph\":[{\"@type\":\"WebPage\",\"@id\":\"https:\\\/\\\/staging.csviator-intl.org\\\/province-canada\\\/\",\"url\":\"https:\\\/\\\/staging.csviator-intl.org\\\/province-canada\\\/\",\"name\":\"Province du Canada \u2013 Viatorians International\",\"isPartOf\":{\"@id\":\"https:\\\/\\\/staging.csviator-intl.org\\\/#website\"},\"primaryImageOfPage\":{\"@id\":\"https:\\\/\\\/staging.csviator-intl.org\\\/province-canada\\\/#primaryimage\"},\"image\":{\"@id\":\"https:\\\/\\\/staging.csviator-intl.org\\\/province-canada\\\/#primaryimage\"},\"thumbnailUrl\":\"https:\\\/\\\/staging.csviator-intl.org\\\/wp-content\\\/uploads\\\/2026\\\/04\\\/canada-photo1-1.jpeg\",\"datePublished\":\"2026-03-14T20:33:58+00:00\",\"dateModified\":\"2026-04-25T11:51:49+00:00\",\"description\":\"La Province du Canada des Clercs de Saint-Viateur. Pr\u00e9sence viatorienne au Canada depuis 1847.\",\"breadcrumb\":{\"@id\":\"https:\\\/\\\/staging.csviator-intl.org\\\/province-canada\\\/#breadcrumb\"},\"inLanguage\":\"en-US\",\"potentialAction\":[{\"@type\":\"ReadAction\",\"target\":[\"https:\\\/\\\/staging.csviator-intl.org\\\/province-canada\\\/\"]}]},{\"@type\":\"ImageObject\",\"inLanguage\":\"en-US\",\"@id\":\"https:\\\/\\\/staging.csviator-intl.org\\\/province-canada\\\/#primaryimage\",\"url\":\"https:\\\/\\\/staging.csviator-intl.org\\\/wp-content\\\/uploads\\\/2026\\\/04\\\/canada-photo1-1.jpeg\",\"contentUrl\":\"https:\\\/\\\/staging.csviator-intl.org\\\/wp-content\\\/uploads\\\/2026\\\/04\\\/canada-photo1-1.jpeg\",\"width\":1438,\"height\":1078},{\"@type\":\"BreadcrumbList\",\"@id\":\"https:\\\/\\\/staging.csviator-intl.org\\\/province-canada\\\/#breadcrumb\",\"itemListElement\":[{\"@type\":\"ListItem\",\"position\":1,\"name\":\"Home\",\"item\":\"https:\\\/\\\/staging.csviator-intl.org\\\/\"},{\"@type\":\"ListItem\",\"position\":2,\"name\":\"Province du Canada\"}]},{\"@type\":\"WebSite\",\"@id\":\"https:\\\/\\\/staging.csviator-intl.org\\\/#website\",\"url\":\"https:\\\/\\\/staging.csviator-intl.org\\\/\",\"name\":\"Viatorians International\",\"description\":\"Clercs de Saint-Viateur\",\"alternateName\":\"CSV\",\"potentialAction\":[{\"@type\":\"SearchAction\",\"target\":{\"@type\":\"EntryPoint\",\"urlTemplate\":\"https:\\\/\\\/staging.csviator-intl.org\\\/?s={search_term_string}\"},\"query-input\":{\"@type\":\"PropertyValueSpecification\",\"valueRequired\":true,\"valueName\":\"search_term_string\"}}],\"inLanguage\":\"en-US\"}]}<\/script>\n<!-- \/ Yoast SEO plugin. -->","yoast_head_json":{"title":"Province du Canada \u2013 Viatorians International","description":"La Province du Canada des Clercs de Saint-Viateur. Pr\u00e9sence viatorienne au Canada depuis 1847.","robots":{"index":"index","follow":"follow","max-snippet":"max-snippet:-1","max-image-preview":"max-image-preview:large","max-video-preview":"max-video-preview:-1"},"canonical":"https:\/\/staging.csviator-intl.org\/en_us\/province-canada\/","og_locale":"en_US","og_type":"article","og_title":"Province du Canada \u2013 Viatorians International","og_description":"La Province du Canada des Clercs de Saint-Viateur. Pr\u00e9sence viatorienne au Canada depuis 1847.","og_url":"https:\/\/staging.csviator-intl.org\/en_us\/province-canada\/","og_site_name":"Viatorians International","article_modified_time":"2026-04-25T11:51:49+00:00","og_image":[{"width":1438,"height":1078,"url":"https:\/\/staging.csviator-intl.org\/wp-content\/uploads\/2026\/04\/canada-photo1-1.jpeg","type":"image\/jpeg"}],"twitter_card":"summary_large_image","twitter_misc":{"Est. reading time":"3 minutes"},"schema":{"@context":"https:\/\/schema.org","@graph":[{"@type":"WebPage","@id":"https:\/\/staging.csviator-intl.org\/province-canada\/","url":"https:\/\/staging.csviator-intl.org\/province-canada\/","name":"Province du Canada \u2013 Viatorians International","isPartOf":{"@id":"https:\/\/staging.csviator-intl.org\/#website"},"primaryImageOfPage":{"@id":"https:\/\/staging.csviator-intl.org\/province-canada\/#primaryimage"},"image":{"@id":"https:\/\/staging.csviator-intl.org\/province-canada\/#primaryimage"},"thumbnailUrl":"https:\/\/staging.csviator-intl.org\/wp-content\/uploads\/2026\/04\/canada-photo1-1.jpeg","datePublished":"2026-03-14T20:33:58+00:00","dateModified":"2026-04-25T11:51:49+00:00","description":"La Province du Canada des Clercs de Saint-Viateur. Pr\u00e9sence viatorienne au Canada depuis 1847.","breadcrumb":{"@id":"https:\/\/staging.csviator-intl.org\/province-canada\/#breadcrumb"},"inLanguage":"en-US","potentialAction":[{"@type":"ReadAction","target":["https:\/\/staging.csviator-intl.org\/province-canada\/"]}]},{"@type":"ImageObject","inLanguage":"en-US","@id":"https:\/\/staging.csviator-intl.org\/province-canada\/#primaryimage","url":"https:\/\/staging.csviator-intl.org\/wp-content\/uploads\/2026\/04\/canada-photo1-1.jpeg","contentUrl":"https:\/\/staging.csviator-intl.org\/wp-content\/uploads\/2026\/04\/canada-photo1-1.jpeg","width":1438,"height":1078},{"@type":"BreadcrumbList","@id":"https:\/\/staging.csviator-intl.org\/province-canada\/#breadcrumb","itemListElement":[{"@type":"ListItem","position":1,"name":"Home","item":"https:\/\/staging.csviator-intl.org\/"},{"@type":"ListItem","position":2,"name":"Province du Canada"}]},{"@type":"WebSite","@id":"https:\/\/staging.csviator-intl.org\/#website","url":"https:\/\/staging.csviator-intl.org\/","name":"Viatorians International","description":"Clerics of Saint Viator","alternateName":"CSV","potentialAction":[{"@type":"SearchAction","target":{"@type":"EntryPoint","urlTemplate":"https:\/\/staging.csviator-intl.org\/?s={search_term_string}"},"query-input":{"@type":"PropertyValueSpecification","valueRequired":true,"valueName":"search_term_string"}}],"inLanguage":"en-US"}]}},"_links":{"self":[{"href":"https:\/\/staging.csviator-intl.org\/en_us\/wp-json\/wp\/v2\/pages\/21","targetHints":{"allow":["GET"]}}],"collection":[{"href":"https:\/\/staging.csviator-intl.org\/en_us\/wp-json\/wp\/v2\/pages"}],"about":[{"href":"https:\/\/staging.csviator-intl.org\/en_us\/wp-json\/wp\/v2\/types\/page"}],"author":[{"embeddable":true,"href":"https:\/\/staging.csviator-intl.org\/en_us\/wp-json\/wp\/v2\/users\/1"}],"replies":[{"embeddable":true,"href":"https:\/\/staging.csviator-intl.org\/en_us\/wp-json\/wp\/v2\/comments?post=21"}],"version-history":[{"count":11,"href":"https:\/\/staging.csviator-intl.org\/en_us\/wp-json\/wp\/v2\/pages\/21\/revisions"}],"predecessor-version":[{"id":376,"href":"https:\/\/staging.csviator-intl.org\/en_us\/wp-json\/wp\/v2\/pages\/21\/revisions\/376"}],"wp:featuredmedia":[{"embeddable":true,"href":"https:\/\/staging.csviator-intl.org\/en_us\/wp-json\/wp\/v2\/media\/194"}],"wp:attachment":[{"href":"https:\/\/staging.csviator-intl.org\/en_us\/wp-json\/wp\/v2\/media?parent=21"}],"curies":[{"name":"wp","href":"https:\/\/api.w.org\/{rel}","templated":true}]}}