{"id":18,"date":"2026-03-14T20:32:38","date_gmt":"2026-03-14T20:32:38","guid":{"rendered":"https:\/\/staging.csviator-intl.org\/louis-querbes\/"},"modified":"2026-04-25T11:51:54","modified_gmt":"2026-04-25T11:51:54","slug":"louis-querbes","status":"publish","type":"page","link":"https:\/\/staging.csviator-intl.org\/en_us\/louis-querbes\/","title":{"rendered":"Louis Querbes"},"content":{"rendered":"<section class=\"region-narrative\">\n<div class=\"region-container\">\n<div class=\"region-text\">\n<h2 class=\"region-heading\">A man inhabited by faith<\/h2>\n<p class=\"region-dropcap\"><span class=\"csv-dropcap\">O<\/span>Louis Querbes was born in Lyon on August 21, 1793, in the midst of the French Revolution. Baptized in the Church of Saint-Nizier, he grew up under the spiritual protection of the sanctuary of Notre-Dame de Fourvi\u00e8re. These two Lyonnais pillars would lastingly forge his human, Christian, and priestly identity.<\/p>\n<h2 class=\"region-heading\">The Major Stages of His Life<\/h2>\n<div class=\"csv-timeline-item\">\n<div class=\"csv-timeline-marker\"><\/div>\n<div class=\"csv-timeline-content\">\n<h3>Man: A Calling Rooted in Piety<\/h3>\n<p>From his childhood, he immersed himself in the life of his parish of Saint-Nizier, where he joined the choir and attended clerical school. It was in front of the statue of Our Lady of Grace that, still young, he pronounced a vow of chastity; he would cherish the document bearing witness to this commitment until his last breath.<\/p>\n<p>After his studies at Saint-Irenaeus Seminary, he was ordained a priest in 1816. Appointed as vicar at Saint-Nizier, he distinguished himself through the excellence of his preaching. By becoming administrator of the clerical school, he consolidated what would become the core of his work: the close union between education and liturgy.<\/p>\n<\/div>\n<\/div>\n<div class=\"csv-timeline-item\">\n<div class=\"csv-timeline-marker\"><\/div>\n<div class=\"csv-timeline-content\">\n<h3>The pastor: the builder of Vourles<\/h3>\n<p>In 1822, Louis Querbes was appointed parish priest of Vourles. The challenge was immense: after the ravages of the Revolution, everything needed to be rebuilt, both materially and spiritually. With determination, he restored the church and rekindled the faith of the parishioners. Profoundly troubled by the ignorance and lack of education among the children, he began searching for a lasting solution for their upbringing.<\/p>\n<\/div>\n<\/div>\n<div class=\"csv-timeline-item\">\n<div class=\"csv-timeline-marker\"><\/div>\n<div class=\"csv-timeline-content\">\n<h3>The founder: a visionary ahead of his time<\/h3>\n<p>To meet the needs of rural schools, he founded an association of catechists, placing it under the patronage of Saint Viator, the 4th-century lector who was the devoted assistant of Bishop Justus of Lyon.<\/p>\n<ul>\n<li><strong>1831 :<\/strong> He obtains diocesan approval for his Society, originally conceived as a group of parish clergy and lay catechists.<\/li>\n<li><strong>1838 :<\/strong> Eager to gain recognition from Rome, he had to resign himself to excluding lay people, as the canonical framework of the time did not permit it. His intuition of a community uniting lay people and religious was far ahead of its time.<\/li>\n<li><strong>September 21, 1838:<\/strong> Pope Gregory XVI grants pontifical approval to the religious institute of Parish Clerics or Catechists of Saint Viator.<\/li>\n<\/ul>\n<\/div>\n<\/div>\n<div class=\"csv-timeline-item\">\n<div class=\"csv-timeline-marker\"><\/div>\n<div class=\"csv-timeline-content\">\n<h3>A Living Legacy<\/h3>\n<p>Under his leadership, the Viatorians multiplied schools and parish commitments, first spreading throughout France, then crossing the Atlantic to Canada and the United States. Father Louis Querbes passed away in Vourles on September 1, 1859, leaving behind a vigorous spirit.<\/p>\n<p>Her motto, <strong>\u00abAdored and loved be Jesus\u00bb<\/strong>, remains the epitome of the evangelical spirit he passed on to his successors.<\/p>\n<p>The <strong>October 2, 2019<\/strong>, Pope Francis officially recognized the heroism of his virtues by declaring him <strong>\u00abVenerable\u00bb<\/strong>. Today, her spiritual sons and daughters labor and pray fervently for her beatification.<\/p>\n<\/div>\n<\/div>\n<h2 class=\"region-heading\">Prayer for the Beatification of the Venerable Louis Querbes<\/h2>\n<p class=\"region-p\" data-reveal>God, good Father,<br \/>\nYou are praised for the gift you have given us<br \/>\nin the person of Louis Querbes,<br \/>\nPasteur committed to faith education<br \/>\nand the liturgy service,<br \/>\nand founder of the Community of Saint Viateur.<\/p>\n<p class=\"region-p\" data-reveal>We ask that you allow Louis Querbes<br \/>\nmay he be recognized among the saints of your Kingdom.<\/p>\n<p class=\"region-p\" data-reveal>We also ask you, through his intercession, to grant us<br \/>\ngrant the favor (...) that we implore from your goodness.<\/p>\n<p class=\"region-p\" data-reveal>By Jesus Christ, our Lord. Amen.<\/p>\n<\/div>\n<\/div>\n<\/section>","protected":false},"excerpt":{"rendered":"<p>Un homme habit\u00e9 par la foi Louis Querbes na\u00eet \u00e0 Lyon le 21 ao\u00fbt 1793, en pleine tourmente de la R\u00e9volution fran\u00e7aise. Baptis\u00e9 en l&rsquo;\u00e9glise Saint-Nizier, il grandit sous la protection spirituelle du sanctuaire de Notre-Dame de Fourvi\u00e8re. Ces deux piliers lyonnais forgeront durablement son identit\u00e9 humaine, chr\u00e9tienne et sacerdotale. Les grandes \u00e9tapes de sa [&hellip;]<\/p>\n","protected":false},"author":1,"featured_media":307,"parent":0,"menu_order":0,"comment_status":"closed","ping_status":"closed","template":"elementor_header_footer","meta":{"footnotes":""},"class_list":["post-18","page","type-page","status-publish","has-post-thumbnail","hentry"],"yoast_head":"<!-- This site is optimized with the Yoast SEO plugin v27.6 - https:\/\/yoast.com\/product\/yoast-seo-wordpress\/ -->\n<title>Louis Querbes, fondateur \u2013 Viatorians International<\/title>\n<meta name=\"description\" content=\"Biographie du P\u00e8re Louis Querbes (1793-1859), pr\u00eatre fran\u00e7ais fondateur des Clercs de Saint-Viateur \u00e0 Vourles en 1831.\" \/>\n<meta name=\"robots\" content=\"index, follow, max-snippet:-1, max-image-preview:large, max-video-preview:-1\" \/>\n<link rel=\"canonical\" href=\"https:\/\/staging.csviator-intl.org\/en_us\/louis-querbes\/\" \/>\n<meta property=\"og:locale\" content=\"en_US\" \/>\n<meta property=\"og:type\" content=\"article\" \/>\n<meta property=\"og:title\" content=\"Louis Querbes, fondateur \u2013 Viatorians International\" \/>\n<meta property=\"og:description\" content=\"Biographie du P\u00e8re Louis Querbes (1793-1859), pr\u00eatre fran\u00e7ais fondateur des Clercs de Saint-Viateur \u00e0 Vourles en 1831.\" \/>\n<meta property=\"og:url\" content=\"https:\/\/staging.csviator-intl.org\/en_us\/louis-querbes\/\" \/>\n<meta property=\"og:site_name\" content=\"Viatorians International\" \/>\n<meta property=\"article:modified_time\" content=\"2026-04-25T11:51:54+00:00\" \/>\n<meta property=\"og:image\" content=\"https:\/\/staging.csviator-intl.org\/wp-content\/uploads\/2026\/04\/download-4-1024x439.png\" \/>\n\t<meta property=\"og:image:width\" content=\"1024\" \/>\n\t<meta property=\"og:image:height\" content=\"439\" \/>\n\t<meta property=\"og:image:type\" content=\"image\/png\" \/>\n<meta name=\"twitter:card\" content=\"summary_large_image\" \/>\n<meta name=\"twitter:label1\" content=\"Est. reading time\" \/>\n\t<meta name=\"twitter:data1\" content=\"3 minutes\" \/>\n<script type=\"application\/ld+json\" class=\"yoast-schema-graph\">{\"@context\":\"https:\\\/\\\/schema.org\",\"@graph\":[{\"@type\":\"WebPage\",\"@id\":\"https:\\\/\\\/staging.csviator-intl.org\\\/louis-querbes\\\/\",\"url\":\"https:\\\/\\\/staging.csviator-intl.org\\\/louis-querbes\\\/\",\"name\":\"Louis Querbes, fondateur \u2013 Viatorians International\",\"isPartOf\":{\"@id\":\"https:\\\/\\\/staging.csviator-intl.org\\\/#website\"},\"primaryImageOfPage\":{\"@id\":\"https:\\\/\\\/staging.csviator-intl.org\\\/louis-querbes\\\/#primaryimage\"},\"image\":{\"@id\":\"https:\\\/\\\/staging.csviator-intl.org\\\/louis-querbes\\\/#primaryimage\"},\"thumbnailUrl\":\"https:\\\/\\\/staging.csviator-intl.org\\\/wp-content\\\/uploads\\\/2026\\\/04\\\/download-4.png\",\"datePublished\":\"2026-03-14T20:32:38+00:00\",\"dateModified\":\"2026-04-25T11:51:54+00:00\",\"description\":\"Biographie du P\u00e8re Louis Querbes (1793-1859), pr\u00eatre fran\u00e7ais fondateur des Clercs de Saint-Viateur \u00e0 Vourles en 1831.\",\"breadcrumb\":{\"@id\":\"https:\\\/\\\/staging.csviator-intl.org\\\/louis-querbes\\\/#breadcrumb\"},\"inLanguage\":\"en-US\",\"potentialAction\":[{\"@type\":\"ReadAction\",\"target\":[\"https:\\\/\\\/staging.csviator-intl.org\\\/louis-querbes\\\/\"]}]},{\"@type\":\"ImageObject\",\"inLanguage\":\"en-US\",\"@id\":\"https:\\\/\\\/staging.csviator-intl.org\\\/louis-querbes\\\/#primaryimage\",\"url\":\"https:\\\/\\\/staging.csviator-intl.org\\\/wp-content\\\/uploads\\\/2026\\\/04\\\/download-4.png\",\"contentUrl\":\"https:\\\/\\\/staging.csviator-intl.org\\\/wp-content\\\/uploads\\\/2026\\\/04\\\/download-4.png\",\"width\":1674,\"height\":717},{\"@type\":\"BreadcrumbList\",\"@id\":\"https:\\\/\\\/staging.csviator-intl.org\\\/louis-querbes\\\/#breadcrumb\",\"itemListElement\":[{\"@type\":\"ListItem\",\"position\":1,\"name\":\"Home\",\"item\":\"https:\\\/\\\/staging.csviator-intl.org\\\/\"},{\"@type\":\"ListItem\",\"position\":2,\"name\":\"Louis Querbes\"}]},{\"@type\":\"WebSite\",\"@id\":\"https:\\\/\\\/staging.csviator-intl.org\\\/#website\",\"url\":\"https:\\\/\\\/staging.csviator-intl.org\\\/\",\"name\":\"Viatorians International\",\"description\":\"Clercs de Saint-Viateur\",\"alternateName\":\"CSV\",\"potentialAction\":[{\"@type\":\"SearchAction\",\"target\":{\"@type\":\"EntryPoint\",\"urlTemplate\":\"https:\\\/\\\/staging.csviator-intl.org\\\/?s={search_term_string}\"},\"query-input\":{\"@type\":\"PropertyValueSpecification\",\"valueRequired\":true,\"valueName\":\"search_term_string\"}}],\"inLanguage\":\"en-US\"}]}<\/script>\n<!-- \/ Yoast SEO plugin. -->","yoast_head_json":{"title":"Louis Querbes, fondateur \u2013 Viatorians International","description":"Biographie du P\u00e8re Louis Querbes (1793-1859), pr\u00eatre fran\u00e7ais fondateur des Clercs de Saint-Viateur \u00e0 Vourles en 1831.","robots":{"index":"index","follow":"follow","max-snippet":"max-snippet:-1","max-image-preview":"max-image-preview:large","max-video-preview":"max-video-preview:-1"},"canonical":"https:\/\/staging.csviator-intl.org\/en_us\/louis-querbes\/","og_locale":"en_US","og_type":"article","og_title":"Louis Querbes, fondateur \u2013 Viatorians International","og_description":"Biographie du P\u00e8re Louis Querbes (1793-1859), pr\u00eatre fran\u00e7ais fondateur des Clercs de Saint-Viateur \u00e0 Vourles en 1831.","og_url":"https:\/\/staging.csviator-intl.org\/en_us\/louis-querbes\/","og_site_name":"Viatorians International","article_modified_time":"2026-04-25T11:51:54+00:00","og_image":[{"width":1024,"height":439,"url":"https:\/\/staging.csviator-intl.org\/wp-content\/uploads\/2026\/04\/download-4-1024x439.png","type":"image\/png"}],"twitter_card":"summary_large_image","twitter_misc":{"Est. reading time":"3 minutes"},"schema":{"@context":"https:\/\/schema.org","@graph":[{"@type":"WebPage","@id":"https:\/\/staging.csviator-intl.org\/louis-querbes\/","url":"https:\/\/staging.csviator-intl.org\/louis-querbes\/","name":"Louis Querbes, fondateur \u2013 Viatorians International","isPartOf":{"@id":"https:\/\/staging.csviator-intl.org\/#website"},"primaryImageOfPage":{"@id":"https:\/\/staging.csviator-intl.org\/louis-querbes\/#primaryimage"},"image":{"@id":"https:\/\/staging.csviator-intl.org\/louis-querbes\/#primaryimage"},"thumbnailUrl":"https:\/\/staging.csviator-intl.org\/wp-content\/uploads\/2026\/04\/download-4.png","datePublished":"2026-03-14T20:32:38+00:00","dateModified":"2026-04-25T11:51:54+00:00","description":"Biographie du P\u00e8re Louis Querbes (1793-1859), pr\u00eatre fran\u00e7ais fondateur des Clercs de Saint-Viateur \u00e0 Vourles en 1831.","breadcrumb":{"@id":"https:\/\/staging.csviator-intl.org\/louis-querbes\/#breadcrumb"},"inLanguage":"en-US","potentialAction":[{"@type":"ReadAction","target":["https:\/\/staging.csviator-intl.org\/louis-querbes\/"]}]},{"@type":"ImageObject","inLanguage":"en-US","@id":"https:\/\/staging.csviator-intl.org\/louis-querbes\/#primaryimage","url":"https:\/\/staging.csviator-intl.org\/wp-content\/uploads\/2026\/04\/download-4.png","contentUrl":"https:\/\/staging.csviator-intl.org\/wp-content\/uploads\/2026\/04\/download-4.png","width":1674,"height":717},{"@type":"BreadcrumbList","@id":"https:\/\/staging.csviator-intl.org\/louis-querbes\/#breadcrumb","itemListElement":[{"@type":"ListItem","position":1,"name":"Home","item":"https:\/\/staging.csviator-intl.org\/"},{"@type":"ListItem","position":2,"name":"Louis Querbes"}]},{"@type":"WebSite","@id":"https:\/\/staging.csviator-intl.org\/#website","url":"https:\/\/staging.csviator-intl.org\/","name":"Viatorians International","description":"Clerics of Saint Viator","alternateName":"CSV","potentialAction":[{"@type":"SearchAction","target":{"@type":"EntryPoint","urlTemplate":"https:\/\/staging.csviator-intl.org\/?s={search_term_string}"},"query-input":{"@type":"PropertyValueSpecification","valueRequired":true,"valueName":"search_term_string"}}],"inLanguage":"en-US"}]}},"_links":{"self":[{"href":"https:\/\/staging.csviator-intl.org\/en_us\/wp-json\/wp\/v2\/pages\/18","targetHints":{"allow":["GET"]}}],"collection":[{"href":"https:\/\/staging.csviator-intl.org\/en_us\/wp-json\/wp\/v2\/pages"}],"about":[{"href":"https:\/\/staging.csviator-intl.org\/en_us\/wp-json\/wp\/v2\/types\/page"}],"author":[{"embeddable":true,"href":"https:\/\/staging.csviator-intl.org\/en_us\/wp-json\/wp\/v2\/users\/1"}],"replies":[{"embeddable":true,"href":"https:\/\/staging.csviator-intl.org\/en_us\/wp-json\/wp\/v2\/comments?post=18"}],"version-history":[{"count":6,"href":"https:\/\/staging.csviator-intl.org\/en_us\/wp-json\/wp\/v2\/pages\/18\/revisions"}],"predecessor-version":[{"id":480,"href":"https:\/\/staging.csviator-intl.org\/en_us\/wp-json\/wp\/v2\/pages\/18\/revisions\/480"}],"wp:featuredmedia":[{"embeddable":true,"href":"https:\/\/staging.csviator-intl.org\/en_us\/wp-json\/wp\/v2\/media\/307"}],"wp:attachment":[{"href":"https:\/\/staging.csviator-intl.org\/en_us\/wp-json\/wp\/v2\/media?parent=18"}],"curies":[{"name":"wp","href":"https:\/\/api.w.org\/{rel}","templated":true}]}}