{"id":17,"date":"2026-03-14T20:32:24","date_gmt":"2026-03-14T20:32:24","guid":{"rendered":"https:\/\/staging.csviator-intl.org\/formation\/"},"modified":"2026-04-25T11:51:55","modified_gmt":"2026-04-25T11:51:55","slug":"formation","status":"publish","type":"page","link":"https:\/\/staging.csviator-intl.org\/en_us\/formation\/","title":{"rendered":"Formation"},"content":{"rendered":"<section class=\"region-narrative\">\n<div class=\"region-container\">\n<div class=\"region-text\">\n<h2 class=\"region-heading\">Admission Requirements<\/h2>\n<p class=\"region-dropcap\">To become an Associate of the Congregation and a member of the Viatorian Community, a candidate must meet the following criteria:<\/p>\n<ul class=\"csv-styled-list\">\n<li>To be of legal age.<\/li>\n<li>Demonstrate social, emotional, and psychological stability.<\/li>\n<li>Demonstrate an ability to make decisions and follow through with them.<\/li>\n<li>Living in accordance with evangelical values.<\/li>\n<li>To actively invest in the Viatorian mission.<\/li>\n<li>Participate in the life and spirituality of the institute.<\/li>\n<\/ul>\n<p class=\"region-p\" data-reveal>The vocation of an associate is a divine gift inviting one to share the Viatorian charism. The formation process relies on human collaboration: it requires the candidate's commitment, the guidance of designated religious or associates, and the support of the entire community.<\/p>\n<h2 class=\"region-heading\">Engagement Process<\/h2>\n<p class=\"region-p\" data-reveal>Although the guidelines vary by province, delegation, or foundation, the typical process is as follows:<\/p>\n<div class=\"csv-timeline-item\">\n<div class=\"csv-timeline-dot\"><\/div>\n<h3>Home<\/h3>\n<p>The person is first welcomed into a local community.<\/p>\n<\/div>\n<div class=\"csv-timeline-item\">\n<div class=\"csv-timeline-dot\"><\/div>\n<h3>Initial Assessment and Engagement<\/h3>\n<p>After a probationary period, the person makes a solemn commitment for a fixed term.<\/p>\n<\/div>\n<div class=\"csv-timeline-item\">\n<div class=\"csv-timeline-dot\"><\/div>\n<h3>Renewal<\/h3>\n<p>This commitment can be renewed.<\/p>\n<\/div>\n<div class=\"csv-timeline-item\">\n<div class=\"csv-timeline-dot\"><\/div>\n<h3>Definitive Commitment<\/h3>\n<p>At the end of the discernment process, the associate can commit permanently to the Viatorian Community.<\/p>\n<\/div>\n<h2 class=\"region-heading\">Learn more<\/h2>\n<p class=\"region-p\" data-reveal>For more details on partner life, you can consult the following portals:<\/p>\n<ul class=\"csv-styled-list\">\n<li><strong>Canada :<\/strong> <a href=\"https:\/\/viateurs.ca\/associe\/\" target=\"_blank\">viateurs.ca\/associe\/<\/a><\/li>\n<li><strong>Chili<\/strong> <a href=\"http:\/\/www.viator.cl\/\" target=\"_blank\">viator.cl\/<\/a><\/li>\n<li><strong>Spain:<\/strong> <a href=\"https:\/\/csviator.es\/quienes-somos\/\" target=\"_blank\">csviator.es\/about-us\/<\/a><\/li>\n<li><strong>United States:<\/strong> <a href=\"http:\/\/www.viatorians.com\/\" target=\"_blank\">viatorians.com\/<\/a><\/li>\n<li><strong>France:<\/strong> <a href=\"https:\/\/www.viateurs.fr\/index_fichiers\/Page630.htm\" target=\"_blank\">viateurs.fr<\/a><\/li>\n<\/ul>\n<\/div>\n<\/div>\n<\/section>","protected":false},"excerpt":{"rendered":"<p>Conditions d&rsquo;admission Pour devenir Associ\u00e9 \u00e0 la Congr\u00e9gation et membre de la Communaut\u00e9 viatorienne, le candidat doit satisfaire aux crit\u00e8res suivants : \u00catre majeur. Faire preuve d&rsquo;une stabilit\u00e9 sociale, affective et psychologique. D\u00e9montrer une capacit\u00e9 \u00e0 prendre des d\u00e9cisions et \u00e0 les concr\u00e9tiser. Vivre en conformit\u00e9 avec les valeurs \u00e9vang\u00e9liques. S&rsquo;investir activement dans la mission [&hellip;]<\/p>\n","protected":false},"author":1,"featured_media":307,"parent":0,"menu_order":0,"comment_status":"closed","ping_status":"closed","template":"elementor_header_footer","meta":{"footnotes":""},"class_list":["post-17","page","type-page","status-publish","has-post-thumbnail","hentry"],"yoast_head":"<!-- This site is optimized with the Yoast SEO plugin v27.6 - https:\/\/yoast.com\/product\/yoast-seo-wordpress\/ -->\n<title>Formation \u2013 Viatorians International<\/title>\n<meta name=\"description\" content=\"Le programme de formation des Clercs de Saint-Viateur : \u00e9tapes et pr\u00e9paration \u00e0 la vie religieuse.\" \/>\n<meta name=\"robots\" content=\"index, follow, max-snippet:-1, max-image-preview:large, max-video-preview:-1\" \/>\n<link rel=\"canonical\" href=\"https:\/\/staging.csviator-intl.org\/en_us\/formation\/\" \/>\n<meta property=\"og:locale\" content=\"en_US\" \/>\n<meta property=\"og:type\" content=\"article\" \/>\n<meta property=\"og:title\" content=\"Formation \u2013 Viatorians International\" \/>\n<meta property=\"og:description\" content=\"Le programme de formation des Clercs de Saint-Viateur : \u00e9tapes et pr\u00e9paration \u00e0 la vie religieuse.\" \/>\n<meta property=\"og:url\" content=\"https:\/\/staging.csviator-intl.org\/en_us\/formation\/\" \/>\n<meta property=\"og:site_name\" content=\"Viatorians International\" \/>\n<meta property=\"article:modified_time\" content=\"2026-04-25T11:51:55+00:00\" \/>\n<meta property=\"og:image\" content=\"https:\/\/staging.csviator-intl.org\/wp-content\/uploads\/2026\/04\/download-4-1024x439.png\" \/>\n\t<meta property=\"og:image:width\" content=\"1024\" \/>\n\t<meta property=\"og:image:height\" content=\"439\" \/>\n\t<meta property=\"og:image:type\" content=\"image\/png\" \/>\n<meta name=\"twitter:card\" content=\"summary_large_image\" \/>\n<meta name=\"twitter:label1\" content=\"Est. reading time\" \/>\n\t<meta name=\"twitter:data1\" content=\"1 minute\" \/>\n<script type=\"application\/ld+json\" class=\"yoast-schema-graph\">{\"@context\":\"https:\\\/\\\/schema.org\",\"@graph\":[{\"@type\":\"WebPage\",\"@id\":\"https:\\\/\\\/staging.csviator-intl.org\\\/formation\\\/\",\"url\":\"https:\\\/\\\/staging.csviator-intl.org\\\/formation\\\/\",\"name\":\"Formation \u2013 Viatorians International\",\"isPartOf\":{\"@id\":\"https:\\\/\\\/staging.csviator-intl.org\\\/#website\"},\"primaryImageOfPage\":{\"@id\":\"https:\\\/\\\/staging.csviator-intl.org\\\/formation\\\/#primaryimage\"},\"image\":{\"@id\":\"https:\\\/\\\/staging.csviator-intl.org\\\/formation\\\/#primaryimage\"},\"thumbnailUrl\":\"https:\\\/\\\/staging.csviator-intl.org\\\/wp-content\\\/uploads\\\/2026\\\/04\\\/download-4.png\",\"datePublished\":\"2026-03-14T20:32:24+00:00\",\"dateModified\":\"2026-04-25T11:51:55+00:00\",\"description\":\"Le programme de formation des Clercs de Saint-Viateur : \u00e9tapes et pr\u00e9paration \u00e0 la vie religieuse.\",\"breadcrumb\":{\"@id\":\"https:\\\/\\\/staging.csviator-intl.org\\\/formation\\\/#breadcrumb\"},\"inLanguage\":\"en-US\",\"potentialAction\":[{\"@type\":\"ReadAction\",\"target\":[\"https:\\\/\\\/staging.csviator-intl.org\\\/formation\\\/\"]}]},{\"@type\":\"ImageObject\",\"inLanguage\":\"en-US\",\"@id\":\"https:\\\/\\\/staging.csviator-intl.org\\\/formation\\\/#primaryimage\",\"url\":\"https:\\\/\\\/staging.csviator-intl.org\\\/wp-content\\\/uploads\\\/2026\\\/04\\\/download-4.png\",\"contentUrl\":\"https:\\\/\\\/staging.csviator-intl.org\\\/wp-content\\\/uploads\\\/2026\\\/04\\\/download-4.png\",\"width\":1674,\"height\":717},{\"@type\":\"BreadcrumbList\",\"@id\":\"https:\\\/\\\/staging.csviator-intl.org\\\/formation\\\/#breadcrumb\",\"itemListElement\":[{\"@type\":\"ListItem\",\"position\":1,\"name\":\"Home\",\"item\":\"https:\\\/\\\/staging.csviator-intl.org\\\/\"},{\"@type\":\"ListItem\",\"position\":2,\"name\":\"Formation\"}]},{\"@type\":\"WebSite\",\"@id\":\"https:\\\/\\\/staging.csviator-intl.org\\\/#website\",\"url\":\"https:\\\/\\\/staging.csviator-intl.org\\\/\",\"name\":\"Viatorians International\",\"description\":\"Clercs de Saint-Viateur\",\"alternateName\":\"CSV\",\"potentialAction\":[{\"@type\":\"SearchAction\",\"target\":{\"@type\":\"EntryPoint\",\"urlTemplate\":\"https:\\\/\\\/staging.csviator-intl.org\\\/?s={search_term_string}\"},\"query-input\":{\"@type\":\"PropertyValueSpecification\",\"valueRequired\":true,\"valueName\":\"search_term_string\"}}],\"inLanguage\":\"en-US\"}]}<\/script>\n<!-- \/ Yoast SEO plugin. -->","yoast_head_json":{"title":"Formation \u2013 Viatorians International","description":"Le programme de formation des Clercs de Saint-Viateur : \u00e9tapes et pr\u00e9paration \u00e0 la vie religieuse.","robots":{"index":"index","follow":"follow","max-snippet":"max-snippet:-1","max-image-preview":"max-image-preview:large","max-video-preview":"max-video-preview:-1"},"canonical":"https:\/\/staging.csviator-intl.org\/en_us\/formation\/","og_locale":"en_US","og_type":"article","og_title":"Formation \u2013 Viatorians International","og_description":"Le programme de formation des Clercs de Saint-Viateur : \u00e9tapes et pr\u00e9paration \u00e0 la vie religieuse.","og_url":"https:\/\/staging.csviator-intl.org\/en_us\/formation\/","og_site_name":"Viatorians International","article_modified_time":"2026-04-25T11:51:55+00:00","og_image":[{"width":1024,"height":439,"url":"https:\/\/staging.csviator-intl.org\/wp-content\/uploads\/2026\/04\/download-4-1024x439.png","type":"image\/png"}],"twitter_card":"summary_large_image","twitter_misc":{"Est. reading time":"1 minute"},"schema":{"@context":"https:\/\/schema.org","@graph":[{"@type":"WebPage","@id":"https:\/\/staging.csviator-intl.org\/formation\/","url":"https:\/\/staging.csviator-intl.org\/formation\/","name":"Formation \u2013 Viatorians International","isPartOf":{"@id":"https:\/\/staging.csviator-intl.org\/#website"},"primaryImageOfPage":{"@id":"https:\/\/staging.csviator-intl.org\/formation\/#primaryimage"},"image":{"@id":"https:\/\/staging.csviator-intl.org\/formation\/#primaryimage"},"thumbnailUrl":"https:\/\/staging.csviator-intl.org\/wp-content\/uploads\/2026\/04\/download-4.png","datePublished":"2026-03-14T20:32:24+00:00","dateModified":"2026-04-25T11:51:55+00:00","description":"Le programme de formation des Clercs de Saint-Viateur : \u00e9tapes et pr\u00e9paration \u00e0 la vie religieuse.","breadcrumb":{"@id":"https:\/\/staging.csviator-intl.org\/formation\/#breadcrumb"},"inLanguage":"en-US","potentialAction":[{"@type":"ReadAction","target":["https:\/\/staging.csviator-intl.org\/formation\/"]}]},{"@type":"ImageObject","inLanguage":"en-US","@id":"https:\/\/staging.csviator-intl.org\/formation\/#primaryimage","url":"https:\/\/staging.csviator-intl.org\/wp-content\/uploads\/2026\/04\/download-4.png","contentUrl":"https:\/\/staging.csviator-intl.org\/wp-content\/uploads\/2026\/04\/download-4.png","width":1674,"height":717},{"@type":"BreadcrumbList","@id":"https:\/\/staging.csviator-intl.org\/formation\/#breadcrumb","itemListElement":[{"@type":"ListItem","position":1,"name":"Home","item":"https:\/\/staging.csviator-intl.org\/"},{"@type":"ListItem","position":2,"name":"Formation"}]},{"@type":"WebSite","@id":"https:\/\/staging.csviator-intl.org\/#website","url":"https:\/\/staging.csviator-intl.org\/","name":"Viatorians International","description":"Clerics of Saint Viator","alternateName":"CSV","potentialAction":[{"@type":"SearchAction","target":{"@type":"EntryPoint","urlTemplate":"https:\/\/staging.csviator-intl.org\/?s={search_term_string}"},"query-input":{"@type":"PropertyValueSpecification","valueRequired":true,"valueName":"search_term_string"}}],"inLanguage":"en-US"}]}},"_links":{"self":[{"href":"https:\/\/staging.csviator-intl.org\/en_us\/wp-json\/wp\/v2\/pages\/17","targetHints":{"allow":["GET"]}}],"collection":[{"href":"https:\/\/staging.csviator-intl.org\/en_us\/wp-json\/wp\/v2\/pages"}],"about":[{"href":"https:\/\/staging.csviator-intl.org\/en_us\/wp-json\/wp\/v2\/types\/page"}],"author":[{"embeddable":true,"href":"https:\/\/staging.csviator-intl.org\/en_us\/wp-json\/wp\/v2\/users\/1"}],"replies":[{"embeddable":true,"href":"https:\/\/staging.csviator-intl.org\/en_us\/wp-json\/wp\/v2\/comments?post=17"}],"version-history":[{"count":7,"href":"https:\/\/staging.csviator-intl.org\/en_us\/wp-json\/wp\/v2\/pages\/17\/revisions"}],"predecessor-version":[{"id":481,"href":"https:\/\/staging.csviator-intl.org\/en_us\/wp-json\/wp\/v2\/pages\/17\/revisions\/481"}],"wp:featuredmedia":[{"embeddable":true,"href":"https:\/\/staging.csviator-intl.org\/en_us\/wp-json\/wp\/v2\/media\/307"}],"wp:attachment":[{"href":"https:\/\/staging.csviator-intl.org\/en_us\/wp-json\/wp\/v2\/media?parent=17"}],"curies":[{"name":"wp","href":"https:\/\/api.w.org\/{rel}","templated":true}]}}