{"id":16,"date":"2026-03-14T20:30:32","date_gmt":"2026-03-14T20:30:32","guid":{"rendered":"https:\/\/staging.csviator-intl.org\/histoire\/"},"modified":"2026-04-25T11:51:55","modified_gmt":"2026-04-25T11:51:55","slug":"histoire","status":"publish","type":"page","link":"https:\/\/staging.csviator-intl.org\/en_us\/histoire\/","title":{"rendered":"History"},"content":{"rendered":"<section class=\"region-narrative\">\n<div class=\"region-container\">\n<div class=\"region-text\">\n<h2 class=\"region-heading\">The Founder's initial endowment<\/h2>\n<p class=\"region-dropcap\">Upon the death of Father Louis Querbes, the Congregation had between 250 and 300 members (including about fifty in Canada) spread across four provinces: Vourles, Saint-Flour, Rodez, and Canada. Although the project to associate lay catechists was not immediately realized, the founder maintained hope until the end that this vision would one day come to fruition.<\/p>\n<p class=\"region-p\" data-reveal>The missions varied by region:<\/p>\n<ul>\n<li><strong>In France:<\/strong> Le Clerc de Saint-Viateur worked in rural parishes as a teacher and school principal, but also as a choir singer, sacristan, and assistant to the priest.<\/li>\n<li><strong>In Canada:<\/strong> The province is oriented towards the direction of primary and secondary schools, parish management, and the founding of an institution for the deaf.<\/li>\n<\/ul>\n<h2 class=\"region-heading\">The Major Milestones<\/h2>\n<div class=\"csv-timeline-item\">\n<div class=\"csv-timeline-dot\"><\/div>\n<h3>The \u00abFrench\u00bb Congregation (1859-1903)<\/h3>\n<p>Between 1859 and 1880, growth in France was sustained before slowing down due to political turmoil. The religious were forced to leave municipal schools to open free but impoverished parish schools. In 1900, there were 500 French religious out of a total of 760.<\/p>\n<p>Expansion was beginning in America: in Canada, the province had 215 members in 1897. In the United States, three Canadian religious founded a school in Bourbonnais in 1865, and the province of Chicago was born in 1882.<\/p>\n<\/div>\n<div class=\"csv-timeline-item\">\n<div class=\"csv-timeline-dot\"><\/div>\n<h3>The \u00abStorm\u00bb of 1903<\/h3>\n<p>In May 1903, the French government ordered the closure of 11,000 religious institutions. Within two months, the Viatorian structures in France collapsed: provincial houses and novitiates were closed, personnel were dispersed, schools disappeared, and properties were seized by the state.<\/p>\n<p>International solidarity was organized: Belgium welcomed the province of Vourles, Spain served as a refuge for that of Rodez, and Canada received 31 French confreres. The First World War further decimated the Congregation: 29 young men perished in combat. From 1907-1908, the North American religious became more numerous than their European confreres.<\/p>\n<\/div>\n<div class=\"csv-timeline-item\">\n<div class=\"csv-timeline-dot\"><\/div>\n<h3>The Era of the \u00abCanadian\u00bb Congregation (1920-1960)<\/h3>\n<p>The Canadian staff exploded, reaching 1146 religious on 1760 in 1960 (two-thirds of the Congregation). This dynamism allowed for the development of renowned high schools (Joliette, Rigaud), the creation of institutes for the deaf and blind, and geographic expansion to the East, North, and West of Canada.<\/p>\n<p>International foundations multiplied: Manchuria (1931), Japan (1948), Taiwan (1953), Peru (1959), Haiti (1965) and Burkina Faso (1999). The province of Chicago distinguished itself in higher education, founding a school in Bogot\u00e1 (1961). Spain became an autonomous province in 1947 and established itself in Chile (1957).<\/p>\n<\/div>\n<div class=\"csv-timeline-item\">\n<div class=\"csv-timeline-dot\"><\/div>\n<h3>Renewal and Identity: Vatican II<\/h3>\n<p>The Second Vatican Council and the pontificate of John XXIII brought a new era, but the late 1960s were also marked by an institutional crisis and numerous departures. The General Chapters of 1969 and 1972, as well as the new Constitution of 1978, allowed for a rediscovery of the essence of the Viatorian mission.<\/p>\n<p>This renewal saw the rebirth of the idea of lay associates. Today, men and women share the mission and spirit of the Congregation, integrating into local communities according to country-specific models.<\/p>\n<\/div>\n<div class=\"csv-timeline-item\">\n<div class=\"csv-timeline-dot\"><\/div>\n<h3>Today's mission<\/h3>\n<p>The current mission is defined by the proclamation of the Gospel and the creation of faith communities, extending Father Querbes' work with young people and parishes. Faithful to the orientations of 1984, the Congregation prioritizes disadvantaged young people.<\/p>\n<p>The dawn of the 21st century was marked by new commitments in Burkina Faso and Honduras. The Viatorian Community today gathers 340 religious and 340 associate laity, present in 13 countries.<\/p>\n<p>The recent missionary deployment has had mixed fortunes: while missions were initiated in Belize and Bolivia, these establishments did not survive the departure of their founders. Conversely, the presence in Honduras, launched by Spain in 1998, endures thanks to the collaboration between Spanish religious and Honduran lay associates.<\/p>\n<\/div>\n<div class=\"csv-timeline-item\">\n<div class=\"csv-timeline-dot\"><\/div>\n<h3>Towards the canonization of the Founder<\/h3>\n<p>Since 1953, the canonization process for Louis Querbes has been progressing. On October 2, 2019, Pope Francis declared him \u00abVenerable,\u00bb recognizing the heroic exercise of his theological and cardinal virtues. The community continues to promote knowledge of him and pray for his intercession. In 2025, Father Macaire Wendena Sandouidi was appointed postulator to continue this mission.<\/p>\n<\/div>\n<p class=\"region-p\" data-reveal>In keeping with an idea dear to our Founder, our Congregation welcomes others who wish to participate in its mission, its spiritual life and its apostolic action.<\/p>\n<\/div>\n<\/div>\n<\/section>","protected":false},"excerpt":{"rendered":"<p>L&rsquo;h\u00e9ritage initial du Fondateur Au d\u00e9c\u00e8s du P\u00e8re Louis Querbes, la Congr\u00e9gation regroupait entre 250 et 300 membres (dont une cinquantaine au Canada) r\u00e9partis en quatre provinces : Vourles, Saint-Flour, Rodez et le Canada. Si le projet d&rsquo;associer des cat\u00e9chistes la\u00efcs ne s&rsquo;est pas r\u00e9alis\u00e9 imm\u00e9diatement, le fondateur a maintenu jusqu&rsquo;au bout l&rsquo;espoir que cette [&hellip;]<\/p>\n","protected":false},"author":1,"featured_media":307,"parent":0,"menu_order":0,"comment_status":"closed","ping_status":"closed","template":"elementor_header_footer","meta":{"footnotes":""},"class_list":["post-16","page","type-page","status-publish","has-post-thumbnail","hentry"],"yoast_head":"<!-- This site is optimized with the Yoast SEO plugin v27.6 - https:\/\/yoast.com\/product\/yoast-seo-wordpress\/ -->\n<title>Histoire \u2013 Viatorians International<\/title>\n<meta name=\"description\" content=\"L&#039;histoire des Clercs de Saint-Viateur depuis leur fondation en 1831 par Louis Querbes.\" \/>\n<meta name=\"robots\" content=\"index, follow, max-snippet:-1, max-image-preview:large, max-video-preview:-1\" \/>\n<link rel=\"canonical\" href=\"https:\/\/staging.csviator-intl.org\/en_us\/histoire\/\" \/>\n<meta property=\"og:locale\" content=\"en_US\" \/>\n<meta property=\"og:type\" content=\"article\" \/>\n<meta property=\"og:title\" content=\"Histoire \u2013 Viatorians International\" \/>\n<meta property=\"og:description\" content=\"L&#039;histoire des Clercs de Saint-Viateur depuis leur fondation en 1831 par Louis Querbes.\" \/>\n<meta property=\"og:url\" content=\"https:\/\/staging.csviator-intl.org\/en_us\/histoire\/\" \/>\n<meta property=\"og:site_name\" content=\"Viatorians International\" \/>\n<meta property=\"article:modified_time\" content=\"2026-04-25T11:51:55+00:00\" \/>\n<meta property=\"og:image\" content=\"https:\/\/staging.csviator-intl.org\/wp-content\/uploads\/2026\/04\/download-4-1024x439.png\" \/>\n\t<meta property=\"og:image:width\" content=\"1024\" \/>\n\t<meta property=\"og:image:height\" content=\"439\" \/>\n\t<meta property=\"og:image:type\" content=\"image\/png\" \/>\n<meta name=\"twitter:card\" content=\"summary_large_image\" \/>\n<meta name=\"twitter:label1\" content=\"Est. reading time\" \/>\n\t<meta name=\"twitter:data1\" content=\"4 minutes\" \/>\n<script type=\"application\/ld+json\" class=\"yoast-schema-graph\">{\"@context\":\"https:\\\/\\\/schema.org\",\"@graph\":[{\"@type\":\"WebPage\",\"@id\":\"https:\\\/\\\/staging.csviator-intl.org\\\/histoire\\\/\",\"url\":\"https:\\\/\\\/staging.csviator-intl.org\\\/histoire\\\/\",\"name\":\"Histoire \u2013 Viatorians International\",\"isPartOf\":{\"@id\":\"https:\\\/\\\/staging.csviator-intl.org\\\/#website\"},\"primaryImageOfPage\":{\"@id\":\"https:\\\/\\\/staging.csviator-intl.org\\\/histoire\\\/#primaryimage\"},\"image\":{\"@id\":\"https:\\\/\\\/staging.csviator-intl.org\\\/histoire\\\/#primaryimage\"},\"thumbnailUrl\":\"https:\\\/\\\/staging.csviator-intl.org\\\/wp-content\\\/uploads\\\/2026\\\/04\\\/download-4.png\",\"datePublished\":\"2026-03-14T20:30:32+00:00\",\"dateModified\":\"2026-04-25T11:51:55+00:00\",\"description\":\"L'histoire des Clercs de Saint-Viateur depuis leur fondation en 1831 par Louis Querbes.\",\"breadcrumb\":{\"@id\":\"https:\\\/\\\/staging.csviator-intl.org\\\/histoire\\\/#breadcrumb\"},\"inLanguage\":\"en-US\",\"potentialAction\":[{\"@type\":\"ReadAction\",\"target\":[\"https:\\\/\\\/staging.csviator-intl.org\\\/histoire\\\/\"]}]},{\"@type\":\"ImageObject\",\"inLanguage\":\"en-US\",\"@id\":\"https:\\\/\\\/staging.csviator-intl.org\\\/histoire\\\/#primaryimage\",\"url\":\"https:\\\/\\\/staging.csviator-intl.org\\\/wp-content\\\/uploads\\\/2026\\\/04\\\/download-4.png\",\"contentUrl\":\"https:\\\/\\\/staging.csviator-intl.org\\\/wp-content\\\/uploads\\\/2026\\\/04\\\/download-4.png\",\"width\":1674,\"height\":717},{\"@type\":\"BreadcrumbList\",\"@id\":\"https:\\\/\\\/staging.csviator-intl.org\\\/histoire\\\/#breadcrumb\",\"itemListElement\":[{\"@type\":\"ListItem\",\"position\":1,\"name\":\"Home\",\"item\":\"https:\\\/\\\/staging.csviator-intl.org\\\/\"},{\"@type\":\"ListItem\",\"position\":2,\"name\":\"Histoire\"}]},{\"@type\":\"WebSite\",\"@id\":\"https:\\\/\\\/staging.csviator-intl.org\\\/#website\",\"url\":\"https:\\\/\\\/staging.csviator-intl.org\\\/\",\"name\":\"Viatorians International\",\"description\":\"Clercs de Saint-Viateur\",\"alternateName\":\"CSV\",\"potentialAction\":[{\"@type\":\"SearchAction\",\"target\":{\"@type\":\"EntryPoint\",\"urlTemplate\":\"https:\\\/\\\/staging.csviator-intl.org\\\/?s={search_term_string}\"},\"query-input\":{\"@type\":\"PropertyValueSpecification\",\"valueRequired\":true,\"valueName\":\"search_term_string\"}}],\"inLanguage\":\"en-US\"}]}<\/script>\n<!-- \/ Yoast SEO plugin. -->","yoast_head_json":{"title":"Histoire \u2013 Viatorians International","description":"L'histoire des Clercs de Saint-Viateur depuis leur fondation en 1831 par Louis Querbes.","robots":{"index":"index","follow":"follow","max-snippet":"max-snippet:-1","max-image-preview":"max-image-preview:large","max-video-preview":"max-video-preview:-1"},"canonical":"https:\/\/staging.csviator-intl.org\/en_us\/histoire\/","og_locale":"en_US","og_type":"article","og_title":"Histoire \u2013 Viatorians International","og_description":"L'histoire des Clercs de Saint-Viateur depuis leur fondation en 1831 par Louis Querbes.","og_url":"https:\/\/staging.csviator-intl.org\/en_us\/histoire\/","og_site_name":"Viatorians International","article_modified_time":"2026-04-25T11:51:55+00:00","og_image":[{"width":1024,"height":439,"url":"https:\/\/staging.csviator-intl.org\/wp-content\/uploads\/2026\/04\/download-4-1024x439.png","type":"image\/png"}],"twitter_card":"summary_large_image","twitter_misc":{"Est. reading time":"4 minutes"},"schema":{"@context":"https:\/\/schema.org","@graph":[{"@type":"WebPage","@id":"https:\/\/staging.csviator-intl.org\/histoire\/","url":"https:\/\/staging.csviator-intl.org\/histoire\/","name":"Histoire \u2013 Viatorians International","isPartOf":{"@id":"https:\/\/staging.csviator-intl.org\/#website"},"primaryImageOfPage":{"@id":"https:\/\/staging.csviator-intl.org\/histoire\/#primaryimage"},"image":{"@id":"https:\/\/staging.csviator-intl.org\/histoire\/#primaryimage"},"thumbnailUrl":"https:\/\/staging.csviator-intl.org\/wp-content\/uploads\/2026\/04\/download-4.png","datePublished":"2026-03-14T20:30:32+00:00","dateModified":"2026-04-25T11:51:55+00:00","description":"L'histoire des Clercs de Saint-Viateur depuis leur fondation en 1831 par Louis Querbes.","breadcrumb":{"@id":"https:\/\/staging.csviator-intl.org\/histoire\/#breadcrumb"},"inLanguage":"en-US","potentialAction":[{"@type":"ReadAction","target":["https:\/\/staging.csviator-intl.org\/histoire\/"]}]},{"@type":"ImageObject","inLanguage":"en-US","@id":"https:\/\/staging.csviator-intl.org\/histoire\/#primaryimage","url":"https:\/\/staging.csviator-intl.org\/wp-content\/uploads\/2026\/04\/download-4.png","contentUrl":"https:\/\/staging.csviator-intl.org\/wp-content\/uploads\/2026\/04\/download-4.png","width":1674,"height":717},{"@type":"BreadcrumbList","@id":"https:\/\/staging.csviator-intl.org\/histoire\/#breadcrumb","itemListElement":[{"@type":"ListItem","position":1,"name":"Home","item":"https:\/\/staging.csviator-intl.org\/"},{"@type":"ListItem","position":2,"name":"Histoire"}]},{"@type":"WebSite","@id":"https:\/\/staging.csviator-intl.org\/#website","url":"https:\/\/staging.csviator-intl.org\/","name":"Viatorians International","description":"Clerics of Saint Viator","alternateName":"CSV","potentialAction":[{"@type":"SearchAction","target":{"@type":"EntryPoint","urlTemplate":"https:\/\/staging.csviator-intl.org\/?s={search_term_string}"},"query-input":{"@type":"PropertyValueSpecification","valueRequired":true,"valueName":"search_term_string"}}],"inLanguage":"en-US"}]}},"_links":{"self":[{"href":"https:\/\/staging.csviator-intl.org\/en_us\/wp-json\/wp\/v2\/pages\/16","targetHints":{"allow":["GET"]}}],"collection":[{"href":"https:\/\/staging.csviator-intl.org\/en_us\/wp-json\/wp\/v2\/pages"}],"about":[{"href":"https:\/\/staging.csviator-intl.org\/en_us\/wp-json\/wp\/v2\/types\/page"}],"author":[{"embeddable":true,"href":"https:\/\/staging.csviator-intl.org\/en_us\/wp-json\/wp\/v2\/users\/1"}],"replies":[{"embeddable":true,"href":"https:\/\/staging.csviator-intl.org\/en_us\/wp-json\/wp\/v2\/comments?post=16"}],"version-history":[{"count":5,"href":"https:\/\/staging.csviator-intl.org\/en_us\/wp-json\/wp\/v2\/pages\/16\/revisions"}],"predecessor-version":[{"id":482,"href":"https:\/\/staging.csviator-intl.org\/en_us\/wp-json\/wp\/v2\/pages\/16\/revisions\/482"}],"wp:featuredmedia":[{"embeddable":true,"href":"https:\/\/staging.csviator-intl.org\/en_us\/wp-json\/wp\/v2\/media\/307"}],"wp:attachment":[{"href":"https:\/\/staging.csviator-intl.org\/en_us\/wp-json\/wp\/v2\/media?parent=16"}],"curies":[{"name":"wp","href":"https:\/\/api.w.org\/{rel}","templated":true}]}}